{"id":8019,"date":"2024-05-27T23:34:51","date_gmt":"2024-05-28T02:34:51","guid":{"rendered":"https:\/\/dicasdorei.com\/?page_id=8019"},"modified":"2024-06-01T10:07:02","modified_gmt":"2024-06-01T13:07:02","slug":"lp-aplicativos-para-jogar-gta-v-no-celular","status":"publish","type":"page","link":"https:\/\/dicasdorei.com\/tr\/lp-aplicativos-para-jogar-gta-v-no-celular\/","title":{"rendered":"Cep Telefonunda GTA V Oynamak \u0130\u00e7in Uygulamalar"},"content":{"rendered":"<html><body><p>Mobil cihazlar\u0131n teknolojik geli\u015fimi, daha \u00f6nce yaln\u0131zca konsol ve PC&#039;lerde oynanabilen oyunlar\u0131n ak\u0131ll\u0131 telefon ve tabletlerde oynanabilmesini sa\u011flad\u0131. Bu oyunlar aras\u0131nda, Rockstar Games&#039;in en pop\u00fcler oyunlar\u0131ndan biri olan Grand Theft Auto V (GTA V) \u00f6ne \u00e7\u0131k\u0131yor.<\/p>\n<p style=\"text-align: center;\"><a class=\"mb-button mb-style-flat mb-size-default mb-corners-default mb-text-style-default  broken_link\" style=\"background-color: #ff0000;\" href=\"https:\/\/dicasdorei.com\/tr\/aplicativo-para-jogar-gta-no-seu-celular\/\">\u00a0<i class=\"fa fa-arrow-circle-right\"><\/i>\u00a0 EN \u0130Y\u0130 UYGULAMALARI G\u00d6R<\/a><\/p>\n<p style=\"text-align: center;\"><a class=\"mb-button mb-style-flat mb-size-default mb-corners-default mb-text-style-default  broken_link\" style=\"background-color: #ff0000;\" href=\"https:\/\/dicasdorei.com\/tr\/aplicativo-para-jogar-gta-no-seu-celular\/\">\u00a0<i class=\"fa fa-arrow-circle-right\"><\/i>\u00a0 ANDROID UYGULAMALARI<\/a><\/p>\n<p style=\"text-align: center;\"><a class=\"mb-button mb-style-flat mb-size-default mb-corners-default mb-text-style-default  broken_link\" style=\"background-color: #ff0000;\" href=\"https:\/\/dicasdorei.com\/tr\/aplicativo-para-jogar-gta-no-seu-celular\/\">\u00a0<i class=\"fa fa-arrow-circle-right\"><\/i>\u00a0 IOS \u0130\u00c7\u0130N UYGULAMALAR<\/a><\/p>\n<p>\u0130lk olarak 2013 y\u0131l\u0131nda konsollar ve ard\u0131ndan PC i\u00e7in piyasaya s\u00fcr\u00fclen GTA V, a\u00e7\u0131k d\u00fcnyas\u0131, ilgi \u00e7ekici hik\u00e2yesi ve geni\u015f aktivite yelpazesiyle oyuncular\u0131 cezbetmeye devam ediyor. Grafikleri ve i\u015flem g\u00fcc\u00fc gereksinimleri nedeniyle mobil cihazlarda GTA V oynamak zor g\u00f6r\u00fcnebilir, ancak bu deneyimi ya\u015faman\u0131z\u0131 sa\u011flayan \u00e7\u00f6z\u00fcmler mevcut. Bunlardan baz\u0131lar\u0131n\u0131 inceleyelim.<\/p>\n<h3>Oyun Yay\u0131n\u0131<\/h3>\n<p>Mobil cihazlarda GTA V oynaman\u0131n en etkili yollar\u0131ndan biri oyun yay\u0131n hizmetleridir. Bu hizmetler, g\u00fc\u00e7l\u00fc mobil donan\u0131ma ihtiya\u00e7 duymadan y\u00fcksek kaliteli oyunlar oynaman\u0131za olanak tan\u0131r. En pop\u00fcler hizmetlerden baz\u0131lar\u0131 \u015funlard\u0131r:<\/p>\n<p><strong>1. NVIDIA GeForce Now:<\/strong> GeForce Now, oyuncular\u0131n oyun k\u00fct\u00fcphanelerine Android ak\u0131ll\u0131 telefonlar ve tabletler de dahil olmak \u00fczere birden fazla cihazdan eri\u015fmelerini sa\u011flayan bir yay\u0131n hizmetidir. Kararl\u0131 bir internet ba\u011flant\u0131s\u0131yla, oyunu i\u015fleyen ve videoyu cihaz\u0131n\u0131za aktaran NVIDIA&#039;n\u0131n sunucu altyap\u0131s\u0131n\u0131 kullanarak GTA V oynayabilirsiniz.<\/p>\n<p><strong>2. Xbox Game Pass Ultimate:<\/strong> Microsoft, xCloud oyun ak\u0131\u015f hizmetini de i\u00e7eren Xbox Game Pass Ultimate&#039;\u0131 sunuyor. Aktif bir abonelikle oyuncular, GTA V de dahil olmak \u00fczere geni\u015f bir oyun k\u00fct\u00fcphanesine do\u011frudan mobil cihazlar\u0131ndan eri\u015febilirler. GeForce Now gibi, xCloud da sorunsuz bir oyun deneyimi sa\u011flamak i\u00e7in g\u00fc\u00e7l\u00fc bir internet ba\u011flant\u0131s\u0131na ihtiya\u00e7 duyar.<\/p>\n<div id=\"attachment_8020\" style=\"width: 760px\" class=\"wp-caption aligncenter\"><img loading=\"lazy\" decoding=\"async\" aria-describedby=\"caption-attachment-8020\" class=\"wp-image-8020 size-full\" src=\"https:\/\/dicasdorei.com\/wp-content\/uploads\/2024\/05\/02095937210037.webp\" alt=\"\" width=\"750\" height=\"500\" srcset=\"https:\/\/dicasdorei.com\/wp-content\/uploads\/2024\/05\/02095937210037.webp 750w, https:\/\/dicasdorei.com\/wp-content\/uploads\/2024\/05\/02095937210037-600x400.webp 600w, https:\/\/dicasdorei.com\/wp-content\/uploads\/2024\/05\/02095937210037-18x12.webp 18w\" sizes=\"auto, (max-width: 750px) 100vw, 750px\" \/><p id=\"caption-attachment-8020\" class=\"wp-caption-text\">Resim Google&#039;dan al\u0131nm\u0131\u015ft\u0131r.<\/p><\/div>\n<p><strong>3. Google Stadia:<\/strong> Stadia, Google&#039;\u0131n oyun yay\u0131n platformudur ve mobil cihazlarda y\u00fcksek kaliteli oyunlar oynaman\u0131za da olanak tan\u0131r. GTA V do\u011frudan Stadia katalo\u011funda mevcut olmasa da, platform bir\u00e7ok ba\u015fka y\u00fcksek kaliteli oyun sunar ve gelecekte bir se\u00e7enek haline gelebilir.<\/p>\n<h3>Em\u00fclasyon Uygulamalar\u0131<\/h3>\n<p>GTA V&#039;i mobil cihazlarda oynaman\u0131n bir di\u011fer yolu da em\u00fclat\u00f6rlerdir. Em\u00fclat\u00f6rler, mobil cihaz\u0131n\u0131zda di\u011fer platformlardaki oyunlar\u0131 \u00e7al\u0131\u015ft\u0131rman\u0131za olanak tan\u0131r. Ancak, oyun em\u00fclasyonunun yasal olarak zor olabilece\u011fini ve performans ve grafik a\u00e7\u0131s\u0131ndan en iyi deneyimi sunmayabilece\u011fini unutmamak \u00f6nemlidir.<\/p>\n<p>Pop\u00fcler em\u00fclat\u00f6rlerden baz\u0131lar\u0131 \u015funlard\u0131r:<\/p>\n<p style=\"text-align: center;\"><a class=\"mb-button mb-style-flat mb-size-default mb-corners-default mb-text-style-default  broken_link\" style=\"background-color: #ff0000;\" href=\"https:\/\/dicasdorei.com\/tr\/aplicativo-para-jogar-gta-no-seu-celular\/\">\u00a0<i class=\"fa fa-arrow-circle-right\"><\/i>\u00a0 EN \u0130Y\u0130 UYGULAMALARI G\u00d6R<\/a><\/p>\n<p style=\"text-align: center;\"><a class=\"mb-button mb-style-flat mb-size-default mb-corners-default mb-text-style-default  broken_link\" style=\"background-color: #ff0000;\" href=\"https:\/\/dicasdorei.com\/tr\/aplicativo-para-jogar-gta-no-seu-celular\/\">\u00a0<i class=\"fa fa-arrow-circle-right\"><\/i>\u00a0 ANDROID UYGULAMALARI<\/a><\/p>\n<p style=\"text-align: center;\"><a class=\"mb-button mb-style-flat mb-size-default mb-corners-default mb-text-style-default  broken_link\" style=\"background-color: #ff0000;\" href=\"https:\/\/dicasdorei.com\/tr\/aplicativo-para-jogar-gta-no-seu-celular\/\">\u00a0<i class=\"fa fa-arrow-circle-right\"><\/i>\u00a0 IOS \u0130\u00c7\u0130N UYGULAMALAR<\/a><\/p>\n<p><strong>1. Steam Ba\u011flant\u0131s\u0131:<\/strong> Steam Link, Valve taraf\u0131ndan geli\u015ftirilen ve Steam k\u00fct\u00fcphanenizdeki oyunlar\u0131 bilgisayar\u0131n\u0131zdan mobil cihaz\u0131n\u0131za aktarman\u0131za olanak tan\u0131yan bir uygulamad\u0131r. Yani, Steam&#039;de zaten GTA V&#039;niz varsa, bilgisayar\u0131n\u0131zla ayn\u0131 Wi-Fi a\u011f\u0131na ba\u011fl\u0131 oldu\u011fu s\u00fcrece mobil cihaz\u0131n\u0131zda da oynayabilirsiniz.<\/p>\n<p><strong>2. Moonlight Oyun Yay\u0131n\u0131:<\/strong> Moonlight, bilgisayar\u0131n\u0131zdan mobil cihazlar\u0131n\u0131za oyun ak\u0131\u015f\u0131 yapman\u0131z\u0131 sa\u011flayan a\u00e7\u0131k kaynakl\u0131 bir uygulamad\u0131r. Steam Link&#039;e benzer \u015fekilde \u00e7al\u0131\u015f\u0131r, ancak daha fazla esneklik sunar ve NVIDIA oyunlar\u0131yla uyumludur.<\/p>\n<h3>Resmi Olmayan De\u011fi\u015fiklikler ve Ba\u011flant\u0131 Noktalar\u0131<\/h3>\n<p>Ak\u0131\u015f ve em\u00fclasyon se\u00e7eneklerinin yan\u0131 s\u0131ra, GTA V deneyimini mobil cihazlara ta\u015f\u0131may\u0131 ama\u00e7layan resmi olmayan modifikasyonlar ve portlar da mevcuttur. Bu projeler, oyun merakl\u0131lar\u0131 taraf\u0131ndan geli\u015ftirilmekte olup kalite ve kararl\u0131l\u0131k a\u00e7\u0131s\u0131ndan farkl\u0131l\u0131k g\u00f6sterebilir. Bu dosyalar\u0131 indirip y\u00fcklerken dikkatli olmak \u00f6nemlidir, \u00e7\u00fcnk\u00fc k\u00f6t\u00fc ama\u00e7l\u0131 yaz\u0131l\u0131m veya ar\u0131za i\u00e7erebilirler.<\/p>\n<h3>Son d\u00fc\u015f\u00fcnceler<\/h3>\n<p>Ak\u0131\u015f ve em\u00fclasyon teknolojilerindeki geli\u015fmeler sayesinde mobil cihazlarda GTA V oynamak art\u0131k m\u00fcmk\u00fcn. Mobil cihazlar i\u00e7in resmi bir GTA V s\u00fcr\u00fcm\u00fc olmasa da, yukar\u0131da bahsedilen \u00e7\u00f6z\u00fcmler, ak\u0131ll\u0131 telefonlar\u0131nda veya tabletlerinde oynamak isteyen oyun hayranlar\u0131 i\u00e7in uygulanabilir alternatifler sunuyor.<\/p>\n<p style=\"text-align: center;\"><a class=\"mb-button mb-style-flat mb-size-default mb-corners-default mb-text-style-default  broken_link\" style=\"background-color: #ff0000;\" href=\"https:\/\/dicasdorei.com\/tr\/aplicativo-para-jogar-gta-no-seu-celular\/\">\u00a0<i class=\"fa fa-arrow-circle-right\"><\/i>\u00a0 EN \u0130Y\u0130 UYGULAMALARI G\u00d6R<\/a><\/p>\n<p style=\"text-align: center;\"><a class=\"mb-button mb-style-flat mb-size-default mb-corners-default mb-text-style-default  broken_link\" style=\"background-color: #ff0000;\" href=\"https:\/\/dicasdorei.com\/tr\/aplicativo-para-jogar-gta-no-seu-celular\/\">\u00a0<i class=\"fa fa-arrow-circle-right\"><\/i>\u00a0 ANDROID UYGULAMALARI<\/a><\/p>\n<p style=\"text-align: center;\"><a class=\"mb-button mb-style-flat mb-size-default mb-corners-default mb-text-style-default  broken_link\" style=\"background-color: #ff0000;\" href=\"https:\/\/dicasdorei.com\/tr\/aplicativo-para-jogar-gta-no-seu-celular\/\">\u00a0<i class=\"fa fa-arrow-circle-right\"><\/i>\u00a0 IOS \u0130\u00c7\u0130N UYGULAMALAR<\/a><\/p>\n<p>Tatmin edici bir deneyimin anahtar\u0131, istikrarl\u0131 ve h\u0131zl\u0131 bir internet ba\u011flant\u0131s\u0131 ve uyumlu bir mobil cihazd\u0131r. Bu ara\u00e7lar sayesinde, Los Santos&#039;un u\u00e7suz bucaks\u0131z ve heyecan verici d\u00fcnyas\u0131, nerede olursan\u0131z olun parmaklar\u0131n\u0131z\u0131n ucunda.<\/p>\n<\/body><\/html>","protected":false},"excerpt":{"rendered":"<p>A evolu\u00e7\u00e3o tecnol\u00f3gica dos dispositivos m\u00f3veis tem permitido que jogos antes exclusivos de consoles e PCs sejam jogados em smartphones e tablets. Entre esses jogos, destaca-se o Grand Theft Auto V (GTA V), um dos t\u00edtulos mais populares da Rockstar Games. \u00a0\u00a0 VEJA OS MELHORES APLICATIVOS \u00a0\u00a0 APLICATIVOS PARA ANDROID \u00a0\u00a0 APLICATIVOS PARA IOS Originalmente [&hellip;]<\/p>\n","protected":false},"author":1,"featured_media":0,"parent":0,"menu_order":0,"comment_status":"closed","ping_status":"closed","template":"","meta":{"footnotes":""},"class_list":["post-8019","page","type-page","status-publish","hentry"],"_links":{"self":[{"href":"https:\/\/dicasdorei.com\/tr\/wp-json\/wp\/v2\/pages\/8019","targetHints":{"allow":["GET"]}}],"collection":[{"href":"https:\/\/dicasdorei.com\/tr\/wp-json\/wp\/v2\/pages"}],"about":[{"href":"https:\/\/dicasdorei.com\/tr\/wp-json\/wp\/v2\/types\/page"}],"author":[{"embeddable":true,"href":"https:\/\/dicasdorei.com\/tr\/wp-json\/wp\/v2\/users\/1"}],"replies":[{"embeddable":true,"href":"https:\/\/dicasdorei.com\/tr\/wp-json\/wp\/v2\/comments?post=8019"}],"version-history":[{"count":4,"href":"https:\/\/dicasdorei.com\/tr\/wp-json\/wp\/v2\/pages\/8019\/revisions"}],"predecessor-version":[{"id":8053,"href":"https:\/\/dicasdorei.com\/tr\/wp-json\/wp\/v2\/pages\/8019\/revisions\/8053"}],"wp:attachment":[{"href":"https:\/\/dicasdorei.com\/tr\/wp-json\/wp\/v2\/media?parent=8019"}],"curies":[{"name":"wp","href":"https:\/\/api.w.org\/{rel}","templated":true}]}}