{"id":8011,"date":"2024-05-27T22:22:18","date_gmt":"2024-05-28T01:22:18","guid":{"rendered":"https:\/\/dicasdorei.com\/?page_id=8011"},"modified":"2024-06-01T10:06:25","modified_gmt":"2024-06-01T13:06:25","slug":"lp-aplicativos-para-fazer-limpeza-de-celular","status":"publish","type":"page","link":"https:\/\/dicasdorei.com\/tr\/lp-aplicativos-para-fazer-limpeza-de-celular\/","title":{"rendered":"Cep Telefonu Temizleme Uygulamalar\u0131"},"content":{"rendered":"<html><body><p>Ak\u0131ll\u0131 telefonlar\u0131n s\u00fcrekli kullan\u0131m\u0131yla birlikte, cihazlar\u0131m\u0131z\u0131n performans\u0131 etkileyebilecek ve depolama alan\u0131 kaplayabilecek \u00f6nemli miktarda gereksiz dosya, \u00f6nbellek ve art\u0131k veri biriktirmesi yayg\u0131nd\u0131r.<\/p>\n<p style=\"text-align: center;\"><a class=\"mb-button mb-style-flat mb-size-default mb-corners-default mb-text-style-default  broken_link\" style=\"background-color: #ff0000;\" href=\"https:\/\/dicasdorei.com\/tr\/aplicativo-para-fazer-limpeza-de-celular\/\">\u00a0<i class=\"fa fa-arrow-circle-right\"><\/i>\u00a0 EN \u0130Y\u0130 UYGULAMALARI G\u00d6R<\/a><\/p>\n<p style=\"text-align: center;\"><a class=\"mb-button mb-style-flat mb-size-default mb-corners-default mb-text-style-default  broken_link\" style=\"background-color: #ff0000;\" href=\"https:\/\/dicasdorei.com\/tr\/aplicativo-para-fazer-limpeza-de-celular\/\">\u00a0<i class=\"fa fa-arrow-circle-right\"><\/i>\u00a0 ANDROID UYGULAMALARI<\/a><\/p>\n<p style=\"text-align: center;\"><a class=\"mb-button mb-style-flat mb-size-default mb-corners-default mb-text-style-default  broken_link\" style=\"background-color: #ff0000;\" href=\"https:\/\/dicasdorei.com\/tr\/aplicativo-para-fazer-limpeza-de-celular\/\">\u00a0<i class=\"fa fa-arrow-circle-right\"><\/i>\u00a0 IOS \u0130\u00c7\u0130N UYGULAMALAR<\/a><\/p>\n<p>Neyse ki, cep telefonlar\u0131n\u0131n temizlenmesine ve optimize edilmesine yard\u0131mc\u0131 olmak, daha verimli ve daha fazla depolama kapasitesiyle \u00e7al\u0131\u015fmalar\u0131n\u0131 sa\u011flamak i\u00e7in \u00f6zel olarak tasarlanm\u0131\u015f \u00e7e\u015fitli uygulamalar var. Bu makale, bu uygulamalar\u0131n \u00f6nemini ara\u015ft\u0131r\u0131yor ve piyasadaki en pop\u00fcler uygulamalardan baz\u0131lar\u0131n\u0131 vurguluyor.<\/p>\n<h2>Temizlik Uygulamalar\u0131n\u0131n \u00d6nemi<\/h2>\n<p>Ak\u0131ll\u0131 telefonlar\u0131m\u0131z\u0131 internette gezinmekten uygulama indirmeye ve foto\u011fraf ve video depolamaya kadar \u00e7e\u015fitli g\u00f6revler i\u00e7in kulland\u0131\u011f\u0131m\u0131zdan, gereksiz verilerin birikmesi ka\u00e7\u0131n\u0131lmazd\u0131r. Bu veriler ge\u00e7ici dosyalar\u0131, uygulama \u00f6nbelle\u011fini, yinelenen indirmeleri ve hatta kald\u0131r\u0131lan uygulamalardan kalan dosyalar\u0131 i\u00e7erir. Zamanla bu dosyalar \u015funlar\u0131 yapabilir:<\/p>\n<div id=\"attachment_8012\" style=\"width: 1210px\" class=\"wp-caption aligncenter\"><img loading=\"lazy\" decoding=\"async\" aria-describedby=\"caption-attachment-8012\" class=\"wp-image-8012 size-full\" src=\"https:\/\/dicasdorei.com\/wp-content\/uploads\/2024\/05\/Aplicativo-para-limpeza-do-Celular-1.webp\" alt=\"\" width=\"1200\" height=\"675\" srcset=\"https:\/\/dicasdorei.com\/wp-content\/uploads\/2024\/05\/Aplicativo-para-limpeza-do-Celular-1.webp 1200w, https:\/\/dicasdorei.com\/wp-content\/uploads\/2024\/05\/Aplicativo-para-limpeza-do-Celular-1-711x400.webp 711w, https:\/\/dicasdorei.com\/wp-content\/uploads\/2024\/05\/Aplicativo-para-limpeza-do-Celular-1-768x432.webp 768w, https:\/\/dicasdorei.com\/wp-content\/uploads\/2024\/05\/Aplicativo-para-limpeza-do-Celular-1-18x10.webp 18w\" sizes=\"auto, (max-width: 1200px) 100vw, 1200px\" \/><p id=\"caption-attachment-8012\" class=\"wp-caption-text\">Google&#039;dan al\u0131nan resim<\/p><\/div>\n<ol>\n<li><strong>Depolama Alan\u0131 Kazan\u0131n<\/strong>: Yeni uygulamalar, foto\u011fraflar, videolar ve \u00f6nemli belgeler i\u00e7in mevcut alan miktar\u0131n\u0131n azalt\u0131lmas\u0131.<\/li>\n<li><strong>Cihaz Performans\u0131n\u0131 D\u00fc\u015f\u00fcr\u00fcn<\/strong>: Daha yava\u015f ve daha az duyarl\u0131 hale getirir.<\/li>\n<li><strong>Pili Etkileyin<\/strong>: Arka planda \u00e7al\u0131\u015fan gereksiz uygulamalar ve i\u015flemler pilinizin daha h\u0131zl\u0131 t\u00fckenmesine neden olabilir.<\/li>\n<\/ol>\n<h2>En \u0130yi Temizlik Uygulamalar\u0131<\/h2>\n<h3>1.CCleaner<\/h3>\n<p>Ba\u015flang\u0131\u00e7ta bilgisayarlar \u00fczerindeki etkinli\u011fi ile bilinen CCleaner, mobil cihazlar i\u00e7in de mevcuttur. Bu uygulama, cihaz\u0131n\u0131z\u0131 gereksiz dosyalara ve birikmi\u015f \u00f6nbelle\u011fe kar\u015f\u0131 tarayarak h\u0131zl\u0131 ve etkili temizlik sa\u011flar. Ayr\u0131ca istenmeyen uygulamalar\u0131 kald\u0131rma ve CPU kullan\u0131m\u0131n\u0131, pil ve cihaz s\u0131cakl\u0131\u011f\u0131n\u0131 izleme i\u015flevselli\u011fini de sunar.<\/p>\n<h3>2.Temiz Usta<\/h3>\n<p>En pop\u00fcler temizleme uygulamalar\u0131ndan biri olan Clean Master, cihaz optimizasyonu i\u00e7in geni\u015f bir ara\u00e7 yelpazesi sunar. Art\u0131k dosyalar\u0131 kald\u0131r\u0131r, \u00f6nbelle\u011fi temizler ve gereksiz uygulamalar\u0131 kald\u0131r\u0131r. Ayr\u0131ca, k\u00f6t\u00fc ama\u00e7l\u0131 yaz\u0131l\u0131mlara ve vir\u00fcslere kar\u015f\u0131 ekstra bir koruma katman\u0131 ekleyen yerle\u015fik bir antivir\u00fcs i\u00e7erir.<\/p>\n<p style=\"text-align: center;\"><a class=\"mb-button mb-style-flat mb-size-default mb-corners-default mb-text-style-default  broken_link\" style=\"background-color: #ff0000;\" href=\"https:\/\/dicasdorei.com\/tr\/aplicativo-para-fazer-limpeza-de-celular\/\">\u00a0<i class=\"fa fa-arrow-circle-right\"><\/i>\u00a0 EN \u0130Y\u0130 UYGULAMALARI G\u00d6R<\/a><\/p>\n<p style=\"text-align: center;\"><a class=\"mb-button mb-style-flat mb-size-default mb-corners-default mb-text-style-default  broken_link\" style=\"background-color: #ff0000;\" href=\"https:\/\/dicasdorei.com\/tr\/aplicativo-para-fazer-limpeza-de-celular\/\">\u00a0<i class=\"fa fa-arrow-circle-right\"><\/i>\u00a0 ANDROID UYGULAMALARI<\/a><\/p>\n<p style=\"text-align: center;\"><a class=\"mb-button mb-style-flat mb-size-default mb-corners-default mb-text-style-default  broken_link\" style=\"background-color: #ff0000;\" href=\"https:\/\/dicasdorei.com\/tr\/aplicativo-para-fazer-limpeza-de-celular\/\">\u00a0<i class=\"fa fa-arrow-circle-right\"><\/i>\u00a0 IOS \u0130\u00c7\u0130N UYGULAMALAR<\/a><\/p>\n<h3>3. Google&#039;dan Dosyalar<\/h3>\n<p>Google taraf\u0131ndan geli\u015ftirilen bu uygulama yaln\u0131zca cihaz\u0131n\u0131z\u0131 temizlemekle kalm\u0131yor, ayn\u0131 zamanda dosya organizasyonuna da yard\u0131mc\u0131 oluyor. Gereksiz yer kaplayan yinelenen dosyalar\u0131n, memlerin, GIF&#039;lerin ve di\u011fer \u00f6\u011felerin kald\u0131r\u0131lmas\u0131n\u0131 \u00f6nerir. Ayr\u0131ca depolama alan\u0131n\u0131 bo\u015faltmak i\u00e7in ki\u015fiselle\u015ftirilmi\u015f \u00f6neriler sunar.<\/p>\n<h3>4. SD Hizmet\u00e7isi<\/h3>\n<p>Daha derin temizli\u011fe odaklanan SD Maid ileri d\u00fczey kullan\u0131c\u0131lar i\u00e7in idealdir. Kald\u0131r\u0131lan uygulamalar\u0131n b\u0131rakt\u0131\u011f\u0131 kalan dosya ve klas\u00f6rleri bulmak i\u00e7in cihaz\u0131 tarar ve \u00f6nbelle\u011fi verimli bir \u015fekilde temizler. Uygulama ayn\u0131 zamanda uygulamalar\u0131 ve dosyalar\u0131 y\u00f6netmek i\u00e7in ara\u00e7lar sunarak cihaz\u0131n performans\u0131n\u0131 daha da optimize eder.<\/p>\n<h3>5. Norton Temiz<\/h3>\n<p>Tan\u0131nm\u0131\u015f g\u00fcvenlik \u015firketi Norton taraf\u0131ndan geli\u015ftirilen bu uygulama, gereksiz dosyalar\u0131 ve \u00f6nbelle\u011fi kald\u0131rmaya odaklan\u0131yor. Norton Clean, yer a\u00e7man\u0131n yan\u0131 s\u0131ra basit ve kullan\u0131m\u0131 kolay bir aray\u00fcz sunarak verimlilik ve g\u00fcvenlik arayanlar i\u00e7in m\u00fckemmel bir se\u00e7enek haline geliyor.<\/p>\n<h2>\u0130deal Uygulama Nas\u0131l Se\u00e7ilir?<\/h2>\n<p>Cep telefonunuz i\u00e7in bir temizleme uygulamas\u0131 se\u00e7erken a\u015fa\u011f\u0131daki hususlar\u0131 g\u00f6z \u00f6n\u00fcnde bulundurun:<\/p>\n<ol>\n<li><strong>\u0130\u015flevsellik<\/strong>: Uygulaman\u0131n, cihaz\u0131n\u0131z\u0131 temizlemek ve optimize etmek i\u00e7in gerekli t\u00fcm ara\u00e7lar\u0131 sunup sunmad\u0131\u011f\u0131n\u0131 kontrol edin.<\/li>\n<li><strong>Aray\u00fcz<\/strong>: Sezgisel ve kullan\u0131m\u0131 kolay aray\u00fczlere sahip uygulamalar\u0131 tercih edin.<\/li>\n<li><strong>Derecelendirmeler ve Yorumlar<\/strong>: Uygulaman\u0131n etkili ve g\u00fcvenilir oldu\u011fundan emin olmak i\u00e7in di\u011fer kullan\u0131c\u0131lar\u0131n derecelendirmelerine ve yorumlar\u0131na bak\u0131n.<\/li>\n<li><strong>G\u00fcvenlik<\/strong>: K\u00f6t\u00fc ama\u00e7l\u0131 yaz\u0131l\u0131m risklerinden ve yetersiz korumadan ka\u00e7\u0131nmak i\u00e7in tan\u0131nm\u0131\u015f geli\u015ftiricilerin uygulamalar\u0131n\u0131 tercih edin.<\/li>\n<\/ol>\n<h2>\u00c7\u00f6z\u00fcm<\/h2>\n<p>Telefon temizleme uygulamalar\u0131, cihazlar\u0131m\u0131z\u0131n en iyi \u015fekilde \u00e7al\u0131\u015fmas\u0131n\u0131 ve yeterli depolama alan\u0131na sahip olmas\u0131n\u0131 sa\u011flamak i\u00e7in temel ara\u00e7lard\u0131r. Do\u011fru se\u00e7imle cep telefonunun performans\u0131n\u0131 \u00f6nemli \u00f6l\u00e7\u00fcde art\u0131rmak, pil \u00f6mr\u00fcn\u00fc uzatmak ve daha ak\u0131c\u0131 ve verimli bir kullan\u0131c\u0131 deneyimi sa\u011flamak m\u00fcmk\u00fcn.<\/p>\n<p style=\"text-align: center;\"><a class=\"mb-button mb-style-flat mb-size-default mb-corners-default mb-text-style-default  broken_link\" style=\"background-color: #ff0000;\" href=\"https:\/\/dicasdorei.com\/tr\/aplicativo-para-fazer-limpeza-de-celular\/\">\u00a0<i class=\"fa fa-arrow-circle-right\"><\/i>\u00a0 EN \u0130Y\u0130 UYGULAMALARI G\u00d6R<\/a><\/p>\n<p style=\"text-align: center;\"><a class=\"mb-button mb-style-flat mb-size-default mb-corners-default mb-text-style-default  broken_link\" style=\"background-color: #ff0000;\" href=\"https:\/\/dicasdorei.com\/tr\/aplicativo-para-fazer-limpeza-de-celular\/\">\u00a0<i class=\"fa fa-arrow-circle-right\"><\/i>\u00a0 ANDROID UYGULAMALARI<\/a><\/p>\n<p style=\"text-align: center;\"><a class=\"mb-button mb-style-flat mb-size-default mb-corners-default mb-text-style-default  broken_link\" style=\"background-color: #ff0000;\" href=\"https:\/\/dicasdorei.com\/tr\/aplicativo-para-fazer-limpeza-de-celular\/\">\u00a0<i class=\"fa fa-arrow-circle-right\"><\/i>\u00a0 IOS \u0130\u00c7\u0130N UYGULAMALAR<\/a><\/p>\n<p>CCleaner, Clean Master, Files by Google, SD Maid veya Norton Clean arac\u0131l\u0131\u011f\u0131yla, piyasada farkl\u0131 t\u00fcrdeki kullan\u0131c\u0131lar\u0131n ihtiya\u00e7lar\u0131n\u0131 kar\u015f\u0131layabilecek \u00e7e\u015fitli se\u00e7enekler bulunmaktad\u0131r. Bu nedenle, iyi bir temizlik uygulamas\u0131na yat\u0131r\u0131m yapmak, ak\u0131ll\u0131 telefonunuzu iyi durumda tutman\u0131n anahtar\u0131 olabilir.<\/p>\n<\/body><\/html>","protected":false},"excerpt":{"rendered":"<p>Com o uso constante de smartphones, \u00e9 comum que nossos dispositivos acumulem uma quantidade significativa de arquivos indesejados, cache e dados residuais que podem afetar o desempenho e ocupar espa\u00e7o de armazenamento. \u00a0\u00a0 VEJA OS MELHORES APLICATIVOS \u00a0\u00a0 APLICATIVOS PARA ANDROID \u00a0\u00a0 APLICATIVOS PARA IOS Felizmente, existem diversos aplicativos projetados especificamente para ajudar na limpeza [&hellip;]<\/p>\n","protected":false},"author":1,"featured_media":0,"parent":0,"menu_order":0,"comment_status":"closed","ping_status":"closed","template":"","meta":{"footnotes":""},"class_list":["post-8011","page","type-page","status-publish","hentry"],"_links":{"self":[{"href":"https:\/\/dicasdorei.com\/tr\/wp-json\/wp\/v2\/pages\/8011","targetHints":{"allow":["GET"]}}],"collection":[{"href":"https:\/\/dicasdorei.com\/tr\/wp-json\/wp\/v2\/pages"}],"about":[{"href":"https:\/\/dicasdorei.com\/tr\/wp-json\/wp\/v2\/types\/page"}],"author":[{"embeddable":true,"href":"https:\/\/dicasdorei.com\/tr\/wp-json\/wp\/v2\/users\/1"}],"replies":[{"embeddable":true,"href":"https:\/\/dicasdorei.com\/tr\/wp-json\/wp\/v2\/comments?post=8011"}],"version-history":[{"count":5,"href":"https:\/\/dicasdorei.com\/tr\/wp-json\/wp\/v2\/pages\/8011\/revisions"}],"predecessor-version":[{"id":8051,"href":"https:\/\/dicasdorei.com\/tr\/wp-json\/wp\/v2\/pages\/8011\/revisions\/8051"}],"wp:attachment":[{"href":"https:\/\/dicasdorei.com\/tr\/wp-json\/wp\/v2\/media?parent=8011"}],"curies":[{"name":"wp","href":"https:\/\/api.w.org\/{rel}","templated":true}]}}