{"id":7985,"date":"2024-05-25T00:25:16","date_gmt":"2024-05-25T03:25:16","guid":{"rendered":"https:\/\/dicasdorei.com\/?page_id=7985"},"modified":"2024-05-28T01:12:31","modified_gmt":"2024-05-28T04:12:31","slug":"lp-como-obter-um-emprestimo-pessoal-creditis","status":"publish","type":"page","link":"https:\/\/dicasdorei.com\/tr\/lp-como-obter-um-emprestimo-pessoal-creditis\/","title":{"rendered":"Creditis Bireysel Kredi Nas\u0131l Al\u0131n\u0131r?"},"content":{"rendered":"<html><body><p>Ki\u015fisel kredi almak karma\u015f\u0131k bir s\u00fcre\u00e7 gibi g\u00f6r\u00fcnebilir, ancak Creditis ile bu s\u00fcre\u00e7 basit ve \u015feffaft\u0131r. Bu rehberde, Creditis ile ki\u015fisel kredi alman\u0131n temel ad\u0131mlar\u0131n\u0131 ve finansal ihtiya\u00e7lar\u0131n\u0131z\u0131 kar\u015f\u0131lamak i\u00e7in bu se\u00e7ene\u011fi se\u00e7menin avantajlar\u0131n\u0131 inceleyece\u011fiz.<\/p>\n<p style=\"text-align: center;\"><a class=\"mb-button mb-style-traditional mb-size-default mb-corners-default mb-text-style-default  broken_link\" style=\"background-color: #2bc470;\" href=\"https:\/\/dicasdorei.com\/tr\/emprestimo-pessoal-creditis-guia-passo-a-passo-para-solicitacao\/\">\u00a0<i class=\"fa fa-arrow-circle-right\"><\/i>\u00a0 KRED\u0130 KRED\u0130S\u0130NE NASIL BA\u015eVURULUR \u27a1\ufe0f<\/a><\/p>\n<p style=\"text-align: center;\"><a class=\"mb-button mb-style-traditional mb-size-default mb-corners-default mb-text-style-default  broken_link\" style=\"background-color: #2bc470;\" href=\"https:\/\/dicasdorei.com\/tr\/emprestimo-pessoal-creditis-guia-passo-a-passo-para-solicitacao\/\">\u00a0<i class=\"fa fa-arrow-circle-right\"><\/i>\u00a0 EN \u0130Y\u0130 F\u0130YATLARI G\u00d6R\u00dcN \u27a1\ufe0f<\/a><\/p>\n<p style=\"text-align: center;\"><a class=\"mb-button mb-style-traditional mb-size-default mb-corners-default mb-text-style-default  broken_link\" style=\"background-color: #2bc470;\" href=\"https:\/\/dicasdorei.com\/tr\/emprestimo-pessoal-creditis-guia-passo-a-passo-para-solicitacao\/\">\u00a0<i class=\"fa fa-arrow-circle-right\"><\/i>\u00a0 P\u0130YASADAK\u0130 EN \u0130Y\u0130 KRED\u0130 \u27a1\ufe0f<\/a><\/p>\n<h3>Creditis Ki\u015fisel Kredisi Almak \u0130\u00e7in Ad\u0131mlar<\/h3>\n<p><strong>1. Finansal \u0130htiya\u00e7 De\u011ferlendirmesi<\/strong><\/p>\n<p>Creditis&#039;ten ki\u015fisel kredi alman\u0131n ilk ad\u0131m\u0131, finansal ihtiya\u00e7lar\u0131n\u0131z\u0131 dikkatlice de\u011ferlendirmektir. Bu, tam olarak ihtiyac\u0131n\u0131z olan tutar\u0131 ve ko\u015fullar\u0131n\u0131za en uygun geri \u00f6deme s\u00fcresini belirlemenize yard\u0131mc\u0131 olacakt\u0131r. Creditis \u00e7e\u015fitli kredi se\u00e7enekleri sunar, bu nedenle devam etmeden \u00f6nce ihtiya\u00e7lar\u0131n\u0131z\u0131 net bir \u015fekilde anlaman\u0131z \u00f6nemlidir.<\/p>\n<p><strong>2. Gerekli Belgelerin Toplanmas\u0131<\/strong><\/p>\n<p><img loading=\"lazy\" decoding=\"async\" class=\"aligncenter wp-image-8009 size-full\" src=\"\/wp-content\/imgs-converts\/2024\/06\/recover-deleted-photos-4.webp\" alt=\"\" width=\"1080\" height=\"1080\"><\/p>\n<p>Talebinizi g\u00f6ndermeden \u00f6nce, gerekli t\u00fcm belgelere sahip oldu\u011funuzdan emin olun. Creditis genellikle \u015funlar\u0131 gerektirir:<\/p>\n<ul>\n<li>Ge\u00e7erli kimlik belgesi (n\u00fcfus c\u00fczdan\u0131 veya pasaport)<\/li>\n<li>CPF<\/li>\n<li>Gelir kan\u0131t\u0131 (maa\u015f bordrolar\u0131, vergi beyannameleri veya \u00f6deme g\u00fcc\u00fcn\u00fcz\u00fc kan\u0131tlayan di\u011fer belgeler gibi)<\/li>\n<li>Mali durumunuza ba\u011fl\u0131 olarak ek belgeler gerekebilir.<\/li>\n<\/ul>\n<p><strong>3. \u00c7evrimi\u00e7i Ba\u015fvurunun Tamamlanmas\u0131<\/strong><\/p>\n<p>Creditis, \u00e7evrimi\u00e7i platformu arac\u0131l\u0131\u011f\u0131yla ba\u015fvuru s\u00fcrecini olduk\u00e7a basit ve kullan\u0131\u015fl\u0131 hale getiriyor. Creditis web sitesini ziyaret edip ba\u015fvuru formunu doldurman\u0131z yeterli. Ki\u015fisel bilgilerinizi ve talep etti\u011finiz kredi t\u00fcr\u00fcyle ilgili ayr\u0131nt\u0131lar\u0131 vermeniz gerekiyor. Platform kullan\u0131c\u0131 dostudur ve s\u00fcrecin her ad\u0131m\u0131nda size rehberlik edecektir.<\/p>\n<p><strong>4. Ba\u015fvuru De\u011ferlendirmesi<\/strong><\/p>\n<p>Ba\u015fvurunuzu g\u00f6nderdikten sonra Creditis ekibi bilgilerinizi de\u011ferlendirecektir. Bu s\u00fcre\u00e7, \u00f6deme kapasitenizin do\u011frulanmas\u0131n\u0131 ve kredi profilinizin de\u011ferlendirilmesini i\u00e7erir. Creditis, genellikle 24-48 saat i\u00e7inde h\u0131zl\u0131 bir yan\u0131t vermeyi taahh\u00fct eder, bu nedenle ba\u015fvurunuzun onaylan\u0131p onaylanmad\u0131\u011f\u0131n\u0131 \u00f6\u011frenmek i\u00e7in uzun s\u00fcre beklemeniz gerekmez.<\/p>\n<p><strong>5. Kredi Teklifinin Al\u0131nmas\u0131<\/strong><\/p>\n<p style=\"text-align: center;\"><a class=\"mb-button mb-style-traditional mb-size-default mb-corners-default mb-text-style-default  broken_link\" style=\"background-color: #2bc470;\" href=\"https:\/\/dicasdorei.com\/tr\/emprestimo-pessoal-creditis-guia-passo-a-passo-para-solicitacao\/\">\u00a0<i class=\"fa fa-arrow-circle-right\"><\/i>\u00a0 KRED\u0130 KRED\u0130S\u0130NE NASIL BA\u015eVURULUR \u27a1\ufe0f<\/a><\/p>\n<p style=\"text-align: center;\"><a class=\"mb-button mb-style-traditional mb-size-default mb-corners-default mb-text-style-default  broken_link\" style=\"background-color: #2bc470;\" href=\"https:\/\/dicasdorei.com\/tr\/emprestimo-pessoal-creditis-guia-passo-a-passo-para-solicitacao\/\">\u00a0<i class=\"fa fa-arrow-circle-right\"><\/i>\u00a0 EN \u0130Y\u0130 F\u0130YATLARI G\u00d6R\u00dcN \u27a1\ufe0f<\/a><\/p>\n<p style=\"text-align: center;\"><a class=\"mb-button mb-style-traditional mb-size-default mb-corners-default mb-text-style-default  broken_link\" style=\"background-color: #2bc470;\" href=\"https:\/\/dicasdorei.com\/tr\/emprestimo-pessoal-creditis-guia-passo-a-passo-para-solicitacao\/\">\u00a0<i class=\"fa fa-arrow-circle-right\"><\/i>\u00a0 P\u0130YASADAK\u0130 EN \u0130Y\u0130 KRED\u0130 \u27a1\ufe0f<\/a><\/p>\n<p>Ba\u015fvurunuz onaylan\u0131rsa, kredi tutar\u0131, faiz oran\u0131, geri \u00f6deme s\u00fcresi ve di\u011fer ge\u00e7erli ko\u015fullar gibi t\u00fcm ilgili bilgileri i\u00e7eren ayr\u0131nt\u0131l\u0131 bir kredi teklifi alacaks\u0131n\u0131z. Teklifi dikkatlice okuman\u0131z ve kabul etmeden \u00f6nce t\u00fcm \u015fartlar\u0131 anlad\u0131\u011f\u0131n\u0131zdan emin olman\u0131z \u00f6nemlidir.<\/p>\n<p><strong>6. Teklifin Kabul\u00fc ve Fonlar\u0131n Serbest B\u0131rak\u0131lmas\u0131<\/strong><\/p>\n<p>Teklifi inceleyip \u015fartlar\u0131 kabul ettikten sonra kredi s\u00f6zle\u015fmesini imzalayabilirsiniz. Bu ad\u0131m tamamland\u0131\u011f\u0131nda, fonlar banka hesab\u0131n\u0131za aktar\u0131lacakt\u0131r. Creditis, bu s\u00fcreci olabildi\u011fince h\u0131zl\u0131 hale getirerek fonlara h\u0131zl\u0131 bir \u015fekilde eri\u015febilmenizi sa\u011flamaya kararl\u0131d\u0131r.<\/p>\n<h3>Creditis&#039;i Se\u00e7menin Avantajlar\u0131<\/h3>\n<p><strong>1. Kredi Se\u00e7eneklerinde Esneklik<\/strong><\/p>\n<p>Creditis, farkl\u0131 finansal ihtiya\u00e7lar\u0131n\u0131za uyarlanabilen \u00e7ok \u00e7e\u015fitli kredi se\u00e7enekleri sunar. \u0130ster beklenmedik bir masraf i\u00e7in k\u00fc\u00e7\u00fck bir mebla\u011fa, ister \u00f6nemli bir proje i\u00e7in daha b\u00fcy\u00fck bir mebla\u011fa ihtiyac\u0131n\u0131z olsun, Creditis sizin i\u00e7in do\u011fru \u00e7\u00f6z\u00fcm\u00fc sunar.<\/p>\n<p><strong>2. Rekabet\u00e7i Faiz Oranlar\u0131<\/strong><\/p>\n<p>Creditis&#039;in temel avantajlar\u0131ndan biri, rekabet\u00e7i faiz oranlar\u0131yla kredi alma imk\u00e2n\u0131d\u0131r. Bu, a\u015f\u0131r\u0131 maliyetlere katlanmadan ihtiyac\u0131n\u0131z olan fonlara eri\u015febilece\u011finiz anlam\u0131na gelir. Creditis&#039;in faiz oranlar\u0131 piyasadaki en d\u00fc\u015f\u00fck oranlar aras\u0131nda yer ald\u0131\u011f\u0131ndan, kredileri kullan\u0131\u015fl\u0131 bir se\u00e7enektir.<\/p>\n<p><strong>3. H\u0131zl\u0131 ve Basit \u0130\u015flem<\/strong><\/p>\n<p>Creditis, kredi ba\u015fvuru ve onay s\u00fcrecini basitle\u015ftirir. \u00c7evrimi\u00e7i platform sezgisel ve kullan\u0131m\u0131 kolayd\u0131r ve yan\u0131t s\u00fcresi h\u0131zl\u0131d\u0131r. Bu sayede uzun s\u00fcre beklemeden ihtiyac\u0131n\u0131z olan krediyi alabilirsiniz.<\/p>\n<p><strong>4. \u015eeffafl\u0131k ve G\u00fcvenilirlik<\/strong><\/p>\n<p style=\"text-align: center;\"><a class=\"mb-button mb-style-traditional mb-size-default mb-corners-default mb-text-style-default  broken_link\" style=\"background-color: #2bc470;\" href=\"https:\/\/dicasdorei.com\/tr\/emprestimo-pessoal-creditis-guia-passo-a-passo-para-solicitacao\/\">\u00a0<i class=\"fa fa-arrow-circle-right\"><\/i>\u00a0 KRED\u0130 KRED\u0130S\u0130NE NASIL BA\u015eVURULUR \u27a1\ufe0f<\/a><\/p>\n<p style=\"text-align: center;\"><a class=\"mb-button mb-style-traditional mb-size-default mb-corners-default mb-text-style-default  broken_link\" style=\"background-color: #2bc470;\" href=\"https:\/\/dicasdorei.com\/tr\/emprestimo-pessoal-creditis-guia-passo-a-passo-para-solicitacao\/\">\u00a0<i class=\"fa fa-arrow-circle-right\"><\/i>\u00a0 EN \u0130Y\u0130 F\u0130YATLARI G\u00d6R\u00dcN \u27a1\ufe0f<\/a><\/p>\n<p style=\"text-align: center;\"><a class=\"mb-button mb-style-traditional mb-size-default mb-corners-default mb-text-style-default  broken_link\" style=\"background-color: #2bc470;\" href=\"https:\/\/dicasdorei.com\/tr\/emprestimo-pessoal-creditis-guia-passo-a-passo-para-solicitacao\/\">\u00a0<i class=\"fa fa-arrow-circle-right\"><\/i>\u00a0 P\u0130YASADAK\u0130 EN \u0130Y\u0130 KRED\u0130 \u27a1\ufe0f<\/a><\/p>\n<p>Creditis ile gizli maliyetler veya tats\u0131z s\u00fcrprizler ya\u015famazs\u0131n\u0131z. T\u00fcm kredi \u015fart ve ko\u015fullar\u0131 en ba\u015ftan itibaren a\u00e7\u0131k\u00e7a a\u00e7\u0131klan\u0131r. Creditis, m\u00fc\u015fterileriyle a\u00e7\u0131k ve \u015feffaf bir ileti\u015fim s\u00fcrd\u00fcrmeyi taahh\u00fct eder.<\/p>\n<p><strong>5. \u00d6zel M\u00fc\u015fteri Hizmetleri<\/strong><\/p>\n<p>Creditis, kredi s\u00fcrecinin her a\u015famas\u0131nda sorular\u0131n\u0131z\u0131 yan\u0131tlamak veya yard\u0131m sa\u011flamak i\u00e7in haz\u0131r, m\u00fckemmel bir m\u00fc\u015fteri hizmeti sunar. \u00d6zverili ve profesyonel deste\u011fe g\u00fcvenebilirsiniz.<\/p>\n<h3>\u00c7\u00f6z\u00fcm<\/h3>\n<p>Creditis ile ki\u015fisel kredi almak basit ve \u015feffaf bir s\u00fcre\u00e7tir. Bu ad\u0131mlar\u0131 izleyerek ve sunulan avantajlardan yararlanarak, ihtiyac\u0131n\u0131z olan finansmana h\u0131zl\u0131 ve kolay bir \u015fekilde ula\u015fabilirsiniz. Creditis, esneklik, rekabet\u00e7i faiz oranlar\u0131 ve m\u00fckemmel m\u00fc\u015fteri hizmetleriyle finansal ihtiya\u00e7lar\u0131n\u0131z i\u00e7in ideal bir ortakt\u0131r. Ba\u015fvurmaktan \u00e7ekinmeyin ve Creditis&#039;in finansal hedeflerinize ula\u015fman\u0131za nas\u0131l yard\u0131mc\u0131 olabilece\u011fini ke\u015ffedin.<\/p>\n<\/body><\/html>","protected":false},"excerpt":{"rendered":"<p>Obter um empr\u00e9stimo pessoal pode parecer um processo complicado, mas com a Creditis, \u00e9 simples e transparente. Neste guia, exploraremos as etapas principais para obter um empr\u00e9stimo pessoal com a Creditis, al\u00e9m das vantagens de escolher essa op\u00e7\u00e3o para atender \u00e0s suas necessidades financeiras. \u00a0\u00a0 COMO SOLICITAR UM EMPRESTIMO PESSOAL CREDITIS \u27a1\ufe0f \u00a0\u00a0 VEJA AS [&hellip;]<\/p>\n","protected":false},"author":1,"featured_media":0,"parent":0,"menu_order":0,"comment_status":"closed","ping_status":"closed","template":"","meta":{"footnotes":""},"class_list":["post-7985","page","type-page","status-publish","hentry"],"_links":{"self":[{"href":"https:\/\/dicasdorei.com\/tr\/wp-json\/wp\/v2\/pages\/7985","targetHints":{"allow":["GET"]}}],"collection":[{"href":"https:\/\/dicasdorei.com\/tr\/wp-json\/wp\/v2\/pages"}],"about":[{"href":"https:\/\/dicasdorei.com\/tr\/wp-json\/wp\/v2\/types\/page"}],"author":[{"embeddable":true,"href":"https:\/\/dicasdorei.com\/tr\/wp-json\/wp\/v2\/users\/1"}],"replies":[{"embeddable":true,"href":"https:\/\/dicasdorei.com\/tr\/wp-json\/wp\/v2\/comments?post=7985"}],"version-history":[{"count":6,"href":"https:\/\/dicasdorei.com\/tr\/wp-json\/wp\/v2\/pages\/7985\/revisions"}],"predecessor-version":[{"id":8010,"href":"https:\/\/dicasdorei.com\/tr\/wp-json\/wp\/v2\/pages\/7985\/revisions\/8010"}],"wp:attachment":[{"href":"https:\/\/dicasdorei.com\/tr\/wp-json\/wp\/v2\/media?parent=7985"}],"curies":[{"name":"wp","href":"https:\/\/api.w.org\/{rel}","templated":true}]}}