{"id":7418,"date":"2024-02-15T05:03:22","date_gmt":"2024-02-15T08:03:22","guid":{"rendered":"https:\/\/dicasdorei.com\/?page_id=7418"},"modified":"2024-02-15T05:26:22","modified_gmt":"2024-02-15T08:26:22","slug":"bbb24","status":"publish","type":"page","link":"https:\/\/dicasdorei.com\/tr\/bbb24\/","title":{"rendered":"BBB24"},"content":{"rendered":"<html><body><h2><a href=\"https:\/\/dicasdorei.com\/tr\/aplicativos\/aplicativo-para-assistir-o-bbb24-ao-vivo\/\" class=\"broken_link\"><b><u>BBB24&#039;\u00fc canl\u0131 izlemek i\u00e7in uygulama<br>\n<\/u><\/b><\/a><\/h2>\n<style>\n.progress {\n    display: flex;\n    height: 5px;\n    overflow: hidden;\n    font-size: .75rem;\n    background-color: #e9ecef;\n    border-radius: .25rem;\n}\n.progress-bar {\n    display: flex;\n    flex-direction: column;\n    justify-content: center;\n    overflow: hidden;\n    color: #fff;\n    text-align: center;\n    white-space: nowrap;\n    background-color: #0d6efd;\n    transition: width .6s ease;\n}\nli.elementor-icon-list-item {\n    background-color: #f3f4f6;\n    padding: 15px!important;\n    border-radius: 5px;\n}\n<\/style>\n<p><strong>Ho\u015f geldin!!<\/strong> <strong>Big Brother Brasil 24&#039;\u00fc takip etmenin kesin yolunu ke\u015ffedin.<\/strong> Brezilya&#039;n\u0131n en ilgi \u00e7ekici reality \u015fovunun heyecan\u0131n\u0131 do\u011frudan cihaz\u0131n\u0131zda canl\u0131 olarak deneyimleyin. Bu uygulama ile \u00fclkenin en \u00e7ok izlenen evinin kalbinde her zaman olun ve canl\u0131 kameralara 7\/24 eri\u015ferek gece g\u00fcnd\u00fcz hi\u00e7bir an\u0131 ka\u00e7\u0131rmay\u0131n.<\/p>\n<p>\t\t\t\t\t\t\t\t\t\t\t\t\t\t<a href=\"https:\/\/dicasdorei.com\/tr\/aplicativos\/aplicativo-para-assistir-o-bbb24-ao-vivo\/\" class=\"broken_link\"><br>\n\t\t\t\t\t\t\t<img loading=\"lazy\" decoding=\"async\" width=\"768\" height=\"853\" src=\"https:\/\/dicasdorei.com\/wp-content\/uploads\/2024\/02\/filters_quality75-1.webp\" alt=\"\" srcset=\"https:\/\/dicasdorei.com\/wp-content\/uploads\/2024\/02\/filters_quality75-1.webp 768w, https:\/\/dicasdorei.com\/wp-content\/uploads\/2024\/02\/filters_quality75-1-270x300.webp 270w, https:\/\/dicasdorei.com\/wp-content\/uploads\/2024\/02\/filters_quality75-1-11x12.webp 11w\" sizes=\"auto, (max-width: 768px) 100vw, 768px\">\t\t\t\t\t\t\t\t<\/a><\/p>\n<h2><a href=\"https:\/\/dicasdorei.com\/tr\/aplicativos\/aplicativo-para-assistir-o-bbb24-ao-vivo\/\" class=\"broken_link\">BBB24&#039;\u00fc canl\u0131 izlemek i\u00e7in uygulama<\/a><\/h2>\n<ul>\n<li><strong>S\u0131n\u0131rs\u0131z Eri\u015fim:<\/strong> BBB24&#039;\u00fcn t\u00fcm canl\u0131 kameralar\u0131n\u0131, sanki oradaym\u0131\u015fs\u0131n\u0131z gibi farkl\u0131 a\u00e7\u0131lar aras\u0131nda ge\u00e7i\u015f yapma \u00f6zg\u00fcrl\u00fc\u011f\u00fcyle izleyin.<\/li>\n<li><strong>Ger\u00e7ek Zamanl\u0131 Uyar\u0131lar:<\/strong> \u00d6nemli etkinlikler ve oyun de\u011fi\u015fiklikleri hakk\u0131nda bildirim al\u0131n, b\u00f6ylece en kritik anlarda haberdar olabilirsiniz.<\/li>\n<li><strong>\u00d6zel \u0130\u00e7erik:<\/strong> Sadece uygulama kullan\u0131c\u0131lar\u0131na \u00f6zel r\u00f6portajlar\u0131n, analizlerin ve \u00f6zel i\u00e7eriklerin tad\u0131n\u0131 \u00e7\u0131kar\u0131n.<\/li>\n<li><strong>Etkile\u015fim:<\/strong> Duvarlarda oy verin, anketlere kat\u0131l\u0131n ve oyunu do\u011frudan ak\u0131ll\u0131 telefonunuzdan etkileme \u015fans\u0131na sahip olun.<\/li>\n<li><strong>HD Kalitesi:<\/strong> Evinizde olup biten her ayr\u0131nt\u0131y\u0131 g\u00f6rmenizi sa\u011flayarak y\u00fcksek kaliteli bir izleme deneyiminin tad\u0131n\u0131 \u00e7\u0131kar\u0131n.<\/li>\n<\/ul>\n<p>\t\t\t<a href=\"https:\/\/dicasdorei.com\/tr\/aplicativos\/aplicativo-para-assistir-o-bbb24-ao-vivo\/\" class=\"broken_link\"><br>\n\t\t\t\t\t\t\u27a1 BBB24&#039;\u00dc CANLI \u0130ZLEMEK \u0130\u00c7\u0130N UYGULAMA<br>\n\t\t\t\t\t<\/a><\/p>\n<h3><a href=\"https:\/\/dicasdorei.com\/tr\/aplicativos\/aplicativo-para-assistir-o-bbb24-ao-vivo\/\" class=\"broken_link\"><b>BBB24&#039;\u00fc CANLI \u0130ZLEME UYGULAMASININ Avantajlar\u0131<\/b><\/a><\/h3>\n<ul>\n<li>\n\t\t\t\t\t\t\t\t\t\t\t<a href=\"https:\/\/dicasdorei.com\/tr\/aplicativos\/aplicativo-para-assistir-o-bbb24-ao-vivo\/\" class=\"broken_link\"><br>\n\t\t\t\t\t\t\t\t\t\t<font color=\"#000000\" face=\"Roboto, RobotoDraft, Helvetica, Arial, sans-serif\">\u00dcCRETS\u0130Z UYGULAMA<\/font><br>\n\t\t\t\t\t\t\t\t\t\t\t<\/a>\n\t\t\t\t\t\t\t\t\t<\/li>\n<li>\n\t\t\t\t\t\t\t\t\t\t\t<a href=\"https:\/\/dicasdorei.com\/tr\/aplicativos\/aplicativo-para-assistir-o-bbb24-ao-vivo\/\" class=\"broken_link\"><br>\n\t\t\t\t\t\t\t\t\t\tKES\u0130NT\u0130 YOK<br>\n\t\t\t\t\t\t\t\t\t\t\t<\/a>\n\t\t\t\t\t\t\t\t\t<\/li>\n<li>\n\t\t\t\t\t\t\t\t\t\t\t<a href=\"https:\/\/dicasdorei.com\/tr\/aplicativos\/aplicativo-para-assistir-o-bbb24-ao-vivo\/\" class=\"broken_link\"><br>\n\t\t\t\t\t\t\t\t\t\tHER YERDEN TAK\u0130P ED\u0130N<br>\n\t\t\t\t\t\t\t\t\t\t\t<\/a>\n\t\t\t\t\t\t\t\t\t<\/li>\n<li>\n\t\t\t\t\t\t\t\t\t\t\t<a href=\"https:\/\/dicasdorei.com\/tr\/aplicativos\/aplicativo-para-assistir-o-bbb24-ao-vivo\/\" class=\"broken_link\"><br>\n\t\t\t\t\t\t\t\t\t\tSINIRSIZ ER\u0130\u015e\u0130M<br>\n\t\t\t\t\t\t\t\t\t\t\t<\/a>\n\t\t\t\t\t\t\t\t\t<\/li>\n<\/ul>\n<ul>\n<li>\n\t\t\t\t\t\t\t\t\t\t\t<a href=\"https:\/\/dicasdorei.com\/tr\/aplicativos\/aplicativo-para-assistir-o-bbb24-ao-vivo\/\" class=\"broken_link\"><br>\n\t\t\t\t\t\t\t\t\t\tKURULUMU VE KULLANIMI KOLAY<br>\n\t\t\t\t\t\t\t\t\t\t\t<\/a>\n\t\t\t\t\t\t\t\t\t<\/li>\n<li>\n\t\t\t\t\t\t\t\t\t\t\t<a href=\"https:\/\/dicasdorei.com\/tr\/aplicativos\/aplicativo-para-assistir-o-bbb24-ao-vivo\/\" class=\"broken_link\"><br>\n\t\t\t\t\t\t\t\t\t\tH\u0130\u00c7B\u0130R \u015eEY \u0130MZALAMANIZA GEREK YOK<br>\n\t\t\t\t\t\t\t\t\t\t\t<\/a>\n\t\t\t\t\t\t\t\t\t<\/li>\n<li>\n\t\t\t\t\t\t\t\t\t\t\t<a href=\"https:\/\/dicasdorei.com\/tr\/aplicativos\/aplicativo-para-assistir-o-bbb24-ao-vivo\/\" class=\"broken_link\"><br>\n\t\t\t\t\t\t\t\t\t\t\u00d6ZEL \u0130\u00c7ER\u0130K<br>\n\t\t\t\t\t\t\t\t\t\t\t<\/a>\n\t\t\t\t\t\t\t\t\t<\/li>\n<li>\n\t\t\t\t\t\t\t\t\t\t\t<a href=\"https:\/\/dicasdorei.com\/tr\/aplicativos\/aplicativo-para-assistir-o-bbb24-ao-vivo\/\" class=\"broken_link\"><br>\n\t\t\t\t\t\t\t\t\t\t\u00d6ZEL KAMERALAR<br>\n\t\t\t\t\t\t\t\t\t\t\t<\/a>\n\t\t\t\t\t\t\t\t\t<\/li>\n<\/ul>\n<p>\u00a0<\/p>\n<p>Big Brother Brasil&#039;in en yenilik\u00e7i versiyonunu ka\u00e7\u0131rmay\u0131n. Her komployu, davay\u0131 ve a\u015fk\u0131 canl\u0131 izlemek i\u00e7in VIP biletiniz var. <strong>Hemen indirin ve daha \u00f6nce hi\u00e7 ya\u015famad\u0131\u011f\u0131n\u0131z bir BBB24 deneyiminin par\u00e7as\u0131 olun!<\/strong>..<\/p>\n<p>\u00a0<\/p>\n<p>\u00a0<\/p>\n<p>\t\t\t<a href=\"https:\/\/dicasdorei.com\/tr\/aplicativos\/aplicativo-para-assistir-o-bbb24-ao-vivo\/\" class=\"broken_link\"><br>\n\t\t\t\t\t\t???? BBB24&#039;\u00dc CANLI \u0130ZLEMEK \u0130\u00c7\u0130N UYGULAMAYI \u0130ND\u0130R\u0130N<br>\n\t\t\t\t\t<\/a><\/p>\n<\/body><\/html>","protected":false},"excerpt":{"rendered":"<p>Aplicativo para Assistir BBB24 ao vivo Bem-vindo!! Descubra a forma definitiva de acompanhar o Big Brother Brasil 24. Experimente a emo\u00e7\u00e3o do reality show mais envolvente do Brasil ao vivo, diretamente no seu dispositivo. Com este aplicativo, voc\u00ea est\u00e1 sempre no cora\u00e7\u00e3o da casa mais vigiada do pa\u00eds, com acesso a c\u00e2meras ao vivo 24\/7, [&hellip;]<\/p>\n","protected":false},"author":1,"featured_media":0,"parent":0,"menu_order":0,"comment_status":"closed","ping_status":"closed","template":"elementor_canvas","meta":{"footnotes":""},"class_list":["post-7418","page","type-page","status-publish","hentry"],"_links":{"self":[{"href":"https:\/\/dicasdorei.com\/tr\/wp-json\/wp\/v2\/pages\/7418","targetHints":{"allow":["GET"]}}],"collection":[{"href":"https:\/\/dicasdorei.com\/tr\/wp-json\/wp\/v2\/pages"}],"about":[{"href":"https:\/\/dicasdorei.com\/tr\/wp-json\/wp\/v2\/types\/page"}],"author":[{"embeddable":true,"href":"https:\/\/dicasdorei.com\/tr\/wp-json\/wp\/v2\/users\/1"}],"replies":[{"embeddable":true,"href":"https:\/\/dicasdorei.com\/tr\/wp-json\/wp\/v2\/comments?post=7418"}],"version-history":[{"count":9,"href":"https:\/\/dicasdorei.com\/tr\/wp-json\/wp\/v2\/pages\/7418\/revisions"}],"predecessor-version":[{"id":7442,"href":"https:\/\/dicasdorei.com\/tr\/wp-json\/wp\/v2\/pages\/7418\/revisions\/7442"}],"wp:attachment":[{"href":"https:\/\/dicasdorei.com\/tr\/wp-json\/wp\/v2\/media?parent=7418"}],"curies":[{"name":"wp","href":"https:\/\/api.w.org\/{rel}","templated":true}]}}