{"id":450,"date":"2022-04-08T00:05:27","date_gmt":"2022-04-08T03:05:27","guid":{"rendered":"https:\/\/dicasdorei.com\/?page_id=450"},"modified":"2025-01-25T10:56:35","modified_gmt":"2025-01-25T13:56:35","slug":"terms-of-use","status":"publish","type":"page","link":"https:\/\/dicasdorei.com\/tr\/terms-of-use\/","title":{"rendered":"Kullan\u0131m \u015eartlar\u0131"},"content":{"rendered":"<html><body><p>1. \u015eartlar<\/p>\n<p>Dicas do Rei web sitesine eri\u015ferek, bu hizmet \u015fartlar\u0131na, t\u00fcm ge\u00e7erli yasa ve d\u00fczenlemelere uymay\u0131 kabul etmi\u015f olursunuz ve t\u00fcm ge\u00e7erli yerel yasalara uymaktan sorumlu oldu\u011funuzu kabul edersiniz. Bu \u015fartlardan herhangi birini kabul etmiyorsan\u0131z, bu siteyi kullanman\u0131z veya siteye eri\u015fmeniz yasakt\u0131r. Bu sitede yer alan materyaller y\u00fcr\u00fcrl\u00fckteki telif hakk\u0131 ve ticari marka kanunlar\u0131 ile korunmaktad\u0131r.<\/p>\n<p>2. Lisans\u0131n Kullan\u0131m\u0131<\/p>\n<p>Dicas do Rei&#039;nin web sitesinde yer alan materyallerin (bilgi veya yaz\u0131l\u0131m) bir kopyas\u0131n\u0131n yaln\u0131zca ki\u015fisel, ticari olmayan ge\u00e7ici g\u00f6r\u00fcnt\u00fcleme amac\u0131yla ge\u00e7ici olarak indirilmesine izin verilmektedir. Bu bir lisans verilmesidir, m\u00fclkiyetin devri de\u011fildir ve bu lisans kapsam\u0131nda \u015funlar\u0131 yapamazs\u0131n\u0131z:<\/p>\n<p>materyalleri de\u011fi\u015ftirmek veya kopyalamak;<br>\nMalzemeleri herhangi bir ticari ama\u00e7 i\u00e7in veya herhangi bir kamu g\u00f6sterimi i\u00e7in (ticari veya ticari olmayan) kullanmak;<br>\nDicas do Rei&#039;nin web sitesinde bulunan herhangi bir yaz\u0131l\u0131m\u0131n derlemesini \u00e7\u00f6zmeye veya tersine m\u00fchendislik uygulamaya \u00e7al\u0131\u015fmak;<br>\nmateryallerden herhangi bir telif hakk\u0131n\u0131 veya di\u011fer m\u00fclkiyet kay\u0131tlar\u0131n\u0131 kald\u0131rmak; veya<br>\nMateryalleri ba\u015fka bir ki\u015fiye devretmek veya herhangi bir ba\u015fka sunucuda \u201cyans\u0131tmak\u201d yasakt\u0131r.<\/p>\n<p>Bu lisans, bu k\u0131s\u0131tlamalardan herhangi birini ihlal etmeniz durumunda otomatik olarak sona erer ve Dicas do Rei taraf\u0131ndan herhangi bir zamanda sonland\u0131r\u0131labilir. Bu materyalleri g\u00f6r\u00fcnt\u00fclemeyi sonland\u0131rd\u0131\u011f\u0131n\u0131zda veya bu lisans\u0131n sona ermesi \u00fczerine, elektronik veya bas\u0131l\u0131 formatta olsun, elinizde bulunan t\u00fcm indirilmi\u015f materyalleri imha etmelisiniz.<\/p>\n<p>3. Sorumluluk Reddi<br>\nDicas do Rei web sitesinde yer alan materyaller &#039;oldu\u011fu gibi&#039; sunulmaktad\u0131r. Dicas do Rei, a\u00e7\u0131k veya z\u0131mni hi\u00e7bir garanti vermez ve pazarlanabilirlik, belirli bir amaca uygunluk veya fikri m\u00fclkiyetin ihlal edilmemesi veya di\u011fer hak ihlalleri dahil ancak bunlarla s\u0131n\u0131rl\u0131 olmamak \u00fczere t\u00fcm di\u011fer garantileri reddeder ve ge\u00e7ersiz k\u0131lar.<br>\nAyr\u0131ca, Dicas do Rei, web sitesinde yer alan materyallerin veya bu materyallerle veya bu siteye ba\u011fl\u0131 herhangi bir siteyle ilgili olarak kullan\u0131m\u0131n\u0131n do\u011frulu\u011fu, muhtemel sonu\u00e7lar\u0131 veya g\u00fcvenilirli\u011fi konusunda hi\u00e7bir garanti vermez veya beyanda bulunmaz.<br>\n4. S\u0131n\u0131rlamalar<\/p>\n<p>Hi\u00e7bir durumda Dicas do Rei veya tedarik\u00e7ileri, Dicas do Rei&#039;nin web sitesinde yer alan materyallerin kullan\u0131m\u0131ndan veya kullan\u0131lamamas\u0131ndan kaynaklanan herhangi bir zarardan (veri veya kar kayb\u0131 veya i\u015f kesintisi nedeniyle olu\u015fan zararlar dahil ancak bunlarla s\u0131n\u0131rl\u0131 olmamak \u00fczere) sorumlu tutulamaz; Dicas do Rei veya Dicas do Rei&#039;nin yetkili bir temsilcisine s\u00f6z konusu zarar olas\u0131l\u0131\u011f\u0131 s\u00f6zl\u00fc veya yaz\u0131l\u0131 olarak bildirilmi\u015f olsa dahi. Baz\u0131 yarg\u0131 b\u00f6lgeleri z\u0131mni garantilere ili\u015fkin s\u0131n\u0131rlamalara veya dolayl\u0131 veya tesad\u00fcfi zararlara ili\u015fkin sorumluluk s\u0131n\u0131rlamalar\u0131na izin vermedi\u011finden, bu s\u0131n\u0131rlamalar sizin i\u00e7in ge\u00e7erli olmayabilir.<\/p>\n<p>5. Malzemelerin do\u011frulu\u011fu<\/p>\n<p>Dicas do Rei&#039;nin internet sitesinde yer alan materyaller teknik, tipografik veya foto\u011frafik hatalar i\u00e7erebilir. Dicas do Rei, web sitesinde yer alan materyallerin do\u011fru, eksiksiz veya g\u00fcncel oldu\u011funu garanti etmemektedir. Dicas do Rei, web sitesinde yer alan materyallerde herhangi bir bildirimde bulunmaks\u0131z\u0131n her zaman de\u011fi\u015fiklik yapabilir. Ancak Dicas do Rei, materyalleri g\u00fcncelleme konusunda herhangi bir taahh\u00fctte bulunmamaktad\u0131r.<\/p>\n<p>6. Ba\u011flant\u0131lar<\/p>\n<p>Dicas do Rei, web sitesine ba\u011fl\u0131 sitelerin tamam\u0131n\u0131 incelememi\u015ftir ve bu t\u00fcr ba\u011fl\u0131 sitelerin i\u00e7eri\u011finden sorumlu de\u011fildir. Herhangi bir ba\u011flant\u0131n\u0131n dahil edilmesi Dicas do Rei&#039;nin siteyi onaylad\u0131\u011f\u0131 anlam\u0131na gelmez. Ba\u011flant\u0131l\u0131 herhangi bir web sitesinin kullan\u0131m\u0131 kullan\u0131c\u0131n\u0131n kendi sorumlulu\u011fundad\u0131r.<\/p>\n<p>De\u011fi\u015fiklikler<\/p>\n<p>Dicas do Rei, web sitesi i\u00e7in bu hizmet \u015fartlar\u0131n\u0131 herhangi bir bildirimde bulunmaks\u0131z\u0131n her zaman de\u011fi\u015ftirebilir. Bu web sitesini kullanarak, bu hizmet \u015fartlar\u0131n\u0131n o anki g\u00fcncel versiyonuna ba\u011fl\u0131 kalmay\u0131 kabul etmi\u015f olursunuz.<\/p>\n<p>Uygulanacak Hukuk<\/p>\n<p>Bu h\u00fck\u00fcm ve ko\u015fullar Dicas do Rei yasalar\u0131na tabidir ve bu yasalara uygun olarak yorumlan\u0131r ve siz geri d\u00f6n\u00fclemez bir \u015fekilde s\u00f6z konusu eyalet veya konumdaki mahkemelerin m\u00fcnhas\u0131r yarg\u0131 yetkisine tabi olursunuz.<\/p>\n<\/body><\/html>","protected":false},"excerpt":{"rendered":"<p>1. Terms By accessing the website\u00a0Dicas do Rei, you agree to be bound by these terms of service, all applicable laws and regulations, and agree that you are responsible for compliance with all applicable local laws. If you do not agree with any of these terms, you are prohibited from using or accessing this site. [&hellip;]<\/p>\n","protected":false},"author":1,"featured_media":0,"parent":0,"menu_order":0,"comment_status":"closed","ping_status":"closed","template":"","meta":{"footnotes":""},"class_list":["post-450","page","type-page","status-publish","hentry"],"_links":{"self":[{"href":"https:\/\/dicasdorei.com\/tr\/wp-json\/wp\/v2\/pages\/450","targetHints":{"allow":["GET"]}}],"collection":[{"href":"https:\/\/dicasdorei.com\/tr\/wp-json\/wp\/v2\/pages"}],"about":[{"href":"https:\/\/dicasdorei.com\/tr\/wp-json\/wp\/v2\/types\/page"}],"author":[{"embeddable":true,"href":"https:\/\/dicasdorei.com\/tr\/wp-json\/wp\/v2\/users\/1"}],"replies":[{"embeddable":true,"href":"https:\/\/dicasdorei.com\/tr\/wp-json\/wp\/v2\/comments?post=450"}],"version-history":[{"count":2,"href":"https:\/\/dicasdorei.com\/tr\/wp-json\/wp\/v2\/pages\/450\/revisions"}],"predecessor-version":[{"id":8728,"href":"https:\/\/dicasdorei.com\/tr\/wp-json\/wp\/v2\/pages\/450\/revisions\/8728"}],"wp:attachment":[{"href":"https:\/\/dicasdorei.com\/tr\/wp-json\/wp\/v2\/media?parent=450"}],"curies":[{"name":"wp","href":"https:\/\/api.w.org\/{rel}","templated":true}]}}