{"id":19,"date":"2022-02-24T21:18:08","date_gmt":"2022-02-25T00:18:08","guid":{"rendered":"https:\/\/dicasdorei.com\/?page_id=19"},"modified":"2025-01-25T10:56:59","modified_gmt":"2025-01-25T13:56:59","slug":"who-is-the-kings-tips-portal","status":"publish","type":"page","link":"https:\/\/dicasdorei.com\/tr\/who-is-the-kings-tips-portal\/","title":{"rendered":"Kral&#039;\u0131n ipu\u00e7lar\u0131 portal\u0131 kimdir?"},"content":{"rendered":"<html><body><p>MERHABA! Biz portal Dicas Do Rei&#039;yiz! Amac\u0131m\u0131z, sitemizde gezinirken harika bir deneyim ya\u015faman\u0131z ve en iyi ipu\u00e7lar\u0131n\u0131 bulabilmenizdir!<\/p>\n<p>Uygulamalar\u0131n\u0131za en iyi hizmeti ve i\u00e7eri\u011fi sunmay\u0131 hedefleyen bir dijital pazarlama ekibiyiz!<\/p>\n<p>Bir\u00e7ok web sitesi ger\u00e7e\u011fi yans\u0131tmayan bilgiler yay\u0131nl\u0131yor, ancak bizim hedefimiz size m\u00fcmk\u00fcn olan en iyi ve en do\u011fru i\u00e7eri\u011fi sunmak!<\/p>\n<p>Her \u015feyden \u00f6nce i\u00e7eriklerimizin do\u011frulu\u011fu ve b\u00fct\u00fcnl\u00fc\u011f\u00fcne \u00f6nem veriyoruz.<\/p>\n<p>Bu web sitesinin amac\u0131, sizin en iyi \u015fekilde gezinmenizi ve i\u00e7eriklerimizin tad\u0131n\u0131 \u00e7\u0131karman\u0131z\u0131 sa\u011flamakt\u0131r! Seni her zaman yan\u0131m\u0131zda g\u00f6rmek istiyoruz.<\/p>\n<p>DICAS DO REI WEB S\u0130TES\u0130 KULLANICILARINA TAAHH\u00dcT<br>\nBizim i\u00e7in en \u00f6nemli \u015fey okuyucular\u0131m\u0131z\u0131n memnuniyetidir, size en iyi i\u00e7erikleri sunmak istiyoruz!<\/p>\n<p>Bu nedenle sizi aram\u0131zda g\u00f6rmekten \u00e7ok mutlu oldu\u011fumuzu \u00e7ok a\u00e7\u0131k bir \u015fekilde belirtmek istiyoruz. Ayr\u0131ca kullan\u0131c\u0131lar\u0131m\u0131z\u0131n ekibimizle etkile\u015fime girmesinden de \u00e7ok ho\u015flan\u0131yoruz, b\u00f6ylece ileti\u015fim kurabiliyor ve g\u00f6rmek istedikleri her \u015feyi yay\u0131nlayabiliyoruz!<\/p>\n<p>Sorular\u0131n\u0131z, g\u00f6r\u00fc\u015fleriniz ve \u015fikayetleriniz bizim i\u00e7in \u00e7ok \u00f6nemli! Ekibimiz her \u015feyi b\u00fcy\u00fck bir titizlikle analiz etmekten mutluluk duyacakt\u0131r.<\/p>\n<p>O halde \u0130LET\u0130\u015e\u0130M sayfam\u0131zdan bizimle ileti\u015fime ge\u00e7mekten \u00e7ekinmeyin.<\/p>\n<p>Unutmay\u0131n ki ekibimiz asla SPAM vb. gibi do\u011fru olmayan hi\u00e7bir \u015fey yapmayacakt\u0131r.<\/p>\n<p>Dijital i\u00e7eriklerimiz t\u00fcm yaz\u0131lar\u0131m\u0131zda \u015fu \u015fekilde yer almaktad\u0131r:<br>\nGizlilik Politikalar\u0131;<br>\n\u0130leti\u015fim formu;<br>\nSite haritas\u0131. (T\u00fcm yay\u0131nlar\u0131m\u0131z\u0131 i\u00e7eren sayfa).<\/p>\n<p>Bu site DICASDOREI ekibi taraf\u0131ndan yaz\u0131lm\u0131\u015ft\u0131r, bu nedenle \u00e7ok deneyimli bir ekibin t\u00fcm deneyimine ve \u00f6zverisine sahiptir.<\/p>\n<p>Okuyucular\u0131m\u0131za her zaman yeni ipu\u00e7lar\u0131 ve haberler sunmaya kararl\u0131y\u0131z. Ayr\u0131ca, g\u00fcncelli\u011fi takip edebilmeniz i\u00e7in yaz\u0131lar\u0131m\u0131zda her i\u00e7eri\u011fin tarihini de belirtiyoruz!<\/p>\n<p>O halde\u2026 vakit kaybetmeyin, fikrinizi bize iletin!<\/p>\n<p>Samimi olarak,<\/p>\n<p>DICASDOREI.COM Ekibi<\/p>\n<\/body><\/html>","protected":false},"excerpt":{"rendered":"<p>Hi! We are the portal Dicas Do Rei! Our main goal is for you to have a great experience when browsing our website and for you to be able to find the best tips! We are a digital marketing team that aims to provide the best service and content for you applications! Many websites are [&hellip;]<\/p>\n","protected":false},"author":1,"featured_media":0,"parent":0,"menu_order":0,"comment_status":"closed","ping_status":"closed","template":"","meta":{"footnotes":""},"class_list":["post-19","page","type-page","status-publish","hentry"],"_links":{"self":[{"href":"https:\/\/dicasdorei.com\/tr\/wp-json\/wp\/v2\/pages\/19","targetHints":{"allow":["GET"]}}],"collection":[{"href":"https:\/\/dicasdorei.com\/tr\/wp-json\/wp\/v2\/pages"}],"about":[{"href":"https:\/\/dicasdorei.com\/tr\/wp-json\/wp\/v2\/types\/page"}],"author":[{"embeddable":true,"href":"https:\/\/dicasdorei.com\/tr\/wp-json\/wp\/v2\/users\/1"}],"replies":[{"embeddable":true,"href":"https:\/\/dicasdorei.com\/tr\/wp-json\/wp\/v2\/comments?post=19"}],"version-history":[{"count":2,"href":"https:\/\/dicasdorei.com\/tr\/wp-json\/wp\/v2\/pages\/19\/revisions"}],"predecessor-version":[{"id":8729,"href":"https:\/\/dicasdorei.com\/tr\/wp-json\/wp\/v2\/pages\/19\/revisions\/8729"}],"wp:attachment":[{"href":"https:\/\/dicasdorei.com\/tr\/wp-json\/wp\/v2\/media?parent=19"}],"curies":[{"name":"wp","href":"https:\/\/api.w.org\/{rel}","templated":true}]}}