{"id":17,"date":"2022-02-24T21:16:52","date_gmt":"2022-02-25T00:16:52","guid":{"rendered":"https:\/\/dicasdorei.com\/?page_id=17"},"modified":"2025-01-25T10:57:42","modified_gmt":"2025-01-25T13:57:42","slug":"privacy-policy","status":"publish","type":"page","link":"https:\/\/dicasdorei.com\/tr\/privacy-policy\/","title":{"rendered":"Gizlilik Politikas\u0131"},"content":{"rendered":"<html><body><p>Gizlili\u011finiz bizim i\u00e7in \u00f6nemlidir. Dicas do Rei&#039;nin politikas\u0131, Dicas do Rei web sitesi ve sahip oldu\u011fumuz ve i\u015fletti\u011fimiz di\u011fer siteler \u00fczerinden sizden toplayabilece\u011fimiz t\u00fcm bilgilerle ilgili olarak gizlili\u011finize sayg\u0131 g\u00f6stermektir.<\/p>\n<p>Ki\u015fisel bilgilerinizi yaln\u0131zca size bir hizmet sunmak i\u00e7in ger\u00e7ekten ihtiya\u00e7 duydu\u011fumuzda isteriz. Bunlar\u0131 adil ve yasal yollarla, sizin bilginiz ve onay\u0131n\u0131zla topluyoruz. Ayr\u0131ca neden toplad\u0131\u011f\u0131m\u0131z\u0131 ve nas\u0131l kullan\u0131laca\u011f\u0131n\u0131 da size bildiriyoruz.<\/p>\n<p>Toplanan bilgileri yaln\u0131zca size talep etti\u011finiz hizmeti sunmak i\u00e7in gerekli oldu\u011fu s\u00fcrece saklar\u0131z. Saklad\u0131\u011f\u0131m\u0131z verileri, kaybolmay\u0131 ve h\u0131rs\u0131zl\u0131\u011f\u0131, ayr\u0131ca yetkisiz eri\u015fimi, if\u015fay\u0131, kopyalamay\u0131, kullan\u0131m\u0131 veya de\u011fi\u015fikli\u011fi \u00f6nlemek i\u00e7in ticari olarak kabul edilebilir yollarla koruyaca\u011f\u0131z.<\/p>\n<p>Ki\u015fisel olarak tan\u0131mlanabilir bilgileri, yasa taraf\u0131ndan zorunlu k\u0131l\u0131nmad\u0131\u011f\u0131 s\u00fcrece kamuya a\u00e7\u0131k olarak veya \u00fc\u00e7\u00fcnc\u00fc taraflarla payla\u015fm\u0131yoruz.<\/p>\n<p>Web sitemiz, taraf\u0131m\u0131zca i\u015fletilmeyen harici sitelere ba\u011flant\u0131lar i\u00e7erebilir. Bu sitelerin i\u00e7eri\u011fi ve uygulamalar\u0131 \u00fczerinde hi\u00e7bir kontrol\u00fcm\u00fcz olmad\u0131\u011f\u0131n\u0131 ve ilgili gizlilik politikalar\u0131yla ilgili sorumluluk veya y\u00fck\u00fcml\u00fcl\u00fck kabul edemeyece\u011fimizi l\u00fctfen unutmay\u0131n.<\/p>\n<p>\u0130stedi\u011finiz hizmetlerin bir k\u0131sm\u0131n\u0131 size sa\u011flayamamam\u0131z durumunda ki\u015fisel bilgilerinizle ilgili talebimizi reddetmekte \u00f6zg\u00fcrs\u00fcn\u00fcz.<\/p>\n<p>Web sitemizi kullanmaya devam etmeniz, gizlilik ve ki\u015fisel bilgiler konusundaki uygulamalar\u0131m\u0131z\u0131 kabul etti\u011finiz anlam\u0131na gelecektir. Kullan\u0131c\u0131 verilerini ve ki\u015fisel bilgileri nas\u0131l i\u015fledi\u011fimiz konusunda herhangi bir sorunuz varsa l\u00fctfen bizimle ileti\u015fime ge\u00e7in.<\/p>\n<h2>King&#039;s Tips \u00c7erez Politikas\u0131<br>\n\u00c7erezler nedir?<\/h2>\n<p>Hemen hemen t\u00fcm profesyonel web sitelerinde oldu\u011fu gibi bu site de deneyiminizi iyile\u015ftirmek i\u00e7in bilgisayar\u0131n\u0131za indirilen k\u00fc\u00e7\u00fck dosyalar olan \u00e7erezleri kullanmaktad\u0131r. Bu sayfada hangi bilgileri toplad\u0131klar\u0131, bunlar\u0131 nas\u0131l kulland\u0131klar\u0131 ve bazen neden bu \u00e7erezleri depolamam\u0131z gerekti\u011fi a\u00e7\u0131klanmaktad\u0131r. Ayr\u0131ca bu \u00e7erezlerin depolanmas\u0131n\u0131 nas\u0131l \u00f6nleyebilece\u011finizi de payla\u015faca\u011f\u0131z; ancak bu, sitenin i\u015flevselli\u011finin belirli \u00f6\u011felerinin kalitesini d\u00fc\u015f\u00fcrebilir veya &#039;bozulmas\u0131na&#039; neden olabilir.<\/p>\n<h2>\u00c7erezleri nas\u0131l kullan\u0131yoruz?<\/h2>\n<p>A\u015fa\u011f\u0131da ayr\u0131nt\u0131l\u0131 olarak a\u00e7\u0131klanan \u00e7e\u015fitli nedenlerle \u00e7erez kullan\u0131yoruz. Ne yaz\u0131k ki \u00e7o\u011fu durumda \u00e7erezleri devre d\u0131\u015f\u0131 b\u0131rakmak i\u00e7in, bunlar\u0131n bu siteye katt\u0131\u011f\u0131 i\u015flevsellik ve \u00f6zellikleri tamamen devre d\u0131\u015f\u0131 b\u0131rakmadan, end\u00fcstri standard\u0131 se\u00e7enekler bulunmamaktad\u0131r. Kulland\u0131\u011f\u0131n\u0131z bir hizmetin sunulmas\u0131 i\u00e7in kullan\u0131lmas\u0131 durumunda, bunlara ihtiyac\u0131n\u0131z olup olmad\u0131\u011f\u0131ndan emin de\u011filseniz, t\u00fcm \u00e7erezleri etkin b\u0131rakman\u0131z \u00f6nerilir.<\/p>\n<p>\u00c7erezleri devre d\u0131\u015f\u0131 b\u0131rakma<\/p>\n<p>Taray\u0131c\u0131n\u0131zdaki ayarlar\u0131 d\u00fczenleyerek \u00e7erezlerin ayarlanmas\u0131n\u0131 \u00f6nleyebilirsiniz (bunun nas\u0131l yap\u0131laca\u011f\u0131n\u0131 \u00f6\u011frenmek i\u00e7in taray\u0131c\u0131n\u0131z\u0131n Yard\u0131m b\u00f6l\u00fcm\u00fcne bak\u0131n). \u00c7erezleri devre d\u0131\u015f\u0131 b\u0131rakman\u0131n bu ve ziyaret etti\u011finiz di\u011fer bir\u00e7ok web sitesinin i\u015flevselli\u011fini etkileyece\u011fini l\u00fctfen unutmay\u0131n. \u00c7erezleri devre d\u0131\u015f\u0131 b\u0131rakmak genellikle bu sitenin belirli i\u015flevlerinin ve \u00f6zelliklerinin de devre d\u0131\u015f\u0131 kalmas\u0131na neden olur. Bu nedenle \u00e7erezleri devre d\u0131\u015f\u0131 b\u0131rakmaman\u0131z \u00f6nerilir.<\/p>\n<h2>Ayarlad\u0131\u011f\u0131m\u0131z \u00e7erezler<\/h2>\n<p>Hesapla ilgili \u00e7erezlerBizde bir hesap olu\u015fturursan\u0131z, kay\u0131t s\u00fcrecini y\u00f6netmek ve genel idare i\u00e7in \u00e7erezleri kullan\u0131r\u0131z. Bu \u00e7erezler genellikle oturumunuzu kapatt\u0131\u011f\u0131n\u0131zda silinir ancak baz\u0131 durumlarda oturumunuz kapat\u0131ld\u0131\u011f\u0131nda site tercihlerinizi hat\u0131rlamak i\u00e7in daha sonra kalabilirler.<br>\nGiri\u015fle ilgili \u00e7erezlerGiri\u015f yapt\u0131\u011f\u0131n\u0131zda bunu hat\u0131rlayabilmemiz i\u00e7in \u00e7erezleri kullan\u0131r\u0131z. Bu, yeni bir sayfay\u0131 ziyaret etti\u011finiz her seferinde tekrar oturum a\u00e7ma zorunlulu\u011funu ortadan kald\u0131r\u0131r. Bu \u00e7erezler genellikle oturumunuzu kapatt\u0131\u011f\u0131n\u0131zda kald\u0131r\u0131l\u0131r veya temizlenir; b\u00f6ylece oturum a\u00e7t\u0131\u011f\u0131n\u0131zda yaln\u0131zca k\u0131s\u0131tl\u0131 \u00f6zelliklere ve alanlara eri\u015febilirsiniz.<br>\nE-posta b\u00fcltenleriyle ilgili \u00e7erezler Bu site b\u00fclten veya e-posta aboneli\u011fi hizmetleri sunar ve zaten kay\u0131tl\u0131 olup olmad\u0131\u011f\u0131n\u0131z\u0131 hat\u0131rlamak ve yaln\u0131zca abone\/abone olmayan kullan\u0131c\u0131lar i\u00e7in ge\u00e7erli olabilecek belirli bildirimlerin g\u00f6sterilip g\u00f6sterilmeyece\u011fini belirlemek i\u00e7in \u00e7erezler kullan\u0131labilir.<br>\nSipari\u015f i\u015flemeyle ilgili \u00e7erezler Bu site e-ticaret veya \u00f6deme olanaklar\u0131 sunmaktad\u0131r ve baz\u0131 \u00e7erezler sipari\u015finizin sayfalar aras\u0131nda hat\u0131rlanmas\u0131n\u0131 ve d\u00fczg\u00fcn bir \u015fekilde i\u015flenebilmesini sa\u011flamak i\u00e7in gereklidir.<br>\nAnketle ilgili \u00e7erezlerZaman zaman size ilgin\u00e7 bilgiler, faydal\u0131 ara\u00e7lar sunmak veya kullan\u0131c\u0131 taban\u0131m\u0131z\u0131 daha do\u011fru bir \u015fekilde anlamak i\u00e7in anketler ve soru formlar\u0131 sunuyoruz. Bu anketler, ankete kimlerin kat\u0131ld\u0131\u011f\u0131n\u0131 hat\u0131rlamak veya sayfalar\u0131 de\u011fi\u015ftirdi\u011finizde size do\u011fru sonu\u00e7lar sa\u011flamak i\u00e7in \u00e7erezleri kullanabilir.<br>\nFormlarla ilgili \u00e7erezler\u0130leti\u015fim sayfalar\u0131 veya yorum formlar\u0131 gibi bir form arac\u0131l\u0131\u011f\u0131yla veri g\u00f6nderdi\u011finizde, gelecekteki yaz\u0131\u015fmalar i\u00e7in kullan\u0131c\u0131 bilgilerinizi hat\u0131rlamak \u00fczere \u00e7erezler ayarlanabilir.<br>\nSite Tercihleri \u00c7erezleri Bu sitede size harika bir deneyim sunabilmek i\u00e7in, bu siteyi kulland\u0131\u011f\u0131n\u0131zda sitenin nas\u0131l \u00e7al\u0131\u015faca\u011f\u0131na ili\u015fkin tercihlerinizi ayarlama i\u015flevini sa\u011fl\u0131yoruz. Tercihlerinizi hat\u0131rlamam\u0131z i\u00e7in \u015funlara ihtiyac\u0131m\u0131z var:<\/p>\n<\/body><\/html>","protected":false},"excerpt":{"rendered":"<p>Your privacy is important to us. It is Dicas do Rei\u2019s policy to respect your privacy regarding any information we may collect from you across the Dicas do Rei website, and other sites we own and operate. We only ask for personal information when we truly need it to provide a service to you. We [&hellip;]<\/p>\n","protected":false},"author":1,"featured_media":0,"parent":0,"menu_order":0,"comment_status":"closed","ping_status":"closed","template":"","meta":{"footnotes":""},"class_list":["post-17","page","type-page","status-publish","hentry"],"_links":{"self":[{"href":"https:\/\/dicasdorei.com\/tr\/wp-json\/wp\/v2\/pages\/17","targetHints":{"allow":["GET"]}}],"collection":[{"href":"https:\/\/dicasdorei.com\/tr\/wp-json\/wp\/v2\/pages"}],"about":[{"href":"https:\/\/dicasdorei.com\/tr\/wp-json\/wp\/v2\/types\/page"}],"author":[{"embeddable":true,"href":"https:\/\/dicasdorei.com\/tr\/wp-json\/wp\/v2\/users\/1"}],"replies":[{"embeddable":true,"href":"https:\/\/dicasdorei.com\/tr\/wp-json\/wp\/v2\/comments?post=17"}],"version-history":[{"count":3,"href":"https:\/\/dicasdorei.com\/tr\/wp-json\/wp\/v2\/pages\/17\/revisions"}],"predecessor-version":[{"id":8731,"href":"https:\/\/dicasdorei.com\/tr\/wp-json\/wp\/v2\/pages\/17\/revisions\/8731"}],"wp:attachment":[{"href":"https:\/\/dicasdorei.com\/tr\/wp-json\/wp\/v2\/media?parent=17"}],"curies":[{"name":"wp","href":"https:\/\/api.w.org\/{rel}","templated":true}]}}