{"id":8019,"date":"2024-05-27T23:34:51","date_gmt":"2024-05-28T02:34:51","guid":{"rendered":"https:\/\/dicasdorei.com\/?page_id=8019"},"modified":"2024-06-01T10:07:02","modified_gmt":"2024-06-01T13:07:02","slug":"lp-aplicativos-para-jogar-gta-v-no-celular","status":"publish","type":"page","link":"https:\/\/dicasdorei.com\/th\/lp-aplicativos-para-jogar-gta-v-no-celular\/","title":{"rendered":"\u0e41\u0e2d\u0e1b\u0e2a\u0e33\u0e2b\u0e23\u0e31\u0e1a\u0e40\u0e25\u0e48\u0e19 GTA V \u0e1a\u0e19\u0e42\u0e17\u0e23\u0e28\u0e31\u0e1e\u0e17\u0e4c\u0e21\u0e37\u0e2d\u0e16\u0e37\u0e2d"},"content":{"rendered":"<html><body><p>\u0e04\u0e27\u0e32\u0e21\u0e01\u0e49\u0e32\u0e27\u0e2b\u0e19\u0e49\u0e32\u0e17\u0e32\u0e07\u0e40\u0e17\u0e04\u0e42\u0e19\u0e42\u0e25\u0e22\u0e35\u0e02\u0e2d\u0e07\u0e2d\u0e38\u0e1b\u0e01\u0e23\u0e13\u0e4c\u0e1e\u0e01\u0e1e\u0e32\u0e17\u0e33\u0e43\u0e2b\u0e49\u0e40\u0e01\u0e21\u0e17\u0e35\u0e48\u0e40\u0e04\u0e22\u0e08\u0e33\u0e01\u0e31\u0e14\u0e40\u0e09\u0e1e\u0e32\u0e30\u0e1a\u0e19\u0e04\u0e2d\u0e19\u0e42\u0e0b\u0e25\u0e41\u0e25\u0e30\u0e1e\u0e35\u0e0b\u0e35 \u0e2a\u0e32\u0e21\u0e32\u0e23\u0e16\u0e40\u0e25\u0e48\u0e19\u0e44\u0e14\u0e49\u0e1a\u0e19\u0e2a\u0e21\u0e32\u0e23\u0e4c\u0e17\u0e42\u0e1f\u0e19\u0e41\u0e25\u0e30\u0e41\u0e17\u0e47\u0e1a\u0e40\u0e25\u0e47\u0e15 \u0e43\u0e19\u0e1a\u0e23\u0e23\u0e14\u0e32\u0e40\u0e01\u0e21\u0e40\u0e2b\u0e25\u0e48\u0e32\u0e19\u0e35\u0e49 Grand Theft Auto V (GTA V) \u0e0b\u0e36\u0e48\u0e07\u0e40\u0e1b\u0e47\u0e19\u0e2b\u0e19\u0e36\u0e48\u0e07\u0e43\u0e19\u0e40\u0e01\u0e21\u0e22\u0e2d\u0e14\u0e19\u0e34\u0e22\u0e21\u0e02\u0e2d\u0e07 Rockstar Games \u0e16\u0e37\u0e2d\u0e40\u0e1b\u0e47\u0e19\u0e40\u0e01\u0e21\u0e17\u0e35\u0e48\u0e42\u0e14\u0e14\u0e40\u0e14\u0e48\u0e19\u0e17\u0e35\u0e48\u0e2a\u0e38\u0e14<\/p>\n<p style=\"text-align: center;\"><a class=\"mb-button mb-style-flat mb-size-default mb-corners-default mb-text-style-default  broken_link\" style=\"background-color: #ff0000;\" href=\"https:\/\/dicasdorei.com\/th\/aplicativo-para-jogar-gta-no-seu-celular\/\">\u00a0<i class=\"fa fa-arrow-circle-right\"><\/i>\u00a0 \u0e14\u0e39\u0e41\u0e2d\u0e1b\u0e17\u0e35\u0e48\u0e14\u0e35\u0e17\u0e35\u0e48\u0e2a\u0e38\u0e14<\/a><\/p>\n<p style=\"text-align: center;\"><a class=\"mb-button mb-style-flat mb-size-default mb-corners-default mb-text-style-default  broken_link\" style=\"background-color: #ff0000;\" href=\"https:\/\/dicasdorei.com\/th\/aplicativo-para-jogar-gta-no-seu-celular\/\">\u00a0<i class=\"fa fa-arrow-circle-right\"><\/i>\u00a0 \u0e41\u0e2d\u0e1e Android<\/a><\/p>\n<p style=\"text-align: center;\"><a class=\"mb-button mb-style-flat mb-size-default mb-corners-default mb-text-style-default  broken_link\" style=\"background-color: #ff0000;\" href=\"https:\/\/dicasdorei.com\/th\/aplicativo-para-jogar-gta-no-seu-celular\/\">\u00a0<i class=\"fa fa-arrow-circle-right\"><\/i>\u00a0 \u0e41\u0e2d\u0e1e\u0e2a\u0e33\u0e2b\u0e23\u0e31\u0e1a iOS<\/a><\/p>\n<p>GTA V \u0e40\u0e1b\u0e34\u0e14\u0e15\u0e31\u0e27\u0e04\u0e23\u0e31\u0e49\u0e07\u0e41\u0e23\u0e01\u0e43\u0e19\u0e1b\u0e35 2013 \u0e2a\u0e33\u0e2b\u0e23\u0e31\u0e1a\u0e04\u0e2d\u0e19\u0e42\u0e0b\u0e25 \u0e41\u0e25\u0e30\u0e15\u0e48\u0e2d\u0e21\u0e32\u0e2a\u0e33\u0e2b\u0e23\u0e31\u0e1a\u0e1e\u0e35\u0e0b\u0e35 \u0e22\u0e31\u0e07\u0e04\u0e07\u0e14\u0e36\u0e07\u0e14\u0e39\u0e14\u0e1c\u0e39\u0e49\u0e40\u0e25\u0e48\u0e19\u0e14\u0e49\u0e27\u0e22\u0e42\u0e25\u0e01\u0e17\u0e35\u0e48\u0e40\u0e1b\u0e34\u0e14\u0e01\u0e27\u0e49\u0e32\u0e07 \u0e40\u0e19\u0e37\u0e49\u0e2d\u0e40\u0e23\u0e37\u0e48\u0e2d\u0e07\u0e17\u0e35\u0e48\u0e19\u0e48\u0e32\u0e14\u0e36\u0e07\u0e14\u0e39\u0e14 \u0e41\u0e25\u0e30\u0e01\u0e34\u0e08\u0e01\u0e23\u0e23\u0e21\u0e17\u0e35\u0e48\u0e2b\u0e25\u0e32\u0e01\u0e2b\u0e25\u0e32\u0e22 \u0e01\u0e32\u0e23\u0e40\u0e25\u0e48\u0e19 GTA V \u0e1a\u0e19\u0e21\u0e37\u0e2d\u0e16\u0e37\u0e2d\u0e2d\u0e32\u0e08\u0e14\u0e39\u0e17\u0e49\u0e32\u0e17\u0e32\u0e22\u0e40\u0e19\u0e37\u0e48\u0e2d\u0e07\u0e08\u0e32\u0e01\u0e04\u0e27\u0e32\u0e21\u0e15\u0e49\u0e2d\u0e07\u0e01\u0e32\u0e23\u0e14\u0e49\u0e32\u0e19\u0e01\u0e23\u0e32\u0e1f\u0e34\u0e01\u0e41\u0e25\u0e30\u0e01\u0e32\u0e23\u0e1b\u0e23\u0e30\u0e21\u0e27\u0e25\u0e1c\u0e25 \u0e41\u0e15\u0e48\u0e01\u0e47\u0e21\u0e35\u0e27\u0e34\u0e18\u0e35\u0e41\u0e01\u0e49\u0e1b\u0e31\u0e0d\u0e2b\u0e32\u0e17\u0e35\u0e48\u0e0a\u0e48\u0e27\u0e22\u0e43\u0e2b\u0e49\u0e1b\u0e23\u0e30\u0e2a\u0e1a\u0e01\u0e32\u0e23\u0e13\u0e4c\u0e19\u0e35\u0e49\u0e40\u0e1b\u0e47\u0e19\u0e08\u0e23\u0e34\u0e07 \u0e25\u0e2d\u0e07\u0e21\u0e32\u0e2a\u0e33\u0e23\u0e27\u0e08\u0e27\u0e34\u0e18\u0e35\u0e41\u0e01\u0e49\u0e1b\u0e31\u0e0d\u0e2b\u0e32\u0e40\u0e2b\u0e25\u0e48\u0e32\u0e19\u0e35\u0e49\u0e01\u0e31\u0e19<\/p>\n<h3>\u0e01\u0e32\u0e23\u0e2a\u0e15\u0e23\u0e35\u0e21\u0e40\u0e01\u0e21<\/h3>\n<p>\u0e2b\u0e19\u0e36\u0e48\u0e07\u0e43\u0e19\u0e27\u0e34\u0e18\u0e35\u0e17\u0e35\u0e48\u0e21\u0e35\u0e1b\u0e23\u0e30\u0e2a\u0e34\u0e17\u0e18\u0e34\u0e20\u0e32\u0e1e\u0e17\u0e35\u0e48\u0e2a\u0e38\u0e14\u0e43\u0e19\u0e01\u0e32\u0e23\u0e40\u0e25\u0e48\u0e19 GTA V \u0e1a\u0e19\u0e21\u0e37\u0e2d\u0e16\u0e37\u0e2d\u0e04\u0e37\u0e2d\u0e1c\u0e48\u0e32\u0e19\u0e1a\u0e23\u0e34\u0e01\u0e32\u0e23\u0e2a\u0e15\u0e23\u0e35\u0e21\u0e40\u0e01\u0e21 \u0e1a\u0e23\u0e34\u0e01\u0e32\u0e23\u0e40\u0e2b\u0e25\u0e48\u0e32\u0e19\u0e35\u0e49\u0e0a\u0e48\u0e27\u0e22\u0e43\u0e2b\u0e49\u0e04\u0e38\u0e13\u0e40\u0e25\u0e48\u0e19\u0e40\u0e01\u0e21\u0e04\u0e38\u0e13\u0e20\u0e32\u0e1e\u0e2a\u0e39\u0e07\u0e44\u0e14\u0e49\u0e42\u0e14\u0e22\u0e44\u0e21\u0e48\u0e15\u0e49\u0e2d\u0e07\u0e43\u0e0a\u0e49\u0e2e\u0e32\u0e23\u0e4c\u0e14\u0e41\u0e27\u0e23\u0e4c\u0e21\u0e37\u0e2d\u0e16\u0e37\u0e2d\u0e1b\u0e23\u0e30\u0e2a\u0e34\u0e17\u0e18\u0e34\u0e20\u0e32\u0e1e\u0e2a\u0e39\u0e07 \u0e1a\u0e23\u0e34\u0e01\u0e32\u0e23\u0e22\u0e2d\u0e14\u0e19\u0e34\u0e22\u0e21\u0e1a\u0e32\u0e07\u0e2a\u0e48\u0e27\u0e19 \u0e44\u0e14\u0e49\u0e41\u0e01\u0e48:<\/p>\n<p><strong>1. NVIDIA GeForce \u0e15\u0e2d\u0e19\u0e19\u0e35\u0e49:<\/strong> GeForce Now \u0e04\u0e37\u0e2d\u0e1a\u0e23\u0e34\u0e01\u0e32\u0e23\u0e2a\u0e15\u0e23\u0e35\u0e21\u0e21\u0e34\u0e48\u0e07\u0e17\u0e35\u0e48\u0e43\u0e2b\u0e49\u0e1c\u0e39\u0e49\u0e40\u0e25\u0e48\u0e19\u0e40\u0e02\u0e49\u0e32\u0e16\u0e36\u0e07\u0e04\u0e25\u0e31\u0e07\u0e40\u0e01\u0e21\u0e02\u0e2d\u0e07\u0e15\u0e19\u0e44\u0e14\u0e49\u0e1a\u0e19\u0e2d\u0e38\u0e1b\u0e01\u0e23\u0e13\u0e4c\u0e2b\u0e25\u0e32\u0e01\u0e2b\u0e25\u0e32\u0e22\u0e1b\u0e23\u0e30\u0e40\u0e20\u0e17 \u0e23\u0e27\u0e21\u0e16\u0e36\u0e07\u0e2a\u0e21\u0e32\u0e23\u0e4c\u0e17\u0e42\u0e1f\u0e19\u0e41\u0e25\u0e30\u0e41\u0e17\u0e47\u0e1a\u0e40\u0e25\u0e47\u0e15 Android \u0e14\u0e49\u0e27\u0e22\u0e01\u0e32\u0e23\u0e40\u0e0a\u0e37\u0e48\u0e2d\u0e21\u0e15\u0e48\u0e2d\u0e2d\u0e34\u0e19\u0e40\u0e17\u0e2d\u0e23\u0e4c\u0e40\u0e19\u0e47\u0e15\u0e17\u0e35\u0e48\u0e40\u0e2a\u0e16\u0e35\u0e22\u0e23 \u0e04\u0e38\u0e13\u0e2a\u0e32\u0e21\u0e32\u0e23\u0e16\u0e40\u0e25\u0e48\u0e19 GTA V \u0e42\u0e14\u0e22\u0e43\u0e0a\u0e49\u0e42\u0e04\u0e23\u0e07\u0e2a\u0e23\u0e49\u0e32\u0e07\u0e1e\u0e37\u0e49\u0e19\u0e10\u0e32\u0e19\u0e40\u0e0b\u0e34\u0e23\u0e4c\u0e1f\u0e40\u0e27\u0e2d\u0e23\u0e4c\u0e02\u0e2d\u0e07 NVIDIA \u0e0b\u0e36\u0e48\u0e07\u0e1b\u0e23\u0e30\u0e21\u0e27\u0e25\u0e1c\u0e25\u0e40\u0e01\u0e21\u0e41\u0e25\u0e30\u0e2a\u0e15\u0e23\u0e35\u0e21\u0e27\u0e34\u0e14\u0e35\u0e42\u0e2d\u0e44\u0e1b\u0e22\u0e31\u0e07\u0e2d\u0e38\u0e1b\u0e01\u0e23\u0e13\u0e4c\u0e02\u0e2d\u0e07\u0e04\u0e38\u0e13<\/p>\n<p><strong>2. Xbox Game Pass Ultimate:<\/strong> Microsoft \u0e19\u0e33\u0e40\u0e2a\u0e19\u0e2d Xbox Game Pass Ultimate \u0e0b\u0e36\u0e48\u0e07\u0e23\u0e27\u0e21\u0e1a\u0e23\u0e34\u0e01\u0e32\u0e23\u0e2a\u0e15\u0e23\u0e35\u0e21\u0e40\u0e01\u0e21 xCloud \u0e44\u0e27\u0e49\u0e14\u0e49\u0e27\u0e22 \u0e14\u0e49\u0e27\u0e22\u0e01\u0e32\u0e23\u0e2a\u0e21\u0e31\u0e04\u0e23\u0e2a\u0e21\u0e32\u0e0a\u0e34\u0e01\u0e41\u0e1a\u0e1a\u0e43\u0e0a\u0e49\u0e07\u0e32\u0e19\u0e2d\u0e22\u0e39\u0e48 \u0e1c\u0e39\u0e49\u0e40\u0e25\u0e48\u0e19\u0e2a\u0e32\u0e21\u0e32\u0e23\u0e16\u0e40\u0e02\u0e49\u0e32\u0e16\u0e36\u0e07\u0e04\u0e25\u0e31\u0e07\u0e40\u0e01\u0e21\u0e21\u0e32\u0e01\u0e21\u0e32\u0e22 \u0e23\u0e27\u0e21\u0e16\u0e36\u0e07 GTA V \u0e44\u0e14\u0e49\u0e42\u0e14\u0e22\u0e15\u0e23\u0e07\u0e08\u0e32\u0e01\u0e2d\u0e38\u0e1b\u0e01\u0e23\u0e13\u0e4c\u0e21\u0e37\u0e2d\u0e16\u0e37\u0e2d \u0e40\u0e0a\u0e48\u0e19\u0e40\u0e14\u0e35\u0e22\u0e27\u0e01\u0e31\u0e1a GeForce Now, xCloud \u0e2d\u0e32\u0e28\u0e31\u0e22\u0e01\u0e32\u0e23\u0e40\u0e0a\u0e37\u0e48\u0e2d\u0e21\u0e15\u0e48\u0e2d\u0e2d\u0e34\u0e19\u0e40\u0e17\u0e2d\u0e23\u0e4c\u0e40\u0e19\u0e47\u0e15\u0e17\u0e35\u0e48\u0e40\u0e2a\u0e16\u0e35\u0e22\u0e23\u0e40\u0e1e\u0e37\u0e48\u0e2d\u0e21\u0e2d\u0e1a\u0e1b\u0e23\u0e30\u0e2a\u0e1a\u0e01\u0e32\u0e23\u0e13\u0e4c\u0e01\u0e32\u0e23\u0e40\u0e25\u0e48\u0e19\u0e40\u0e01\u0e21\u0e17\u0e35\u0e48\u0e23\u0e32\u0e1a\u0e23\u0e37\u0e48\u0e19<\/p>\n<div id=\"attachment_8020\" style=\"width: 760px\" class=\"wp-caption aligncenter\"><img loading=\"lazy\" decoding=\"async\" aria-describedby=\"caption-attachment-8020\" class=\"wp-image-8020 size-full\" src=\"https:\/\/dicasdorei.com\/wp-content\/uploads\/2024\/05\/02095937210037.webp\" alt=\"\" width=\"750\" height=\"500\" srcset=\"https:\/\/dicasdorei.com\/wp-content\/uploads\/2024\/05\/02095937210037.webp 750w, https:\/\/dicasdorei.com\/wp-content\/uploads\/2024\/05\/02095937210037-600x400.webp 600w, https:\/\/dicasdorei.com\/wp-content\/uploads\/2024\/05\/02095937210037-18x12.webp 18w\" sizes=\"auto, (max-width: 750px) 100vw, 750px\" \/><p id=\"caption-attachment-8020\" class=\"wp-caption-text\">\u0e20\u0e32\u0e1e\u0e17\u0e35\u0e48\u0e19\u0e33\u0e21\u0e32\u0e08\u0e32\u0e01 Google<\/p><\/div>\n<p><strong>3. Google Stadia:<\/strong> Stadia \u0e04\u0e37\u0e2d\u0e41\u0e1e\u0e25\u0e15\u0e1f\u0e2d\u0e23\u0e4c\u0e21\u0e2a\u0e15\u0e23\u0e35\u0e21\u0e40\u0e01\u0e21\u0e02\u0e2d\u0e07 Google \u0e0b\u0e36\u0e48\u0e07\u0e43\u0e2b\u0e49\u0e04\u0e38\u0e13\u0e40\u0e25\u0e48\u0e19\u0e40\u0e01\u0e21\u0e04\u0e38\u0e13\u0e20\u0e32\u0e1e\u0e2a\u0e39\u0e07\u0e1a\u0e19\u0e2d\u0e38\u0e1b\u0e01\u0e23\u0e13\u0e4c\u0e21\u0e37\u0e2d\u0e16\u0e37\u0e2d\u0e44\u0e14\u0e49 \u0e41\u0e21\u0e49\u0e27\u0e48\u0e32 GTA V \u0e08\u0e30\u0e44\u0e21\u0e48\u0e21\u0e35\u0e43\u0e2b\u0e49\u0e1a\u0e23\u0e34\u0e01\u0e32\u0e23\u0e42\u0e14\u0e22\u0e15\u0e23\u0e07\u0e43\u0e19\u0e41\u0e04\u0e15\u0e15\u0e32\u0e25\u0e47\u0e2d\u0e01 Stadia \u0e41\u0e15\u0e48\u0e41\u0e1e\u0e25\u0e15\u0e1f\u0e2d\u0e23\u0e4c\u0e21\u0e19\u0e35\u0e49\u0e22\u0e31\u0e07\u0e21\u0e35\u0e40\u0e01\u0e21\u0e04\u0e38\u0e13\u0e20\u0e32\u0e1e\u0e2a\u0e39\u0e07\u0e2d\u0e37\u0e48\u0e19\u0e46 \u0e2d\u0e35\u0e01\u0e21\u0e32\u0e01\u0e21\u0e32\u0e22 \u0e41\u0e25\u0e30\u0e2d\u0e32\u0e08\u0e40\u0e1b\u0e47\u0e19\u0e15\u0e31\u0e27\u0e40\u0e25\u0e37\u0e2d\u0e01\u0e43\u0e19\u0e2d\u0e19\u0e32\u0e04\u0e15<\/p>\n<h3>\u0e41\u0e2d\u0e1b\u0e1e\u0e25\u0e34\u0e40\u0e04\u0e0a\u0e31\u0e19\u0e08\u0e33\u0e25\u0e2d\u0e07<\/h3>\n<p>\u0e2d\u0e35\u0e01\u0e27\u0e34\u0e18\u0e35\u0e2b\u0e19\u0e36\u0e48\u0e07\u0e43\u0e19\u0e01\u0e32\u0e23\u0e40\u0e25\u0e48\u0e19 GTA V \u0e1a\u0e19\u0e21\u0e37\u0e2d\u0e16\u0e37\u0e2d\u0e04\u0e37\u0e2d\u0e01\u0e32\u0e23\u0e43\u0e0a\u0e49\u0e42\u0e1b\u0e23\u0e41\u0e01\u0e23\u0e21\u0e08\u0e33\u0e25\u0e2d\u0e07 (emulator) \u0e0b\u0e36\u0e48\u0e07\u0e42\u0e1b\u0e23\u0e41\u0e01\u0e23\u0e21\u0e08\u0e33\u0e25\u0e2d\u0e07\u0e19\u0e35\u0e49\u0e0a\u0e48\u0e27\u0e22\u0e43\u0e2b\u0e49\u0e04\u0e38\u0e13\u0e2a\u0e32\u0e21\u0e32\u0e23\u0e16\u0e23\u0e31\u0e19\u0e40\u0e01\u0e21\u0e08\u0e32\u0e01\u0e41\u0e1e\u0e25\u0e15\u0e1f\u0e2d\u0e23\u0e4c\u0e21\u0e2d\u0e37\u0e48\u0e19\u0e46 \u0e1a\u0e19\u0e2d\u0e38\u0e1b\u0e01\u0e23\u0e13\u0e4c\u0e21\u0e37\u0e2d\u0e16\u0e37\u0e2d\u0e02\u0e2d\u0e07\u0e04\u0e38\u0e13\u0e44\u0e14\u0e49 \u0e2d\u0e22\u0e48\u0e32\u0e07\u0e44\u0e23\u0e01\u0e47\u0e15\u0e32\u0e21 \u0e2a\u0e34\u0e48\u0e07\u0e2a\u0e33\u0e04\u0e31\u0e0d\u0e04\u0e37\u0e2d\u0e15\u0e49\u0e2d\u0e07\u0e17\u0e23\u0e32\u0e1a\u0e27\u0e48\u0e32\u0e01\u0e32\u0e23\u0e08\u0e33\u0e25\u0e2d\u0e07\u0e40\u0e01\u0e21\u0e2d\u0e32\u0e08\u0e21\u0e35\u0e04\u0e27\u0e32\u0e21\u0e22\u0e38\u0e48\u0e07\u0e22\u0e32\u0e01\u0e17\u0e32\u0e07\u0e01\u0e0e\u0e2b\u0e21\u0e32\u0e22\u0e41\u0e25\u0e30\u0e2d\u0e32\u0e08\u0e44\u0e21\u0e48\u0e44\u0e14\u0e49\u0e43\u0e2b\u0e49\u0e1b\u0e23\u0e30\u0e2a\u0e1a\u0e01\u0e32\u0e23\u0e13\u0e4c\u0e17\u0e35\u0e48\u0e14\u0e35\u0e17\u0e35\u0e48\u0e2a\u0e38\u0e14\u0e17\u0e31\u0e49\u0e07\u0e43\u0e19\u0e14\u0e49\u0e32\u0e19\u0e1b\u0e23\u0e30\u0e2a\u0e34\u0e17\u0e18\u0e34\u0e20\u0e32\u0e1e\u0e41\u0e25\u0e30\u0e01\u0e23\u0e32\u0e1f\u0e34\u0e01<\/p>\n<p>\u0e42\u0e1b\u0e23\u0e41\u0e01\u0e23\u0e21\u0e08\u0e33\u0e25\u0e2d\u0e07\u0e22\u0e2d\u0e14\u0e19\u0e34\u0e22\u0e21\u0e1a\u0e32\u0e07\u0e2a\u0e48\u0e27\u0e19\u0e44\u0e14\u0e49\u0e41\u0e01\u0e48:<\/p>\n<p style=\"text-align: center;\"><a class=\"mb-button mb-style-flat mb-size-default mb-corners-default mb-text-style-default  broken_link\" style=\"background-color: #ff0000;\" href=\"https:\/\/dicasdorei.com\/th\/aplicativo-para-jogar-gta-no-seu-celular\/\">\u00a0<i class=\"fa fa-arrow-circle-right\"><\/i>\u00a0 \u0e14\u0e39\u0e41\u0e2d\u0e1b\u0e17\u0e35\u0e48\u0e14\u0e35\u0e17\u0e35\u0e48\u0e2a\u0e38\u0e14<\/a><\/p>\n<p style=\"text-align: center;\"><a class=\"mb-button mb-style-flat mb-size-default mb-corners-default mb-text-style-default  broken_link\" style=\"background-color: #ff0000;\" href=\"https:\/\/dicasdorei.com\/th\/aplicativo-para-jogar-gta-no-seu-celular\/\">\u00a0<i class=\"fa fa-arrow-circle-right\"><\/i>\u00a0 \u0e41\u0e2d\u0e1e Android<\/a><\/p>\n<p style=\"text-align: center;\"><a class=\"mb-button mb-style-flat mb-size-default mb-corners-default mb-text-style-default  broken_link\" style=\"background-color: #ff0000;\" href=\"https:\/\/dicasdorei.com\/th\/aplicativo-para-jogar-gta-no-seu-celular\/\">\u00a0<i class=\"fa fa-arrow-circle-right\"><\/i>\u00a0 \u0e41\u0e2d\u0e1e\u0e2a\u0e33\u0e2b\u0e23\u0e31\u0e1a iOS<\/a><\/p>\n<p><strong>1. \u0e25\u0e34\u0e07\u0e01\u0e4c Steam:<\/strong> Steam Link \u0e04\u0e37\u0e2d\u0e41\u0e2d\u0e1b\u0e1e\u0e25\u0e34\u0e40\u0e04\u0e0a\u0e31\u0e19\u0e17\u0e35\u0e48\u0e1e\u0e31\u0e12\u0e19\u0e32\u0e42\u0e14\u0e22 Valve \u0e17\u0e35\u0e48\u0e43\u0e2b\u0e49\u0e04\u0e38\u0e13\u0e2a\u0e15\u0e23\u0e35\u0e21\u0e40\u0e01\u0e21\u0e08\u0e32\u0e01\u0e04\u0e25\u0e31\u0e07\u0e40\u0e01\u0e21 Steam \u0e08\u0e32\u0e01\u0e1e\u0e35\u0e0b\u0e35\u0e44\u0e1b\u0e22\u0e31\u0e07\u0e2d\u0e38\u0e1b\u0e01\u0e23\u0e13\u0e4c\u0e21\u0e37\u0e2d\u0e16\u0e37\u0e2d\u0e02\u0e2d\u0e07\u0e04\u0e38\u0e13\u0e44\u0e14\u0e49 \u0e19\u0e31\u0e48\u0e19\u0e2b\u0e21\u0e32\u0e22\u0e04\u0e27\u0e32\u0e21\u0e27\u0e48\u0e32\u0e2b\u0e32\u0e01\u0e04\u0e38\u0e13\u0e21\u0e35 GTA V \u0e1a\u0e19 Steam \u0e2d\u0e22\u0e39\u0e48\u0e41\u0e25\u0e49\u0e27 \u0e04\u0e38\u0e13\u0e2a\u0e32\u0e21\u0e32\u0e23\u0e16\u0e40\u0e25\u0e48\u0e19\u0e40\u0e01\u0e21\u0e19\u0e35\u0e49\u0e1a\u0e19\u0e2d\u0e38\u0e1b\u0e01\u0e23\u0e13\u0e4c\u0e21\u0e37\u0e2d\u0e16\u0e37\u0e2d\u0e44\u0e14\u0e49 \u0e15\u0e23\u0e32\u0e1a\u0e43\u0e14\u0e17\u0e35\u0e48\u0e2d\u0e38\u0e1b\u0e01\u0e23\u0e13\u0e4c\u0e19\u0e31\u0e49\u0e19\u0e2d\u0e22\u0e39\u0e48\u0e43\u0e19\u0e40\u0e04\u0e23\u0e37\u0e2d\u0e02\u0e48\u0e32\u0e22 Wi-Fi \u0e40\u0e14\u0e35\u0e22\u0e27\u0e01\u0e31\u0e19\u0e01\u0e31\u0e1a\u0e1e\u0e35\u0e0b\u0e35\u0e02\u0e2d\u0e07\u0e04\u0e38\u0e13<\/p>\n<p><strong>2. \u0e01\u0e32\u0e23\u0e2a\u0e15\u0e23\u0e35\u0e21\u0e40\u0e01\u0e21 Moonlight:<\/strong> Moonlight \u0e40\u0e1b\u0e47\u0e19\u0e41\u0e2d\u0e1b\u0e1e\u0e25\u0e34\u0e40\u0e04\u0e0a\u0e31\u0e19\u0e42\u0e2d\u0e40\u0e1e\u0e19\u0e0b\u0e2d\u0e23\u0e4c\u0e2a\u0e17\u0e35\u0e48\u0e43\u0e2b\u0e49\u0e04\u0e38\u0e13\u0e2a\u0e15\u0e23\u0e35\u0e21\u0e40\u0e01\u0e21\u0e08\u0e32\u0e01\u0e1e\u0e35\u0e0b\u0e35\u0e44\u0e1b\u0e22\u0e31\u0e07\u0e2d\u0e38\u0e1b\u0e01\u0e23\u0e13\u0e4c\u0e1e\u0e01\u0e1e\u0e32\u0e44\u0e14\u0e49 \u0e17\u0e33\u0e07\u0e32\u0e19\u0e04\u0e25\u0e49\u0e32\u0e22\u0e01\u0e31\u0e1a Steam Link \u0e41\u0e15\u0e48\u0e21\u0e35\u0e04\u0e27\u0e32\u0e21\u0e22\u0e37\u0e14\u0e2b\u0e22\u0e38\u0e48\u0e19\u0e21\u0e32\u0e01\u0e01\u0e27\u0e48\u0e32\u0e41\u0e25\u0e30\u0e23\u0e2d\u0e07\u0e23\u0e31\u0e1a\u0e40\u0e01\u0e21\u0e02\u0e2d\u0e07 NVIDIA<\/p>\n<h3>\u0e01\u0e32\u0e23\u0e14\u0e31\u0e14\u0e41\u0e1b\u0e25\u0e07\u0e41\u0e25\u0e30\u0e1e\u0e2d\u0e23\u0e4c\u0e15\u0e17\u0e35\u0e48\u0e44\u0e21\u0e48\u0e40\u0e1b\u0e47\u0e19\u0e17\u0e32\u0e07\u0e01\u0e32\u0e23<\/h3>\n<p>\u0e19\u0e2d\u0e01\u0e08\u0e32\u0e01\u0e15\u0e31\u0e27\u0e40\u0e25\u0e37\u0e2d\u0e01\u0e01\u0e32\u0e23\u0e2a\u0e15\u0e23\u0e35\u0e21\u0e41\u0e25\u0e30\u0e01\u0e32\u0e23\u0e08\u0e33\u0e25\u0e2d\u0e07\u0e41\u0e25\u0e49\u0e27 \u0e22\u0e31\u0e07\u0e21\u0e35\u0e01\u0e32\u0e23\u0e14\u0e31\u0e14\u0e41\u0e1b\u0e25\u0e07\u0e41\u0e25\u0e30\u0e1e\u0e2d\u0e23\u0e4c\u0e15\u0e17\u0e35\u0e48\u0e44\u0e21\u0e48\u0e40\u0e1b\u0e47\u0e19\u0e17\u0e32\u0e07\u0e01\u0e32\u0e23\u0e17\u0e35\u0e48\u0e1e\u0e22\u0e32\u0e22\u0e32\u0e21\u0e19\u0e33\u0e1b\u0e23\u0e30\u0e2a\u0e1a\u0e01\u0e32\u0e23\u0e13\u0e4c GTA V \u0e21\u0e32\u0e2a\u0e39\u0e48\u0e2d\u0e38\u0e1b\u0e01\u0e23\u0e13\u0e4c\u0e21\u0e37\u0e2d\u0e16\u0e37\u0e2d \u0e42\u0e1b\u0e23\u0e40\u0e08\u0e01\u0e15\u0e4c\u0e40\u0e2b\u0e25\u0e48\u0e32\u0e19\u0e35\u0e49\u0e1e\u0e31\u0e12\u0e19\u0e32\u0e42\u0e14\u0e22\u0e1c\u0e39\u0e49\u0e17\u0e35\u0e48\u0e0a\u0e37\u0e48\u0e19\u0e0a\u0e2d\u0e1a\u0e40\u0e01\u0e21 \u0e41\u0e25\u0e30\u0e04\u0e38\u0e13\u0e20\u0e32\u0e1e\u0e41\u0e25\u0e30\u0e04\u0e27\u0e32\u0e21\u0e40\u0e2a\u0e16\u0e35\u0e22\u0e23\u0e2d\u0e32\u0e08\u0e41\u0e15\u0e01\u0e15\u0e48\u0e32\u0e07\u0e01\u0e31\u0e19\u0e44\u0e1b \u0e2a\u0e34\u0e48\u0e07\u0e2a\u0e33\u0e04\u0e31\u0e0d\u0e04\u0e37\u0e2d\u0e15\u0e49\u0e2d\u0e07\u0e23\u0e30\u0e21\u0e31\u0e14\u0e23\u0e30\u0e27\u0e31\u0e07\u0e43\u0e19\u0e01\u0e32\u0e23\u0e14\u0e32\u0e27\u0e19\u0e4c\u0e42\u0e2b\u0e25\u0e14\u0e41\u0e25\u0e30\u0e15\u0e34\u0e14\u0e15\u0e31\u0e49\u0e07\u0e44\u0e1f\u0e25\u0e4c\u0e40\u0e2b\u0e25\u0e48\u0e32\u0e19\u0e35\u0e49 \u0e40\u0e19\u0e37\u0e48\u0e2d\u0e07\u0e08\u0e32\u0e01\u0e2d\u0e32\u0e08\u0e21\u0e35\u0e21\u0e31\u0e25\u0e41\u0e27\u0e23\u0e4c\u0e2b\u0e23\u0e37\u0e2d\u0e17\u0e33\u0e07\u0e32\u0e19\u0e1c\u0e34\u0e14\u0e1b\u0e01\u0e15\u0e34<\/p>\n<h3>\u0e02\u0e49\u0e2d\u0e1e\u0e34\u0e08\u0e32\u0e23\u0e13\u0e32\u0e02\u0e31\u0e49\u0e19\u0e2a\u0e38\u0e14\u0e17\u0e49\u0e32\u0e22<\/h3>\n<p>\u0e01\u0e32\u0e23\u0e40\u0e25\u0e48\u0e19 GTA V \u0e1a\u0e19\u0e21\u0e37\u0e2d\u0e16\u0e37\u0e2d\u0e01\u0e25\u0e32\u0e22\u0e40\u0e1b\u0e47\u0e19\u0e04\u0e27\u0e32\u0e21\u0e08\u0e23\u0e34\u0e07\u0e44\u0e14\u0e49\u0e14\u0e49\u0e27\u0e22\u0e04\u0e27\u0e32\u0e21\u0e01\u0e49\u0e32\u0e27\u0e2b\u0e19\u0e49\u0e32\u0e17\u0e32\u0e07\u0e40\u0e17\u0e04\u0e42\u0e19\u0e42\u0e25\u0e22\u0e35\u0e01\u0e32\u0e23\u0e2a\u0e15\u0e23\u0e35\u0e21\u0e41\u0e25\u0e30\u0e01\u0e32\u0e23\u0e08\u0e33\u0e25\u0e2d\u0e07 \u0e41\u0e21\u0e49\u0e27\u0e48\u0e32\u0e08\u0e30\u0e44\u0e21\u0e48\u0e21\u0e35 GTA V \u0e40\u0e27\u0e2d\u0e23\u0e4c\u0e0a\u0e31\u0e19\u0e2d\u0e22\u0e48\u0e32\u0e07\u0e40\u0e1b\u0e47\u0e19\u0e17\u0e32\u0e07\u0e01\u0e32\u0e23\u0e2a\u0e33\u0e2b\u0e23\u0e31\u0e1a\u0e2d\u0e38\u0e1b\u0e01\u0e23\u0e13\u0e4c\u0e21\u0e37\u0e2d\u0e16\u0e37\u0e2d \u0e41\u0e15\u0e48\u0e42\u0e0b\u0e25\u0e39\u0e0a\u0e31\u0e19\u0e17\u0e35\u0e48\u0e01\u0e25\u0e48\u0e32\u0e27\u0e16\u0e36\u0e07\u0e02\u0e49\u0e32\u0e07\u0e15\u0e49\u0e19\u0e01\u0e47\u0e40\u0e1b\u0e47\u0e19\u0e17\u0e32\u0e07\u0e40\u0e25\u0e37\u0e2d\u0e01\u0e17\u0e35\u0e48\u0e19\u0e48\u0e32\u0e2a\u0e19\u0e43\u0e08\u0e2a\u0e33\u0e2b\u0e23\u0e31\u0e1a\u0e41\u0e1f\u0e19\u0e40\u0e01\u0e21\u0e17\u0e35\u0e48\u0e15\u0e49\u0e2d\u0e07\u0e01\u0e32\u0e23\u0e40\u0e25\u0e48\u0e19\u0e1a\u0e19\u0e2a\u0e21\u0e32\u0e23\u0e4c\u0e17\u0e42\u0e1f\u0e19\u0e2b\u0e23\u0e37\u0e2d\u0e41\u0e17\u0e47\u0e1a\u0e40\u0e25\u0e47\u0e15<\/p>\n<p style=\"text-align: center;\"><a class=\"mb-button mb-style-flat mb-size-default mb-corners-default mb-text-style-default  broken_link\" style=\"background-color: #ff0000;\" href=\"https:\/\/dicasdorei.com\/th\/aplicativo-para-jogar-gta-no-seu-celular\/\">\u00a0<i class=\"fa fa-arrow-circle-right\"><\/i>\u00a0 \u0e14\u0e39\u0e41\u0e2d\u0e1b\u0e17\u0e35\u0e48\u0e14\u0e35\u0e17\u0e35\u0e48\u0e2a\u0e38\u0e14<\/a><\/p>\n<p style=\"text-align: center;\"><a class=\"mb-button mb-style-flat mb-size-default mb-corners-default mb-text-style-default  broken_link\" style=\"background-color: #ff0000;\" href=\"https:\/\/dicasdorei.com\/th\/aplicativo-para-jogar-gta-no-seu-celular\/\">\u00a0<i class=\"fa fa-arrow-circle-right\"><\/i>\u00a0 \u0e41\u0e2d\u0e1e Android<\/a><\/p>\n<p style=\"text-align: center;\"><a class=\"mb-button mb-style-flat mb-size-default mb-corners-default mb-text-style-default  broken_link\" style=\"background-color: #ff0000;\" href=\"https:\/\/dicasdorei.com\/th\/aplicativo-para-jogar-gta-no-seu-celular\/\">\u00a0<i class=\"fa fa-arrow-circle-right\"><\/i>\u00a0 \u0e41\u0e2d\u0e1e\u0e2a\u0e33\u0e2b\u0e23\u0e31\u0e1a iOS<\/a><\/p>\n<p>\u0e01\u0e38\u0e0d\u0e41\u0e08\u0e2a\u0e33\u0e04\u0e31\u0e0d\u0e02\u0e2d\u0e07\u0e1b\u0e23\u0e30\u0e2a\u0e1a\u0e01\u0e32\u0e23\u0e13\u0e4c\u0e17\u0e35\u0e48\u0e19\u0e48\u0e32\u0e1e\u0e36\u0e07\u0e1e\u0e2d\u0e43\u0e08\u0e04\u0e37\u0e2d\u0e01\u0e32\u0e23\u0e40\u0e0a\u0e37\u0e48\u0e2d\u0e21\u0e15\u0e48\u0e2d\u0e2d\u0e34\u0e19\u0e40\u0e17\u0e2d\u0e23\u0e4c\u0e40\u0e19\u0e47\u0e15\u0e17\u0e35\u0e48\u0e40\u0e2a\u0e16\u0e35\u0e22\u0e23\u0e41\u0e25\u0e30\u0e23\u0e27\u0e14\u0e40\u0e23\u0e47\u0e27 \u0e23\u0e27\u0e21\u0e16\u0e36\u0e07\u0e2d\u0e38\u0e1b\u0e01\u0e23\u0e13\u0e4c\u0e21\u0e37\u0e2d\u0e16\u0e37\u0e2d\u0e17\u0e35\u0e48\u0e23\u0e2d\u0e07\u0e23\u0e31\u0e1a \u0e14\u0e49\u0e27\u0e22\u0e40\u0e04\u0e23\u0e37\u0e48\u0e2d\u0e07\u0e21\u0e37\u0e2d\u0e40\u0e2b\u0e25\u0e48\u0e32\u0e19\u0e35\u0e49 \u0e42\u0e25\u0e01\u0e2d\u0e31\u0e19\u0e01\u0e27\u0e49\u0e32\u0e07\u0e43\u0e2b\u0e0d\u0e48\u0e41\u0e25\u0e30\u0e19\u0e48\u0e32\u0e15\u0e37\u0e48\u0e19\u0e40\u0e15\u0e49\u0e19\u0e02\u0e2d\u0e07 Los Santos \u0e08\u0e30\u0e2d\u0e22\u0e39\u0e48\u0e43\u0e01\u0e25\u0e49\u0e41\u0e04\u0e48\u0e40\u0e2d\u0e37\u0e49\u0e2d\u0e21 \u0e44\u0e21\u0e48\u0e27\u0e48\u0e32\u0e04\u0e38\u0e13\u0e08\u0e30\u0e2d\u0e22\u0e39\u0e48\u0e17\u0e35\u0e48\u0e44\u0e2b\u0e19\u0e01\u0e47\u0e15\u0e32\u0e21<\/p>\n<\/body><\/html>","protected":false},"excerpt":{"rendered":"<p>A evolu\u00e7\u00e3o tecnol\u00f3gica dos dispositivos m\u00f3veis tem permitido que jogos antes exclusivos de consoles e PCs sejam jogados em smartphones e tablets. Entre esses jogos, destaca-se o Grand Theft Auto V (GTA V), um dos t\u00edtulos mais populares da Rockstar Games. \u00a0\u00a0 VEJA OS MELHORES APLICATIVOS \u00a0\u00a0 APLICATIVOS PARA ANDROID \u00a0\u00a0 APLICATIVOS PARA IOS Originalmente [&hellip;]<\/p>\n","protected":false},"author":1,"featured_media":0,"parent":0,"menu_order":0,"comment_status":"closed","ping_status":"closed","template":"","meta":{"footnotes":""},"class_list":["post-8019","page","type-page","status-publish","hentry"],"_links":{"self":[{"href":"https:\/\/dicasdorei.com\/th\/wp-json\/wp\/v2\/pages\/8019","targetHints":{"allow":["GET"]}}],"collection":[{"href":"https:\/\/dicasdorei.com\/th\/wp-json\/wp\/v2\/pages"}],"about":[{"href":"https:\/\/dicasdorei.com\/th\/wp-json\/wp\/v2\/types\/page"}],"author":[{"embeddable":true,"href":"https:\/\/dicasdorei.com\/th\/wp-json\/wp\/v2\/users\/1"}],"replies":[{"embeddable":true,"href":"https:\/\/dicasdorei.com\/th\/wp-json\/wp\/v2\/comments?post=8019"}],"version-history":[{"count":4,"href":"https:\/\/dicasdorei.com\/th\/wp-json\/wp\/v2\/pages\/8019\/revisions"}],"predecessor-version":[{"id":8053,"href":"https:\/\/dicasdorei.com\/th\/wp-json\/wp\/v2\/pages\/8019\/revisions\/8053"}],"wp:attachment":[{"href":"https:\/\/dicasdorei.com\/th\/wp-json\/wp\/v2\/media?parent=8019"}],"curies":[{"name":"wp","href":"https:\/\/api.w.org\/{rel}","templated":true}]}}