{"id":7418,"date":"2024-02-15T05:03:22","date_gmt":"2024-02-15T08:03:22","guid":{"rendered":"https:\/\/dicasdorei.com\/?page_id=7418"},"modified":"2024-02-15T05:26:22","modified_gmt":"2024-02-15T08:26:22","slug":"bbb24","status":"publish","type":"page","link":"https:\/\/dicasdorei.com\/th\/bbb24\/","title":{"rendered":"\u0e1a\u0e35\u0e1a\u0e35\u0e1a\u0e3524"},"content":{"rendered":"<html><body><h2><a href=\"https:\/\/dicasdorei.com\/th\/aplicativos\/aplicativo-para-assistir-o-bbb24-ao-vivo\/\" class=\"broken_link\"><b><u>\u0e41\u0e2d\u0e1b\u0e1e\u0e25\u0e34\u0e40\u0e04\u0e0a\u0e31\u0e19\u0e2a\u0e33\u0e2b\u0e23\u0e31\u0e1a\u0e23\u0e31\u0e1a\u0e0a\u0e21 BBB24 \u0e41\u0e1a\u0e1a\u0e2a\u0e14<br>\n<\/u><\/b><\/a><\/h2>\n<style>\n.progress {\n    display: flex;\n    height: 5px;\n    overflow: hidden;\n    font-size: .75rem;\n    background-color: #e9ecef;\n    border-radius: .25rem;\n}\n.progress-bar {\n    display: flex;\n    flex-direction: column;\n    justify-content: center;\n    overflow: hidden;\n    color: #fff;\n    text-align: center;\n    white-space: nowrap;\n    background-color: #0d6efd;\n    transition: width .6s ease;\n}\nli.elementor-icon-list-item {\n    background-color: #f3f4f6;\n    padding: 15px!important;\n    border-radius: 5px;\n}\n<\/style>\n<p><strong>\u0e22\u0e34\u0e19\u0e14\u0e35\u0e15\u0e49\u0e2d\u0e19\u0e23\u0e31\u0e1a!!<\/strong> <strong>\u0e04\u0e49\u0e19\u0e1e\u0e1a\u0e27\u0e34\u0e18\u0e35\u0e17\u0e35\u0e48\u0e14\u0e35\u0e17\u0e35\u0e48\u0e2a\u0e38\u0e14\u0e43\u0e19\u0e01\u0e32\u0e23\u0e15\u0e34\u0e14\u0e15\u0e32\u0e21 Big Brother Brasil 24<\/strong> \u0e2a\u0e31\u0e21\u0e1c\u0e31\u0e2a\u0e1b\u0e23\u0e30\u0e2a\u0e1a\u0e01\u0e32\u0e23\u0e13\u0e4c\u0e2a\u0e38\u0e14\u0e40\u0e23\u0e49\u0e32\u0e43\u0e08\u0e02\u0e2d\u0e07\u0e23\u0e32\u0e22\u0e01\u0e32\u0e23\u0e40\u0e23\u0e35\u0e22\u0e25\u0e25\u0e34\u0e15\u0e35\u0e49\u0e42\u0e0a\u0e27\u0e4c\u0e2a\u0e38\u0e14\u0e40\u0e23\u0e49\u0e32\u0e43\u0e08\u0e17\u0e35\u0e48\u0e2a\u0e38\u0e14\u0e02\u0e2d\u0e07\u0e1a\u0e23\u0e32\u0e0b\u0e34\u0e25\u0e41\u0e1a\u0e1a\u0e2a\u0e14\u0e46 \u0e1a\u0e19\u0e2d\u0e38\u0e1b\u0e01\u0e23\u0e13\u0e4c\u0e02\u0e2d\u0e07\u0e04\u0e38\u0e13\u0e40\u0e2d\u0e07 \u0e14\u0e49\u0e27\u0e22\u0e41\u0e2d\u0e1b\u0e19\u0e35\u0e49 \u0e04\u0e38\u0e13\u0e08\u0e30\u0e2d\u0e22\u0e39\u0e48\u0e43\u0e08\u0e01\u0e25\u0e32\u0e07\u0e2a\u0e16\u0e32\u0e19\u0e17\u0e35\u0e48\u0e17\u0e35\u0e48\u0e21\u0e35\u0e1c\u0e39\u0e49\u0e0a\u0e21\u0e21\u0e32\u0e01\u0e17\u0e35\u0e48\u0e2a\u0e38\u0e14\u0e02\u0e2d\u0e07\u0e1b\u0e23\u0e30\u0e40\u0e17\u0e28 \u0e1e\u0e23\u0e49\u0e2d\u0e21\u0e23\u0e31\u0e1a\u0e0a\u0e21\u0e01\u0e25\u0e49\u0e2d\u0e07\u0e16\u0e48\u0e32\u0e22\u0e17\u0e2d\u0e14\u0e2a\u0e14\u0e15\u0e25\u0e2d\u0e14 24 \u0e0a\u0e31\u0e48\u0e27\u0e42\u0e21\u0e07 \u0e40\u0e1e\u0e37\u0e48\u0e2d\u0e43\u0e2b\u0e49\u0e04\u0e38\u0e13\u0e44\u0e21\u0e48\u0e1e\u0e25\u0e32\u0e14\u0e17\u0e38\u0e01\u0e0a\u0e48\u0e27\u0e07\u0e40\u0e27\u0e25\u0e32\u0e2a\u0e33\u0e04\u0e31\u0e0d \u0e17\u0e31\u0e49\u0e07\u0e01\u0e25\u0e32\u0e07\u0e27\u0e31\u0e19\u0e41\u0e25\u0e30\u0e01\u0e25\u0e32\u0e07\u0e04\u0e37\u0e19<\/p>\n<p>\t\t\t\t\t\t\t\t\t\t\t\t\t\t<a href=\"https:\/\/dicasdorei.com\/th\/aplicativos\/aplicativo-para-assistir-o-bbb24-ao-vivo\/\" class=\"broken_link\"><br>\n\t\t\t\t\t\t\t<img loading=\"lazy\" decoding=\"async\" width=\"768\" height=\"853\" src=\"https:\/\/dicasdorei.com\/wp-content\/uploads\/2024\/02\/filters_quality75-1.webp\" alt=\"\" srcset=\"https:\/\/dicasdorei.com\/wp-content\/uploads\/2024\/02\/filters_quality75-1.webp 768w, https:\/\/dicasdorei.com\/wp-content\/uploads\/2024\/02\/filters_quality75-1-270x300.webp 270w, https:\/\/dicasdorei.com\/wp-content\/uploads\/2024\/02\/filters_quality75-1-11x12.webp 11w\" sizes=\"auto, (max-width: 768px) 100vw, 768px\">\t\t\t\t\t\t\t\t<\/a><\/p>\n<h2><a href=\"https:\/\/dicasdorei.com\/th\/aplicativos\/aplicativo-para-assistir-o-bbb24-ao-vivo\/\" class=\"broken_link\">\u0e41\u0e2d\u0e1b\u0e1e\u0e25\u0e34\u0e40\u0e04\u0e0a\u0e31\u0e19\u0e2a\u0e33\u0e2b\u0e23\u0e31\u0e1a\u0e23\u0e31\u0e1a\u0e0a\u0e21 BBB24 \u0e41\u0e1a\u0e1a\u0e2a\u0e14<\/a><\/h2>\n<ul>\n<li><strong>\u0e01\u0e32\u0e23\u0e40\u0e02\u0e49\u0e32\u0e16\u0e36\u0e07\u0e41\u0e1a\u0e1a\u0e44\u0e21\u0e48\u0e08\u0e33\u0e01\u0e31\u0e14:<\/strong> \u0e0a\u0e21\u0e20\u0e32\u0e1e\u0e08\u0e32\u0e01\u0e01\u0e25\u0e49\u0e2d\u0e07\u0e16\u0e48\u0e32\u0e22\u0e17\u0e2d\u0e14\u0e2a\u0e14\u0e02\u0e2d\u0e07 BBB24 \u0e1e\u0e23\u0e49\u0e2d\u0e21\u0e2d\u0e34\u0e2a\u0e23\u0e30\u0e43\u0e19\u0e01\u0e32\u0e23\u0e2a\u0e25\u0e31\u0e1a\u0e21\u0e38\u0e21\u0e23\u0e32\u0e27\u0e01\u0e31\u0e1a\u0e27\u0e48\u0e32\u0e04\u0e38\u0e13\u0e2d\u0e22\u0e39\u0e48\u0e17\u0e35\u0e48\u0e19\u0e31\u0e48\u0e19\u0e08\u0e23\u0e34\u0e07\u0e46<\/li>\n<li><strong>\u0e01\u0e32\u0e23\u0e41\u0e08\u0e49\u0e07\u0e40\u0e15\u0e37\u0e2d\u0e19\u0e41\u0e1a\u0e1a\u0e40\u0e23\u0e35\u0e22\u0e25\u0e44\u0e17\u0e21\u0e4c:<\/strong> \u0e23\u0e31\u0e1a\u0e01\u0e32\u0e23\u0e41\u0e08\u0e49\u0e07\u0e40\u0e15\u0e37\u0e2d\u0e19\u0e40\u0e01\u0e35\u0e48\u0e22\u0e27\u0e01\u0e31\u0e1a\u0e40\u0e2b\u0e15\u0e38\u0e01\u0e32\u0e23\u0e13\u0e4c\u0e2a\u0e33\u0e04\u0e31\u0e0d\u0e41\u0e25\u0e30\u0e01\u0e32\u0e23\u0e40\u0e1b\u0e25\u0e35\u0e48\u0e22\u0e19\u0e41\u0e1b\u0e25\u0e07\u0e40\u0e01\u0e21\u0e40\u0e1e\u0e37\u0e48\u0e2d\u0e43\u0e2b\u0e49\u0e04\u0e38\u0e13\u0e2a\u0e32\u0e21\u0e32\u0e23\u0e16\u0e23\u0e31\u0e1a\u0e0a\u0e21\u0e44\u0e14\u0e49\u0e43\u0e19\u0e0a\u0e48\u0e27\u0e07\u0e40\u0e27\u0e25\u0e32\u0e17\u0e35\u0e48\u0e2a\u0e33\u0e04\u0e31\u0e0d\u0e17\u0e35\u0e48\u0e2a\u0e38\u0e14<\/li>\n<li><strong>\u0e40\u0e19\u0e37\u0e49\u0e2d\u0e2b\u0e32\u0e1e\u0e34\u0e40\u0e28\u0e29:<\/strong> \u0e40\u0e1e\u0e25\u0e34\u0e14\u0e40\u0e1e\u0e25\u0e34\u0e19\u0e01\u0e31\u0e1a\u0e01\u0e32\u0e23\u0e2a\u0e31\u0e21\u0e20\u0e32\u0e29\u0e13\u0e4c \u0e01\u0e32\u0e23\u0e27\u0e34\u0e40\u0e04\u0e23\u0e32\u0e30\u0e2b\u0e4c \u0e41\u0e25\u0e30\u0e40\u0e19\u0e37\u0e49\u0e2d\u0e2b\u0e32\u0e1e\u0e34\u0e40\u0e28\u0e29\u0e17\u0e35\u0e48\u0e21\u0e35\u0e43\u0e2b\u0e49\u0e40\u0e09\u0e1e\u0e32\u0e30\u0e1c\u0e39\u0e49\u0e43\u0e0a\u0e49\u0e41\u0e2d\u0e1b\u0e40\u0e17\u0e48\u0e32\u0e19\u0e31\u0e49\u0e19<\/li>\n<li><strong>\u0e01\u0e32\u0e23\u0e42\u0e15\u0e49\u0e15\u0e2d\u0e1a:<\/strong> \u0e42\u0e2b\u0e27\u0e15\u0e1a\u0e19\u0e01\u0e33\u0e41\u0e1e\u0e07 \u0e40\u0e02\u0e49\u0e32\u0e23\u0e48\u0e27\u0e21\u0e01\u0e32\u0e23\u0e2a\u0e33\u0e23\u0e27\u0e08 \u0e41\u0e25\u0e30\u0e21\u0e35\u0e42\u0e2d\u0e01\u0e32\u0e2a\u0e21\u0e35\u0e2d\u0e34\u0e17\u0e18\u0e34\u0e1e\u0e25\u0e15\u0e48\u0e2d\u0e40\u0e01\u0e21\u0e42\u0e14\u0e22\u0e15\u0e23\u0e07\u0e08\u0e32\u0e01\u0e2a\u0e21\u0e32\u0e23\u0e4c\u0e17\u0e42\u0e1f\u0e19\u0e02\u0e2d\u0e07\u0e04\u0e38\u0e13<\/li>\n<li><strong>\u0e04\u0e38\u0e13\u0e20\u0e32\u0e1e HD:<\/strong> \u0e40\u0e1e\u0e25\u0e34\u0e14\u0e40\u0e1e\u0e25\u0e34\u0e19\u0e01\u0e31\u0e1a\u0e1b\u0e23\u0e30\u0e2a\u0e1a\u0e01\u0e32\u0e23\u0e13\u0e4c\u0e01\u0e32\u0e23\u0e23\u0e31\u0e1a\u0e0a\u0e21\u0e04\u0e38\u0e13\u0e20\u0e32\u0e1e\u0e2a\u0e39\u0e07 \u0e17\u0e33\u0e43\u0e2b\u0e49\u0e04\u0e38\u0e13\u0e40\u0e2b\u0e47\u0e19\u0e17\u0e38\u0e01\u0e23\u0e32\u0e22\u0e25\u0e30\u0e40\u0e2d\u0e35\u0e22\u0e14\u0e02\u0e2d\u0e07\u0e2a\u0e34\u0e48\u0e07\u0e17\u0e35\u0e48\u0e40\u0e01\u0e34\u0e14\u0e02\u0e36\u0e49\u0e19\u0e43\u0e19\u0e1a\u0e49\u0e32\u0e19<\/li>\n<\/ul>\n<p>\t\t\t<a href=\"https:\/\/dicasdorei.com\/th\/aplicativos\/aplicativo-para-assistir-o-bbb24-ao-vivo\/\" class=\"broken_link\"><br>\n\t\t\t\t\t\t\u27a1 \u0e41\u0e2d\u0e1b\u0e1e\u0e25\u0e34\u0e40\u0e04\u0e0a\u0e31\u0e19\u0e2a\u0e33\u0e2b\u0e23\u0e31\u0e1a\u0e23\u0e31\u0e1a\u0e0a\u0e21 BBB24 \u0e2a\u0e14<br>\n\t\t\t\t\t<\/a><\/p>\n<h3><a href=\"https:\/\/dicasdorei.com\/th\/aplicativos\/aplicativo-para-assistir-o-bbb24-ao-vivo\/\" class=\"broken_link\"><b>\u0e02\u0e49\u0e2d\u0e14\u0e35\u0e02\u0e2d\u0e07\u0e41\u0e2d\u0e1b\u0e1e\u0e25\u0e34\u0e40\u0e04\u0e0a\u0e31\u0e19\u0e14\u0e39 BBB24 \u0e2a\u0e14<\/b><\/a><\/h3>\n<ul>\n<li>\n\t\t\t\t\t\t\t\t\t\t\t<a href=\"https:\/\/dicasdorei.com\/th\/aplicativos\/aplicativo-para-assistir-o-bbb24-ao-vivo\/\" class=\"broken_link\"><br>\n\t\t\t\t\t\t\t\t\t\t<font color=\"#000000\" face=\"Roboto, RobotoDraft, Helvetica, Arial, sans-serif\">\u0e41\u0e2d\u0e1e\u0e1f\u0e23\u0e35<\/font><br>\n\t\t\t\t\t\t\t\t\t\t\t<\/a>\n\t\t\t\t\t\t\t\t\t<\/li>\n<li>\n\t\t\t\t\t\t\t\t\t\t\t<a href=\"https:\/\/dicasdorei.com\/th\/aplicativos\/aplicativo-para-assistir-o-bbb24-ao-vivo\/\" class=\"broken_link\"><br>\n\t\t\t\t\t\t\t\t\t\t\u0e44\u0e21\u0e48\u0e21\u0e35\u0e01\u0e32\u0e23\u0e2b\u0e22\u0e38\u0e14\u0e0a\u0e30\u0e07\u0e31\u0e01<br>\n\t\t\t\t\t\t\t\t\t\t\t<\/a>\n\t\t\t\t\t\t\t\t\t<\/li>\n<li>\n\t\t\t\t\t\t\t\t\t\t\t<a href=\"https:\/\/dicasdorei.com\/th\/aplicativos\/aplicativo-para-assistir-o-bbb24-ao-vivo\/\" class=\"broken_link\"><br>\n\t\t\t\t\t\t\t\t\t\t\u0e15\u0e34\u0e14\u0e15\u0e32\u0e21\u0e08\u0e32\u0e01\u0e17\u0e38\u0e01\u0e17\u0e35\u0e48<br>\n\t\t\t\t\t\t\t\t\t\t\t<\/a>\n\t\t\t\t\t\t\t\t\t<\/li>\n<li>\n\t\t\t\t\t\t\t\t\t\t\t<a href=\"https:\/\/dicasdorei.com\/th\/aplicativos\/aplicativo-para-assistir-o-bbb24-ao-vivo\/\" class=\"broken_link\"><br>\n\t\t\t\t\t\t\t\t\t\t\u0e01\u0e32\u0e23\u0e40\u0e02\u0e49\u0e32\u0e16\u0e36\u0e07\u0e41\u0e1a\u0e1a\u0e44\u0e21\u0e48\u0e08\u0e33\u0e01\u0e31\u0e14<br>\n\t\t\t\t\t\t\t\t\t\t\t<\/a>\n\t\t\t\t\t\t\t\t\t<\/li>\n<\/ul>\n<ul>\n<li>\n\t\t\t\t\t\t\t\t\t\t\t<a href=\"https:\/\/dicasdorei.com\/th\/aplicativos\/aplicativo-para-assistir-o-bbb24-ao-vivo\/\" class=\"broken_link\"><br>\n\t\t\t\t\t\t\t\t\t\t\u0e15\u0e34\u0e14\u0e15\u0e31\u0e49\u0e07\u0e41\u0e25\u0e30\u0e43\u0e0a\u0e49\u0e07\u0e32\u0e19\u0e07\u0e48\u0e32\u0e22<br>\n\t\t\t\t\t\t\t\t\t\t\t<\/a>\n\t\t\t\t\t\t\t\t\t<\/li>\n<li>\n\t\t\t\t\t\t\t\t\t\t\t<a href=\"https:\/\/dicasdorei.com\/th\/aplicativos\/aplicativo-para-assistir-o-bbb24-ao-vivo\/\" class=\"broken_link\"><br>\n\t\t\t\t\t\t\t\t\t\t\u0e04\u0e38\u0e13\u0e44\u0e21\u0e48\u0e08\u0e33\u0e40\u0e1b\u0e47\u0e19\u0e15\u0e49\u0e2d\u0e07\u0e25\u0e07\u0e19\u0e32\u0e21\u0e2d\u0e30\u0e44\u0e23\u0e40\u0e25\u0e22<br>\n\t\t\t\t\t\t\t\t\t\t\t<\/a>\n\t\t\t\t\t\t\t\t\t<\/li>\n<li>\n\t\t\t\t\t\t\t\t\t\t\t<a href=\"https:\/\/dicasdorei.com\/th\/aplicativos\/aplicativo-para-assistir-o-bbb24-ao-vivo\/\" class=\"broken_link\"><br>\n\t\t\t\t\t\t\t\t\t\t\u0e40\u0e19\u0e37\u0e49\u0e2d\u0e2b\u0e32\u0e1e\u0e34\u0e40\u0e28\u0e29<br>\n\t\t\t\t\t\t\t\t\t\t\t<\/a>\n\t\t\t\t\t\t\t\t\t<\/li>\n<li>\n\t\t\t\t\t\t\t\t\t\t\t<a href=\"https:\/\/dicasdorei.com\/th\/aplicativos\/aplicativo-para-assistir-o-bbb24-ao-vivo\/\" class=\"broken_link\"><br>\n\t\t\t\t\t\t\t\t\t\t\u0e01\u0e25\u0e49\u0e2d\u0e07\u0e2a\u0e38\u0e14\u0e1e\u0e34\u0e40\u0e28\u0e29<br>\n\t\t\t\t\t\t\t\t\t\t\t<\/a>\n\t\t\t\t\t\t\t\t\t<\/li>\n<\/ul>\n<p>\u00a0<\/p>\n<p>\u0e2d\u0e22\u0e48\u0e32\u0e1e\u0e25\u0e32\u0e14\u0e0a\u0e21 Big Brother Brasil \u0e40\u0e27\u0e2d\u0e23\u0e4c\u0e0a\u0e31\u0e19\u0e2a\u0e38\u0e14\u0e25\u0e49\u0e33\u0e2a\u0e21\u0e31\u0e22 \u0e04\u0e38\u0e13\u0e21\u0e35\u0e1a\u0e31\u0e15\u0e23 VIP \u0e23\u0e31\u0e1a\u0e0a\u0e21\u0e17\u0e38\u0e01\u0e40\u0e23\u0e37\u0e48\u0e2d\u0e07\u0e23\u0e32\u0e27\u0e01\u0e32\u0e23\u0e2a\u0e21\u0e04\u0e1a\u0e04\u0e34\u0e14 \u0e01\u0e32\u0e23\u0e1e\u0e34\u0e08\u0e32\u0e23\u0e13\u0e32\u0e04\u0e14\u0e35 \u0e41\u0e25\u0e30\u0e04\u0e27\u0e32\u0e21\u0e23\u0e31\u0e01\u0e41\u0e1a\u0e1a\u0e2a\u0e14\u0e46 <strong>\u0e14\u0e32\u0e27\u0e19\u0e4c\u0e42\u0e2b\u0e25\u0e14\u0e15\u0e2d\u0e19\u0e19\u0e35\u0e49\u0e41\u0e25\u0e30\u0e40\u0e1b\u0e47\u0e19\u0e2a\u0e48\u0e27\u0e19\u0e2b\u0e19\u0e36\u0e48\u0e07\u0e02\u0e2d\u0e07\u0e1b\u0e23\u0e30\u0e2a\u0e1a\u0e01\u0e32\u0e23\u0e13\u0e4c BBB24 \u0e2d\u0e22\u0e48\u0e32\u0e07\u0e17\u0e35\u0e48\u0e44\u0e21\u0e48\u0e40\u0e04\u0e22\u0e21\u0e35\u0e21\u0e32\u0e01\u0e48\u0e2d\u0e19!<\/strong>..<\/p>\n<p>\u00a0<\/p>\n<p>\u00a0<\/p>\n<p>\t\t\t<a href=\"https:\/\/dicasdorei.com\/th\/aplicativos\/aplicativo-para-assistir-o-bbb24-ao-vivo\/\" class=\"broken_link\"><br>\n\t\t\t\t\t\t???? \u0e14\u0e32\u0e27\u0e19\u0e4c\u0e42\u0e2b\u0e25\u0e14\u0e41\u0e2d\u0e1b\u0e40\u0e1e\u0e37\u0e48\u0e2d\u0e14\u0e39 BBB24 \u0e2a\u0e14<br>\n\t\t\t\t\t<\/a><\/p>\n<\/body><\/html>","protected":false},"excerpt":{"rendered":"<p>Aplicativo para Assistir BBB24 ao vivo Bem-vindo!! Descubra a forma definitiva de acompanhar o Big Brother Brasil 24. Experimente a emo\u00e7\u00e3o do reality show mais envolvente do Brasil ao vivo, diretamente no seu dispositivo. Com este aplicativo, voc\u00ea est\u00e1 sempre no cora\u00e7\u00e3o da casa mais vigiada do pa\u00eds, com acesso a c\u00e2meras ao vivo 24\/7, [&hellip;]<\/p>\n","protected":false},"author":1,"featured_media":0,"parent":0,"menu_order":0,"comment_status":"closed","ping_status":"closed","template":"elementor_canvas","meta":{"footnotes":""},"class_list":["post-7418","page","type-page","status-publish","hentry"],"_links":{"self":[{"href":"https:\/\/dicasdorei.com\/th\/wp-json\/wp\/v2\/pages\/7418","targetHints":{"allow":["GET"]}}],"collection":[{"href":"https:\/\/dicasdorei.com\/th\/wp-json\/wp\/v2\/pages"}],"about":[{"href":"https:\/\/dicasdorei.com\/th\/wp-json\/wp\/v2\/types\/page"}],"author":[{"embeddable":true,"href":"https:\/\/dicasdorei.com\/th\/wp-json\/wp\/v2\/users\/1"}],"replies":[{"embeddable":true,"href":"https:\/\/dicasdorei.com\/th\/wp-json\/wp\/v2\/comments?post=7418"}],"version-history":[{"count":9,"href":"https:\/\/dicasdorei.com\/th\/wp-json\/wp\/v2\/pages\/7418\/revisions"}],"predecessor-version":[{"id":7442,"href":"https:\/\/dicasdorei.com\/th\/wp-json\/wp\/v2\/pages\/7418\/revisions\/7442"}],"wp:attachment":[{"href":"https:\/\/dicasdorei.com\/th\/wp-json\/wp\/v2\/media?parent=7418"}],"curies":[{"name":"wp","href":"https:\/\/api.w.org\/{rel}","templated":true}]}}