{"id":8011,"date":"2024-05-27T22:22:18","date_gmt":"2024-05-28T01:22:18","guid":{"rendered":"https:\/\/dicasdorei.com\/?page_id=8011"},"modified":"2024-06-01T10:06:25","modified_gmt":"2024-06-01T13:06:25","slug":"lp-aplicativos-para-fazer-limpeza-de-celular","status":"publish","type":"page","link":"https:\/\/dicasdorei.com\/sv\/lp-aplicativos-para-fazer-limpeza-de-celular\/","title":{"rendered":"Applikationer f\u00f6r reng\u00f6ring av mobiltelefoner"},"content":{"rendered":"<html><body><p>Med konstant smartphone-anv\u00e4ndning \u00e4r det vanligt att v\u00e5ra enheter ackumulerar en betydande m\u00e4ngd skr\u00e4pfiler, cache och kvarvarande data som kan p\u00e5verka prestandan och ta upp lagringsutrymme.<\/p>\n<p style=\"text-align: center;\"><a class=\"mb-button mb-style-flat mb-size-default mb-corners-default mb-text-style-default  broken_link\" style=\"background-color: #ff0000;\" href=\"https:\/\/dicasdorei.com\/sv\/aplicativo-para-fazer-limpeza-de-celular\/\">\u00a0<i class=\"fa fa-arrow-circle-right\"><\/i>\u00a0 SE DE B\u00c4STA APPLIKATIONERNA<\/a><\/p>\n<p style=\"text-align: center;\"><a class=\"mb-button mb-style-flat mb-size-default mb-corners-default mb-text-style-default  broken_link\" style=\"background-color: #ff0000;\" href=\"https:\/\/dicasdorei.com\/sv\/aplicativo-para-fazer-limpeza-de-celular\/\">\u00a0<i class=\"fa fa-arrow-circle-right\"><\/i>\u00a0 ANDROID-APPAR<\/a><\/p>\n<p style=\"text-align: center;\"><a class=\"mb-button mb-style-flat mb-size-default mb-corners-default mb-text-style-default  broken_link\" style=\"background-color: #ff0000;\" href=\"https:\/\/dicasdorei.com\/sv\/aplicativo-para-fazer-limpeza-de-celular\/\">\u00a0<i class=\"fa fa-arrow-circle-right\"><\/i>\u00a0 APPAR F\u00d6R IOS<\/a><\/p>\n<p>Lyckligtvis finns det flera appar som \u00e4r specifikt utformade f\u00f6r att hj\u00e4lpa dig att rensa och optimera din telefon, vilket s\u00e4kerst\u00e4ller att den fungerar mer effektivt och har mer lagringsutrymme tillg\u00e4ngligt. Den h\u00e4r artikeln utforskar vikten av dessa appar och lyfter fram n\u00e5gra av de mest popul\u00e4ra p\u00e5 marknaden.<\/p>\n<h2>Vikten av st\u00e4dappar<\/h2>\n<p>N\u00e4r vi anv\u00e4nder v\u00e5ra smartphones f\u00f6r en m\u00e4ngd olika uppgifter \u2013 fr\u00e5n att surfa p\u00e5 internet till att ladda ner appar och lagra foton och videor \u2013 \u00e4r ansamlingen av v\u00e4rdel\u00f6s data oundviklig. Denna data inkluderar tillf\u00e4lliga filer, appcache, dubbletter av nedladdningar och till och med \u00f6verblivna filer fr\u00e5n avinstallerade appar. Med tiden kan dessa filer:<\/p>\n<div id=\"attachment_8012\" style=\"width: 1210px\" class=\"wp-caption aligncenter\"><img loading=\"lazy\" decoding=\"async\" aria-describedby=\"caption-attachment-8012\" class=\"wp-image-8012 size-full\" src=\"https:\/\/dicasdorei.com\/wp-content\/uploads\/2024\/05\/Aplicativo-para-limpeza-do-Celular-1.webp\" alt=\"\" width=\"1200\" height=\"675\" srcset=\"https:\/\/dicasdorei.com\/wp-content\/uploads\/2024\/05\/Aplicativo-para-limpeza-do-Celular-1.webp 1200w, https:\/\/dicasdorei.com\/wp-content\/uploads\/2024\/05\/Aplicativo-para-limpeza-do-Celular-1-711x400.webp 711w, https:\/\/dicasdorei.com\/wp-content\/uploads\/2024\/05\/Aplicativo-para-limpeza-do-Celular-1-768x432.webp 768w, https:\/\/dicasdorei.com\/wp-content\/uploads\/2024\/05\/Aplicativo-para-limpeza-do-Celular-1-18x10.webp 18w\" sizes=\"auto, (max-width: 1200px) 100vw, 1200px\" \/><p id=\"caption-attachment-8012\" class=\"wp-caption-text\">Bild tagen fr\u00e5n Google<\/p><\/div>\n<ol>\n<li><strong>Ta upp lagringsutrymme<\/strong>: Minskar m\u00e4ngden tillg\u00e4ngligt utrymme f\u00f6r nya appar, foton, videor och viktiga dokument.<\/li>\n<li><strong>Minska enhetens prestanda<\/strong>: G\u00f6r den l\u00e5ngsammare och mindre responsiv.<\/li>\n<li><strong>P\u00e5verka batteriet<\/strong>On\u00f6diga appar och processer som k\u00f6rs i bakgrunden kan t\u00f6mma batteriet snabbare.<\/li>\n<\/ol>\n<h2>De b\u00e4sta st\u00e4dapparna<\/h2>\n<h3>1. CCleaner<\/h3>\n<p>CCleaner, som ursprungligen var k\u00e4nt f\u00f6r sin effektivitet p\u00e5 datorer, finns \u00e4ven tillg\u00e4ngligt f\u00f6r mobila enheter. Den h\u00e4r appen skannar din enhet efter on\u00f6diga filer och ackumulerad cache, vilket ger en snabb och effektiv rensning. Den erbjuder ocks\u00e5 m\u00f6jligheten att avinstallera o\u00f6nskade appar och \u00f6vervaka CPU-anv\u00e4ndning, batteri och enhetstemperatur.<\/p>\n<h3>2. Clean Master<\/h3>\n<p>Clean Master, en av de mest popul\u00e4ra st\u00e4dapparna, erbjuder ett brett utbud av verktyg f\u00f6r enhetsoptimering. Den tar bort kvarvarande filer, rensar cachen och avinstallerar on\u00f6diga appar. Den har ocks\u00e5 ett inbyggt antivirusprogram, vilket ger ett extra skyddslager mot skadlig kod och virus.<\/p>\n<p style=\"text-align: center;\"><a class=\"mb-button mb-style-flat mb-size-default mb-corners-default mb-text-style-default  broken_link\" style=\"background-color: #ff0000;\" href=\"https:\/\/dicasdorei.com\/sv\/aplicativo-para-fazer-limpeza-de-celular\/\">\u00a0<i class=\"fa fa-arrow-circle-right\"><\/i>\u00a0 SE DE B\u00c4STA APPLIKATIONERNA<\/a><\/p>\n<p style=\"text-align: center;\"><a class=\"mb-button mb-style-flat mb-size-default mb-corners-default mb-text-style-default  broken_link\" style=\"background-color: #ff0000;\" href=\"https:\/\/dicasdorei.com\/sv\/aplicativo-para-fazer-limpeza-de-celular\/\">\u00a0<i class=\"fa fa-arrow-circle-right\"><\/i>\u00a0 ANDROID-APPAR<\/a><\/p>\n<p style=\"text-align: center;\"><a class=\"mb-button mb-style-flat mb-size-default mb-corners-default mb-text-style-default  broken_link\" style=\"background-color: #ff0000;\" href=\"https:\/\/dicasdorei.com\/sv\/aplicativo-para-fazer-limpeza-de-celular\/\">\u00a0<i class=\"fa fa-arrow-circle-right\"><\/i>\u00a0 APPAR F\u00d6R IOS<\/a><\/p>\n<h3>3. Filer fr\u00e5n Google<\/h3>\n<p>Den h\u00e4r appen, som utvecklats av Google, rensar inte bara din enhet utan hj\u00e4lper dig ocks\u00e5 att organisera dina filer. Den f\u00f6resl\u00e5r att du tar bort dubbletter av filer, memes, GIF-filer och andra objekt som kan ta upp on\u00f6digt utrymme. Den erbjuder ocks\u00e5 personliga rekommendationer f\u00f6r att frig\u00f6ra lagringsutrymme.<\/p>\n<h3>4. SD-st\u00e4dare<\/h3>\n<p>SD Maid \u00e4r fokuserat p\u00e5 djupare reng\u00f6ring och \u00e4r idealiskt f\u00f6r avancerade anv\u00e4ndare. Den skannar enheten efter kvarvarande filer och mappar som l\u00e4mnats kvar av avinstallerade appar och rensar effektivt cachen. Appen erbjuder ocks\u00e5 verktyg f\u00f6r att hantera appar och filer, vilket ytterligare optimerar enhetens prestanda.<\/p>\n<h3>5. Norton Clean<\/h3>\n<p>Denna applikation, som utvecklats av det v\u00e4lk\u00e4nda s\u00e4kerhetsf\u00f6retaget Norton, fokuserar p\u00e5 att ta bort skr\u00e4pfiler och cache. F\u00f6rutom att frig\u00f6ra utrymme erbjuder Norton Clean ett enkelt och l\u00e4ttanv\u00e4nt gr\u00e4nssnitt, vilket g\u00f6r det till ett utm\u00e4rkt alternativ f\u00f6r dem som s\u00f6ker effektivitet och s\u00e4kerhet.<\/p>\n<h2>Hur man v\u00e4ljer den ideala appen<\/h2>\n<p>N\u00e4r du v\u00e4ljer en st\u00e4dapp f\u00f6r din telefon, t\u00e4nk p\u00e5 f\u00f6ljande aspekter:<\/p>\n<ol>\n<li><strong>Funktionalitet<\/strong>Se till att appen erbjuder alla n\u00f6dv\u00e4ndiga verktyg f\u00f6r att reng\u00f6ra och optimera din enhet.<\/li>\n<li><strong>Gr\u00e4nssnitt<\/strong>F\u00f6redrar applikationer med intuitiva och l\u00e4ttanv\u00e4nda gr\u00e4nssnitt.<\/li>\n<li><strong>Recensioner och kommentarer<\/strong>Kolla in andra anv\u00e4ndares recensioner och kommentarer f\u00f6r att s\u00e4kerst\u00e4lla att appen \u00e4r effektiv och p\u00e5litlig.<\/li>\n<li><strong>S\u00e4kerhet<\/strong>V\u00e4lj appar fr\u00e5n v\u00e4lrenommerade utvecklare f\u00f6r att undvika risker f\u00f6r skadlig programvara och otillr\u00e4ckligt skydd.<\/li>\n<\/ol>\n<h2>Slutsats<\/h2>\n<p>Appar f\u00f6r telefonrensning \u00e4r viktiga verktyg f\u00f6r att h\u00e5lla v\u00e5ra enheter ig\u00e5ng optimalt och med tillr\u00e4ckligt med lagringsutrymme. Med r\u00e4tt val kan du avsev\u00e4rt f\u00f6rb\u00e4ttra telefonens prestanda, f\u00f6rl\u00e4nga batteritiden och s\u00e4kerst\u00e4lla en smidigare och effektivare anv\u00e4ndarupplevelse.<\/p>\n<p style=\"text-align: center;\"><a class=\"mb-button mb-style-flat mb-size-default mb-corners-default mb-text-style-default  broken_link\" style=\"background-color: #ff0000;\" href=\"https:\/\/dicasdorei.com\/sv\/aplicativo-para-fazer-limpeza-de-celular\/\">\u00a0<i class=\"fa fa-arrow-circle-right\"><\/i>\u00a0 SE DE B\u00c4STA APPLIKATIONERNA<\/a><\/p>\n<p style=\"text-align: center;\"><a class=\"mb-button mb-style-flat mb-size-default mb-corners-default mb-text-style-default  broken_link\" style=\"background-color: #ff0000;\" href=\"https:\/\/dicasdorei.com\/sv\/aplicativo-para-fazer-limpeza-de-celular\/\">\u00a0<i class=\"fa fa-arrow-circle-right\"><\/i>\u00a0 ANDROID-APPAR<\/a><\/p>\n<p style=\"text-align: center;\"><a class=\"mb-button mb-style-flat mb-size-default mb-corners-default mb-text-style-default  broken_link\" style=\"background-color: #ff0000;\" href=\"https:\/\/dicasdorei.com\/sv\/aplicativo-para-fazer-limpeza-de-celular\/\">\u00a0<i class=\"fa fa-arrow-circle-right\"><\/i>\u00a0 APPAR F\u00d6R IOS<\/a><\/p>\n<p>Oavsett om det \u00e4r CCleaner, Clean Master, Files by Google, SD Maid eller Norton Clean, finns det flera alternativ p\u00e5 marknaden som kan tillgodose behoven hos olika typer av anv\u00e4ndare. D\u00e4rf\u00f6r kan det vara viktigt att investera i en bra st\u00e4dapp f\u00f6r att h\u00e5lla din smartphone i gott skick.<\/p>\n<\/body><\/html>","protected":false},"excerpt":{"rendered":"<p>Com o uso constante de smartphones, \u00e9 comum que nossos dispositivos acumulem uma quantidade significativa de arquivos indesejados, cache e dados residuais que podem afetar o desempenho e ocupar espa\u00e7o de armazenamento. \u00a0\u00a0 VEJA OS MELHORES APLICATIVOS \u00a0\u00a0 APLICATIVOS PARA ANDROID \u00a0\u00a0 APLICATIVOS PARA IOS Felizmente, existem diversos aplicativos projetados especificamente para ajudar na limpeza [&hellip;]<\/p>\n","protected":false},"author":1,"featured_media":0,"parent":0,"menu_order":0,"comment_status":"closed","ping_status":"closed","template":"","meta":{"footnotes":""},"class_list":["post-8011","page","type-page","status-publish","hentry"],"_links":{"self":[{"href":"https:\/\/dicasdorei.com\/sv\/wp-json\/wp\/v2\/pages\/8011","targetHints":{"allow":["GET"]}}],"collection":[{"href":"https:\/\/dicasdorei.com\/sv\/wp-json\/wp\/v2\/pages"}],"about":[{"href":"https:\/\/dicasdorei.com\/sv\/wp-json\/wp\/v2\/types\/page"}],"author":[{"embeddable":true,"href":"https:\/\/dicasdorei.com\/sv\/wp-json\/wp\/v2\/users\/1"}],"replies":[{"embeddable":true,"href":"https:\/\/dicasdorei.com\/sv\/wp-json\/wp\/v2\/comments?post=8011"}],"version-history":[{"count":5,"href":"https:\/\/dicasdorei.com\/sv\/wp-json\/wp\/v2\/pages\/8011\/revisions"}],"predecessor-version":[{"id":8051,"href":"https:\/\/dicasdorei.com\/sv\/wp-json\/wp\/v2\/pages\/8011\/revisions\/8051"}],"wp:attachment":[{"href":"https:\/\/dicasdorei.com\/sv\/wp-json\/wp\/v2\/media?parent=8011"}],"curies":[{"name":"wp","href":"https:\/\/api.w.org\/{rel}","templated":true}]}}