{"id":7985,"date":"2024-05-25T00:25:16","date_gmt":"2024-05-25T03:25:16","guid":{"rendered":"https:\/\/dicasdorei.com\/?page_id=7985"},"modified":"2024-05-28T01:12:31","modified_gmt":"2024-05-28T04:12:31","slug":"lp-como-obter-um-emprestimo-pessoal-creditis","status":"publish","type":"page","link":"https:\/\/dicasdorei.com\/sv\/lp-como-obter-um-emprestimo-pessoal-creditis\/","title":{"rendered":"Hur man f\u00e5r ett Creditis privatl\u00e5n"},"content":{"rendered":"<html><body><p>Att f\u00e5 ett privatl\u00e5n kan verka som en komplicerad process, men med Creditis \u00e4r det enkelt och transparent. I den h\u00e4r guiden utforskar vi de viktigaste stegen f\u00f6r att f\u00e5 ett privatl\u00e5n hos Creditis, samt f\u00f6rdelarna med att v\u00e4lja detta alternativ f\u00f6r att m\u00f6ta dina ekonomiska behov.<\/p>\n<p style=\"text-align: center;\"><a class=\"mb-button mb-style-traditional mb-size-default mb-corners-default mb-text-style-default  broken_link\" style=\"background-color: #2bc470;\" href=\"https:\/\/dicasdorei.com\/sv\/emprestimo-pessoal-creditis-guia-passo-a-passo-para-solicitacao\/\">\u00a0<i class=\"fa fa-arrow-circle-right\"><\/i>\u00a0 HUR MAN ANS\u00d6KER OM ETT CREDITIS PERSONL\u00c5N \u27a1\ufe0f<\/a><\/p>\n<p style=\"text-align: center;\"><a class=\"mb-button mb-style-traditional mb-size-default mb-corners-default mb-text-style-default  broken_link\" style=\"background-color: #2bc470;\" href=\"https:\/\/dicasdorei.com\/sv\/emprestimo-pessoal-creditis-guia-passo-a-passo-para-solicitacao\/\">\u00a0<i class=\"fa fa-arrow-circle-right\"><\/i>\u00a0 SE DE B\u00c4STA PRISERNA \u27a1\ufe0f<\/a><\/p>\n<p style=\"text-align: center;\"><a class=\"mb-button mb-style-traditional mb-size-default mb-corners-default mb-text-style-default  broken_link\" style=\"background-color: #2bc470;\" href=\"https:\/\/dicasdorei.com\/sv\/emprestimo-pessoal-creditis-guia-passo-a-passo-para-solicitacao\/\">\u00a0<i class=\"fa fa-arrow-circle-right\"><\/i>\u00a0 MARKNADENS B\u00c4STA KREDIT \u27a1\ufe0f<\/a><\/p>\n<h3>Steg f\u00f6r att f\u00e5 ett Creditis privatl\u00e5n<\/h3>\n<p><strong>1. Bed\u00f6mning av ekonomiska behov<\/strong><\/p>\n<p>Det f\u00f6rsta steget f\u00f6r att f\u00e5 ett privatl\u00e5n hos Creditis \u00e4r att noggrant bed\u00f6ma dina ekonomiska behov. Detta hj\u00e4lper dig att fastst\u00e4lla det exakta beloppet du beh\u00f6ver och den \u00e5terbetalningstid som b\u00e4st passar dina omst\u00e4ndigheter. Creditis erbjuder en rad olika l\u00e5nealternativ, s\u00e5 det \u00e4r viktigt att ha en tydlig f\u00f6rst\u00e5else f\u00f6r dina behov innan du forts\u00e4tter.<\/p>\n<p><strong>2. Insamling av n\u00f6dv\u00e4ndig dokumentation<\/strong><\/p>\n<p><img loading=\"lazy\" decoding=\"async\" class=\"aligncenter wp-image-8009 size-full\" src=\"\/wp-content\/imgs-converts\/2024\/06\/recover-deleted-photos-4.webp\" alt=\"\" width=\"1080\" height=\"1080\"><\/p>\n<p>Innan du skickar in din beg\u00e4ran, se till att du har all n\u00f6dv\u00e4ndig dokumentation. Creditis kr\u00e4ver vanligtvis f\u00f6ljande:<\/p>\n<ul>\n<li>Giltig identitetshandling (ID-kort eller pass)<\/li>\n<li>CPF<\/li>\n<li>Inkomstbevis (s\u00e5som l\u00f6nespecifikationer, skattedeklarationer eller andra dokument som styrker din betalningsf\u00f6rm\u00e5ga)<\/li>\n<li>Ytterligare dokumentation kan kr\u00e4vas beroende p\u00e5 din ekonomiska situation.<\/li>\n<\/ul>\n<p><strong>3. Slutf\u00f6ra onlineans\u00f6kan<\/strong><\/p>\n<p>Creditis g\u00f6r ans\u00f6kningsprocessen mycket enkel och bekv\u00e4m via sin onlineplattform. Bes\u00f6k bara Creditis webbplats och fyll i ans\u00f6kningsformul\u00e4ret. Du m\u00e5ste ange personlig information och detaljer om den typ av l\u00e5n du s\u00f6ker. Plattformen \u00e4r anv\u00e4ndarv\u00e4nlig och guidar dig genom varje steg i processen.<\/p>\n<p><strong>4. Utv\u00e4rdering av ans\u00f6kan<\/strong><\/p>\n<p>Efter att du har skickat in din ans\u00f6kan kommer Creditis-teamet att utv\u00e4rdera din information. Denna process inkluderar att verifiera din betalningsf\u00f6rm\u00e5ga och bed\u00f6ma din kreditprofil. Creditis str\u00e4var efter att ge ett snabbt svar, vanligtvis inom 24\u201348 timmar, s\u00e5 du beh\u00f6ver inte v\u00e4nta l\u00e4nge p\u00e5 att f\u00e5 veta om din ans\u00f6kan har godk\u00e4nts.<\/p>\n<p><strong>5. Mottagande av l\u00e5nef\u00f6rslag<\/strong><\/p>\n<p style=\"text-align: center;\"><a class=\"mb-button mb-style-traditional mb-size-default mb-corners-default mb-text-style-default  broken_link\" style=\"background-color: #2bc470;\" href=\"https:\/\/dicasdorei.com\/sv\/emprestimo-pessoal-creditis-guia-passo-a-passo-para-solicitacao\/\">\u00a0<i class=\"fa fa-arrow-circle-right\"><\/i>\u00a0 HUR MAN ANS\u00d6KER OM ETT CREDITIS PERSONL\u00c5N \u27a1\ufe0f<\/a><\/p>\n<p style=\"text-align: center;\"><a class=\"mb-button mb-style-traditional mb-size-default mb-corners-default mb-text-style-default  broken_link\" style=\"background-color: #2bc470;\" href=\"https:\/\/dicasdorei.com\/sv\/emprestimo-pessoal-creditis-guia-passo-a-passo-para-solicitacao\/\">\u00a0<i class=\"fa fa-arrow-circle-right\"><\/i>\u00a0 SE DE B\u00c4STA PRISERNA \u27a1\ufe0f<\/a><\/p>\n<p style=\"text-align: center;\"><a class=\"mb-button mb-style-traditional mb-size-default mb-corners-default mb-text-style-default  broken_link\" style=\"background-color: #2bc470;\" href=\"https:\/\/dicasdorei.com\/sv\/emprestimo-pessoal-creditis-guia-passo-a-passo-para-solicitacao\/\">\u00a0<i class=\"fa fa-arrow-circle-right\"><\/i>\u00a0 MARKNADENS B\u00c4STA KREDIT \u27a1\ufe0f<\/a><\/p>\n<p>Om din ans\u00f6kan godk\u00e4nns f\u00e5r du ett detaljerat l\u00e5nef\u00f6rslag. Detta kommer att inneh\u00e5lla all relevant information, s\u00e5som l\u00e5nebelopp, r\u00e4nta, \u00e5terbetalningstid och andra till\u00e4mpliga villkor. Det \u00e4r viktigt att l\u00e4sa f\u00f6rslaget noggrant och se till att du f\u00f6rst\u00e5r alla villkor innan du accepterar det.<\/p>\n<p><strong>6. Godk\u00e4nnande av f\u00f6rslag och frig\u00f6rande av medel<\/strong><\/p>\n<p>Efter att du granskat f\u00f6rslaget och godk\u00e4nt villkoren kan du skriva under l\u00e5neavtalet. N\u00e4r detta steg \u00e4r slutf\u00f6rt kommer pengarna att \u00f6verf\u00f6ras till ditt bankkonto. Creditis str\u00e4var efter att g\u00f6ra denna process s\u00e5 snabb som m\u00f6jligt och s\u00e4kerst\u00e4ller att du snabbt f\u00e5r tillg\u00e5ng till pengarna.<\/p>\n<h3>F\u00f6rdelar med att v\u00e4lja Creditis<\/h3>\n<p><strong>1. Flexibilitet i l\u00e5nealternativ<\/strong><\/p>\n<p>Creditis erbjuder ett brett utbud av l\u00e5nealternativ, anpassade till olika ekonomiska behov. Oavsett om du beh\u00f6ver ett litet belopp f\u00f6r en ov\u00e4ntad utgift eller ett st\u00f6rre belopp f\u00f6r ett st\u00f6rre projekt, har Creditis r\u00e4tt l\u00f6sning f\u00f6r dig.<\/p>\n<p><strong>2. Konkurrenskraftiga r\u00e4ntor<\/strong><\/p>\n<p>En av Creditis st\u00f6rsta f\u00f6rdelar \u00e4r m\u00f6jligheten att f\u00e5 l\u00e5n med konkurrenskraftiga r\u00e4ntor. Det inneb\u00e4r att du kan f\u00e5 tillg\u00e5ng till de medel du beh\u00f6ver utan att \u00e5dra dig orimliga kostnader. Creditis r\u00e4ntor \u00e4r bland de l\u00e4gsta p\u00e5 marknaden, vilket g\u00f6r deras l\u00e5n till ett bekv\u00e4mt alternativ.<\/p>\n<p><strong>3. Snabb och enkel process<\/strong><\/p>\n<p>Creditis f\u00f6renklar processen f\u00f6r l\u00e5neans\u00f6kan och godk\u00e4nnande. Onlineplattformen \u00e4r intuitiv och enkel att anv\u00e4nda, och svarstiden \u00e4r snabb. Detta g\u00f6r att du kan f\u00e5 det l\u00e5n du beh\u00f6ver utan l\u00e5nga v\u00e4ntetider.<\/p>\n<p><strong>4. Transparens och tillf\u00f6rlitlighet<\/strong><\/p>\n<p style=\"text-align: center;\"><a class=\"mb-button mb-style-traditional mb-size-default mb-corners-default mb-text-style-default  broken_link\" style=\"background-color: #2bc470;\" href=\"https:\/\/dicasdorei.com\/sv\/emprestimo-pessoal-creditis-guia-passo-a-passo-para-solicitacao\/\">\u00a0<i class=\"fa fa-arrow-circle-right\"><\/i>\u00a0 HUR MAN ANS\u00d6KER OM ETT CREDITIS PERSONL\u00c5N \u27a1\ufe0f<\/a><\/p>\n<p style=\"text-align: center;\"><a class=\"mb-button mb-style-traditional mb-size-default mb-corners-default mb-text-style-default  broken_link\" style=\"background-color: #2bc470;\" href=\"https:\/\/dicasdorei.com\/sv\/emprestimo-pessoal-creditis-guia-passo-a-passo-para-solicitacao\/\">\u00a0<i class=\"fa fa-arrow-circle-right\"><\/i>\u00a0 SE DE B\u00c4STA PRISERNA \u27a1\ufe0f<\/a><\/p>\n<p style=\"text-align: center;\"><a class=\"mb-button mb-style-traditional mb-size-default mb-corners-default mb-text-style-default  broken_link\" style=\"background-color: #2bc470;\" href=\"https:\/\/dicasdorei.com\/sv\/emprestimo-pessoal-creditis-guia-passo-a-passo-para-solicitacao\/\">\u00a0<i class=\"fa fa-arrow-circle-right\"><\/i>\u00a0 MARKNADENS B\u00c4STA KREDIT \u27a1\ufe0f<\/a><\/p>\n<p>Med Creditis finns det inga dolda kostnader eller obehagliga \u00f6verraskningar. Alla l\u00e5nevillkor f\u00f6rklaras tydligt fr\u00e5n b\u00f6rjan. Creditis str\u00e4var efter att uppr\u00e4tth\u00e5lla tydlig och transparent kommunikation med sina kunder.<\/p>\n<p><strong>5. Dedikerad kundservice<\/strong><\/p>\n<p>Creditis erbjuder utm\u00e4rkt kundservice och \u00e4r tillg\u00e4nglig f\u00f6r att svara p\u00e5 eventuella fr\u00e5gor eller ge hj\u00e4lp i varje steg av l\u00e5neprocessen. Du kan r\u00e4kna med engagerad och professionell support.<\/p>\n<h3>Slutsats<\/h3>\n<p>Att f\u00e5 ett privatl\u00e5n hos Creditis \u00e4r en enkel och transparent process. Genom att f\u00f6lja dessa steg och dra nytta av de f\u00f6rm\u00e5ner som erbjuds kan du snabbt och bekv\u00e4mt f\u00e5 den finansiering du beh\u00f6ver. Creditis \u00e4r den perfekta partnern f\u00f6r dina ekonomiska behov och garanterar flexibilitet, konkurrenskraftiga priser och utm\u00e4rkt kundservice. Tveka inte att ans\u00f6ka och uppt\u00e4ck hur Creditis kan hj\u00e4lpa dig att uppn\u00e5 dina ekonomiska m\u00e5l.<\/p>\n<\/body><\/html>","protected":false},"excerpt":{"rendered":"<p>Obter um empr\u00e9stimo pessoal pode parecer um processo complicado, mas com a Creditis, \u00e9 simples e transparente. Neste guia, exploraremos as etapas principais para obter um empr\u00e9stimo pessoal com a Creditis, al\u00e9m das vantagens de escolher essa op\u00e7\u00e3o para atender \u00e0s suas necessidades financeiras. \u00a0\u00a0 COMO SOLICITAR UM EMPRESTIMO PESSOAL CREDITIS \u27a1\ufe0f \u00a0\u00a0 VEJA AS [&hellip;]<\/p>\n","protected":false},"author":1,"featured_media":0,"parent":0,"menu_order":0,"comment_status":"closed","ping_status":"closed","template":"","meta":{"footnotes":""},"class_list":["post-7985","page","type-page","status-publish","hentry"],"_links":{"self":[{"href":"https:\/\/dicasdorei.com\/sv\/wp-json\/wp\/v2\/pages\/7985","targetHints":{"allow":["GET"]}}],"collection":[{"href":"https:\/\/dicasdorei.com\/sv\/wp-json\/wp\/v2\/pages"}],"about":[{"href":"https:\/\/dicasdorei.com\/sv\/wp-json\/wp\/v2\/types\/page"}],"author":[{"embeddable":true,"href":"https:\/\/dicasdorei.com\/sv\/wp-json\/wp\/v2\/users\/1"}],"replies":[{"embeddable":true,"href":"https:\/\/dicasdorei.com\/sv\/wp-json\/wp\/v2\/comments?post=7985"}],"version-history":[{"count":6,"href":"https:\/\/dicasdorei.com\/sv\/wp-json\/wp\/v2\/pages\/7985\/revisions"}],"predecessor-version":[{"id":8010,"href":"https:\/\/dicasdorei.com\/sv\/wp-json\/wp\/v2\/pages\/7985\/revisions\/8010"}],"wp:attachment":[{"href":"https:\/\/dicasdorei.com\/sv\/wp-json\/wp\/v2\/media?parent=7985"}],"curies":[{"name":"wp","href":"https:\/\/api.w.org\/{rel}","templated":true}]}}