{"id":7418,"date":"2024-02-15T05:03:22","date_gmt":"2024-02-15T08:03:22","guid":{"rendered":"https:\/\/dicasdorei.com\/?page_id=7418"},"modified":"2024-02-15T05:26:22","modified_gmt":"2024-02-15T08:26:22","slug":"bbb24","status":"publish","type":"page","link":"https:\/\/dicasdorei.com\/sv\/bbb24\/","title":{"rendered":"BBB24"},"content":{"rendered":"<html><body><h2><a href=\"https:\/\/dicasdorei.com\/sv\/aplicativos\/aplicativo-para-assistir-o-bbb24-ao-vivo\/\" class=\"broken_link\"><b><u>Applikation f\u00f6r att titta p\u00e5 BBB24 live<br>\n<\/u><\/b><\/a><\/h2>\n<style>\n.progress {\n    display: flex;\n    height: 5px;\n    overflow: hidden;\n    font-size: .75rem;\n    background-color: #e9ecef;\n    border-radius: .25rem;\n}\n.progress-bar {\n    display: flex;\n    flex-direction: column;\n    justify-content: center;\n    overflow: hidden;\n    color: #fff;\n    text-align: center;\n    white-space: nowrap;\n    background-color: #0d6efd;\n    transition: width .6s ease;\n}\nli.elementor-icon-list-item {\n    background-color: #f3f4f6;\n    padding: 15px!important;\n    border-radius: 5px;\n}\n<\/style>\n<p><strong>V\u00e4lkomna!!<\/strong> <strong>Uppt\u00e4ck det definitiva s\u00e4ttet att f\u00f6lja Big Brother Brasil 24.<\/strong> Upplev sp\u00e4nningen i Brasiliens mest engagerande realityshow live, direkt p\u00e5 din enhet. Med den h\u00e4r appen \u00e4r du alltid i hj\u00e4rtat av landets mest sedda hus, med tillg\u00e5ng till livekameror dygnet runt s\u00e5 att du inte missar ett \u00f6gonblick, dag eller natt.<\/p>\n<p>\t\t\t\t\t\t\t\t\t\t\t\t\t\t<a href=\"https:\/\/dicasdorei.com\/sv\/aplicativos\/aplicativo-para-assistir-o-bbb24-ao-vivo\/\" class=\"broken_link\"><br>\n\t\t\t\t\t\t\t<img loading=\"lazy\" decoding=\"async\" width=\"768\" height=\"853\" src=\"https:\/\/dicasdorei.com\/wp-content\/uploads\/2024\/02\/filters_quality75-1.webp\" alt=\"\" srcset=\"https:\/\/dicasdorei.com\/wp-content\/uploads\/2024\/02\/filters_quality75-1.webp 768w, https:\/\/dicasdorei.com\/wp-content\/uploads\/2024\/02\/filters_quality75-1-270x300.webp 270w, https:\/\/dicasdorei.com\/wp-content\/uploads\/2024\/02\/filters_quality75-1-11x12.webp 11w\" sizes=\"auto, (max-width: 768px) 100vw, 768px\">\t\t\t\t\t\t\t\t<\/a><\/p>\n<h2><a href=\"https:\/\/dicasdorei.com\/sv\/aplicativos\/aplicativo-para-assistir-o-bbb24-ao-vivo\/\" class=\"broken_link\">Applikation f\u00f6r att titta p\u00e5 BBB24 live<\/a><\/h2>\n<ul>\n<li><strong>Obegr\u00e4nsad \u00e5tkomst:<\/strong> Titta p\u00e5 alla BBB24:s livekameror, med friheten att v\u00e4xla mellan olika vinklar som om du vore d\u00e4r.<\/li>\n<li><strong>Realtidsvarningar:<\/strong> F\u00e5 meddelanden om viktiga h\u00e4ndelser och spelf\u00f6r\u00e4ndringar s\u00e5 att du kan f\u00f6lja med i de mest kritiska \u00f6gonblicken.<\/li>\n<li><strong>Exklusivt inneh\u00e5ll:<\/strong> Ta del av intervjuer, analyser och specialinneh\u00e5ll som endast \u00e4r tillg\u00e4ngligt f\u00f6r appanv\u00e4ndare.<\/li>\n<li><strong>Interaktivitet:<\/strong> R\u00f6sta p\u00e5 v\u00e4ggarna, delta i omr\u00f6stningar och ha chansen att p\u00e5verka spelet direkt fr\u00e5n din smartphone.<\/li>\n<li><strong>HD-kvalitet:<\/strong> Njut av en h\u00f6gkvalitativ tittarupplevelse som s\u00e4kerst\u00e4ller att du ser varje detalj av vad som h\u00e4nder i huset.<\/li>\n<\/ul>\n<p>\t\t\t<a href=\"https:\/\/dicasdorei.com\/sv\/aplicativos\/aplicativo-para-assistir-o-bbb24-ao-vivo\/\" class=\"broken_link\"><br>\n\t\t\t\t\t\t\u27a1 APP F\u00d6R ATT SE BBB24 LIVE<br>\n\t\t\t\t\t<\/a><\/p>\n<h3><a href=\"https:\/\/dicasdorei.com\/sv\/aplicativos\/aplicativo-para-assistir-o-bbb24-ao-vivo\/\" class=\"broken_link\"><b>F\u00f6rdelar med APPLIKATIONEN F\u00d6R ATT SE BBB24 LIVE<\/b><\/a><\/h3>\n<ul>\n<li>\n\t\t\t\t\t\t\t\t\t\t\t<a href=\"https:\/\/dicasdorei.com\/sv\/aplicativos\/aplicativo-para-assistir-o-bbb24-ao-vivo\/\" class=\"broken_link\"><br>\n\t\t\t\t\t\t\t\t\t\t<font color=\"#000000\" face=\"Roboto, RobotoDraft, Helvetica, Arial, sans-serif\">GRATIS APP<\/font><br>\n\t\t\t\t\t\t\t\t\t\t\t<\/a>\n\t\t\t\t\t\t\t\t\t<\/li>\n<li>\n\t\t\t\t\t\t\t\t\t\t\t<a href=\"https:\/\/dicasdorei.com\/sv\/aplicativos\/aplicativo-para-assistir-o-bbb24-ao-vivo\/\" class=\"broken_link\"><br>\n\t\t\t\t\t\t\t\t\t\tINGA AVBROTT<br>\n\t\t\t\t\t\t\t\t\t\t\t<\/a>\n\t\t\t\t\t\t\t\t\t<\/li>\n<li>\n\t\t\t\t\t\t\t\t\t\t\t<a href=\"https:\/\/dicasdorei.com\/sv\/aplicativos\/aplicativo-para-assistir-o-bbb24-ao-vivo\/\" class=\"broken_link\"><br>\n\t\t\t\t\t\t\t\t\t\tF\u00d6LJ VAR SOM HELST<br>\n\t\t\t\t\t\t\t\t\t\t\t<\/a>\n\t\t\t\t\t\t\t\t\t<\/li>\n<li>\n\t\t\t\t\t\t\t\t\t\t\t<a href=\"https:\/\/dicasdorei.com\/sv\/aplicativos\/aplicativo-para-assistir-o-bbb24-ao-vivo\/\" class=\"broken_link\"><br>\n\t\t\t\t\t\t\t\t\t\tOBEGR\u00c4NSAD \u00c5TKOMST<br>\n\t\t\t\t\t\t\t\t\t\t\t<\/a>\n\t\t\t\t\t\t\t\t\t<\/li>\n<\/ul>\n<ul>\n<li>\n\t\t\t\t\t\t\t\t\t\t\t<a href=\"https:\/\/dicasdorei.com\/sv\/aplicativos\/aplicativo-para-assistir-o-bbb24-ao-vivo\/\" class=\"broken_link\"><br>\n\t\t\t\t\t\t\t\t\t\tL\u00c4TT ATT INSTALLERA OCH ANV\u00c4NDA<br>\n\t\t\t\t\t\t\t\t\t\t\t<\/a>\n\t\t\t\t\t\t\t\t\t<\/li>\n<li>\n\t\t\t\t\t\t\t\t\t\t\t<a href=\"https:\/\/dicasdorei.com\/sv\/aplicativos\/aplicativo-para-assistir-o-bbb24-ao-vivo\/\" class=\"broken_link\"><br>\n\t\t\t\t\t\t\t\t\t\tDU BEH\u00d6VER INTE SKRIVA UNDER N\u00c5GOT<br>\n\t\t\t\t\t\t\t\t\t\t\t<\/a>\n\t\t\t\t\t\t\t\t\t<\/li>\n<li>\n\t\t\t\t\t\t\t\t\t\t\t<a href=\"https:\/\/dicasdorei.com\/sv\/aplicativos\/aplicativo-para-assistir-o-bbb24-ao-vivo\/\" class=\"broken_link\"><br>\n\t\t\t\t\t\t\t\t\t\tEXKLUSIVT INNEH\u00c5LL<br>\n\t\t\t\t\t\t\t\t\t\t\t<\/a>\n\t\t\t\t\t\t\t\t\t<\/li>\n<li>\n\t\t\t\t\t\t\t\t\t\t\t<a href=\"https:\/\/dicasdorei.com\/sv\/aplicativos\/aplicativo-para-assistir-o-bbb24-ao-vivo\/\" class=\"broken_link\"><br>\n\t\t\t\t\t\t\t\t\t\tEXKLUSIVA KAMEROR<br>\n\t\t\t\t\t\t\t\t\t\t\t<\/a>\n\t\t\t\t\t\t\t\t\t<\/li>\n<\/ul>\n<p>\u00a0<\/p>\n<p>Missa inte den mest innovativa utg\u00e5van av Big Brother Brasil. Du har ett VIP-pass f\u00f6r att se alla konspirationer, r\u00e4tteg\u00e5ngar och romanser live. <strong>Ladda ner nu och bli en del av BBB24-upplevelsen som aldrig f\u00f6rr!<\/strong>..<\/p>\n<p>\u00a0<\/p>\n<p>\u00a0<\/p>\n<p>\t\t\t<a href=\"https:\/\/dicasdorei.com\/sv\/aplicativos\/aplicativo-para-assistir-o-bbb24-ao-vivo\/\" class=\"broken_link\"><br>\n\t\t\t\t\t\tLADDA NER APPEN F\u00d6R ATT SE BBB24 LIVE<br>\n\t\t\t\t\t<\/a><\/p>\n<\/body><\/html>","protected":false},"excerpt":{"rendered":"<p>Aplicativo para Assistir BBB24 ao vivo Bem-vindo!! Descubra a forma definitiva de acompanhar o Big Brother Brasil 24. Experimente a emo\u00e7\u00e3o do reality show mais envolvente do Brasil ao vivo, diretamente no seu dispositivo. Com este aplicativo, voc\u00ea est\u00e1 sempre no cora\u00e7\u00e3o da casa mais vigiada do pa\u00eds, com acesso a c\u00e2meras ao vivo 24\/7, [&hellip;]<\/p>\n","protected":false},"author":1,"featured_media":0,"parent":0,"menu_order":0,"comment_status":"closed","ping_status":"closed","template":"elementor_canvas","meta":{"footnotes":""},"class_list":["post-7418","page","type-page","status-publish","hentry"],"_links":{"self":[{"href":"https:\/\/dicasdorei.com\/sv\/wp-json\/wp\/v2\/pages\/7418","targetHints":{"allow":["GET"]}}],"collection":[{"href":"https:\/\/dicasdorei.com\/sv\/wp-json\/wp\/v2\/pages"}],"about":[{"href":"https:\/\/dicasdorei.com\/sv\/wp-json\/wp\/v2\/types\/page"}],"author":[{"embeddable":true,"href":"https:\/\/dicasdorei.com\/sv\/wp-json\/wp\/v2\/users\/1"}],"replies":[{"embeddable":true,"href":"https:\/\/dicasdorei.com\/sv\/wp-json\/wp\/v2\/comments?post=7418"}],"version-history":[{"count":9,"href":"https:\/\/dicasdorei.com\/sv\/wp-json\/wp\/v2\/pages\/7418\/revisions"}],"predecessor-version":[{"id":7442,"href":"https:\/\/dicasdorei.com\/sv\/wp-json\/wp\/v2\/pages\/7418\/revisions\/7442"}],"wp:attachment":[{"href":"https:\/\/dicasdorei.com\/sv\/wp-json\/wp\/v2\/media?parent=7418"}],"curies":[{"name":"wp","href":"https:\/\/api.w.org\/{rel}","templated":true}]}}