{"id":6665,"date":"2023-09-16T20:06:30","date_gmt":"2023-09-16T23:06:30","guid":{"rendered":"https:\/\/dicasdorei.com\/?page_id=6665"},"modified":"2024-03-01T20:18:16","modified_gmt":"2024-03-01T23:18:16","slug":"grupos-do-whatsapp","status":"publish","type":"page","link":"https:\/\/dicasdorei.com\/sv\/grupos-do-whatsapp\/","title":{"rendered":"WhatsApp-grupper"},"content":{"rendered":"<html><body><p style=\"text-align: center;\">Bem-vindo ao universo das dicas infal\u00edveis e informa\u00e7\u00f5es exclusivas do <strong><a href=\"http:\/\/dicasdorei.com\">Dicasdorei.com<\/a><\/strong>! Se voc\u00ea \u00e9 apaixonado por descobrir os melhores truques para facilitar sua vida no dia a dia, ent\u00e3o temos o convite perfeito para voc\u00ea.<\/p>\n<p style=\"text-align: center;\">Junte-se a n\u00f3s nos nossos grupos de whatsapp e tenha acesso direto a todas as novidades e atualiza\u00e7\u00f5es incr\u00edveis que compartilhamos em nosso site. Aqui, voc\u00ea nunca ficar\u00e1 por fora das dicas mais recentes sobre moda, beleza, sa\u00fade, viagens, tecnologia e muito mais!<\/p>\n<p style=\"text-align: center;\">Em nossos grupos, promovemos uma comunidade acolhedora e ativa, onde voc\u00ea poder\u00e1 interagir com outros entusiastas e compartilhar suas pr\u00f3prias experi\u00eancias. Nossos moderadores est\u00e3o sempre \u00e0 disposi\u00e7\u00e3o para responder suas perguntas e fornecer orienta\u00e7\u00f5es valiosas.<\/p>\n<p style=\"text-align: center;\">Ao fazer parte dos nossos grupos de whatsapp, voc\u00ea receber\u00e1 notifica\u00e7\u00f5es exclusivas sobre os posts mais recentes do Dicasdorei.com, para que voc\u00ea sempre esteja um passo \u00e0 frente. Al\u00e9m disso, compartilharemos conte\u00fados especiais, como ebooks gratuitos, cupons de desconto e brindes exclusivos para nossos membros.<\/p>\n<p style=\"text-align: center;\">N\u00e3o perca a oportunidade de se juntar \u00e0 nossa comunidade de leitores engajados e ter acesso a informa\u00e7\u00f5es valiosas que ir\u00e3o melhorar sua vida em diferentes aspectos. Para participar, basta clicar no link de convite abaixo e seguir as instru\u00e7\u00f5es.<\/p>\n<p style=\"text-align: center;\">Escolha sua linguagem e entre atrav\u00e9s do Link de convite para nossos grupos de Whatsapp:<\/p>\n<p style=\"text-align: center;\"><a class=\"mb-button mb-style-traditional mb-size-default mb-corners-default mb-text-style-default \" style=\"background-color: #2bc470;\" href=\"https:\/\/wa.me\/554791666001?text=Oi\">\u00a0<i class=\"fa fa-arrow-circle-right\"><\/i>\u00a0 LISTA VIP WHATSAPP [PT] ????????<\/a><\/p>\n<p style=\"text-align: center;\"><a class=\"mb-button mb-style-traditional mb-size-default mb-corners-default mb-text-style-default \" style=\"background-color: #2bc470;\" href=\"https:\/\/wa.me\/554791666001?text=Bonjour\">\u00a0<i class=\"fa fa-arrow-circle-right\"><\/i>\u00a0LISTA VIP WHATSAPP [FR] ????????<\/a><\/p>\n<p style=\"text-align: center;\"><a class=\"mb-button mb-style-traditional mb-size-default mb-corners-default mb-text-style-default \" style=\"background-color: #2bc470;\" href=\"https:\/\/wa.me\/554791666001?text=Hola\">\u00a0<i class=\"fa fa-arrow-circle-right\"><\/i>\u00a0 LISTA VIP WHATSAPP [ES] ????????<\/a><\/p>\n<p style=\"text-align: center;\"><a class=\"mb-button mb-style-traditional mb-size-default mb-corners-default mb-text-style-default \" style=\"background-color: #2bc470;\" href=\"https:\/\/wa.me\/554791666001?text=Hello\">\u00a0<i class=\"fa fa-arrow-circle-right\"><\/i>\u00a0 LISTA VIP WHATSAPP [EN] ????????<\/a><\/p>\n<p style=\"text-align: center;\"><a class=\"mb-button mb-style-traditional mb-size-default mb-corners-default mb-text-style-default \" style=\"background-color: #2bc470;\" href=\"https:\/\/wa.me\/554791666001?text=Hallo\">\u00a0<i class=\"fa fa-arrow-circle-right\"><\/i>\u00a0 LISTA VIP WHATSAPP [DE] ????????<\/a><\/p>\n<p style=\"text-align: center;\"><a class=\"mb-button mb-style-traditional mb-size-default mb-corners-default mb-text-style-default \" style=\"background-color: #2bc470;\" href=\"https:\/\/wa.me\/554791666001?text=Zdravo\">\u00a0<i class=\"fa fa-arrow-circle-right\"><\/i>\u00a0 LISTA VIP WHATSAPP [BS] ????????<\/a><\/p>\n<p style=\"text-align: center;\"><a class=\"mb-button mb-style-traditional mb-size-default mb-corners-default mb-text-style-default \" style=\"background-color: #2bc470;\" href=\"https:\/\/wa.me\/554791666001?text=Nastaviti\">\u00a0<i class=\"fa fa-arrow-circle-right\"><\/i>\u00a0 LISTA VIP WHATSAPP [HR] ????????<\/a><\/p>\n<p style=\"text-align: center;\"><a class=\"mb-button mb-style-traditional mb-size-default mb-corners-default mb-text-style-default \" style=\"background-color: #2bc470;\" href=\"https:\/\/wa.me\/554791666001?text=Folytatni\">\u00a0<i class=\"fa fa-arrow-circle-right\"><\/i>\u00a0 LISTA VIP WHATSAPP [HU] ????????<\/a><\/p>\n<p style=\"text-align: center;\"><a class=\"mb-button mb-style-traditional mb-size-default mb-corners-default mb-text-style-default \" style=\"background-color: #2bc470;\" href=\"https:\/\/wa.me\/554791666001?text=Kontynuowa%C4%87\">\u00a0<i class=\"fa fa-arrow-circle-right\"><\/i>\u00a0 LISTA VIP WHATSAPP [PL] ????????<\/a><\/p>\n<p style=\"text-align: center;\"><a class=\"mb-button mb-style-traditional mb-size-default mb-corners-default mb-text-style-default \" style=\"background-color: #2bc470;\" href=\"https:\/\/wa.me\/554791666001?text=Continua\">\u00a0<i class=\"fa fa-arrow-circle-right\"><\/i>\u00a0 LISTA VIP WHATSAPP [IT] ????????<\/a><\/p>\n<p style=\"text-align: center;\"><a class=\"mb-button mb-style-traditional mb-size-default mb-corners-default mb-text-style-default \" style=\"background-color: #2bc470;\" href=\"https:\/\/wa.me\/554791666001?text=%D0%BF%D1%80%D0%BE%D0%B4%D1%8A%D0%BB%D0%B6%D0%B8\">\u00a0<i class=\"fa fa-arrow-circle-right\"><\/i>\u00a0 LISTA VIP WHATSAPP [BG] ????????<\/a><\/p>\n<p style=\"text-align: center;\"><a class=\"mb-button mb-style-traditional mb-size-default mb-corners-default mb-text-style-default \" style=\"background-color: #2bc470;\" href=\"https:\/\/wa.me\/554791666001?text=Devam%20etmek\">\u00a0<i class=\"fa fa-arrow-circle-right\"><\/i>\u00a0 LISTA VIP WHATSAPP [TR] ????????<\/a><\/p>\n<p style=\"text-align: center;\"><a class=\"mb-button mb-style-traditional mb-size-default mb-corners-default mb-text-style-default \" style=\"background-color: #2bc470;\" href=\"https:\/\/wa.me\/554791666001?text=BUNA%20ZIUA\">\u00a0<i class=\"fa fa-arrow-circle-right\"><\/i>\u00a0 LISTA VIP WHATSAPP [RO] ????????<\/a><\/p>\n<p style=\"text-align: center;\"><a class=\"mb-button mb-style-traditional mb-size-default mb-corners-default mb-text-style-default \" style=\"background-color: #2bc470;\" href=\"https:\/\/wa.me\/554791666001?text=%D0%9D%D0%B0%D1%81%D1%82%D0%B0%D0%B2%D0%B8\">\u00a0<i class=\"fa fa-arrow-circle-right\"><\/i>\u00a0 LISTA VIP WHATSAPP [SV] ????????<\/a><\/p>\n<p style=\"text-align: center;\"><a class=\"mb-button mb-style-traditional mb-size-default mb-corners-default mb-text-style-default \" style=\"background-color: #2bc470;\" href=\"https:\/\/wa.me\/554791666001?text=%D0%9F%D1%80%D0%BE%D0%B4%D0%BE%D0%BB%D0%B6%D0%B0%D1%82%D1%8C\">\u00a0<i class=\"fa fa-arrow-circle-right\"><\/i>\u00a0 LISTA VIP WHATSAPP [RU] ????????<\/a><\/p>\n<p style=\"text-align: center;\"><a class=\"mb-button mb-style-traditional mb-size-default mb-corners-default mb-text-style-default \" style=\"background-color: #2bc470;\" href=\"https:\/\/wa.me\/554791666001?text=%D9%8A%D9%83%D9%85%D9%84\">\u00a0<i class=\"fa fa-arrow-circle-right\"><\/i>\u00a0 LISTA VIP WHATSAPP [AR] ????????<\/a><\/p>\n<p style=\"text-align: center;\">Essas dicas imperd\u00edveis no seu celular e se juntar a uma comunidade vibrante de entusiastas. Estamos animados para receb\u00ea-lo em nossos grupos e compartilhar conhecimentos valiosos!<\/p>\n<p style=\"text-align: center;\">IMPORTANTE: Certifique-se de ler e respeitar as regras de nossos grupos de WhatsApp para garantir que todos tenham uma experi\u00eancia positiva e construtiva.<\/p>\n<\/body><\/html>\n\n","protected":false},"excerpt":{"rendered":"<p>Bem-vindo ao universo das dicas infal\u00edveis e informa\u00e7\u00f5es exclusivas do Dicasdorei.com! Se voc\u00ea \u00e9 apaixonado por descobrir os melhores truques para facilitar sua vida no dia a dia, ent\u00e3o temos o convite perfeito para voc\u00ea. Junte-se a n\u00f3s nos nossos grupos de whatsapp e tenha acesso direto a todas as novidades e atualiza\u00e7\u00f5es incr\u00edveis que [&hellip;]<\/p>\n","protected":false},"author":1,"featured_media":0,"parent":0,"menu_order":0,"comment_status":"closed","ping_status":"closed","template":"template-fullpage.php","meta":{"footnotes":""},"class_list":["post-6665","page","type-page","status-publish","hentry"],"_links":{"self":[{"href":"https:\/\/dicasdorei.com\/sv\/wp-json\/wp\/v2\/pages\/6665","targetHints":{"allow":["GET"]}}],"collection":[{"href":"https:\/\/dicasdorei.com\/sv\/wp-json\/wp\/v2\/pages"}],"about":[{"href":"https:\/\/dicasdorei.com\/sv\/wp-json\/wp\/v2\/types\/page"}],"author":[{"embeddable":true,"href":"https:\/\/dicasdorei.com\/sv\/wp-json\/wp\/v2\/users\/1"}],"replies":[{"embeddable":true,"href":"https:\/\/dicasdorei.com\/sv\/wp-json\/wp\/v2\/comments?post=6665"}],"version-history":[{"count":14,"href":"https:\/\/dicasdorei.com\/sv\/wp-json\/wp\/v2\/pages\/6665\/revisions"}],"predecessor-version":[{"id":7580,"href":"https:\/\/dicasdorei.com\/sv\/wp-json\/wp\/v2\/pages\/6665\/revisions\/7580"}],"wp:attachment":[{"href":"https:\/\/dicasdorei.com\/sv\/wp-json\/wp\/v2\/media?parent=6665"}],"curies":[{"name":"wp","href":"https:\/\/api.w.org\/{rel}","templated":true}]}}