{"id":450,"date":"2022-04-08T00:05:27","date_gmt":"2022-04-08T03:05:27","guid":{"rendered":"https:\/\/dicasdorei.com\/?page_id=450"},"modified":"2025-01-25T10:56:35","modified_gmt":"2025-01-25T13:56:35","slug":"terms-of-use","status":"publish","type":"page","link":"https:\/\/dicasdorei.com\/sv\/terms-of-use\/","title":{"rendered":"Anv\u00e4ndarvillkor"},"content":{"rendered":"<html><body><p>1. Villkor<\/p>\n<p>Genom att g\u00e5 in p\u00e5 Dicas do Rei-webbplatsen samtycker du till att vara bunden av dessa tj\u00e4nstevillkor, alla till\u00e4mpliga lagar och f\u00f6rordningar och samtycker till att du \u00e4r ansvarig f\u00f6r att f\u00f6lja alla till\u00e4mpliga lokala lagar. Om du inte godk\u00e4nner n\u00e5gon av dessa villkor \u00e4r du f\u00f6rbjuden att anv\u00e4nda eller komma \u00e5t denna webbplats. Materialet p\u00e5 denna webbplats \u00e4r skyddat av till\u00e4mplig upphovsr\u00e4tt och varum\u00e4rkeslagar.<\/p>\n<p>2. Anv\u00e4ndning av licens<\/p>\n<p>Till\u00e5telse ges att tillf\u00e4lligt ladda ner en kopia av materialet (information eller programvara) p\u00e5 Dicas do Reis webbplats endast f\u00f6r personlig, icke-kommersiell tillf\u00e4llig visning. Detta \u00e4r beviljande av en licens, inte en \u00f6verf\u00f6ring av titel, och under denna licens f\u00e5r du inte:<\/p>\n<p>\u00e4ndra eller kopiera materialet;<br>\nanv\u00e4nda materialet f\u00f6r n\u00e5got kommersiellt syfte eller f\u00f6r n\u00e5gon offentlig visning (kommersiell eller icke-kommersiell);<br>\nf\u00f6rs\u00f6k att dekompilera eller bak\u00e5tkonstruera n\u00e5gon programvara som finns p\u00e5 Dicas do Reis webbplats;<br>\nta bort all upphovsr\u00e4tt eller andra \u00e4gander\u00e4ttsbeteckningar fr\u00e5n materialet; eller<br>\n\u00f6verf\u00f6ra materialet till en annan person eller &quot;spegla&quot; materialet p\u00e5 n\u00e5gon annan server.<\/p>\n<p>Denna licens upph\u00f6r automatiskt om du bryter mot n\u00e5gon av dessa begr\u00e4nsningar och kan s\u00e4gas upp av Dicas do Rei n\u00e4r som helst. N\u00e4r du avslutar din visning av detta material eller vid upps\u00e4gning av denna licens m\u00e5ste du f\u00f6rst\u00f6ra allt nedladdat material i din \u00e4go, oavsett om det \u00e4r i elektroniskt eller tryckt format.<\/p>\n<p>3. Ansvarsfriskrivning<br>\nMaterialet p\u00e5 Dicas do Reis webbplats tillhandah\u00e5lls &quot;i befintligt skick&quot;. King&#039;s Tips l\u00e4mnar inga garantier, vare sig uttryckliga eller underf\u00f6rst\u00e5dda, och fr\u00e5ns\u00e4ger sig och f\u00f6rnekar h\u00e4rmed alla andra garantier, inklusive utan begr\u00e4nsning, underf\u00f6rst\u00e5dda garantier eller villkor f\u00f6r s\u00e4ljbarhet, l\u00e4mplighet f\u00f6r ett visst \u00e4ndam\u00e5l eller icke-intr\u00e5ng i immateriell egendom eller annan kr\u00e4nkning av r\u00e4ttigheter.<br>\nDessutom garanterar eller ger Dicas do Rei inga utf\u00e4stelser om riktigheten, sannolika resultat eller tillf\u00f6rlitligheten av anv\u00e4ndningen av materialet p\u00e5 sin webbplats eller p\u00e5 annat s\u00e4tt relaterat till s\u00e5dant material eller p\u00e5 n\u00e5gra webbplatser som \u00e4r l\u00e4nkade till denna webbplats.<br>\n4. Begr\u00e4nsningar<\/p>\n<p>Under inga omst\u00e4ndigheter ska Dicas do Rei eller dess leverant\u00f6rer h\u00e5llas ansvariga f\u00f6r n\u00e5gra skador (inklusive, utan begr\u00e4nsning, skador f\u00f6r f\u00f6rlust av data eller vinst, eller p\u00e5 grund av aff\u00e4rsavbrott) som uppst\u00e5r till f\u00f6ljd av anv\u00e4ndningen eller of\u00f6rm\u00e5gan att anv\u00e4nda materialet p\u00e5 Dicas do Reis webbplats, \u00e4ven om Dicas do Rei eller en Dicas do Rei auktoriserad representant har underr\u00e4ttats skriftligen om m\u00f6jligheten till en s\u00e5dan skada muntligen eller skriftligen. Eftersom vissa jurisdiktioner inte till\u00e5ter begr\u00e4nsningar av underf\u00f6rst\u00e5dda garantier, eller begr\u00e4nsningar av ansvar f\u00f6r f\u00f6ljdskador eller of\u00f6rutsedda skador, kanske dessa begr\u00e4nsningar inte g\u00e4ller dig.<\/p>\n<p>5. Materialens noggrannhet<\/p>\n<p>Materialet som visas p\u00e5 Dicas do Reis webbplats kan inneh\u00e5lla tekniska, typografiska eller fotografiska fel. Dicas do Rei garanterar inte att n\u00e5got av materialet p\u00e5 dess webbplats \u00e4r korrekt, komplett eller aktuellt. King&#039;s Tips kan g\u00f6ra \u00e4ndringar i materialet som finns p\u00e5 sin webbplats n\u00e4r som helst utan f\u00f6reg\u00e5ende meddelande. Dicas do Rei f\u00f6rbinder sig dock inte att uppdatera materialet.<\/p>\n<p>6. L\u00e4nkar<\/p>\n<p>Dicas do Rei har inte granskat alla webbplatser som \u00e4r l\u00e4nkade till sin webbplats och \u00e4r inte ansvarig f\u00f6r inneh\u00e5llet p\u00e5 n\u00e5gon s\u00e5dan l\u00e4nkad webbplats. Inkluderandet av n\u00e5gon l\u00e4nk inneb\u00e4r inte att Dicas do Rei godk\u00e4nner webbplatsen. Anv\u00e4ndning av en s\u00e5dan l\u00e4nkad webbplats sker p\u00e5 anv\u00e4ndarens egen risk.<\/p>\n<p>\u00c4ndringar<\/p>\n<p>King&#039;s Tips kan revidera dessa anv\u00e4ndarvillkor f\u00f6r sin webbplats n\u00e4r som helst utan f\u00f6reg\u00e5ende meddelande. Genom att anv\u00e4nda denna webbplats samtycker du till att vara bunden av den d\u00e5 aktuella versionen av dessa anv\u00e4ndarvillkor.<\/p>\n<p>Till\u00e4mplig lag<\/p>\n<p>Dessa villkor styrs av och tolkas i enlighet med lagarna i Dicas do Rei och du underkastar dig o\u00e5terkalleligen den exklusiva jurisdiktionen f\u00f6r domstolarna i den staten eller platsen.<\/p>\n<\/body><\/html>","protected":false},"excerpt":{"rendered":"<p>1. Terms By accessing the website\u00a0Dicas do Rei, you agree to be bound by these terms of service, all applicable laws and regulations, and agree that you are responsible for compliance with all applicable local laws. If you do not agree with any of these terms, you are prohibited from using or accessing this site. [&hellip;]<\/p>\n","protected":false},"author":1,"featured_media":0,"parent":0,"menu_order":0,"comment_status":"closed","ping_status":"closed","template":"","meta":{"footnotes":""},"class_list":["post-450","page","type-page","status-publish","hentry"],"_links":{"self":[{"href":"https:\/\/dicasdorei.com\/sv\/wp-json\/wp\/v2\/pages\/450","targetHints":{"allow":["GET"]}}],"collection":[{"href":"https:\/\/dicasdorei.com\/sv\/wp-json\/wp\/v2\/pages"}],"about":[{"href":"https:\/\/dicasdorei.com\/sv\/wp-json\/wp\/v2\/types\/page"}],"author":[{"embeddable":true,"href":"https:\/\/dicasdorei.com\/sv\/wp-json\/wp\/v2\/users\/1"}],"replies":[{"embeddable":true,"href":"https:\/\/dicasdorei.com\/sv\/wp-json\/wp\/v2\/comments?post=450"}],"version-history":[{"count":2,"href":"https:\/\/dicasdorei.com\/sv\/wp-json\/wp\/v2\/pages\/450\/revisions"}],"predecessor-version":[{"id":8728,"href":"https:\/\/dicasdorei.com\/sv\/wp-json\/wp\/v2\/pages\/450\/revisions\/8728"}],"wp:attachment":[{"href":"https:\/\/dicasdorei.com\/sv\/wp-json\/wp\/v2\/media?parent=450"}],"curies":[{"name":"wp","href":"https:\/\/api.w.org\/{rel}","templated":true}]}}