{"id":19,"date":"2022-02-24T21:18:08","date_gmt":"2022-02-25T00:18:08","guid":{"rendered":"https:\/\/dicasdorei.com\/?page_id=19"},"modified":"2025-01-25T10:56:59","modified_gmt":"2025-01-25T13:56:59","slug":"who-is-the-kings-tips-portal","status":"publish","type":"page","link":"https:\/\/dicasdorei.com\/sv\/who-is-the-kings-tips-portal\/","title":{"rendered":"Vem \u00e4r Kungens tipsportal?"},"content":{"rendered":"<html><body><p>Hej! Vi \u00e4r portalen Dicas Do Rei! V\u00e5rt fr\u00e4msta m\u00e5l \u00e4r att du ska f\u00e5 en bra upplevelse n\u00e4r du surfar p\u00e5 v\u00e5r hemsida och att du ska kunna hitta de b\u00e4sta tipsen!<\/p>\n<p>Vi \u00e4r ett digitalt marknadsf\u00f6ringsteam som syftar till att tillhandah\u00e5lla den b\u00e4sta servicen och inneh\u00e5llet f\u00f6r dina applikationer!<\/p>\n<p>M\u00e5nga webbplatser publicerar information som inte \u00e4r sann, men v\u00e5rt m\u00e5l \u00e4r att ge dig det b\u00e4sta och mest sanningsenliga inneh\u00e5llet som m\u00f6jligt!<\/p>\n<p>Vi \u00e4r framf\u00f6r allt intresserade av sanningshalten och integriteten hos v\u00e5rt inneh\u00e5ll.<\/p>\n<p>M\u00e5let med denna webbplats \u00e4r att du ska ha b\u00e4sta m\u00f6jliga navigering och att du ska njuta av v\u00e5rt inneh\u00e5ll! Vi vill alltid ha dig h\u00e4r hos oss.<\/p>\n<p>ENGAGEMANG TILL ANV\u00c4NDARE AV DICAS DO REI WEBBPLATS<br>\nDet som betyder mest f\u00f6r oss \u00e4r tillfredsst\u00e4llelsen hos v\u00e5ra l\u00e4sare, vi vill ge dig det b\u00e4sta inneh\u00e5llet!<\/p>\n<p>S\u00e5 vi vill g\u00f6ra det v\u00e4ldigt tydligt att vi \u00e4lskar att ha dig h\u00e4r hos oss. Vi gillar ocks\u00e5 verkligen n\u00e4r v\u00e5ra anv\u00e4ndare interagerar med v\u00e5rt team s\u00e5 att vi kan kommunicera och publicera allt du vill se!<\/p>\n<p>Dina fr\u00e5gor, \u00e5sikter och klagom\u00e5l \u00e4r mycket viktiga f\u00f6r oss! V\u00e5rt team kommer g\u00e4rna att analysera allt med stor noggrannhet.<\/p>\n<p>S\u00e5 kontakta oss g\u00e4rna p\u00e5 KONTAKTsidan.<\/p>\n<p>Kom ih\u00e5g att v\u00e5rt team aldrig kommer att g\u00f6ra n\u00e5got som inte \u00e4r korrekt, s\u00e5som SPAM, etc.<\/p>\n<p>V\u00e5rt digitala inneh\u00e5ll tillhandah\u00e5ller i alla inl\u00e4gg:<br>\nSekretesspolicyer;<br>\nKontaktformul\u00e4r;<br>\nWebbplatskarta. (sida som inneh\u00e5ller alla v\u00e5ra publikationer).<\/p>\n<p>Den h\u00e4r sidan skrevs av DICASDOREI-teamet, d\u00e4rf\u00f6r har den all erfarenhet och engagemang fr\u00e5n ett mycket erfaret team.<\/p>\n<p>Vi \u00e4r engagerade i att alltid ge v\u00e5ra l\u00e4sare nya tips och nyheter. Vi anger \u00e4ven datumet f\u00f6r varje inneh\u00e5ll i v\u00e5ra inl\u00e4gg s\u00e5 att du kan h\u00e4nga med i nyheterna!<\/p>\n<p>S\u00e5... sl\u00f6sa inte tid, skicka oss din \u00e5sikt!<\/p>\n<p>Uppriktigt,<\/p>\n<p>DICASDOREI.COM Team<\/p>\n<\/body><\/html>","protected":false},"excerpt":{"rendered":"<p>Hi! We are the portal Dicas Do Rei! Our main goal is for you to have a great experience when browsing our website and for you to be able to find the best tips! We are a digital marketing team that aims to provide the best service and content for you applications! Many websites are [&hellip;]<\/p>\n","protected":false},"author":1,"featured_media":0,"parent":0,"menu_order":0,"comment_status":"closed","ping_status":"closed","template":"","meta":{"footnotes":""},"class_list":["post-19","page","type-page","status-publish","hentry"],"_links":{"self":[{"href":"https:\/\/dicasdorei.com\/sv\/wp-json\/wp\/v2\/pages\/19","targetHints":{"allow":["GET"]}}],"collection":[{"href":"https:\/\/dicasdorei.com\/sv\/wp-json\/wp\/v2\/pages"}],"about":[{"href":"https:\/\/dicasdorei.com\/sv\/wp-json\/wp\/v2\/types\/page"}],"author":[{"embeddable":true,"href":"https:\/\/dicasdorei.com\/sv\/wp-json\/wp\/v2\/users\/1"}],"replies":[{"embeddable":true,"href":"https:\/\/dicasdorei.com\/sv\/wp-json\/wp\/v2\/comments?post=19"}],"version-history":[{"count":2,"href":"https:\/\/dicasdorei.com\/sv\/wp-json\/wp\/v2\/pages\/19\/revisions"}],"predecessor-version":[{"id":8729,"href":"https:\/\/dicasdorei.com\/sv\/wp-json\/wp\/v2\/pages\/19\/revisions\/8729"}],"wp:attachment":[{"href":"https:\/\/dicasdorei.com\/sv\/wp-json\/wp\/v2\/media?parent=19"}],"curies":[{"name":"wp","href":"https:\/\/api.w.org\/{rel}","templated":true}]}}