{"id":17,"date":"2022-02-24T21:16:52","date_gmt":"2022-02-25T00:16:52","guid":{"rendered":"https:\/\/dicasdorei.com\/?page_id=17"},"modified":"2025-01-25T10:57:42","modified_gmt":"2025-01-25T13:57:42","slug":"privacy-policy","status":"publish","type":"page","link":"https:\/\/dicasdorei.com\/sv\/privacy-policy\/","title":{"rendered":"Sekretesspolicy"},"content":{"rendered":"<html><body><p>Din integritet \u00e4r viktig f\u00f6r oss. Det \u00e4r Dicas do Reis policy att respektera din integritet ang\u00e5ende all information vi kan samla in fr\u00e5n dig p\u00e5 Dicas do Rei-webbplatsen och andra webbplatser som vi \u00e4ger och driver.<\/p>\n<p>Vi ber bara om personlig information n\u00e4r vi verkligen beh\u00f6ver den f\u00f6r att kunna tillhandah\u00e5lla en tj\u00e4nst till dig. Vi samlar in det p\u00e5 r\u00e4ttvisa och lagliga s\u00e4tt, med din kunskap och ditt samtycke. Vi l\u00e5ter dig ocks\u00e5 veta varf\u00f6r vi samlar in den och hur den kommer att anv\u00e4ndas.<\/p>\n<p>Vi beh\u00e5ller endast insamlad information s\u00e5 l\u00e4nge som det \u00e4r n\u00f6dv\u00e4ndigt f\u00f6r att ge dig den efterfr\u00e5gade tj\u00e4nsten. Vilken data vi lagrar kommer vi att skydda inom kommersiellt acceptabla metoder f\u00f6r att f\u00f6rhindra f\u00f6rlust och st\u00f6ld, s\u00e5v\u00e4l som obeh\u00f6rig \u00e5tkomst, avsl\u00f6jande, kopiering, anv\u00e4ndning eller modifiering.<\/p>\n<p>Vi delar inte personligt identifierbar information offentligt eller med tredje part, f\u00f6rutom n\u00e4r det kr\u00e4vs enligt lag.<\/p>\n<p>V\u00e5r webbplats kan inneh\u00e5lla l\u00e4nkar till externa webbplatser som inte drivs av oss. Var medveten om att vi inte har n\u00e5gon kontroll \u00f6ver inneh\u00e5llet och praxis p\u00e5 dessa webbplatser, och kan inte acceptera ansvar eller ansvar f\u00f6r deras respektive integritetspolicyer.<\/p>\n<p>Du \u00e4r fri att avsl\u00e5 v\u00e5r beg\u00e4ran om din personliga information, med f\u00f6ruts\u00e4ttningen att vi kanske inte kan ge dig n\u00e5gra av dina \u00f6nskade tj\u00e4nster.<\/p>\n<p>Din fortsatta anv\u00e4ndning av v\u00e5r webbplats kommer att betraktas som ett godk\u00e4nnande av v\u00e5r praxis kring integritet och personlig information. Om du har n\u00e5gra fr\u00e5gor om hur vi hanterar anv\u00e4ndardata och personlig information, v\u00e4nligen kontakta oss.<\/p>\n<h2>King&#039;s Tips Cookie Policy<br>\nVad \u00e4r cookies?<\/h2>\n<p>Som det \u00e4r vanligt med n\u00e4stan alla professionella webbplatser anv\u00e4nder denna webbplats cookies, som \u00e4r sm\u00e5 filer som laddas ner till din dator, f\u00f6r att f\u00f6rb\u00e4ttra din upplevelse. Den h\u00e4r sidan beskriver vilken information de samlar in, hur vi anv\u00e4nder den och varf\u00f6r vi ibland beh\u00f6ver lagra dessa cookies. Vi kommer ocks\u00e5 att dela hur du kan f\u00f6rhindra att dessa cookies lagras, men detta kan nedgradera eller &quot;bryta&quot; vissa delar av webbplatsens funktionalitet.<\/p>\n<h2>Hur anv\u00e4nder vi cookies?<\/h2>\n<p>Vi anv\u00e4nder cookies av en m\u00e4ngd olika sk\u00e4l som beskrivs nedan. Tyv\u00e4rr finns det i de flesta fall inga branschstandardalternativ f\u00f6r att inaktivera cookies utan att helt inaktivera funktionaliteten och funktionerna som de l\u00e4gger till p\u00e5 denna webbplats. Det rekommenderas att du l\u00e4mnar p\u00e5 alla cookies om du inte \u00e4r s\u00e4ker p\u00e5 om du beh\u00f6ver dem eller inte ifall de anv\u00e4nds f\u00f6r att tillhandah\u00e5lla en tj\u00e4nst som du anv\u00e4nder.<\/p>\n<p>Inaktiverar cookies<\/p>\n<p>Du kan f\u00f6rhindra inst\u00e4llningen av cookies genom att justera inst\u00e4llningarna i din webbl\u00e4sare (se webbl\u00e4sarens hj\u00e4lp f\u00f6r hur du g\u00f6r detta). Var medveten om att inaktivering av cookies kommer att p\u00e5verka funktionen hos denna och m\u00e5nga andra webbplatser som du bes\u00f6ker. Inaktivering av cookies kommer vanligtvis att leda till att vissa funktioner och funktioner p\u00e5 denna webbplats inaktiveras. D\u00e4rf\u00f6r rekommenderas att du inte inaktiverar cookies.<\/p>\n<h2>Cookies vi s\u00e4tter<\/h2>\n<p>Kontorelaterade cookies Om du skapar ett konto hos oss kommer vi att anv\u00e4nda cookies f\u00f6r hantering av registreringsprocessen och allm\u00e4n administration. Dessa cookies kommer vanligtvis att raderas n\u00e4r du loggar ut men i vissa fall kan de finnas kvar efter\u00e5t f\u00f6r att komma ih\u00e5g dina webbplatsinst\u00e4llningar n\u00e4r du loggar ut.<br>\nInloggningsrelaterade cookies Vi anv\u00e4nder cookies n\u00e4r du \u00e4r inloggad s\u00e5 att vi kan komma ih\u00e5g detta. Detta f\u00f6rhindrar att du beh\u00f6ver logga in varje g\u00e5ng du bes\u00f6ker en ny sida. Dessa cookies tas vanligtvis bort eller rensas n\u00e4r du loggar ut f\u00f6r att s\u00e4kerst\u00e4lla att du bara kan komma \u00e5t begr\u00e4nsade funktioner och omr\u00e5den n\u00e4r du \u00e4r inloggad.<br>\nE-post nyhetsbrev relaterade cookies Den h\u00e4r webbplatsen erbjuder nyhetsbrev eller e-postprenumerationstj\u00e4nster och cookies kan anv\u00e4ndas f\u00f6r att komma ih\u00e5g om du redan \u00e4r registrerad och om du ska visa vissa meddelanden som kanske bara \u00e4r giltiga f\u00f6r prenumererade\/avregistrerade anv\u00e4ndare.<br>\nBest\u00e4llningsbearbetningsrelaterade cookies Denna webbplats erbjuder e-handel eller betalningsm\u00f6jligheter och vissa cookies \u00e4r n\u00f6dv\u00e4ndiga f\u00f6r att s\u00e4kerst\u00e4lla att din best\u00e4llning kommer ih\u00e5g mellan sidorna s\u00e5 att vi kan behandla den korrekt.<br>\nUnders\u00f6kningsrelaterade cookies D\u00e5 och d\u00e5 erbjuder vi unders\u00f6kningar och fr\u00e5geformul\u00e4r f\u00f6r att ge dig intressanta insikter, anv\u00e4ndbara verktyg eller f\u00f6r att f\u00f6rst\u00e5 v\u00e5r anv\u00e4ndarbas mer exakt. Dessa unders\u00f6kningar kan anv\u00e4nda cookies f\u00f6r att komma ih\u00e5g vem som redan har deltagit i en unders\u00f6kning eller f\u00f6r att ge dig korrekta resultat efter att du byter sida.<br>\nFormul\u00e4rrelaterade cookies N\u00e4r du skickar data till via ett formul\u00e4r som de som finns p\u00e5 kontaktsidor eller kommentarsformul\u00e4r kan cookies st\u00e4llas in f\u00f6r att komma ih\u00e5g dina anv\u00e4ndaruppgifter f\u00f6r framtida korrespondens.<br>\nWebbplatspreferenser Cookies F\u00f6r att ge dig en bra upplevelse p\u00e5 den h\u00e4r webbplatsen tillhandah\u00e5ller vi funktionen f\u00f6r att st\u00e4lla in dina preferenser f\u00f6r hur den h\u00e4r webbplatsen k\u00f6rs n\u00e4r du anv\u00e4nder den. F\u00f6r att komma ih\u00e5g dina preferenser m\u00e5ste vi<\/p>\n<\/body><\/html>","protected":false},"excerpt":{"rendered":"<p>Your privacy is important to us. It is Dicas do Rei\u2019s policy to respect your privacy regarding any information we may collect from you across the Dicas do Rei website, and other sites we own and operate. We only ask for personal information when we truly need it to provide a service to you. We [&hellip;]<\/p>\n","protected":false},"author":1,"featured_media":0,"parent":0,"menu_order":0,"comment_status":"closed","ping_status":"closed","template":"","meta":{"footnotes":""},"class_list":["post-17","page","type-page","status-publish","hentry"],"_links":{"self":[{"href":"https:\/\/dicasdorei.com\/sv\/wp-json\/wp\/v2\/pages\/17","targetHints":{"allow":["GET"]}}],"collection":[{"href":"https:\/\/dicasdorei.com\/sv\/wp-json\/wp\/v2\/pages"}],"about":[{"href":"https:\/\/dicasdorei.com\/sv\/wp-json\/wp\/v2\/types\/page"}],"author":[{"embeddable":true,"href":"https:\/\/dicasdorei.com\/sv\/wp-json\/wp\/v2\/users\/1"}],"replies":[{"embeddable":true,"href":"https:\/\/dicasdorei.com\/sv\/wp-json\/wp\/v2\/comments?post=17"}],"version-history":[{"count":3,"href":"https:\/\/dicasdorei.com\/sv\/wp-json\/wp\/v2\/pages\/17\/revisions"}],"predecessor-version":[{"id":8731,"href":"https:\/\/dicasdorei.com\/sv\/wp-json\/wp\/v2\/pages\/17\/revisions\/8731"}],"wp:attachment":[{"href":"https:\/\/dicasdorei.com\/sv\/wp-json\/wp\/v2\/media?parent=17"}],"curies":[{"name":"wp","href":"https:\/\/api.w.org\/{rel}","templated":true}]}}