{"id":7418,"date":"2024-02-15T05:03:22","date_gmt":"2024-02-15T08:03:22","guid":{"rendered":"https:\/\/dicasdorei.com\/?page_id=7418"},"modified":"2024-02-15T05:26:22","modified_gmt":"2024-02-15T08:26:22","slug":"bbb24","status":"publish","type":"page","link":"https:\/\/dicasdorei.com\/ru\/bbb24\/","title":{"rendered":"\u0412\u0412\u041224"},"content":{"rendered":"<html><body><h2><a href=\"https:\/\/dicasdorei.com\/ru\/aplicativos\/aplicativo-para-assistir-o-bbb24-ao-vivo\/\" class=\"broken_link\"><b><u>\u041f\u0440\u0438\u043b\u043e\u0436\u0435\u043d\u0438\u0435 \u0434\u043b\u044f \u043f\u0440\u043e\u0441\u043c\u043e\u0442\u0440\u0430 BBB24 \u0432 \u043f\u0440\u044f\u043c\u043e\u043c \u044d\u0444\u0438\u0440\u0435<br>\n<\/u><\/b><\/a><\/h2>\n<style>\n.progress {\n    display: flex;\n    height: 5px;\n    overflow: hidden;\n    font-size: .75rem;\n    background-color: #e9ecef;\n    border-radius: .25rem;\n}\n.progress-bar {\n    display: flex;\n    flex-direction: column;\n    justify-content: center;\n    overflow: hidden;\n    color: #fff;\n    text-align: center;\n    white-space: nowrap;\n    background-color: #0d6efd;\n    transition: width .6s ease;\n}\nli.elementor-icon-list-item {\n    background-color: #f3f4f6;\n    padding: 15px!important;\n    border-radius: 5px;\n}\n<\/style>\n<p><strong>\u0414\u043e\u0431\u0440\u043e \u043f\u043e\u0436\u0430\u043b\u043e\u0432\u0430\u0442\u044c!!<\/strong> <strong>\u041e\u0442\u043a\u0440\u043e\u0439\u0442\u0435 \u0434\u043b\u044f \u0441\u0435\u0431\u044f \u043d\u0430\u0438\u043b\u0443\u0447\u0448\u0438\u0439 \u0441\u043f\u043e\u0441\u043e\u0431 \u0441\u043b\u0435\u0434\u0438\u0442\u044c \u0437\u0430 Big Brother Brasil 24.<\/strong> \u041e\u0449\u0443\u0442\u0438\u0442\u0435 \u043e\u0441\u0442\u0440\u044b\u0435 \u043e\u0449\u0443\u0449\u0435\u043d\u0438\u044f \u043e\u0442 \u0441\u0430\u043c\u043e\u0433\u043e \u0437\u0430\u0445\u0432\u0430\u0442\u044b\u0432\u0430\u044e\u0449\u0435\u0433\u043e \u0440\u0435\u0430\u043b\u0438\u0442\u0438-\u0448\u043e\u0443 \u0411\u0440\u0430\u0437\u0438\u043b\u0438\u0438 \u0432 \u043f\u0440\u044f\u043c\u043e\u043c \u044d\u0444\u0438\u0440\u0435 \u043f\u0440\u044f\u043c\u043e \u043d\u0430 \u0441\u0432\u043e\u0451\u043c \u0443\u0441\u0442\u0440\u043e\u0439\u0441\u0442\u0432\u0435. \u0421 \u044d\u0442\u0438\u043c \u043f\u0440\u0438\u043b\u043e\u0436\u0435\u043d\u0438\u0435\u043c \u0432\u044b \u0432\u0441\u0435\u0433\u0434\u0430 \u0431\u0443\u0434\u0435\u0442\u0435 \u0432 \u0446\u0435\u043d\u0442\u0440\u0435 \u0441\u043e\u0431\u044b\u0442\u0438\u0439 \u0441\u0430\u043c\u043e\u0433\u043e \u043f\u043e\u043f\u0443\u043b\u044f\u0440\u043d\u043e\u0433\u043e \u0434\u043e\u043c\u0430 \u0441\u0442\u0440\u0430\u043d\u044b, \u0438\u043c\u0435\u044f \u043a\u0440\u0443\u0433\u043b\u043e\u0441\u0443\u0442\u043e\u0447\u043d\u044b\u0439 \u0434\u043e\u0441\u0442\u0443\u043f \u043a \u043a\u0430\u043c\u0435\u0440\u0430\u043c \u043f\u0440\u044f\u043c\u043e\u0439 \u0442\u0440\u0430\u043d\u0441\u043b\u044f\u0446\u0438\u0438, \u0447\u0442\u043e\u0431\u044b \u043d\u0435 \u043f\u0440\u043e\u043f\u0443\u0441\u0442\u0438\u0442\u044c \u043d\u0438 \u043e\u0434\u043d\u043e\u0433\u043e \u043c\u043e\u043c\u0435\u043d\u0442\u0430 \u043d\u0438 \u0434\u043d\u0451\u043c, \u043d\u0438 \u043d\u043e\u0447\u044c\u044e.<\/p>\n<p>\t\t\t\t\t\t\t\t\t\t\t\t\t\t<a href=\"https:\/\/dicasdorei.com\/ru\/aplicativos\/aplicativo-para-assistir-o-bbb24-ao-vivo\/\" class=\"broken_link\"><br>\n\t\t\t\t\t\t\t<img loading=\"lazy\" decoding=\"async\" width=\"768\" height=\"853\" src=\"https:\/\/dicasdorei.com\/wp-content\/uploads\/2024\/02\/filters_quality75-1.webp\" alt=\"\" srcset=\"https:\/\/dicasdorei.com\/wp-content\/uploads\/2024\/02\/filters_quality75-1.webp 768w, https:\/\/dicasdorei.com\/wp-content\/uploads\/2024\/02\/filters_quality75-1-270x300.webp 270w, https:\/\/dicasdorei.com\/wp-content\/uploads\/2024\/02\/filters_quality75-1-11x12.webp 11w\" sizes=\"auto, (max-width: 768px) 100vw, 768px\">\t\t\t\t\t\t\t\t<\/a><\/p>\n<h2><a href=\"https:\/\/dicasdorei.com\/ru\/aplicativos\/aplicativo-para-assistir-o-bbb24-ao-vivo\/\" class=\"broken_link\">\u041f\u0440\u0438\u043b\u043e\u0436\u0435\u043d\u0438\u0435 \u0434\u043b\u044f \u043f\u0440\u043e\u0441\u043c\u043e\u0442\u0440\u0430 BBB24 \u0432 \u043f\u0440\u044f\u043c\u043e\u043c \u044d\u0444\u0438\u0440\u0435<\/a><\/h2>\n<ul>\n<li><strong>\u041d\u0435\u043e\u0433\u0440\u0430\u043d\u0438\u0447\u0435\u043d\u043d\u044b\u0439 \u0434\u043e\u0441\u0442\u0443\u043f:<\/strong> \u0421\u043c\u043e\u0442\u0440\u0438\u0442\u0435 \u0432\u0441\u0435 \u043f\u0440\u044f\u043c\u044b\u0435 \u0442\u0440\u0430\u043d\u0441\u043b\u044f\u0446\u0438\u0438 \u0441\u043e \u0432\u0441\u0435\u0445 \u043a\u0430\u043c\u0435\u0440 BBB24, \u0438\u043c\u0435\u044f \u0432\u043e\u0437\u043c\u043e\u0436\u043d\u043e\u0441\u0442\u044c \u0441\u0432\u043e\u0431\u043e\u0434\u043d\u043e \u043f\u0435\u0440\u0435\u043a\u043b\u044e\u0447\u0430\u0442\u044c\u0441\u044f \u043c\u0435\u0436\u0434\u0443 \u0440\u0430\u0437\u043d\u044b\u043c\u0438 \u0443\u0433\u043b\u0430\u043c\u0438, \u043a\u0430\u043a \u0431\u0443\u0434\u0442\u043e \u0432\u044b \u043d\u0430\u0445\u043e\u0434\u0438\u0442\u0435\u0441\u044c \u0442\u0430\u043c.<\/li>\n<li><strong>\u041e\u043f\u043e\u0432\u0435\u0449\u0435\u043d\u0438\u044f \u0432 \u0440\u0435\u0430\u043b\u044c\u043d\u043e\u043c \u0432\u0440\u0435\u043c\u0435\u043d\u0438:<\/strong> \u041f\u043e\u043b\u0443\u0447\u0430\u0439\u0442\u0435 \u0443\u0432\u0435\u0434\u043e\u043c\u043b\u0435\u043d\u0438\u044f \u043e \u0432\u0430\u0436\u043d\u044b\u0445 \u0441\u043e\u0431\u044b\u0442\u0438\u044f\u0445 \u0438 \u0438\u0437\u043c\u0435\u043d\u0435\u043d\u0438\u044f\u0445 \u0432 \u0438\u0433\u0440\u0435, \u0447\u0442\u043e\u0431\u044b \u0432\u044b \u043c\u043e\u0433\u043b\u0438 \u043f\u043e\u0434\u043a\u043b\u044e\u0447\u0438\u0442\u044c\u0441\u044f \u043a \u0438\u0433\u0440\u0435 \u0432 \u0441\u0430\u043c\u044b\u0435 \u043a\u0440\u0438\u0442\u0438\u0447\u0435\u0441\u043a\u0438\u0435 \u043c\u043e\u043c\u0435\u043d\u0442\u044b.<\/li>\n<li><strong>\u042d\u043a\u0441\u043a\u043b\u044e\u0437\u0438\u0432\u043d\u044b\u0439 \u043a\u043e\u043d\u0442\u0435\u043d\u0442:<\/strong> \u041d\u0430\u0441\u043b\u0430\u0436\u0434\u0430\u0439\u0442\u0435\u0441\u044c \u0438\u043d\u0442\u0435\u0440\u0432\u044c\u044e, \u0430\u043d\u0430\u043b\u0438\u0442\u0438\u043a\u043e\u0439 \u0438 \u0441\u043f\u0435\u0446\u0438\u0430\u043b\u044c\u043d\u044b\u043c \u043a\u043e\u043d\u0442\u0435\u043d\u0442\u043e\u043c, \u0434\u043e\u0441\u0442\u0443\u043f\u043d\u044b\u043c \u0442\u043e\u043b\u044c\u043a\u043e \u043f\u043e\u043b\u044c\u0437\u043e\u0432\u0430\u0442\u0435\u043b\u044f\u043c \u043f\u0440\u0438\u043b\u043e\u0436\u0435\u043d\u0438\u044f.<\/li>\n<li><strong>\u0418\u043d\u0442\u0435\u0440\u0430\u043a\u0442\u0438\u0432\u043d\u043e\u0441\u0442\u044c:<\/strong> \u0413\u043e\u043b\u043e\u0441\u0443\u0439\u0442\u0435 \u043d\u0430 \u0441\u0442\u0435\u043d\u0430\u0445, \u0443\u0447\u0430\u0441\u0442\u0432\u0443\u0439\u0442\u0435 \u0432 \u043e\u043f\u0440\u043e\u0441\u0430\u0445 \u0438 \u043f\u043e\u043b\u0443\u0447\u0438\u0442\u0435 \u0432\u043e\u0437\u043c\u043e\u0436\u043d\u043e\u0441\u0442\u044c \u0432\u043b\u0438\u044f\u0442\u044c \u043d\u0430 \u0438\u0433\u0440\u0443 \u043f\u0440\u044f\u043c\u043e \u0441\u043e \u0441\u0432\u043e\u0435\u0433\u043e \u0441\u043c\u0430\u0440\u0442\u0444\u043e\u043d\u0430.<\/li>\n<li><strong>HD-\u043a\u0430\u0447\u0435\u0441\u0442\u0432\u043e:<\/strong> \u041d\u0430\u0441\u043b\u0430\u0436\u0434\u0430\u0439\u0442\u0435\u0441\u044c \u0432\u044b\u0441\u043e\u043a\u043e\u043a\u0430\u0447\u0435\u0441\u0442\u0432\u0435\u043d\u043d\u044b\u043c \u043f\u0440\u043e\u0441\u043c\u043e\u0442\u0440\u043e\u043c, \u0433\u0430\u0440\u0430\u043d\u0442\u0438\u0440\u0443\u044f, \u0447\u0442\u043e \u0432\u044b \u0443\u0432\u0438\u0434\u0438\u0442\u0435 \u043a\u0430\u0436\u0434\u0443\u044e \u0434\u0435\u0442\u0430\u043b\u044c \u043f\u0440\u043e\u0438\u0441\u0445\u043e\u0434\u044f\u0449\u0435\u0433\u043e \u0432 \u0434\u043e\u043c\u0435.<\/li>\n<\/ul>\n<p>\t\t\t<a href=\"https:\/\/dicasdorei.com\/ru\/aplicativos\/aplicativo-para-assistir-o-bbb24-ao-vivo\/\" class=\"broken_link\"><br>\n\t\t\t\t\t\t\u27a1 \u041f\u0420\u0418\u041b\u041e\u0416\u0415\u041d\u0418\u0415 \u0414\u041b\u042f \u041f\u0420\u041e\u0421\u041c\u041e\u0422\u0420\u0410 BBB24 \u0412 \u041f\u0420\u042f\u041c\u041e\u041c \u042d\u0424\u0418\u0420\u0415<br>\n\t\t\t\t\t<\/a><\/p>\n<h3><a href=\"https:\/\/dicasdorei.com\/ru\/aplicativos\/aplicativo-para-assistir-o-bbb24-ao-vivo\/\" class=\"broken_link\"><b>\u041f\u0440\u0435\u0438\u043c\u0443\u0449\u0435\u0441\u0442\u0432\u0430 \u043f\u0440\u0438\u043b\u043e\u0436\u0435\u043d\u0438\u044f \u0434\u043b\u044f \u043f\u0440\u043e\u0441\u043c\u043e\u0442\u0440\u0430 BBB24 \u0432 \u043f\u0440\u044f\u043c\u043e\u043c \u044d\u0444\u0438\u0440\u0435<\/b><\/a><\/h3>\n<ul>\n<li>\n\t\t\t\t\t\t\t\t\t\t\t<a href=\"https:\/\/dicasdorei.com\/ru\/aplicativos\/aplicativo-para-assistir-o-bbb24-ao-vivo\/\" class=\"broken_link\"><br>\n\t\t\t\t\t\t\t\t\t\t<font color=\"#000000\" face=\"Roboto, RobotoDraft, Helvetica, Arial, sans-serif\">\u0411\u0415\u0421\u041f\u041b\u0410\u0422\u041d\u041e\u0415 \u041f\u0420\u0418\u041b\u041e\u0416\u0415\u041d\u0418\u0415<\/font><br>\n\t\t\t\t\t\t\t\t\t\t\t<\/a>\n\t\t\t\t\t\t\t\t\t<\/li>\n<li>\n\t\t\t\t\t\t\t\t\t\t\t<a href=\"https:\/\/dicasdorei.com\/ru\/aplicativos\/aplicativo-para-assistir-o-bbb24-ao-vivo\/\" class=\"broken_link\"><br>\n\t\t\t\t\t\t\t\t\t\t\u0411\u0415\u0417 \u041f\u0415\u0420\u0415\u0420\u042b\u0412\u041e\u0412<br>\n\t\t\t\t\t\t\t\t\t\t\t<\/a>\n\t\t\t\t\t\t\t\t\t<\/li>\n<li>\n\t\t\t\t\t\t\t\t\t\t\t<a href=\"https:\/\/dicasdorei.com\/ru\/aplicativos\/aplicativo-para-assistir-o-bbb24-ao-vivo\/\" class=\"broken_link\"><br>\n\t\t\t\t\t\t\t\t\t\t\u0421\u041b\u0415\u0414\u0418\u0422\u0415 \u0418\u0417 \u041b\u042e\u0411\u041e\u0413\u041e \u041c\u0415\u0421\u0422\u0410<br>\n\t\t\t\t\t\t\t\t\t\t\t<\/a>\n\t\t\t\t\t\t\t\t\t<\/li>\n<li>\n\t\t\t\t\t\t\t\t\t\t\t<a href=\"https:\/\/dicasdorei.com\/ru\/aplicativos\/aplicativo-para-assistir-o-bbb24-ao-vivo\/\" class=\"broken_link\"><br>\n\t\t\t\t\t\t\t\t\t\t\u041d\u0415\u041e\u0413\u0420\u0410\u041d\u0418\u0427\u0415\u041d\u041d\u042b\u0419 \u0414\u041e\u0421\u0422\u0423\u041f<br>\n\t\t\t\t\t\t\t\t\t\t\t<\/a>\n\t\t\t\t\t\t\t\t\t<\/li>\n<\/ul>\n<ul>\n<li>\n\t\t\t\t\t\t\t\t\t\t\t<a href=\"https:\/\/dicasdorei.com\/ru\/aplicativos\/aplicativo-para-assistir-o-bbb24-ao-vivo\/\" class=\"broken_link\"><br>\n\t\t\t\t\t\t\t\t\t\t\u041b\u0415\u0413\u041a\u041e \u0423\u0421\u0422\u0410\u041d\u041e\u0412\u0418\u0422\u042c \u0418 \u0418\u0421\u041f\u041e\u041b\u042c\u0417\u041e\u0412\u0410\u0422\u042c<br>\n\t\t\t\t\t\t\t\t\t\t\t<\/a>\n\t\t\t\t\t\t\t\t\t<\/li>\n<li>\n\t\t\t\t\t\t\t\t\t\t\t<a href=\"https:\/\/dicasdorei.com\/ru\/aplicativos\/aplicativo-para-assistir-o-bbb24-ao-vivo\/\" class=\"broken_link\"><br>\n\t\t\t\t\t\t\t\t\t\t\u0412\u0410\u041c \u041d\u0415 \u041d\u0423\u0416\u041d\u041e \u041d\u0418\u0427\u0415\u0413\u041e \u041f\u041e\u0414\u041f\u0418\u0421\u042b\u0412\u0410\u0422\u042c<br>\n\t\t\t\t\t\t\t\t\t\t\t<\/a>\n\t\t\t\t\t\t\t\t\t<\/li>\n<li>\n\t\t\t\t\t\t\t\t\t\t\t<a href=\"https:\/\/dicasdorei.com\/ru\/aplicativos\/aplicativo-para-assistir-o-bbb24-ao-vivo\/\" class=\"broken_link\"><br>\n\t\t\t\t\t\t\t\t\t\t\u042d\u041a\u0421\u041a\u041b\u042e\u0417\u0418\u0412\u041d\u042b\u0419 \u041a\u041e\u041d\u0422\u0415\u041d\u0422<br>\n\t\t\t\t\t\t\t\t\t\t\t<\/a>\n\t\t\t\t\t\t\t\t\t<\/li>\n<li>\n\t\t\t\t\t\t\t\t\t\t\t<a href=\"https:\/\/dicasdorei.com\/ru\/aplicativos\/aplicativo-para-assistir-o-bbb24-ao-vivo\/\" class=\"broken_link\"><br>\n\t\t\t\t\t\t\t\t\t\t\u042d\u041a\u0421\u041a\u041b\u042e\u0417\u0418\u0412\u041d\u042b\u0415 \u041a\u0410\u041c\u0415\u0420\u042b<br>\n\t\t\t\t\t\t\t\t\t\t\t<\/a>\n\t\t\t\t\t\t\t\t\t<\/li>\n<\/ul>\n<p>\u00a0<\/p>\n<p>\u041d\u0435 \u043f\u0440\u043e\u043f\u0443\u0441\u0442\u0438\u0442\u0435 \u0441\u0430\u043c\u044b\u0439 \u0438\u043d\u043d\u043e\u0432\u0430\u0446\u0438\u043e\u043d\u043d\u044b\u0439 \u0432\u044b\u043f\u0443\u0441\u043a \u0448\u043e\u0443 \u00ab\u0411\u043e\u043b\u044c\u0448\u043e\u0439 \u0431\u0440\u0430\u0442 \u0411\u0440\u0430\u0437\u0438\u043b\u0438\u044f\u00bb. \u0423 \u0432\u0430\u0441 \u0435\u0441\u0442\u044c VIP-\u0431\u0438\u043b\u0435\u0442, \u0447\u0442\u043e\u0431\u044b \u0443\u0432\u0438\u0434\u0435\u0442\u044c \u0432\u0441\u0435 \u0437\u0430\u0433\u043e\u0432\u043e\u0440\u044b, \u0441\u0443\u0434\u0435\u0431\u043d\u044b\u0435 \u043f\u0440\u043e\u0446\u0435\u0441\u0441\u044b \u0438 \u043b\u044e\u0431\u043e\u0432\u043d\u044b\u0435 \u0438\u0441\u0442\u043e\u0440\u0438\u0438 \u0432 \u043f\u0440\u044f\u043c\u043e\u043c \u044d\u0444\u0438\u0440\u0435. <strong>\u0417\u0430\u0433\u0440\u0443\u0437\u0438\u0442\u0435 \u043f\u0440\u0438\u043b\u043e\u0436\u0435\u043d\u0438\u0435 \u043f\u0440\u044f\u043c\u043e \u0441\u0435\u0439\u0447\u0430\u0441 \u0438 \u0441\u0442\u0430\u043d\u044c\u0442\u0435 \u0447\u0430\u0441\u0442\u044c\u044e BBB24, \u043a\u0430\u043a \u043d\u0438\u043a\u043e\u0433\u0434\u0430 \u0440\u0430\u043d\u044c\u0448\u0435!<\/strong>..<\/p>\n<p>\u00a0<\/p>\n<p>\u00a0<\/p>\n<p>\t\t\t<a href=\"https:\/\/dicasdorei.com\/ru\/aplicativos\/aplicativo-para-assistir-o-bbb24-ao-vivo\/\" class=\"broken_link\"><br>\n\t\t\t\t\t\t\u0421\u041a\u0410\u0427\u0410\u0419\u0422\u0415 \u041f\u0420\u0418\u041b\u041e\u0416\u0415\u041d\u0418\u0415, \u0427\u0422\u041e\u0411\u042b \u0421\u041c\u041e\u0422\u0420\u0415\u0422\u042c BBB24 \u0412 \u041f\u0420\u042f\u041c\u041e\u041c \u042d\u0424\u0418\u0420\u0415<br>\n\t\t\t\t\t<\/a><\/p>\n<\/body><\/html>","protected":false},"excerpt":{"rendered":"<p>Aplicativo para Assistir BBB24 ao vivo Bem-vindo!! Descubra a forma definitiva de acompanhar o Big Brother Brasil 24. Experimente a emo\u00e7\u00e3o do reality show mais envolvente do Brasil ao vivo, diretamente no seu dispositivo. Com este aplicativo, voc\u00ea est\u00e1 sempre no cora\u00e7\u00e3o da casa mais vigiada do pa\u00eds, com acesso a c\u00e2meras ao vivo 24\/7, [&hellip;]<\/p>\n","protected":false},"author":1,"featured_media":0,"parent":0,"menu_order":0,"comment_status":"closed","ping_status":"closed","template":"elementor_canvas","meta":{"footnotes":""},"class_list":["post-7418","page","type-page","status-publish","hentry"],"_links":{"self":[{"href":"https:\/\/dicasdorei.com\/ru\/wp-json\/wp\/v2\/pages\/7418","targetHints":{"allow":["GET"]}}],"collection":[{"href":"https:\/\/dicasdorei.com\/ru\/wp-json\/wp\/v2\/pages"}],"about":[{"href":"https:\/\/dicasdorei.com\/ru\/wp-json\/wp\/v2\/types\/page"}],"author":[{"embeddable":true,"href":"https:\/\/dicasdorei.com\/ru\/wp-json\/wp\/v2\/users\/1"}],"replies":[{"embeddable":true,"href":"https:\/\/dicasdorei.com\/ru\/wp-json\/wp\/v2\/comments?post=7418"}],"version-history":[{"count":9,"href":"https:\/\/dicasdorei.com\/ru\/wp-json\/wp\/v2\/pages\/7418\/revisions"}],"predecessor-version":[{"id":7442,"href":"https:\/\/dicasdorei.com\/ru\/wp-json\/wp\/v2\/pages\/7418\/revisions\/7442"}],"wp:attachment":[{"href":"https:\/\/dicasdorei.com\/ru\/wp-json\/wp\/v2\/media?parent=7418"}],"curies":[{"name":"WP","href":"https:\/\/api.w.org\/{rel}","templated":true}]}}