{"id":8011,"date":"2024-05-27T22:22:18","date_gmt":"2024-05-28T01:22:18","guid":{"rendered":"https:\/\/dicasdorei.com\/?page_id=8011"},"modified":"2024-06-01T10:06:25","modified_gmt":"2024-06-01T13:06:25","slug":"lp-aplicativos-para-fazer-limpeza-de-celular","status":"publish","type":"page","link":"https:\/\/dicasdorei.com\/ro\/lp-aplicativos-para-fazer-limpeza-de-celular\/","title":{"rendered":"Aplica\u021bii pentru cur\u0103\u021barea telefoanelor mobile"},"content":{"rendered":"<html><body><p>Odat\u0103 cu utilizarea constant\u0103 a smartphone-urilor, este obi\u0219nuit ca dispozitivele noastre s\u0103 acumuleze o cantitate semnificativ\u0103 de fi\u0219iere nedorite, cache \u0219i date reziduale care pot afecta performan\u021ba \u0219i pot ocupa spa\u021biu de stocare.<\/p>\n<p style=\"text-align: center;\"><a class=\"mb-button mb-style-flat mb-size-default mb-corners-default mb-text-style-default  broken_link\" style=\"background-color: #ff0000;\" href=\"https:\/\/dicasdorei.com\/ro\/aplicativo-para-fazer-limpeza-de-celular\/\">\u00a0<i class=\"fa fa-arrow-circle-right\"><\/i>\u00a0 VEZI CELE MAI BUNE APLICA\u021aII<\/a><\/p>\n<p style=\"text-align: center;\"><a class=\"mb-button mb-style-flat mb-size-default mb-corners-default mb-text-style-default  broken_link\" style=\"background-color: #ff0000;\" href=\"https:\/\/dicasdorei.com\/ro\/aplicativo-para-fazer-limpeza-de-celular\/\">\u00a0<i class=\"fa fa-arrow-circle-right\"><\/i>\u00a0 APLICA\u021aII PENTRU ANDROID<\/a><\/p>\n<p style=\"text-align: center;\"><a class=\"mb-button mb-style-flat mb-size-default mb-corners-default mb-text-style-default  broken_link\" style=\"background-color: #ff0000;\" href=\"https:\/\/dicasdorei.com\/ro\/aplicativo-para-fazer-limpeza-de-celular\/\">\u00a0<i class=\"fa fa-arrow-circle-right\"><\/i>\u00a0 APLICA\u021aII PENTRU IOS<\/a><\/p>\n<p>Din fericire, exist\u0103 mai multe aplica\u021bii concepute special pentru a ajuta la cur\u0103\u021barea \u0219i optimizarea telefoanelor mobile, asigur\u00e2ndu-se c\u0103 func\u021bioneaz\u0103 mai eficient \u0219i cu o capacitate de stocare mai mare disponibil\u0103. Acest articol exploreaz\u0103 importan\u021ba acestor aplica\u021bii \u0219i eviden\u021biaz\u0103 unele dintre cele mai populare de pe pia\u021b\u0103.<\/p>\n<h2>Importan\u021ba aplica\u021biilor de cur\u0103\u021bare<\/h2>\n<p>Pe m\u0103sur\u0103 ce ne folosim smartphone-urile pentru o varietate de sarcini \u2013 de la navigarea pe internet p\u00e2n\u0103 la desc\u0103rcarea de aplica\u021bii \u0219i stocarea de fotografii \u0219i videoclipuri \u2013 acumularea de date inutile este inevitabil. Aceste date includ fi\u0219iere temporare, memoria cache a aplica\u021biilor, desc\u0103rc\u0103ri duplicate \u0219i chiar fi\u0219iere reziduale din aplica\u021biile dezinstalate. \u00cen timp, aceste fi\u0219iere pot:<\/p>\n<div id=\"attachment_8012\" style=\"width: 1210px\" class=\"wp-caption aligncenter\"><img loading=\"lazy\" decoding=\"async\" aria-describedby=\"caption-attachment-8012\" class=\"wp-image-8012 size-full\" src=\"https:\/\/dicasdorei.com\/wp-content\/uploads\/2024\/05\/Aplicativo-para-limpeza-do-Celular-1.webp\" alt=\"\" width=\"1200\" height=\"675\" srcset=\"https:\/\/dicasdorei.com\/wp-content\/uploads\/2024\/05\/Aplicativo-para-limpeza-do-Celular-1.webp 1200w, https:\/\/dicasdorei.com\/wp-content\/uploads\/2024\/05\/Aplicativo-para-limpeza-do-Celular-1-711x400.webp 711w, https:\/\/dicasdorei.com\/wp-content\/uploads\/2024\/05\/Aplicativo-para-limpeza-do-Celular-1-768x432.webp 768w, https:\/\/dicasdorei.com\/wp-content\/uploads\/2024\/05\/Aplicativo-para-limpeza-do-Celular-1-18x10.webp 18w\" sizes=\"auto, (max-width: 1200px) 100vw, 1200px\" \/><p id=\"caption-attachment-8012\" class=\"wp-caption-text\">Imagine preluat\u0103 de pe Google<\/p><\/div>\n<ol>\n<li><strong>Ocupa\u021bi spa\u021biu de stocare<\/strong>: reducerea cantit\u0103\u021bii de spa\u021biu disponibil pentru aplica\u021bii noi, fotografii, videoclipuri \u0219i documente importante.<\/li>\n<li><strong>Reduce\u021bi performan\u021ba dispozitivului<\/strong>: F\u0103-l mai lent \u0219i mai pu\u021bin receptiv.<\/li>\n<li><strong>Afecteaz\u0103 bateria<\/strong>: aplica\u021biile \u0219i procesele inutile care ruleaz\u0103 \u00een fundal v\u0103 pot epuiza bateria mai repede.<\/li>\n<\/ol>\n<h2>Top aplica\u021bii de cur\u0103\u021bare<\/h2>\n<h3>1. CCleaner<\/h3>\n<p>Cunoscut ini\u021bial pentru eficien\u021ba sa pe computere, CCleaner este disponibil \u0219i pentru dispozitivele mobile. Aceast\u0103 aplica\u021bie scaneaz\u0103 dispozitivul pentru fi\u0219iere inutile \u0219i memoria cache acumulat\u0103, oferind o cur\u0103\u021bare rapid\u0103 \u0219i eficient\u0103. \u00cen plus, ofer\u0103 func\u021bionalitatea de a dezinstala aplica\u021biile nedorite \u0219i de a monitoriza utilizarea procesorului, temperatura bateriei \u0219i a dispozitivului.<\/p>\n<h3>2. CleanMaster<\/h3>\n<p>Una dintre cele mai populare aplica\u021bii de cur\u0103\u021bare, Clean Master, ofer\u0103 o gam\u0103 larg\u0103 de instrumente pentru optimizarea dispozitivelor. \u00cendep\u0103rteaz\u0103 fi\u0219ierele reziduale, \u0219terge memoria cache \u0219i dezinstaleaz\u0103 aplica\u021biile inutile. Include, de asemenea, un antivirus \u00eencorporat, care adaug\u0103 un strat suplimentar de protec\u021bie \u00eempotriva programelor malware \u0219i viru\u0219ilor.<\/p>\n<p style=\"text-align: center;\"><a class=\"mb-button mb-style-flat mb-size-default mb-corners-default mb-text-style-default  broken_link\" style=\"background-color: #ff0000;\" href=\"https:\/\/dicasdorei.com\/ro\/aplicativo-para-fazer-limpeza-de-celular\/\">\u00a0<i class=\"fa fa-arrow-circle-right\"><\/i>\u00a0 VEZI CELE MAI BUNE APLICA\u021aII<\/a><\/p>\n<p style=\"text-align: center;\"><a class=\"mb-button mb-style-flat mb-size-default mb-corners-default mb-text-style-default  broken_link\" style=\"background-color: #ff0000;\" href=\"https:\/\/dicasdorei.com\/ro\/aplicativo-para-fazer-limpeza-de-celular\/\">\u00a0<i class=\"fa fa-arrow-circle-right\"><\/i>\u00a0 APLICA\u021aII PENTRU ANDROID<\/a><\/p>\n<p style=\"text-align: center;\"><a class=\"mb-button mb-style-flat mb-size-default mb-corners-default mb-text-style-default  broken_link\" style=\"background-color: #ff0000;\" href=\"https:\/\/dicasdorei.com\/ro\/aplicativo-para-fazer-limpeza-de-celular\/\">\u00a0<i class=\"fa fa-arrow-circle-right\"><\/i>\u00a0 APLICA\u021aII PENTRU IOS<\/a><\/p>\n<h3>3. Fi\u0219iere de la Google<\/h3>\n<p>Dezvoltat\u0103 de Google, aceast\u0103 aplica\u021bie nu numai c\u0103 v\u0103 cur\u0103\u021b\u0103 dispozitivul, ci v\u0103 ajut\u0103 \u0219i la organizarea fi\u0219ierelor. Sugereaz\u0103 eliminarea fi\u0219ierelor duplicate, meme-urilor, GIF-urilor \u0219i a altor elemente care ar putea ocupa spa\u021biu inutil. \u00cen plus, ofer\u0103 recomand\u0103ri personalizate pentru a elibera spa\u021biu de stocare.<\/p>\n<h3>4. Servitoare SD<\/h3>\n<p>Axat pe o cur\u0103\u021bare mai profund\u0103, SD Maid este ideal pentru utilizatorii avansa\u021bi. Scaneaz\u0103 dispozitivul pentru fi\u0219iere \u0219i foldere reziduale l\u0103sate de aplica\u021biile dezinstalate \u0219i cur\u0103\u021b\u0103 eficient memoria cache. Aplica\u021bia ofer\u0103 \u0219i instrumente pentru gestionarea aplica\u021biilor \u0219i fi\u0219ierelor, optimiz\u00e2nd \u0219i mai mult performan\u021ba dispozitivului.<\/p>\n<h3>5. Norton Clean<\/h3>\n<p>Dezvoltat\u0103 de renumita companie de securitate Norton, aceast\u0103 aplica\u021bie se concentreaz\u0103 pe eliminarea fi\u0219ierelor nedorite \u0219i a memoriei cache. Pe l\u00e2ng\u0103 eliberarea spa\u021biului, Norton Clean ofer\u0103 o interfa\u021b\u0103 simpl\u0103 \u0219i u\u0219or de utilizat, ceea ce o face o op\u021biune excelent\u0103 pentru cei care caut\u0103 eficien\u021b\u0103 \u0219i securitate.<\/p>\n<h2>Cum s\u0103 alegi aplica\u021bia ideal\u0103<\/h2>\n<p>Atunci c\u00e2nd alege\u021bi o aplica\u021bie de cur\u0103\u021bare pentru telefonul mobil, lua\u021bi \u00een considerare urm\u0103toarele aspecte:<\/p>\n<ol>\n<li><strong>Func\u021bionalitate<\/strong>: Verifica\u021bi dac\u0103 aplica\u021bia ofer\u0103 toate instrumentele necesare pentru cur\u0103\u021barea \u0219i optimizarea dispozitivului.<\/li>\n<li><strong>Interfa\u021b\u0103<\/strong>: Prefera\u021bi aplica\u021biile cu interfe\u021be intuitive \u0219i u\u0219or de utilizat.<\/li>\n<li><strong>Evalu\u0103ri \u0219i comentarii<\/strong>: Consulta\u021bi evalu\u0103rile \u0219i comentariile altor utilizatori pentru a v\u0103 asigura c\u0103 aplica\u021bia este eficient\u0103 \u0219i de \u00eencredere.<\/li>\n<li><strong>Securitate<\/strong>: Opta\u021bi pentru aplica\u021bii de la dezvoltatori renumi\u021bi pentru a evita riscurile de malware \u0219i protec\u021bia insuficient\u0103.<\/li>\n<\/ol>\n<h2>Concluzie<\/h2>\n<p>Aplica\u021biile de cur\u0103\u021bare a telefonului sunt instrumente esen\u021biale pentru a men\u021bine dispozitivele noastre s\u0103 func\u021bioneze optim \u0219i s\u0103 aib\u0103 suficient spa\u021biu de stocare. Cu alegerea potrivit\u0103, este posibil\u0103 \u00eembun\u0103t\u0103\u021birea semnificativ\u0103 a performan\u021bei telefonului mobil, extinderea duratei de via\u021b\u0103 a bateriei \u0219i asigurarea unei experien\u021be de utilizare mai fluide \u0219i mai eficiente.<\/p>\n<p style=\"text-align: center;\"><a class=\"mb-button mb-style-flat mb-size-default mb-corners-default mb-text-style-default  broken_link\" style=\"background-color: #ff0000;\" href=\"https:\/\/dicasdorei.com\/ro\/aplicativo-para-fazer-limpeza-de-celular\/\">\u00a0<i class=\"fa fa-arrow-circle-right\"><\/i>\u00a0 VEZI CELE MAI BUNE APLICA\u021aII<\/a><\/p>\n<p style=\"text-align: center;\"><a class=\"mb-button mb-style-flat mb-size-default mb-corners-default mb-text-style-default  broken_link\" style=\"background-color: #ff0000;\" href=\"https:\/\/dicasdorei.com\/ro\/aplicativo-para-fazer-limpeza-de-celular\/\">\u00a0<i class=\"fa fa-arrow-circle-right\"><\/i>\u00a0 APLICA\u021aII PENTRU ANDROID<\/a><\/p>\n<p style=\"text-align: center;\"><a class=\"mb-button mb-style-flat mb-size-default mb-corners-default mb-text-style-default  broken_link\" style=\"background-color: #ff0000;\" href=\"https:\/\/dicasdorei.com\/ro\/aplicativo-para-fazer-limpeza-de-celular\/\">\u00a0<i class=\"fa fa-arrow-circle-right\"><\/i>\u00a0 APLICA\u021aII PENTRU IOS<\/a><\/p>\n<p>Fie prin CCleaner, Clean Master, Files by Google, SD Maid sau Norton Clean, exist\u0103 mai multe op\u021biuni pe pia\u021b\u0103 care pot satisface nevoile diferitelor tipuri de utilizatori. Prin urmare, investi\u021bia \u00eentr-o aplica\u021bie bun\u0103 de cur\u0103\u021bare ar putea fi cheia pentru a v\u0103 men\u021bine smartphone-ul \u00een stare bun\u0103.<\/p>\n<\/body><\/html>","protected":false},"excerpt":{"rendered":"<p>Com o uso constante de smartphones, \u00e9 comum que nossos dispositivos acumulem uma quantidade significativa de arquivos indesejados, cache e dados residuais que podem afetar o desempenho e ocupar espa\u00e7o de armazenamento. \u00a0\u00a0 VEJA OS MELHORES APLICATIVOS \u00a0\u00a0 APLICATIVOS PARA ANDROID \u00a0\u00a0 APLICATIVOS PARA IOS Felizmente, existem diversos aplicativos projetados especificamente para ajudar na limpeza [&hellip;]<\/p>\n","protected":false},"author":1,"featured_media":0,"parent":0,"menu_order":0,"comment_status":"closed","ping_status":"closed","template":"","meta":{"footnotes":""},"class_list":["post-8011","page","type-page","status-publish","hentry"],"_links":{"self":[{"href":"https:\/\/dicasdorei.com\/ro\/wp-json\/wp\/v2\/pages\/8011","targetHints":{"allow":["GET"]}}],"collection":[{"href":"https:\/\/dicasdorei.com\/ro\/wp-json\/wp\/v2\/pages"}],"about":[{"href":"https:\/\/dicasdorei.com\/ro\/wp-json\/wp\/v2\/types\/page"}],"author":[{"embeddable":true,"href":"https:\/\/dicasdorei.com\/ro\/wp-json\/wp\/v2\/users\/1"}],"replies":[{"embeddable":true,"href":"https:\/\/dicasdorei.com\/ro\/wp-json\/wp\/v2\/comments?post=8011"}],"version-history":[{"count":5,"href":"https:\/\/dicasdorei.com\/ro\/wp-json\/wp\/v2\/pages\/8011\/revisions"}],"predecessor-version":[{"id":8051,"href":"https:\/\/dicasdorei.com\/ro\/wp-json\/wp\/v2\/pages\/8011\/revisions\/8051"}],"wp:attachment":[{"href":"https:\/\/dicasdorei.com\/ro\/wp-json\/wp\/v2\/media?parent=8011"}],"curies":[{"name":"wp","href":"https:\/\/api.w.org\/{rel}","templated":true}]}}