{"id":450,"date":"2022-04-08T00:05:27","date_gmt":"2022-04-08T03:05:27","guid":{"rendered":"https:\/\/dicasdorei.com\/?page_id=450"},"modified":"2025-01-25T10:56:35","modified_gmt":"2025-01-25T13:56:35","slug":"terms-of-use","status":"publish","type":"page","link":"https:\/\/dicasdorei.com\/ro\/terms-of-use\/","title":{"rendered":"Termeni de utilizare"},"content":{"rendered":"<html><body><p>1. Condi\u021bii<\/p>\n<p>Acces\u00e2nd site-ul web Dicas do Rei, sunte\u021bi de acord s\u0103 respecta\u021bi ace\u0219ti termeni \u0219i condi\u021bii, toate legile \u0219i reglement\u0103rile aplicabile \u0219i sunte\u021bi de acord c\u0103 sunte\u021bi responsabil pentru respectarea tuturor legilor locale aplicabile. Dac\u0103 nu sunte\u021bi de acord cu niciunul dintre ace\u0219ti termeni, vi se interzice utilizarea sau accesarea acestui site. Materialele con\u021binute \u00een acest site sunt protejate de legea privind drepturile de autor \u0219i m\u0103rcile comerciale aplicabile.<\/p>\n<p>2. Utilizarea licen\u021bei<\/p>\n<p>Se acord\u0103 permisiunea de a desc\u0103rca temporar o copie a materialelor (informa\u021bii sau software) de pe site-ul Dicas do Rei numai pentru vizionare personal\u0103, necomercial\u0103, tranzitorie. Aceasta este acordarea unei licen\u021be, nu un transfer de titlu, iar \u00een baza acestei licen\u021be nu pute\u021bi:<\/p>\n<p>modifica sau copia materialele;<br>\nutiliza\u021bi materialele \u00een orice scop comercial sau pentru orice afi\u0219are public\u0103 (comercial\u0103 sau necomercial\u0103);<br>\n\u00eencercarea de a decompila sau a face inginerie invers\u0103 a oric\u0103rui software con\u021binut pe site-ul Dicas do Rei;<br>\nelimina orice drepturi de autor sau alte nota\u021bii de proprietate din materiale; sau<br>\ntransfera\u021bi materialele unei alte persoane sau \u201eoglindi\u021bi\u201d materialele pe orice alt server.<\/p>\n<p>Aceast\u0103 licen\u021b\u0103 va \u00eenceta automat dac\u0103 \u00eenc\u0103lca\u021bi oricare dintre aceste restric\u021bii \u0219i poate fi reziliat\u0103 de Dicas do Rei \u00een orice moment. La \u00eencetarea vizualiz\u0103rii acestor materiale sau la \u00eencetarea acestei licen\u021be, trebuie s\u0103 distruge\u021bi orice materiale desc\u0103rcate \u00een posesia dumneavoastr\u0103, fie \u00een format electronic sau tip\u0103rit.<\/p>\n<p>3. Exonerare de responsabilitate<br>\nMaterialele de pe site-ul Dicas do Rei sunt furnizate \u201eca atare\u201d. King&#039;s Tips nu ofer\u0103 garan\u021bii, exprese sau implicite \u0219i, prin prezenta, declin\u0103 \u0219i nega toate celelalte garan\u021bii, inclusiv, f\u0103r\u0103 limitare, garan\u021bii sau condi\u021bii implicite de vandabilitate, potrivire pentru un anumit scop sau ne\u00eenc\u0103lcare a propriet\u0103\u021bii intelectuale sau alte \u00eenc\u0103lc\u0103ri ale drepturilor.<br>\n\u00cen plus, Dicas do Rei nu garanteaz\u0103 \u0219i nu face nicio declara\u021bie cu privire la acurate\u021bea, rezultatele probabile sau fiabilitatea utiliz\u0103rii materialelor de pe site-ul s\u0103u web sau \u00een leg\u0103tur\u0103 cu astfel de materiale sau pe orice site-uri legate de acest site.<br>\n4. Limit\u0103ri<\/p>\n<p>\u00cen niciun caz Dicas do Rei sau furnizorii s\u0103i nu vor fi r\u0103spunz\u0103tori pentru orice daune (inclusiv, f\u0103r\u0103 limitare, daune pentru pierderea de date sau profit, sau din cauza \u00eentreruperii activit\u0103\u021bii) care decurg din utilizarea sau incapacitatea de a utiliza materialele de pe site-ul Dicas do Rei, chiar dac\u0103 Dicas do Rei sau un reprezentant autorizat Dicas do Rei a fost notificat verbal sau \u00een scris despre posibilitatea unei astfel de daune. Deoarece unele jurisdic\u021bii nu permit limit\u0103ri ale garan\u021biilor implicite sau limit\u0103ri ale r\u0103spunderii pentru daune consecutive sau incidentale, este posibil ca aceste limit\u0103ri s\u0103 nu se aplice \u00een cazul dumneavoastr\u0103.<\/p>\n<p>5. Precizia materialelor<\/p>\n<p>Materialele care apar pe site-ul Dicas do Rei pot include erori tehnice, tipografice sau fotografice. Dicas do Rei nu garanteaz\u0103 c\u0103 niciunul dintre materialele de pe site-ul s\u0103u web este exact, complet sau actual. King&#039;s Tips poate face modific\u0103ri materialelor con\u021binute pe site-ul s\u0103u web \u00een orice moment, f\u0103r\u0103 notificare. Cu toate acestea, Dicas do Rei nu \u00ee\u0219i asum\u0103 niciun angajament de a actualiza materialele.<\/p>\n<p>6. Leg\u0103turi<\/p>\n<p>Dicas do Rei nu a revizuit toate site-urile legate de site-ul s\u0103u \u0219i nu este responsabil pentru con\u021binutul niciunui astfel de site-uri. Includerea oric\u0103rui link nu implic\u0103 aprobarea site-ului de c\u0103tre Dicas do Rei. Utilizarea oric\u0103rui astfel de site web conectat este pe riscul propriu al utilizatorului.<\/p>\n<p>Modific\u0103ri<\/p>\n<p>Dicas do Rei poate revizui ace\u0219ti termeni \u0219i condi\u021bii pentru site-ul s\u0103u web \u00een orice moment, f\u0103r\u0103 notificare. Prin utilizarea acestui site web, sunte\u021bi de acord s\u0103 respecta\u021bi versiunea actual\u0103 a acestor termeni \u0219i condi\u021bii.<\/p>\n<p>Legea aplicabil\u0103<\/p>\n<p>Ace\u0219ti termeni \u0219i condi\u021bii sunt guverna\u021bi \u0219i interpreta\u021bi \u00een conformitate cu legile Dicas do Rei \u0219i v\u0103 supune\u021bi irevocabil jurisdic\u021biei exclusive a instan\u021belor din acel stat sau loca\u021bie.<\/p>\n<\/body><\/html>","protected":false},"excerpt":{"rendered":"<p>1. Terms By accessing the website\u00a0Dicas do Rei, you agree to be bound by these terms of service, all applicable laws and regulations, and agree that you are responsible for compliance with all applicable local laws. If you do not agree with any of these terms, you are prohibited from using or accessing this site. [&hellip;]<\/p>\n","protected":false},"author":1,"featured_media":0,"parent":0,"menu_order":0,"comment_status":"closed","ping_status":"closed","template":"","meta":{"footnotes":""},"class_list":["post-450","page","type-page","status-publish","hentry"],"_links":{"self":[{"href":"https:\/\/dicasdorei.com\/ro\/wp-json\/wp\/v2\/pages\/450","targetHints":{"allow":["GET"]}}],"collection":[{"href":"https:\/\/dicasdorei.com\/ro\/wp-json\/wp\/v2\/pages"}],"about":[{"href":"https:\/\/dicasdorei.com\/ro\/wp-json\/wp\/v2\/types\/page"}],"author":[{"embeddable":true,"href":"https:\/\/dicasdorei.com\/ro\/wp-json\/wp\/v2\/users\/1"}],"replies":[{"embeddable":true,"href":"https:\/\/dicasdorei.com\/ro\/wp-json\/wp\/v2\/comments?post=450"}],"version-history":[{"count":2,"href":"https:\/\/dicasdorei.com\/ro\/wp-json\/wp\/v2\/pages\/450\/revisions"}],"predecessor-version":[{"id":8728,"href":"https:\/\/dicasdorei.com\/ro\/wp-json\/wp\/v2\/pages\/450\/revisions\/8728"}],"wp:attachment":[{"href":"https:\/\/dicasdorei.com\/ro\/wp-json\/wp\/v2\/media?parent=450"}],"curies":[{"name":"wp","href":"https:\/\/api.w.org\/{rel}","templated":true}]}}