{"id":19,"date":"2022-02-24T21:18:08","date_gmt":"2022-02-25T00:18:08","guid":{"rendered":"https:\/\/dicasdorei.com\/?page_id=19"},"modified":"2025-01-25T10:56:59","modified_gmt":"2025-01-25T13:56:59","slug":"who-is-the-kings-tips-portal","status":"publish","type":"page","link":"https:\/\/dicasdorei.com\/ro\/who-is-the-kings-tips-portal\/","title":{"rendered":"Cine este portalul de sfaturi ale regelui?"},"content":{"rendered":"<html><body><p>Hi! Suntem portalul Dicas Do Rei! Scopul nostru principal este ca tu s\u0103 ai o experien\u021b\u0103 grozav\u0103 atunci c\u00e2nd navighezi pe site-ul nostru \u0219i s\u0103 po\u021bi g\u0103si cele mai bune sfaturi!<\/p>\n<p>Suntem o echip\u0103 de marketing digital care \u00ee\u0219i propune s\u0103 ofere cele mai bune servicii \u0219i con\u021binut pentru aplica\u021biile dumneavoastr\u0103!<\/p>\n<p>Multe site-uri web public\u0103 informa\u021bii care nu sunt adev\u0103rate, dar scopul nostru este s\u0103 v\u0103 oferim cel mai bun \u0219i mai veridic con\u021binut posibil!<\/p>\n<p>Suntem mai ales preocupa\u021bi de veridicitatea \u0219i integritatea con\u021binutului nostru.<\/p>\n<p>Scopul acestui site este ca tu s\u0103 ai cea mai bun\u0103 navigare posibil\u0103 \u0219i s\u0103 te bucuri de con\u021binutul nostru! Vrem s\u0103 te avem aici cu noi mereu.<\/p>\n<p>ANGAJAMENT FA\u021a\u0102 DE UTILIZATORII SITE-ULUI DICAS DO REI<br>\nCeea ce conteaz\u0103 cel mai mult pentru noi este satisfac\u021bia cititorilor no\u0219tri, vrem s\u0103 v\u0103 aducem cel mai bun con\u021binut!<\/p>\n<p>A\u0219a c\u0103 vrem s\u0103 l\u0103murim foarte clar c\u0103 ne place s\u0103 te avem aici cu noi. De asemenea, ne place foarte mult atunci c\u00e2nd utilizatorii no\u0219tri interac\u021bioneaz\u0103 cu echipa noastr\u0103, astfel \u00eenc\u00e2t s\u0103 putem comunica \u0219i s\u0103 public\u0103m tot ce dori\u021bi s\u0103 vede\u021bi!<\/p>\n<p>\u00centreb\u0103rile, opiniile \u0219i reclama\u021biile dumneavoastr\u0103 sunt foarte importante pentru noi! Echipa noastr\u0103 va fi bucuroas\u0103 s\u0103 analizeze totul cu mare grij\u0103.<\/p>\n<p>A\u0219a c\u0103 nu ezita\u021bi s\u0103 ne contacta\u021bi pe pagina CONTACT.<\/p>\n<p>Aminti\u021bi-v\u0103 c\u0103 echipa noastr\u0103 nu va face niciodat\u0103 nimic care nu este corect, cum ar fi SPAM-ul etc.<\/p>\n<p>Con\u021binutul nostru digital ofer\u0103 \u00een toate post\u0103rile:<br>\nPoliticile de confiden\u021bialitate;<br>\nformular de contact;<br>\nHarta site-ului. (pagina care con\u021bine toate publica\u021biile noastre).<\/p>\n<p>Acest site a fost scris de echipa DICASDOREI, prin urmare are toata experienta si dedicarea unei echipe foarte experimentate.<\/p>\n<p>Ne angaj\u0103m s\u0103 aducem mereu noi sfaturi \u0219i \u0219tiri cititorilor no\u0219tri. De asemenea, oferim data fiec\u0103rui con\u021binut \u00een post\u0103rile noastre, astfel \u00eenc\u00e2t s\u0103 pute\u021bi fi la curent cu \u0219tirile!<\/p>\n<p>Deci... nu pierde timpul, trimite-ne p\u0103rerea ta!<\/p>\n<p>Cu stim\u0103,<\/p>\n<p>Echipa DICASDOREI.COM<\/p>\n<\/body><\/html>","protected":false},"excerpt":{"rendered":"<p>Hi! We are the portal Dicas Do Rei! Our main goal is for you to have a great experience when browsing our website and for you to be able to find the best tips! We are a digital marketing team that aims to provide the best service and content for you applications! Many websites are [&hellip;]<\/p>\n","protected":false},"author":1,"featured_media":0,"parent":0,"menu_order":0,"comment_status":"closed","ping_status":"closed","template":"","meta":{"footnotes":""},"class_list":["post-19","page","type-page","status-publish","hentry"],"_links":{"self":[{"href":"https:\/\/dicasdorei.com\/ro\/wp-json\/wp\/v2\/pages\/19","targetHints":{"allow":["GET"]}}],"collection":[{"href":"https:\/\/dicasdorei.com\/ro\/wp-json\/wp\/v2\/pages"}],"about":[{"href":"https:\/\/dicasdorei.com\/ro\/wp-json\/wp\/v2\/types\/page"}],"author":[{"embeddable":true,"href":"https:\/\/dicasdorei.com\/ro\/wp-json\/wp\/v2\/users\/1"}],"replies":[{"embeddable":true,"href":"https:\/\/dicasdorei.com\/ro\/wp-json\/wp\/v2\/comments?post=19"}],"version-history":[{"count":2,"href":"https:\/\/dicasdorei.com\/ro\/wp-json\/wp\/v2\/pages\/19\/revisions"}],"predecessor-version":[{"id":8729,"href":"https:\/\/dicasdorei.com\/ro\/wp-json\/wp\/v2\/pages\/19\/revisions\/8729"}],"wp:attachment":[{"href":"https:\/\/dicasdorei.com\/ro\/wp-json\/wp\/v2\/media?parent=19"}],"curies":[{"name":"wp","href":"https:\/\/api.w.org\/{rel}","templated":true}]}}