{"id":17,"date":"2022-02-24T21:16:52","date_gmt":"2022-02-25T00:16:52","guid":{"rendered":"https:\/\/dicasdorei.com\/?page_id=17"},"modified":"2025-01-25T10:57:42","modified_gmt":"2025-01-25T13:57:42","slug":"privacy-policy","status":"publish","type":"page","link":"https:\/\/dicasdorei.com\/ro\/privacy-policy\/","title":{"rendered":"Politica de confiden\u021bialitate"},"content":{"rendered":"<html><body><p>Confiden\u021bialitatea dumneavoastr\u0103 este important\u0103 pentru noi. Este politica Dicas do Rei s\u0103 v\u0103 respecta\u021bi confiden\u021bialitatea cu privire la orice informa\u021bii pe care le putem colecta de la dvs. pe site-ul Dicas do Rei \u0219i pe alte site-uri pe care le de\u021binem \u0219i oper\u0103m.<\/p>\n<p>Solicit\u0103m informa\u021bii personale doar atunci c\u00e2nd avem cu adev\u0103rat nevoie de ele pentru a v\u0103 oferi un serviciu. O colect\u0103m prin mijloace corecte \u0219i legale, cu cuno\u0219tin\u021bele \u0219i consim\u021b\u0103m\u00e2ntul dumneavoastr\u0103. De asemenea, v\u0103 inform\u0103m de ce \u00eel colect\u0103m \u0219i cum va fi folosit.<\/p>\n<p>Re\u021binem informa\u021biile colectate doar at\u00e2t timp c\u00e2t este necesar pentru a v\u0103 oferi serviciul solicitat. Ce date stoc\u0103m, le vom proteja prin mijloace acceptabile comercial pentru a preveni pierderea \u0219i furtul, precum \u0219i accesul neautorizat, dezv\u0103luirea, copierea, utilizarea sau modificarea.<\/p>\n<p>Nu \u00eemp\u0103rt\u0103\u0219im informa\u021bii de identificare personal\u0103 \u00een mod public sau cu ter\u021be p\u0103r\u021bi, cu excep\u021bia cazului \u00een care este impus prin lege.<\/p>\n<p>Site-ul nostru web poate con\u021bine link-uri c\u0103tre site-uri externe care nu sunt operate de noi. V\u0103 rug\u0103m s\u0103 re\u021bine\u021bi c\u0103 nu avem control asupra con\u021binutului \u0219i practicilor acestor site-uri \u0219i nu putem accepta responsabilitatea sau r\u0103spunderea pentru politicile lor de confiden\u021bialitate respective.<\/p>\n<p>Sunte\u021bi liber s\u0103 refuza\u021bi solicitarea noastr\u0103 de informa\u021bii personale, \u00een\u021beleg\u00e2nd c\u0103 este posibil s\u0103 nu v\u0103 putem oferi unele dintre serviciile dorite.<\/p>\n<p>Utilizarea \u00een continuare a site-ului nostru web va fi considerat\u0103 o acceptare a practicilor noastre privind confiden\u021bialitatea \u0219i informa\u021biile personale. Dac\u0103 ave\u021bi \u00eentreb\u0103ri despre modul \u00een care gestion\u0103m datele utilizatorului \u0219i informa\u021biile personale, v\u0103 rug\u0103m s\u0103 ne contacta\u021bi.<\/p>\n<h2>Politica de cookie-uri King&#039;s Tips<br>\nCe sunt cookie-urile?<\/h2>\n<p>A\u0219a cum este o practic\u0103 obi\u0219nuit\u0103 cu aproape toate site-urile web profesionale, acest site folose\u0219te cookie-uri, care sunt fi\u0219iere minuscule care sunt desc\u0103rcate pe computerul dvs., pentru a v\u0103 \u00eembun\u0103t\u0103\u021bi experien\u021ba. Aceast\u0103 pagin\u0103 descrie ce informa\u021bii adun\u0103, cum le folosim \u0219i de ce uneori trebuie s\u0103 stoc\u0103m aceste cookie-uri. De asemenea, vom \u00eemp\u0103rt\u0103\u0219i modul \u00een care pute\u021bi \u00eempiedica stocarea acestor cookie-uri, totu\u0219i, acest lucru poate reduce sau \u201erupe\u201d anumite elemente ale func\u021bionalit\u0103\u021bii site-urilor.<\/p>\n<h2>Cum folosim cookie-urile?<\/h2>\n<p>Folosim cookie-uri dintr-o varietate de motive detaliate mai jos. Din p\u0103cate, \u00een majoritatea cazurilor, nu exist\u0103 op\u021biuni standard \u00een industrie pentru dezactivarea cookie-urilor f\u0103r\u0103 a dezactiva complet func\u021bionalitatea \u0219i caracteristicile pe care le adaug\u0103 acestui site. Este recomandat s\u0103 l\u0103sa\u021bi activate toate cookie-urile dac\u0103 nu sunte\u021bi sigur dac\u0103 ave\u021bi nevoie de ele sau nu \u00een cazul \u00een care sunt folosite pentru a furniza un serviciu pe care \u00eel utiliza\u021bi.<\/p>\n<p>Dezactivarea cookie-urilor<\/p>\n<p>Pute\u021bi \u00eempiedica setarea cookie-urilor ajust\u00e2nd set\u0103rile browserului dumneavoastr\u0103 (consulta\u021bi Ajutorul browserului dumneavoastr\u0103 pentru a afla cum s\u0103 face\u021bi acest lucru). V\u0103 rug\u0103m s\u0103 re\u021bine\u021bi c\u0103 dezactivarea cookie-urilor va afecta func\u021bionalitatea acestui site \u0219i a multor alte site-uri web pe care le vizita\u021bi. Dezactivarea cookie-urilor va duce, de obicei, la dezactivarea anumitor func\u021bionalit\u0103\u021bi \u0219i caracteristici ale acestui site. Prin urmare, este recomandat s\u0103 nu dezactiva\u021bi cookie-urile.<\/p>\n<h2>Cookie-uri pe care le set\u0103m<\/h2>\n<p>Cookie-uri legate de cont Dac\u0103 v\u0103 crea\u021bi un cont la noi, atunci vom folosi module cookie pentru gestionarea procesului de \u00eenregistrare \u0219i administrarea general\u0103. Aceste cookie-uri vor fi de obicei \u0219terse atunci c\u00e2nd v\u0103 deconecta\u021bi, dar \u00een unele cazuri pot r\u0103m\u00e2ne ulterior pentru a v\u0103 aminti preferin\u021bele de site atunci c\u00e2nd sunte\u021bi deconectat.<br>\nCookie-uri legate de conectare. Folosim module cookie atunci c\u00e2nd sunte\u021bi autentificat, astfel \u00eenc\u00e2t s\u0103 ne putem aminti acest fapt. Acest lucru v\u0103 \u00eempiedic\u0103 s\u0103 v\u0103 conecta\u021bi de fiecare dat\u0103 c\u00e2nd vizita\u021bi o pagin\u0103 nou\u0103. Aceste cookie-uri sunt de obicei eliminate sau \u0219terse atunci c\u00e2nd v\u0103 deconecta\u021bi pentru a v\u0103 asigura c\u0103 pute\u021bi accesa func\u021bii \u0219i zone restric\u021bionate numai atunci c\u00e2nd sunte\u021bi autentificat.<br>\nCookie-uri legate de buletine informative prin e-mail Acest site ofer\u0103 servicii de abonare la newsletter sau e-mail, iar cookie-urile pot fi folosite pentru a v\u0103 aminti dac\u0103 sunte\u021bi deja \u00eenregistrat \u0219i dac\u0103 s\u0103 afi\u0219a\u021bi anumite notific\u0103ri care ar putea fi valabile numai pentru utilizatorii abona\u021bi\/dezabona\u021bi.<br>\nCookie-uri legate de procesarea comenziiAcest site ofer\u0103 facilit\u0103\u021bi de comer\u021b electronic sau de plat\u0103, iar unele module cookie sunt esen\u021biale pentru a ne asigura c\u0103 comanda dumneavoastr\u0103 este re\u021binut\u0103 \u00eentre pagini, astfel \u00eenc\u00e2t s\u0103 o putem procesa corect.<br>\nCookie-uri legate de sondaje Din c\u00e2nd \u00een c\u00e2nd, oferim sondaje \u0219i chestionare pentru a v\u0103 oferi informa\u021bii interesante, instrumente utile sau pentru a \u00een\u021belege mai exact baza noastr\u0103 de utilizatori. Aceste sondaje pot folosi cookie-uri pentru a-\u0219i aminti cine a participat deja la un sondaj sau pentru a v\u0103 oferi rezultate exacte dup\u0103 ce schimba\u021bi paginile.<br>\nCookie-uri legate de formulare C\u00e2nd trimite\u021bi date printr-un formular, cum ar fi cele g\u0103site \u00een paginile de contact sau formularele de comentarii, cookie-urile pot fi setate pentru a re\u021bine detaliile utilizatorului pentru coresponden\u021ba viitoare.<br>\nCookie-uri de preferin\u021be ale site-ului Pentru a v\u0103 oferi o experien\u021b\u0103 excelent\u0103 pe acest site, v\u0103 oferim func\u021bionalitatea de a v\u0103 seta preferin\u021bele pentru modul \u00een care ruleaz\u0103 acest site atunci c\u00e2nd \u00eel utiliza\u021bi. Pentru a v\u0103 aminti preferin\u021bele, trebuie s\u0103 facem acest lucru<\/p>\n<\/body><\/html>","protected":false},"excerpt":{"rendered":"<p>Your privacy is important to us. It is Dicas do Rei\u2019s policy to respect your privacy regarding any information we may collect from you across the Dicas do Rei website, and other sites we own and operate. We only ask for personal information when we truly need it to provide a service to you. We [&hellip;]<\/p>\n","protected":false},"author":1,"featured_media":0,"parent":0,"menu_order":0,"comment_status":"closed","ping_status":"closed","template":"","meta":{"footnotes":""},"class_list":["post-17","page","type-page","status-publish","hentry"],"_links":{"self":[{"href":"https:\/\/dicasdorei.com\/ro\/wp-json\/wp\/v2\/pages\/17","targetHints":{"allow":["GET"]}}],"collection":[{"href":"https:\/\/dicasdorei.com\/ro\/wp-json\/wp\/v2\/pages"}],"about":[{"href":"https:\/\/dicasdorei.com\/ro\/wp-json\/wp\/v2\/types\/page"}],"author":[{"embeddable":true,"href":"https:\/\/dicasdorei.com\/ro\/wp-json\/wp\/v2\/users\/1"}],"replies":[{"embeddable":true,"href":"https:\/\/dicasdorei.com\/ro\/wp-json\/wp\/v2\/comments?post=17"}],"version-history":[{"count":3,"href":"https:\/\/dicasdorei.com\/ro\/wp-json\/wp\/v2\/pages\/17\/revisions"}],"predecessor-version":[{"id":8731,"href":"https:\/\/dicasdorei.com\/ro\/wp-json\/wp\/v2\/pages\/17\/revisions\/8731"}],"wp:attachment":[{"href":"https:\/\/dicasdorei.com\/ro\/wp-json\/wp\/v2\/media?parent=17"}],"curies":[{"name":"wp","href":"https:\/\/api.w.org\/{rel}","templated":true}]}}