{"id":8019,"date":"2024-05-27T23:34:51","date_gmt":"2024-05-28T02:34:51","guid":{"rendered":"https:\/\/dicasdorei.com\/?page_id=8019"},"modified":"2024-06-01T10:07:02","modified_gmt":"2024-06-01T13:07:02","slug":"lp-aplicativos-para-jogar-gta-v-no-celular","status":"publish","type":"page","link":"https:\/\/dicasdorei.com\/pl\/lp-aplicativos-para-jogar-gta-v-no-celular\/","title":{"rendered":"Aplikacje do gry w GTA V na telefon kom\u00f3rkowy"},"content":{"rendered":"<html><body><p>Rozw\u00f3j technologiczny urz\u0105dze\u0144 mobilnych pozwoli\u0142 na granie w gry, kt\u00f3re wcze\u015bniej by\u0142y dost\u0119pne wy\u0142\u0105cznie na konsolach i komputerach PC, na smartfonach i tabletach. W\u015br\u00f3d nich wyr\u00f3\u017cnia si\u0119 Grand Theft Auto V (GTA V), jeden z najpopularniejszych tytu\u0142\u00f3w Rockstar Games.<\/p>\n<p style=\"text-align: center;\"><a class=\"mb-button mb-style-flat mb-size-default mb-corners-default mb-text-style-default  broken_link\" style=\"background-color: #ff0000;\" href=\"https:\/\/dicasdorei.com\/pl\/aplicativo-para-jogar-gta-no-seu-celular\/\">\u00a0<i class=\"fa fa-arrow-circle-right\"><\/i>\u00a0 ZOBACZ NAJLEPSZE APLIKACJE<\/a><\/p>\n<p style=\"text-align: center;\"><a class=\"mb-button mb-style-flat mb-size-default mb-corners-default mb-text-style-default  broken_link\" style=\"background-color: #ff0000;\" href=\"https:\/\/dicasdorei.com\/pl\/aplicativo-para-jogar-gta-no-seu-celular\/\">\u00a0<i class=\"fa fa-arrow-circle-right\"><\/i>\u00a0 APLIKACJE NA ANDROIDA<\/a><\/p>\n<p style=\"text-align: center;\"><a class=\"mb-button mb-style-flat mb-size-default mb-corners-default mb-text-style-default  broken_link\" style=\"background-color: #ff0000;\" href=\"https:\/\/dicasdorei.com\/pl\/aplicativo-para-jogar-gta-no-seu-celular\/\">\u00a0<i class=\"fa fa-arrow-circle-right\"><\/i>\u00a0 APLIKACJE NA IOS<\/a><\/p>\n<p>Pierwotnie wydana w 2013 roku na konsole, a p\u00f3\u017aniej na PC, gra GTA V wci\u0105\u017c przyci\u0105ga graczy otwartym \u015bwiatem, wci\u0105gaj\u0105c\u0105 fabu\u0142\u0105 i szerok\u0105 gam\u0105 aktywno\u015bci. Granie w GTA V na urz\u0105dzeniach mobilnych mo\u017ce wydawa\u0107 si\u0119 trudne ze wzgl\u0119du na wymagania graficzne i obliczeniowe, ale istniej\u0105 rozwi\u0105zania, kt\u00f3re pozwalaj\u0105 na takie do\u015bwiadczenie. Przyjrzyjmy si\u0119 niekt\u00f3rym z nich.<\/p>\n<h3>Streaming gier<\/h3>\n<p>Jednym z najskuteczniejszych sposob\u00f3w grania w GTA V na urz\u0105dzeniach mobilnych s\u0105 us\u0142ugi streamingu gier. Umo\u017cliwiaj\u0105 one granie w wysokiej jako\u015bci tytu\u0142y bez konieczno\u015bci posiadania wydajnego sprz\u0119tu mobilnego. Do najpopularniejszych us\u0142ug nale\u017c\u0105:<\/p>\n<p><strong>1. NVIDIA GeForce Now:<\/strong> GeForce Now to us\u0142uga streamingowa, kt\u00f3ra umo\u017cliwia graczom dost\u0119p do bibliotek gier na wielu urz\u0105dzeniach, w tym smartfonach i tabletach z Androidem. Przy stabilnym po\u0142\u0105czeniu internetowym mo\u017cesz gra\u0107 w GTA V, korzystaj\u0105c z infrastruktury serwerowej NVIDIA, kt\u00f3ra przetwarza gr\u0119 i przesy\u0142a strumieniowo wideo na Twoje urz\u0105dzenie.<\/p>\n<p><strong>2. Xbox Game Pass Ultimate:<\/strong> Microsoft oferuje Xbox Game Pass Ultimate, kt\u00f3ry obejmuje us\u0142ug\u0119 strumieniowego przesy\u0142ania gier xCloud. Dzi\u0119ki aktywnej subskrypcji gracze mog\u0105 uzyska\u0107 dost\u0119p do bogatej biblioteki gier, w tym GTA V, bezpo\u015brednio ze swoich urz\u0105dze\u0144 mobilnych. Podobnie jak GeForce Now, xCloud wymaga stabilnego po\u0142\u0105czenia internetowego, aby zapewni\u0107 p\u0142ynne wra\u017cenia z gry.<\/p>\n<div id=\"attachment_8020\" style=\"width: 760px\" class=\"wp-caption aligncenter\"><img loading=\"lazy\" decoding=\"async\" aria-describedby=\"caption-attachment-8020\" class=\"wp-image-8020 size-full\" src=\"https:\/\/dicasdorei.com\/wp-content\/uploads\/2024\/05\/02095937210037.webp\" alt=\"\" width=\"750\" height=\"500\" srcset=\"https:\/\/dicasdorei.com\/wp-content\/uploads\/2024\/05\/02095937210037.webp 750w, https:\/\/dicasdorei.com\/wp-content\/uploads\/2024\/05\/02095937210037-600x400.webp 600w, https:\/\/dicasdorei.com\/wp-content\/uploads\/2024\/05\/02095937210037-18x12.webp 18w\" sizes=\"auto, (max-width: 750px) 100vw, 750px\" \/><p id=\"caption-attachment-8020\" class=\"wp-caption-text\">Obraz pobrany z Google.<\/p><\/div>\n<p><strong>3. Google Stadia:<\/strong> Stadia to platforma Google do streamingu gier, kt\u00f3ra umo\u017cliwia r\u00f3wnie\u017c granie w wysokiej jako\u015bci tytu\u0142y na urz\u0105dzeniach mobilnych. Chocia\u017c GTA V nie jest bezpo\u015brednio dost\u0119pne w katalogu Stadia, platforma oferuje wiele innych wysokiej jako\u015bci gier i mo\u017ce sta\u0107 si\u0119 opcj\u0105 w przysz\u0142o\u015bci.<\/p>\n<h3>Aplikacje emulacji<\/h3>\n<p>Innym sposobem na granie w GTA V na urz\u0105dzeniach mobilnych s\u0105 emulatory. Emulatory umo\u017cliwiaj\u0105 uruchamianie gier z innych platform na urz\u0105dzeniu mobilnym. Nale\u017cy jednak pami\u0119ta\u0107, \u017ce emulacja gry mo\u017ce by\u0107 problematyczna pod wzgl\u0119dem prawnym i mo\u017ce nie zapewnia\u0107 najlepszych wra\u017ce\u0144 pod wzgl\u0119dem wydajno\u015bci i grafiki.<\/p>\n<p>Niekt\u00f3re z popularnych emulator\u00f3w obejmuj\u0105:<\/p>\n<p style=\"text-align: center;\"><a class=\"mb-button mb-style-flat mb-size-default mb-corners-default mb-text-style-default  broken_link\" style=\"background-color: #ff0000;\" href=\"https:\/\/dicasdorei.com\/pl\/aplicativo-para-jogar-gta-no-seu-celular\/\">\u00a0<i class=\"fa fa-arrow-circle-right\"><\/i>\u00a0 ZOBACZ NAJLEPSZE APLIKACJE<\/a><\/p>\n<p style=\"text-align: center;\"><a class=\"mb-button mb-style-flat mb-size-default mb-corners-default mb-text-style-default  broken_link\" style=\"background-color: #ff0000;\" href=\"https:\/\/dicasdorei.com\/pl\/aplicativo-para-jogar-gta-no-seu-celular\/\">\u00a0<i class=\"fa fa-arrow-circle-right\"><\/i>\u00a0 APLIKACJE NA ANDROIDA<\/a><\/p>\n<p style=\"text-align: center;\"><a class=\"mb-button mb-style-flat mb-size-default mb-corners-default mb-text-style-default  broken_link\" style=\"background-color: #ff0000;\" href=\"https:\/\/dicasdorei.com\/pl\/aplicativo-para-jogar-gta-no-seu-celular\/\">\u00a0<i class=\"fa fa-arrow-circle-right\"><\/i>\u00a0 APLIKACJE NA IOS<\/a><\/p>\n<p><strong>1. \u0141\u0105cze Steam:<\/strong> Steam Link to aplikacja opracowana przez Valve, kt\u00f3ra umo\u017cliwia strumieniowe przesy\u0142anie gier z biblioteki Steam z komputera na urz\u0105dzenie mobilne. Oznacza to, \u017ce je\u015bli posiadasz ju\u017c GTA V na Steamie, mo\u017cesz gra\u0107 w ni\u0105 na urz\u0105dzeniu mobilnym, o ile jest ono po\u0142\u0105czone z t\u0105 sam\u0105 sieci\u0105 Wi-Fi co komputer.<\/p>\n<p><strong>2. Streaming gry Moonlight:<\/strong> Moonlight to aplikacja open source, kt\u00f3ra umo\u017cliwia strumieniowanie gier z komputera na urz\u0105dzenia mobilne. Dzia\u0142a podobnie do Steam Link, ale oferuje wi\u0119ksz\u0105 elastyczno\u015b\u0107 i jest kompatybilna z grami NVIDIA.<\/p>\n<h3>Nieoficjalne modyfikacje i porty<\/h3>\n<p>Opr\u00f3cz opcji strumieniowania i emulacji, dost\u0119pne s\u0105 r\u00f3wnie\u017c nieoficjalne modyfikacje i porty, kt\u00f3re pr\u00f3buj\u0105 przenie\u015b\u0107 wra\u017cenia z GTA V na urz\u0105dzenia mobilne. Projekty te s\u0105 tworzone przez entuzjast\u00f3w i mog\u0105 r\u00f3\u017cni\u0107 si\u0119 jako\u015bci\u0105 i stabilno\u015bci\u0105. Nale\u017cy zachowa\u0107 ostro\u017cno\u015b\u0107 podczas pobierania i instalowania tych plik\u00f3w, poniewa\u017c mog\u0105 one zawiera\u0107 z\u0142o\u015bliwe oprogramowanie lub dzia\u0142a\u0107 nieprawid\u0142owo.<\/p>\n<h3>Rozwa\u017cania ko\u0144cowe<\/h3>\n<p>Granie w GTA V na urz\u0105dzeniach mobilnych sta\u0142o si\u0119 faktem dzi\u0119ki post\u0119powi w technologiach streamingu i emulacji. Chocia\u017c nie ma oficjalnej wersji GTA V na urz\u0105dzenia mobilne, wymienione powy\u017cej rozwi\u0105zania oferuj\u0105 realne alternatywy dla fan\u00f3w gry, kt\u00f3rzy chc\u0105 gra\u0107 na swoich smartfonach lub tabletach.<\/p>\n<p style=\"text-align: center;\"><a class=\"mb-button mb-style-flat mb-size-default mb-corners-default mb-text-style-default  broken_link\" style=\"background-color: #ff0000;\" href=\"https:\/\/dicasdorei.com\/pl\/aplicativo-para-jogar-gta-no-seu-celular\/\">\u00a0<i class=\"fa fa-arrow-circle-right\"><\/i>\u00a0 ZOBACZ NAJLEPSZE APLIKACJE<\/a><\/p>\n<p style=\"text-align: center;\"><a class=\"mb-button mb-style-flat mb-size-default mb-corners-default mb-text-style-default  broken_link\" style=\"background-color: #ff0000;\" href=\"https:\/\/dicasdorei.com\/pl\/aplicativo-para-jogar-gta-no-seu-celular\/\">\u00a0<i class=\"fa fa-arrow-circle-right\"><\/i>\u00a0 APLIKACJE NA ANDROIDA<\/a><\/p>\n<p style=\"text-align: center;\"><a class=\"mb-button mb-style-flat mb-size-default mb-corners-default mb-text-style-default  broken_link\" style=\"background-color: #ff0000;\" href=\"https:\/\/dicasdorei.com\/pl\/aplicativo-para-jogar-gta-no-seu-celular\/\">\u00a0<i class=\"fa fa-arrow-circle-right\"><\/i>\u00a0 APLIKACJE NA IOS<\/a><\/p>\n<p>Kluczem do satysfakcjonuj\u0105cych wra\u017ce\u0144 jest stabilne i szybkie po\u0142\u0105czenie internetowe oraz kompatybilne urz\u0105dzenie mobilne. Dzi\u0119ki tym narz\u0119dziom ogromny i ekscytuj\u0105cy \u015bwiat Los Santos jest na wyci\u0105gni\u0119cie r\u0119ki, niezale\u017cnie od tego, gdzie jeste\u015b.<\/p>\n<\/body><\/html>","protected":false},"excerpt":{"rendered":"<p>A evolu\u00e7\u00e3o tecnol\u00f3gica dos dispositivos m\u00f3veis tem permitido que jogos antes exclusivos de consoles e PCs sejam jogados em smartphones e tablets. Entre esses jogos, destaca-se o Grand Theft Auto V (GTA V), um dos t\u00edtulos mais populares da Rockstar Games. \u00a0\u00a0 VEJA OS MELHORES APLICATIVOS \u00a0\u00a0 APLICATIVOS PARA ANDROID \u00a0\u00a0 APLICATIVOS PARA IOS Originalmente [&hellip;]<\/p>\n","protected":false},"author":1,"featured_media":0,"parent":0,"menu_order":0,"comment_status":"closed","ping_status":"closed","template":"","meta":{"footnotes":""},"class_list":["post-8019","page","type-page","status-publish","hentry"],"_links":{"self":[{"href":"https:\/\/dicasdorei.com\/pl\/wp-json\/wp\/v2\/pages\/8019","targetHints":{"allow":["GET"]}}],"collection":[{"href":"https:\/\/dicasdorei.com\/pl\/wp-json\/wp\/v2\/pages"}],"about":[{"href":"https:\/\/dicasdorei.com\/pl\/wp-json\/wp\/v2\/types\/page"}],"author":[{"embeddable":true,"href":"https:\/\/dicasdorei.com\/pl\/wp-json\/wp\/v2\/users\/1"}],"replies":[{"embeddable":true,"href":"https:\/\/dicasdorei.com\/pl\/wp-json\/wp\/v2\/comments?post=8019"}],"version-history":[{"count":4,"href":"https:\/\/dicasdorei.com\/pl\/wp-json\/wp\/v2\/pages\/8019\/revisions"}],"predecessor-version":[{"id":8053,"href":"https:\/\/dicasdorei.com\/pl\/wp-json\/wp\/v2\/pages\/8019\/revisions\/8053"}],"wp:attachment":[{"href":"https:\/\/dicasdorei.com\/pl\/wp-json\/wp\/v2\/media?parent=8019"}],"curies":[{"name":"wp","href":"https:\/\/api.w.org\/{rel}","templated":true}]}}