{"id":8011,"date":"2024-05-27T22:22:18","date_gmt":"2024-05-28T01:22:18","guid":{"rendered":"https:\/\/dicasdorei.com\/?page_id=8011"},"modified":"2024-06-01T10:06:25","modified_gmt":"2024-06-01T13:06:25","slug":"lp-aplicativos-para-fazer-limpeza-de-celular","status":"publish","type":"page","link":"https:\/\/dicasdorei.com\/pl\/lp-aplicativos-para-fazer-limpeza-de-celular\/","title":{"rendered":"Aplikacje do czyszczenia telefon\u00f3w kom\u00f3rkowych"},"content":{"rendered":"<html><body><p>Ci\u0105g\u0142e korzystanie ze smartfon\u00f3w powoduje, \u017ce na naszych urz\u0105dzeniach gromadzi si\u0119 znaczna ilo\u015b\u0107 niepotrzebnych plik\u00f3w, pami\u0119ci podr\u0119cznej i resztkowych danych, kt\u00f3re mog\u0105 wp\u0142ywa\u0107 na wydajno\u015b\u0107 i zajmowa\u0107 miejsce na dysku.<\/p>\n<p style=\"text-align: center;\"><a class=\"mb-button mb-style-flat mb-size-default mb-corners-default mb-text-style-default  broken_link\" style=\"background-color: #ff0000;\" href=\"https:\/\/dicasdorei.com\/pl\/aplicativo-para-fazer-limpeza-de-celular\/\">\u00a0<i class=\"fa fa-arrow-circle-right\"><\/i>\u00a0 ZOBACZ NAJLEPSZE APLIKACJE<\/a><\/p>\n<p style=\"text-align: center;\"><a class=\"mb-button mb-style-flat mb-size-default mb-corners-default mb-text-style-default  broken_link\" style=\"background-color: #ff0000;\" href=\"https:\/\/dicasdorei.com\/pl\/aplicativo-para-fazer-limpeza-de-celular\/\">\u00a0<i class=\"fa fa-arrow-circle-right\"><\/i>\u00a0 APLIKACJE NA ANDROIDA<\/a><\/p>\n<p style=\"text-align: center;\"><a class=\"mb-button mb-style-flat mb-size-default mb-corners-default mb-text-style-default  broken_link\" style=\"background-color: #ff0000;\" href=\"https:\/\/dicasdorei.com\/pl\/aplicativo-para-fazer-limpeza-de-celular\/\">\u00a0<i class=\"fa fa-arrow-circle-right\"><\/i>\u00a0 APLIKACJE NA IOS<\/a><\/p>\n<p>Na szcz\u0119\u015bcie istnieje kilka aplikacji zaprojektowanych specjalnie po to, aby pom\u00f3c Ci oczy\u015bci\u0107 i zoptymalizowa\u0107 telefon, zapewniaj\u0105c mu wydajniejsze dzia\u0142anie i wi\u0119ksz\u0105 ilo\u015b\u0107 dost\u0119pnej pami\u0119ci. W tym artykule om\u00f3wiono znaczenie tych aplikacji i om\u00f3wiono niekt\u00f3re z najpopularniejszych na rynku.<\/p>\n<h2>Znaczenie aplikacji czyszcz\u0105cych<\/h2>\n<p>Poniewa\u017c u\u017cywamy smartfon\u00f3w do r\u00f3\u017cnych zada\u0144 \u2013 od przegl\u0105dania internetu po pobieranie aplikacji i przechowywanie zdj\u0119\u0107 i film\u00f3w \u2013 gromadzenie si\u0119 bezu\u017cytecznych danych jest nieuniknione. Dane te obejmuj\u0105 pliki tymczasowe, pami\u0119\u0107 podr\u0119czn\u0105 aplikacji, duplikaty pobranych plik\u00f3w, a nawet pliki pozosta\u0142e po odinstalowanych aplikacjach. Z czasem pliki te mog\u0105:<\/p>\n<div id=\"attachment_8012\" style=\"width: 1210px\" class=\"wp-caption aligncenter\"><img loading=\"lazy\" decoding=\"async\" aria-describedby=\"caption-attachment-8012\" class=\"wp-image-8012 size-full\" src=\"https:\/\/dicasdorei.com\/wp-content\/uploads\/2024\/05\/Aplicativo-para-limpeza-do-Celular-1.webp\" alt=\"\" width=\"1200\" height=\"675\" srcset=\"https:\/\/dicasdorei.com\/wp-content\/uploads\/2024\/05\/Aplicativo-para-limpeza-do-Celular-1.webp 1200w, https:\/\/dicasdorei.com\/wp-content\/uploads\/2024\/05\/Aplicativo-para-limpeza-do-Celular-1-711x400.webp 711w, https:\/\/dicasdorei.com\/wp-content\/uploads\/2024\/05\/Aplicativo-para-limpeza-do-Celular-1-768x432.webp 768w, https:\/\/dicasdorei.com\/wp-content\/uploads\/2024\/05\/Aplicativo-para-limpeza-do-Celular-1-18x10.webp 18w\" sizes=\"auto, (max-width: 1200px) 100vw, 1200px\" \/><p id=\"caption-attachment-8012\" class=\"wp-caption-text\">Obraz pobrany z Google<\/p><\/div>\n<ol>\n<li><strong>Zajmij miejsce do przechowywania<\/strong>:Zmniejszanie ilo\u015bci miejsca dost\u0119pnego na nowe aplikacje, zdj\u0119cia, filmy i wa\u017cne dokumenty.<\/li>\n<li><strong>Zmniejszenie wydajno\u015bci urz\u0105dzenia<\/strong>:Uczynienie go wolniejszym i mniej responsywnym.<\/li>\n<li><strong>Wp\u0142yw na bateri\u0119<\/strong>:Niepotrzebne aplikacje i procesy dzia\u0142aj\u0105ce w tle mog\u0105 szybciej roz\u0142adowywa\u0107 bateri\u0119.<\/li>\n<\/ol>\n<h2>Najlepsze aplikacje do sprz\u0105tania<\/h2>\n<h3>1. CCleaner<\/h3>\n<p>Pierwotnie znany ze swojej skuteczno\u015bci na komputerach, CCleaner jest r\u00f3wnie\u017c dost\u0119pny na urz\u0105dzeniach mobilnych. Ta aplikacja skanuje urz\u0105dzenie w poszukiwaniu zb\u0119dnych plik\u00f3w i nagromadzonej pami\u0119ci podr\u0119cznej, zapewniaj\u0105c szybkie i skuteczne czyszczenie. Oferuje r\u00f3wnie\u017c mo\u017cliwo\u015b\u0107 odinstalowywania niechcianych aplikacji oraz monitorowania u\u017cycia procesora, baterii i temperatury urz\u0105dzenia.<\/p>\n<h3>2. Clean Master<\/h3>\n<p>Clean Master, jedna z najpopularniejszych aplikacji czyszcz\u0105cych, oferuje szeroki wachlarz narz\u0119dzi do optymalizacji urz\u0105dzenia. Usuwa resztki plik\u00f3w, czy\u015bci pami\u0119\u0107 podr\u0119czn\u0105 i odinstalowuje niepotrzebne aplikacje. Zawiera r\u00f3wnie\u017c wbudowany program antywirusowy, kt\u00f3ry zapewnia dodatkow\u0105 warstw\u0119 ochrony przed z\u0142o\u015bliwym oprogramowaniem i wirusami.<\/p>\n<p style=\"text-align: center;\"><a class=\"mb-button mb-style-flat mb-size-default mb-corners-default mb-text-style-default  broken_link\" style=\"background-color: #ff0000;\" href=\"https:\/\/dicasdorei.com\/pl\/aplicativo-para-fazer-limpeza-de-celular\/\">\u00a0<i class=\"fa fa-arrow-circle-right\"><\/i>\u00a0 ZOBACZ NAJLEPSZE APLIKACJE<\/a><\/p>\n<p style=\"text-align: center;\"><a class=\"mb-button mb-style-flat mb-size-default mb-corners-default mb-text-style-default  broken_link\" style=\"background-color: #ff0000;\" href=\"https:\/\/dicasdorei.com\/pl\/aplicativo-para-fazer-limpeza-de-celular\/\">\u00a0<i class=\"fa fa-arrow-circle-right\"><\/i>\u00a0 APLIKACJE NA ANDROIDA<\/a><\/p>\n<p style=\"text-align: center;\"><a class=\"mb-button mb-style-flat mb-size-default mb-corners-default mb-text-style-default  broken_link\" style=\"background-color: #ff0000;\" href=\"https:\/\/dicasdorei.com\/pl\/aplicativo-para-fazer-limpeza-de-celular\/\">\u00a0<i class=\"fa fa-arrow-circle-right\"><\/i>\u00a0 APLIKACJE NA IOS<\/a><\/p>\n<h3>3. Pliki Google<\/h3>\n<p>Ta aplikacja, opracowana przez Google, nie tylko czy\u015bci urz\u0105dzenie, ale tak\u017ce pomaga uporz\u0105dkowa\u0107 pliki. Sugeruje usuni\u0119cie duplikat\u00f3w plik\u00f3w, mem\u00f3w, GIF-\u00f3w i innych element\u00f3w, kt\u00f3re mog\u0105 zajmowa\u0107 niepotrzebnie miejsce. Oferuje r\u00f3wnie\u017c spersonalizowane rekomendacje dotycz\u0105ce zwalniania miejsca na dysku.<\/p>\n<h3>4. SD Pokoj\u00f3wka<\/h3>\n<p>Skoncentrowana na dog\u0142\u0119bnym czyszczeniu aplikacja SD Maid idealnie nadaje si\u0119 dla zaawansowanych u\u017cytkownik\u00f3w. Skanuje urz\u0105dzenie w poszukiwaniu resztek plik\u00f3w i folder\u00f3w pozostawionych przez odinstalowane aplikacje i skutecznie czy\u015bci pami\u0119\u0107 podr\u0119czn\u0105. Aplikacja oferuje r\u00f3wnie\u017c narz\u0119dzia do zarz\u0105dzania aplikacjami i plikami, co dodatkowo optymalizuje wydajno\u015b\u0107 urz\u0105dzenia.<\/p>\n<h3>5. Norton Clean<\/h3>\n<p>Opracowana przez renomowan\u0105 firm\u0119 Norton, specjalizuj\u0105c\u0105 si\u0119 w zabezpieczeniach, aplikacja koncentruje si\u0119 na usuwaniu niepotrzebnych plik\u00f3w i pami\u0119ci podr\u0119cznej. Opr\u00f3cz zwalniania miejsca, Norton Clean oferuje prosty i \u0142atwy w obs\u0142udze interfejs, co czyni j\u0105 doskona\u0142\u0105 opcj\u0105 dla os\u00f3b ceni\u0105cych wydajno\u015b\u0107 i bezpiecze\u0144stwo.<\/p>\n<h2>Jak wybra\u0107 idealn\u0105 aplikacj\u0119<\/h2>\n<p>Wybieraj\u0105c aplikacj\u0119 do czyszczenia telefonu, we\u017a pod uwag\u0119 nast\u0119puj\u0105ce aspekty:<\/p>\n<ol>\n<li><strong>Funkcjonalno\u015b\u0107<\/strong>:Upewnij si\u0119, \u017ce aplikacja oferuje wszystkie niezb\u0119dne narz\u0119dzia do czyszczenia i optymalizacji urz\u0105dzenia.<\/li>\n<li><strong>Interfejs<\/strong>:Preferuj\u0119 aplikacje z intuicyjnymi i \u0142atwymi w obs\u0142udze interfejsami.<\/li>\n<li><strong>Recenzje i komentarze<\/strong>:Sprawd\u017a recenzje i komentarze innych u\u017cytkownik\u00f3w, aby upewni\u0107 si\u0119, \u017ce aplikacja jest skuteczna i niezawodna.<\/li>\n<li><strong>Bezpiecze\u0144stwo<\/strong>:Wybieraj aplikacje od renomowanych deweloper\u00f3w, aby unikn\u0105\u0107 ryzyka infekcji z\u0142o\u015bliwym oprogramowaniem i niewystarczaj\u0105cej ochrony.<\/li>\n<\/ol>\n<h2>Wniosek<\/h2>\n<p>Aplikacje do czyszczenia telefonu to niezb\u0119dne narz\u0119dzia, kt\u00f3re pomagaj\u0105 utrzyma\u0107 nasze urz\u0105dzenia w optymalnym stanie i zapewni\u0107 im wystarczaj\u0105c\u0105 ilo\u015b\u0107 miejsca w pami\u0119ci. Odpowiedni wyb\u00f3r mo\u017ce znacz\u0105co poprawi\u0107 wydajno\u015b\u0107 telefonu, wyd\u0142u\u017cy\u0107 czas pracy baterii oraz zapewni\u0107 p\u0142ynniejsze i bardziej wydajne korzystanie z urz\u0105dzenia.<\/p>\n<p style=\"text-align: center;\"><a class=\"mb-button mb-style-flat mb-size-default mb-corners-default mb-text-style-default  broken_link\" style=\"background-color: #ff0000;\" href=\"https:\/\/dicasdorei.com\/pl\/aplicativo-para-fazer-limpeza-de-celular\/\">\u00a0<i class=\"fa fa-arrow-circle-right\"><\/i>\u00a0 ZOBACZ NAJLEPSZE APLIKACJE<\/a><\/p>\n<p style=\"text-align: center;\"><a class=\"mb-button mb-style-flat mb-size-default mb-corners-default mb-text-style-default  broken_link\" style=\"background-color: #ff0000;\" href=\"https:\/\/dicasdorei.com\/pl\/aplicativo-para-fazer-limpeza-de-celular\/\">\u00a0<i class=\"fa fa-arrow-circle-right\"><\/i>\u00a0 APLIKACJE NA ANDROIDA<\/a><\/p>\n<p style=\"text-align: center;\"><a class=\"mb-button mb-style-flat mb-size-default mb-corners-default mb-text-style-default  broken_link\" style=\"background-color: #ff0000;\" href=\"https:\/\/dicasdorei.com\/pl\/aplicativo-para-fazer-limpeza-de-celular\/\">\u00a0<i class=\"fa fa-arrow-circle-right\"><\/i>\u00a0 APLIKACJE NA IOS<\/a><\/p>\n<p>Niezale\u017cnie od tego, czy chodzi o CCleaner, Clean Master, Files by Google, SD Maid czy Norton Clean, na rynku dost\u0119pnych jest wiele opcji, kt\u00f3re mog\u0105 spe\u0142ni\u0107 potrzeby r\u00f3\u017cnych u\u017cytkownik\u00f3w. Dlatego inwestycja w dobr\u0105 aplikacj\u0119 sprz\u0105taj\u0105c\u0105 mo\u017ce by\u0107 kluczowa dla utrzymania smartfona w dobrym stanie.<\/p>\n<\/body><\/html>","protected":false},"excerpt":{"rendered":"<p>Com o uso constante de smartphones, \u00e9 comum que nossos dispositivos acumulem uma quantidade significativa de arquivos indesejados, cache e dados residuais que podem afetar o desempenho e ocupar espa\u00e7o de armazenamento. \u00a0\u00a0 VEJA OS MELHORES APLICATIVOS \u00a0\u00a0 APLICATIVOS PARA ANDROID \u00a0\u00a0 APLICATIVOS PARA IOS Felizmente, existem diversos aplicativos projetados especificamente para ajudar na limpeza [&hellip;]<\/p>\n","protected":false},"author":1,"featured_media":0,"parent":0,"menu_order":0,"comment_status":"closed","ping_status":"closed","template":"","meta":{"footnotes":""},"class_list":["post-8011","page","type-page","status-publish","hentry"],"_links":{"self":[{"href":"https:\/\/dicasdorei.com\/pl\/wp-json\/wp\/v2\/pages\/8011","targetHints":{"allow":["GET"]}}],"collection":[{"href":"https:\/\/dicasdorei.com\/pl\/wp-json\/wp\/v2\/pages"}],"about":[{"href":"https:\/\/dicasdorei.com\/pl\/wp-json\/wp\/v2\/types\/page"}],"author":[{"embeddable":true,"href":"https:\/\/dicasdorei.com\/pl\/wp-json\/wp\/v2\/users\/1"}],"replies":[{"embeddable":true,"href":"https:\/\/dicasdorei.com\/pl\/wp-json\/wp\/v2\/comments?post=8011"}],"version-history":[{"count":5,"href":"https:\/\/dicasdorei.com\/pl\/wp-json\/wp\/v2\/pages\/8011\/revisions"}],"predecessor-version":[{"id":8051,"href":"https:\/\/dicasdorei.com\/pl\/wp-json\/wp\/v2\/pages\/8011\/revisions\/8051"}],"wp:attachment":[{"href":"https:\/\/dicasdorei.com\/pl\/wp-json\/wp\/v2\/media?parent=8011"}],"curies":[{"name":"wp","href":"https:\/\/api.w.org\/{rel}","templated":true}]}}