{"id":7985,"date":"2024-05-25T00:25:16","date_gmt":"2024-05-25T03:25:16","guid":{"rendered":"https:\/\/dicasdorei.com\/?page_id=7985"},"modified":"2024-05-28T01:12:31","modified_gmt":"2024-05-28T04:12:31","slug":"lp-como-obter-um-emprestimo-pessoal-creditis","status":"publish","type":"page","link":"https:\/\/dicasdorei.com\/pl\/lp-como-obter-um-emprestimo-pessoal-creditis\/","title":{"rendered":"Jak uzyska\u0107 po\u017cyczk\u0119 osobist\u0105 Creditis"},"content":{"rendered":"<html><body><p>Uzyskanie po\u017cyczki osobistej mo\u017ce wydawa\u0107 si\u0119 skomplikowanym procesem, ale z Creditis jest to proste i przejrzyste. W tym poradniku om\u00f3wimy kluczowe kroki prowadz\u0105ce do uzyskania po\u017cyczki osobistej w Creditis, a tak\u017ce zalety wyboru tej opcji, aby sprosta\u0107 Twoim potrzebom finansowym.<\/p>\n<p style=\"text-align: center;\"><a class=\"mb-button mb-style-traditional mb-size-default mb-corners-default mb-text-style-default  broken_link\" style=\"background-color: #2bc470;\" href=\"https:\/\/dicasdorei.com\/pl\/emprestimo-pessoal-creditis-guia-passo-a-passo-para-solicitacao\/\">\u00a0<i class=\"fa fa-arrow-circle-right\"><\/i>\u00a0 JAK UBIEGA\u0106 SI\u0118 O PO\u017bYCZK\u0118 OSOBIST\u0104 CREDITIS \u27a1\ufe0f<\/a><\/p>\n<p style=\"text-align: center;\"><a class=\"mb-button mb-style-traditional mb-size-default mb-corners-default mb-text-style-default  broken_link\" style=\"background-color: #2bc470;\" href=\"https:\/\/dicasdorei.com\/pl\/emprestimo-pessoal-creditis-guia-passo-a-passo-para-solicitacao\/\">\u00a0<i class=\"fa fa-arrow-circle-right\"><\/i>\u00a0 ZOBACZ NAJLEPSZE CENY \u27a1\ufe0f<\/a><\/p>\n<p style=\"text-align: center;\"><a class=\"mb-button mb-style-traditional mb-size-default mb-corners-default mb-text-style-default  broken_link\" style=\"background-color: #2bc470;\" href=\"https:\/\/dicasdorei.com\/pl\/emprestimo-pessoal-creditis-guia-passo-a-passo-para-solicitacao\/\">\u00a0<i class=\"fa fa-arrow-circle-right\"><\/i>\u00a0 NAJLEPSZY KREDYT NA RYNKU \u27a1\ufe0f<\/a><\/p>\n<h3>Kroki uzyskania po\u017cyczki osobistej Creditis<\/h3>\n<p><strong>1. Ocena potrzeb finansowych<\/strong><\/p>\n<p>Pierwszym krokiem do uzyskania po\u017cyczki osobistej w Creditis jest dok\u0142adna ocena swoich potrzeb finansowych. Pomo\u017ce Ci to okre\u015bli\u0107 dok\u0142adn\u0105 kwot\u0119, kt\u00f3rej potrzebujesz, oraz okres sp\u0142aty najlepiej dopasowany do Twojej sytuacji. Creditis oferuje szereg opcji po\u017cyczkowych, dlatego wa\u017cne jest, aby przed podj\u0119ciem decyzji dok\u0142adnie zrozumie\u0107 swoje potrzeby.<\/p>\n<p><strong>2. Gromadzenie niezb\u0119dnej dokumentacji<\/strong><\/p>\n<p><img loading=\"lazy\" decoding=\"async\" class=\"aligncenter wp-image-8009 size-full\" src=\"\/wp-content\/imgs-converts\/2024\/06\/recover-deleted-photos-4.webp\" alt=\"\" width=\"1080\" height=\"1080\"><\/p>\n<p>Przed z\u0142o\u017ceniem wniosku upewnij si\u0119, \u017ce posiadasz wszystkie niezb\u0119dne dokumenty. Creditis zazwyczaj wymaga nast\u0119puj\u0105cych dokument\u00f3w:<\/p>\n<ul>\n<li>Wa\u017cny dokument to\u017csamo\u015bci (dow\u00f3d osobisty lub paszport)<\/li>\n<li>CPF<\/li>\n<li>Dow\u00f3d dochodu (np. odcinki wyp\u0142at, zeznania podatkowe lub inne dokumenty potwierdzaj\u0105ce Twoj\u0105 zdolno\u015b\u0107 p\u0142atnicz\u0105)<\/li>\n<li>W zale\u017cno\u015bci od Twojej sytuacji finansowej mo\u017ce by\u0107 wymagana dodatkowa dokumentacja.<\/li>\n<\/ul>\n<p><strong>3. Wype\u0142nienie wniosku online<\/strong><\/p>\n<p>Creditis sprawia, \u017ce proces sk\u0142adania wniosku jest bardzo prosty i wygodny dzi\u0119ki swojej platformie internetowej. Wystarczy odwiedzi\u0107 stron\u0119 internetow\u0105 Creditis i wype\u0142ni\u0107 formularz wniosku. Konieczne b\u0119dzie podanie danych osobowych oraz informacji o rodzaju po\u017cyczki, kt\u00f3rej szukasz. Platforma jest przyjazna dla u\u017cytkownika i poprowadzi Ci\u0119 przez ka\u017cdy etap procesu.<\/p>\n<p><strong>4. Ocena aplikacji<\/strong><\/p>\n<p>Po z\u0142o\u017ceniu wniosku zesp\u00f3\u0142 Creditis dokona jego oceny. Proces ten obejmuje weryfikacj\u0119 zdolno\u015bci p\u0142atniczej i ocen\u0119 profilu kredytowego. Creditis dok\u0142ada wszelkich stara\u0144, aby udzieli\u0107 szybkiej odpowiedzi, zazwyczaj w ci\u0105gu 24\u201348 godzin, dzi\u0119ki czemu nie b\u0119dziesz musia\u0142 d\u0142ugo czeka\u0107 na decyzj\u0119 o zatwierdzeniu wniosku.<\/p>\n<p><strong>5. Otrzymanie propozycji po\u017cyczki<\/strong><\/p>\n<p style=\"text-align: center;\"><a class=\"mb-button mb-style-traditional mb-size-default mb-corners-default mb-text-style-default  broken_link\" style=\"background-color: #2bc470;\" href=\"https:\/\/dicasdorei.com\/pl\/emprestimo-pessoal-creditis-guia-passo-a-passo-para-solicitacao\/\">\u00a0<i class=\"fa fa-arrow-circle-right\"><\/i>\u00a0 JAK UBIEGA\u0106 SI\u0118 O PO\u017bYCZK\u0118 OSOBIST\u0104 CREDITIS \u27a1\ufe0f<\/a><\/p>\n<p style=\"text-align: center;\"><a class=\"mb-button mb-style-traditional mb-size-default mb-corners-default mb-text-style-default  broken_link\" style=\"background-color: #2bc470;\" href=\"https:\/\/dicasdorei.com\/pl\/emprestimo-pessoal-creditis-guia-passo-a-passo-para-solicitacao\/\">\u00a0<i class=\"fa fa-arrow-circle-right\"><\/i>\u00a0 ZOBACZ NAJLEPSZE CENY \u27a1\ufe0f<\/a><\/p>\n<p style=\"text-align: center;\"><a class=\"mb-button mb-style-traditional mb-size-default mb-corners-default mb-text-style-default  broken_link\" style=\"background-color: #2bc470;\" href=\"https:\/\/dicasdorei.com\/pl\/emprestimo-pessoal-creditis-guia-passo-a-passo-para-solicitacao\/\">\u00a0<i class=\"fa fa-arrow-circle-right\"><\/i>\u00a0 NAJLEPSZY KREDYT NA RYNKU \u27a1\ufe0f<\/a><\/p>\n<p>Je\u015bli Tw\u00f3j wniosek zostanie zatwierdzony, otrzymasz szczeg\u00f3\u0142ow\u0105 propozycj\u0119 po\u017cyczki. B\u0119dzie ona zawiera\u0107 wszystkie istotne informacje, takie jak kwota po\u017cyczki, oprocentowanie, okres sp\u0142aty i wszelkie inne obowi\u0105zuj\u0105ce warunki. Przed zaakceptowaniem propozycji nale\u017cy j\u0105 uwa\u017cnie przeczyta\u0107 i upewni\u0107 si\u0119, \u017ce wszystkie warunki s\u0105 zrozumia\u0142e.<\/p>\n<p><strong>6. Akceptacja propozycji i wyp\u0142ata \u015brodk\u00f3w<\/strong><\/p>\n<p>Po zapoznaniu si\u0119 z ofert\u0105 i zaakceptowaniu warunk\u00f3w mo\u017cesz podpisa\u0107 umow\u0119 po\u017cyczkow\u0105. Po zako\u0144czeniu tego kroku \u015brodki zostan\u0105 przelane na Twoje konto bankowe. Creditis dok\u0142ada wszelkich stara\u0144, aby proces ten przebiega\u0142 jak najszybciej, zapewniaj\u0105c Ci szybki dost\u0119p do \u015brodk\u00f3w.<\/p>\n<h3>Zalety wyboru Creditis<\/h3>\n<p><strong>1. Elastyczno\u015b\u0107 w opcjach kredytowych<\/strong><\/p>\n<p>Creditis oferuje szeroki wachlarz opcji kredytowych, dopasowanych do r\u00f3\u017cnych potrzeb finansowych. Niezale\u017cnie od tego, czy potrzebujesz niewielkiej kwoty na nieprzewidziany wydatek, czy wi\u0119kszej na du\u017cy projekt, Creditis ma dla Ciebie odpowiednie rozwi\u0105zanie.<\/p>\n<p><strong>2. Konkurencyjne stopy procentowe<\/strong><\/p>\n<p>Jedn\u0105 z g\u0142\u00f3wnych zalet Creditis jest mo\u017cliwo\u015b\u0107 uzyskania po\u017cyczek z konkurencyjnym oprocentowaniem. Oznacza to, \u017ce mo\u017cesz uzyska\u0107 dost\u0119p do potrzebnych \u015brodk\u00f3w bez ponoszenia nadmiernych koszt\u00f3w. Oprocentowanie Creditis nale\u017cy do najni\u017cszych na rynku, co czyni po\u017cyczki wygodnymi.<\/p>\n<p><strong>3. Szybki i prosty proces<\/strong><\/p>\n<p>Creditis upraszcza proces sk\u0142adania wniosku o po\u017cyczk\u0119 i jego zatwierdzania. Platforma internetowa jest intuicyjna i \u0142atwa w obs\u0142udze, a czas reakcji jest szybki. Dzi\u0119ki temu mo\u017cesz uzyska\u0107 potrzebn\u0105 po\u017cyczk\u0119 bez d\u0142ugiego oczekiwania.<\/p>\n<p><strong>4. Przejrzysto\u015b\u0107 i niezawodno\u015b\u0107<\/strong><\/p>\n<p style=\"text-align: center;\"><a class=\"mb-button mb-style-traditional mb-size-default mb-corners-default mb-text-style-default  broken_link\" style=\"background-color: #2bc470;\" href=\"https:\/\/dicasdorei.com\/pl\/emprestimo-pessoal-creditis-guia-passo-a-passo-para-solicitacao\/\">\u00a0<i class=\"fa fa-arrow-circle-right\"><\/i>\u00a0 JAK UBIEGA\u0106 SI\u0118 O PO\u017bYCZK\u0118 OSOBIST\u0104 CREDITIS \u27a1\ufe0f<\/a><\/p>\n<p style=\"text-align: center;\"><a class=\"mb-button mb-style-traditional mb-size-default mb-corners-default mb-text-style-default  broken_link\" style=\"background-color: #2bc470;\" href=\"https:\/\/dicasdorei.com\/pl\/emprestimo-pessoal-creditis-guia-passo-a-passo-para-solicitacao\/\">\u00a0<i class=\"fa fa-arrow-circle-right\"><\/i>\u00a0 ZOBACZ NAJLEPSZE CENY \u27a1\ufe0f<\/a><\/p>\n<p style=\"text-align: center;\"><a class=\"mb-button mb-style-traditional mb-size-default mb-corners-default mb-text-style-default  broken_link\" style=\"background-color: #2bc470;\" href=\"https:\/\/dicasdorei.com\/pl\/emprestimo-pessoal-creditis-guia-passo-a-passo-para-solicitacao\/\">\u00a0<i class=\"fa fa-arrow-circle-right\"><\/i>\u00a0 NAJLEPSZY KREDYT NA RYNKU \u27a1\ufe0f<\/a><\/p>\n<p>Z Creditis nie ma ukrytych koszt\u00f3w ani nieprzyjemnych niespodzianek. Wszystkie warunki po\u017cyczki s\u0105 jasno wyja\u015bnione od samego pocz\u0105tku. Creditis dba o jasn\u0105 i transparentn\u0105 komunikacj\u0119 z klientami.<\/p>\n<p><strong>5. Dedykowana obs\u0142uga klienta<\/strong><\/p>\n<p>Creditis oferuje doskona\u0142\u0105 obs\u0142ug\u0119 klienta, ch\u0119tnie odpowiadaj\u0105c na wszelkie pytania i udzielaj\u0105c wsparcia na ka\u017cdym etapie procesu kredytowego. Mo\u017cesz liczy\u0107 na dedykowane i profesjonalne wsparcie.<\/p>\n<h3>Wniosek<\/h3>\n<p>Uzyskanie po\u017cyczki osobistej w Creditis to prosty i przejrzysty proces. Post\u0119puj\u0105c zgodnie z poni\u017cszymi krokami i korzystaj\u0105c z oferowanych korzy\u015bci, mo\u017cesz szybko i wygodnie uzyska\u0107 potrzebne finansowanie. Creditis to idealny partner dla Twoich potrzeb finansowych, gwarantuj\u0105cy elastyczno\u015b\u0107, konkurencyjne oprocentowanie i doskona\u0142\u0105 obs\u0142ug\u0119 klienta. Nie wahaj si\u0119 i z\u0142\u00f3\u017c wniosek, aby dowiedzie\u0107 si\u0119, jak Creditis mo\u017ce pom\u00f3c Ci osi\u0105gn\u0105\u0107 Twoje cele finansowe.<\/p>\n<\/body><\/html>","protected":false},"excerpt":{"rendered":"<p>Obter um empr\u00e9stimo pessoal pode parecer um processo complicado, mas com a Creditis, \u00e9 simples e transparente. Neste guia, exploraremos as etapas principais para obter um empr\u00e9stimo pessoal com a Creditis, al\u00e9m das vantagens de escolher essa op\u00e7\u00e3o para atender \u00e0s suas necessidades financeiras. \u00a0\u00a0 COMO SOLICITAR UM EMPRESTIMO PESSOAL CREDITIS \u27a1\ufe0f \u00a0\u00a0 VEJA AS [&hellip;]<\/p>\n","protected":false},"author":1,"featured_media":0,"parent":0,"menu_order":0,"comment_status":"closed","ping_status":"closed","template":"","meta":{"footnotes":""},"class_list":["post-7985","page","type-page","status-publish","hentry"],"_links":{"self":[{"href":"https:\/\/dicasdorei.com\/pl\/wp-json\/wp\/v2\/pages\/7985","targetHints":{"allow":["GET"]}}],"collection":[{"href":"https:\/\/dicasdorei.com\/pl\/wp-json\/wp\/v2\/pages"}],"about":[{"href":"https:\/\/dicasdorei.com\/pl\/wp-json\/wp\/v2\/types\/page"}],"author":[{"embeddable":true,"href":"https:\/\/dicasdorei.com\/pl\/wp-json\/wp\/v2\/users\/1"}],"replies":[{"embeddable":true,"href":"https:\/\/dicasdorei.com\/pl\/wp-json\/wp\/v2\/comments?post=7985"}],"version-history":[{"count":6,"href":"https:\/\/dicasdorei.com\/pl\/wp-json\/wp\/v2\/pages\/7985\/revisions"}],"predecessor-version":[{"id":8010,"href":"https:\/\/dicasdorei.com\/pl\/wp-json\/wp\/v2\/pages\/7985\/revisions\/8010"}],"wp:attachment":[{"href":"https:\/\/dicasdorei.com\/pl\/wp-json\/wp\/v2\/media?parent=7985"}],"curies":[{"name":"wp","href":"https:\/\/api.w.org\/{rel}","templated":true}]}}