{"id":450,"date":"2022-04-08T00:05:27","date_gmt":"2022-04-08T03:05:27","guid":{"rendered":"https:\/\/dicasdorei.com\/?page_id=450"},"modified":"2025-01-25T10:56:35","modified_gmt":"2025-01-25T13:56:35","slug":"terms-of-use","status":"publish","type":"page","link":"https:\/\/dicasdorei.com\/pl\/terms-of-use\/","title":{"rendered":"Warunki korzystania"},"content":{"rendered":"<html><body><p>1. Warunki<\/p>\n<p>Korzystaj\u0105c ze strony internetowej Dicas do Rei, zgadzasz si\u0119 przestrzega\u0107 niniejszych warunk\u00f3w korzystania z us\u0142ugi, wszystkich obowi\u0105zuj\u0105cych przepis\u00f3w i regulacji oraz przyjmujesz na siebie odpowiedzialno\u015b\u0107 za przestrzeganie wszystkich obowi\u0105zuj\u0105cych przepis\u00f3w lokalnych. Je\u015bli nie zgadzasz si\u0119 z kt\u00f3rymkolwiek z tych warunk\u00f3w, nie mo\u017cesz korzysta\u0107 z tej witryny ani uzyskiwa\u0107 do niej dost\u0119pu. Materia\u0142y zawarte na tej stronie s\u0105 chronione obowi\u0105zuj\u0105cymi przepisami prawa autorskiego i prawa znak\u00f3w towarowych.<\/p>\n<p>2. Korzystanie z licencji<\/p>\n<p>Udziela si\u0119 zgody na tymczasowe pobranie jednej kopii materia\u0142\u00f3w (informacji lub oprogramowania) ze strony internetowej Dicas do Rei wy\u0142\u0105cznie w celu osobistego, niekomercyjnego, przej\u015bciowego korzystania z nich. Niniejsza umowa udziela licencji, a nie przenosi tytu\u0142u w\u0142asno\u015bci, a na mocy tej licencji nie wolno:<\/p>\n<p>modyfikowa\u0107 lub kopiowa\u0107 materia\u0142y;<br>\nu\u017cywa\u0107 materia\u0142\u00f3w do cel\u00f3w komercyjnych lub do ich publicznego wy\u015bwietlania (komercyjnego lub niekomercyjnego);<br>\npodejmowa\u0107 pr\u00f3b dekompilowania lub dokonywania in\u017cynierii wstecznej jakiegokolwiek oprogramowania zawartego na stronie internetowej Dicas do Rei;<br>\nusun\u0105\u0107 z materia\u0142\u00f3w wszelkie informacje o prawach autorskich lub inne informacje o w\u0142asno\u015bci; Lub<br>\nprzekazywa\u0107 materia\u0142\u00f3w innej osobie lub \u201eprzenosi\u0107\u201d ich na inny serwer.<\/p>\n<p>Niniejsza licencja ulega automatycznemu rozwi\u0105zaniu w przypadku naruszenia kt\u00f3regokolwiek z niniejszych ogranicze\u0144 i mo\u017ce zosta\u0107 rozwi\u0105zana przez Dicas do Rei w dowolnym momencie. Po zako\u0144czeniu przegl\u0105dania materia\u0142\u00f3w lub po wyga\u015bni\u0119ciu niniejszej licencji, musisz zniszczy\u0107 wszelkie pobrane materia\u0142y b\u0119d\u0105ce w Twoim posiadaniu, niezale\u017cnie od tego, czy s\u0105 w formie elektronicznej, czy wydrukowanej.<\/p>\n<p>3. Zastrze\u017cenie<br>\nMateria\u0142y zamieszczone na stronie internetowej Dicas do Rei s\u0105 udost\u0119pniane \u201etak jak s\u0105\u201d. King&#039;s Tips nie udziela \u017cadnych gwarancji, wyra\u017anych ani dorozumianych, niniejszym zrzeka si\u0119 i neguje wszelkie inne gwarancje, w tym mi\u0119dzy innymi dorozumiane gwarancje lub warunki przydatno\u015bci handlowej, przydatno\u015bci do okre\u015blonego celu lub nienaruszania praw w\u0142asno\u015bci intelektualnej lub innego naruszenia praw.<br>\nPonadto Dicas do Rei nie udziela gwarancji i nie sk\u0142ada \u017cadnych o\u015bwiadcze\u0144 dotycz\u0105cych dok\u0142adno\u015bci, prawdopodobnych wynik\u00f3w lub niezawodno\u015bci korzystania z materia\u0142\u00f3w zamieszczonych na swojej stronie internetowej lub w inny spos\u00f3b powi\u0105zanych z takimi materia\u0142ami b\u0105d\u017a z witrynami po\u0142\u0105czonymi z t\u0105 witryn\u0105.<br>\n4. Ograniczenia<\/p>\n<p>W \u017cadnym wypadku Dicas do Rei ani jego dostawcy nie ponosz\u0105 odpowiedzialno\u015bci za jakiekolwiek szkody (w tym, bez ogranicze\u0144, szkody z tytu\u0142u utraty danych lub zysk\u00f3w b\u0105d\u017a szkody powsta\u0142e w wyniku przerwy w dzia\u0142alno\u015bci), wynikaj\u0105ce z korzystania lub niemo\u017cno\u015bci korzystania z materia\u0142\u00f3w znajduj\u0105cych si\u0119 na stronie internetowej Dicas do Rei, nawet je\u015bli Dicas do Rei lub upowa\u017cniony przedstawiciel Dicas do Rei zosta\u0142 poinformowany ustnie lub pisemnie o mo\u017cliwo\u015bci wyst\u0105pienia takich szk\u00f3d. Poniewa\u017c w niekt\u00f3rych jurysdykcjach nie s\u0105 dozwolone ograniczenia gwarancji dorozumianych lub ograniczenia odpowiedzialno\u015bci za szkody nast\u0119pcze lub przypadkowe, ograniczenia te mog\u0105 Ci\u0119 nie dotyczy\u0107.<\/p>\n<p>5. Dok\u0142adno\u015b\u0107 materia\u0142\u00f3w<\/p>\n<p>Materia\u0142y publikowane na stronie internetowej Dicas do Rei mog\u0105 zawiera\u0107 b\u0142\u0119dy techniczne, typograficzne lub fotograficzne. Dicas do Rei nie gwarantuje, \u017ce jakiekolwiek materia\u0142y zamieszczone na stronie internetowej s\u0105 dok\u0142adne, kompletne lub aktualne. King&#039;s Tips ma prawo dokonywa\u0107 zmian w materia\u0142ach zawartych na swojej stronie internetowej w dowolnym momencie i bez uprzedzenia. Jednak\u017ce Dicas do Rei nie zobowi\u0105zuje si\u0119 do aktualizowania materia\u0142\u00f3w.<\/p>\n<p>6. Linki<\/p>\n<p>Dicas do Rei nie sprawdzi\u0142 wszystkich stron internetowych po\u0142\u0105czonych linkami ze swoj\u0105 witryn\u0105 i nie ponosi odpowiedzialno\u015bci za zawarto\u015b\u0107 \u017cadnej z tych stron. Zamieszczenie jakiegokolwiek linka nie oznacza, \u017ce Dicas do Rei popiera dan\u0105 witryn\u0119. Korzystanie z podlinkowanych witryn internetowych odbywa si\u0119 na w\u0142asne ryzyko u\u017cytkownika.<\/p>\n<p>Modyfikacje<\/p>\n<p>Dicas do Rei ma prawo w ka\u017cdej chwili i bez uprzedzenia zmieni\u0107 warunki korzystania ze swojej witryny internetowej. Korzystaj\u0105c z tej witryny internetowej, wyra\u017casz zgod\u0119 na zwi\u0105zanie si\u0119 obowi\u0105zuj\u0105c\u0105 w\u00f3wczas wersj\u0105 niniejszych warunk\u00f3w korzystania z us\u0142ugi.<\/p>\n<p>Prawo w\u0142a\u015bciwe<\/p>\n<p>Niniejsze warunki podlegaj\u0105 prawu obowi\u0105zuj\u0105cemu w Dicas do Rei i zgodnie z nim b\u0119d\u0105 interpretowane. Nieodwo\u0142alnie poddajesz si\u0119 wy\u0142\u0105cznej jurysdykcji s\u0105d\u00f3w tego pa\u0144stwa lub miejsca.<\/p>\n<\/body><\/html>","protected":false},"excerpt":{"rendered":"<p>1. Terms By accessing the website\u00a0Dicas do Rei, you agree to be bound by these terms of service, all applicable laws and regulations, and agree that you are responsible for compliance with all applicable local laws. If you do not agree with any of these terms, you are prohibited from using or accessing this site. [&hellip;]<\/p>\n","protected":false},"author":1,"featured_media":0,"parent":0,"menu_order":0,"comment_status":"closed","ping_status":"closed","template":"","meta":{"footnotes":""},"class_list":["post-450","page","type-page","status-publish","hentry"],"_links":{"self":[{"href":"https:\/\/dicasdorei.com\/pl\/wp-json\/wp\/v2\/pages\/450","targetHints":{"allow":["GET"]}}],"collection":[{"href":"https:\/\/dicasdorei.com\/pl\/wp-json\/wp\/v2\/pages"}],"about":[{"href":"https:\/\/dicasdorei.com\/pl\/wp-json\/wp\/v2\/types\/page"}],"author":[{"embeddable":true,"href":"https:\/\/dicasdorei.com\/pl\/wp-json\/wp\/v2\/users\/1"}],"replies":[{"embeddable":true,"href":"https:\/\/dicasdorei.com\/pl\/wp-json\/wp\/v2\/comments?post=450"}],"version-history":[{"count":2,"href":"https:\/\/dicasdorei.com\/pl\/wp-json\/wp\/v2\/pages\/450\/revisions"}],"predecessor-version":[{"id":8728,"href":"https:\/\/dicasdorei.com\/pl\/wp-json\/wp\/v2\/pages\/450\/revisions\/8728"}],"wp:attachment":[{"href":"https:\/\/dicasdorei.com\/pl\/wp-json\/wp\/v2\/media?parent=450"}],"curies":[{"name":"wp","href":"https:\/\/api.w.org\/{rel}","templated":true}]}}