{"id":19,"date":"2022-02-24T21:18:08","date_gmt":"2022-02-25T00:18:08","guid":{"rendered":"https:\/\/dicasdorei.com\/?page_id=19"},"modified":"2025-01-25T10:56:59","modified_gmt":"2025-01-25T13:56:59","slug":"who-is-the-kings-tips-portal","status":"publish","type":"page","link":"https:\/\/dicasdorei.com\/pl\/who-is-the-kings-tips-portal\/","title":{"rendered":"Kim jest portal porad King&#039;s Tips?"},"content":{"rendered":"<html><body><p>Cze\u015b\u0107! Jeste\u015bmy portalem Dicas Do Rei! Naszym g\u0142\u00f3wnym celem jest zapewnienie Ci wspania\u0142ych wra\u017ce\u0144 podczas przegl\u0105dania naszej strony internetowej i umo\u017cliwienie Ci znalezienia najlepszych wskaz\u00f3wek!<\/p>\n<p>Jeste\u015bmy zespo\u0142em zajmuj\u0105cym si\u0119 marketingiem cyfrowym, kt\u00f3rego celem jest dostarczanie najlepszych us\u0142ug i tre\u015bci dla Twoich aplikacji!<\/p>\n<p>Wiele stron internetowych publikuje informacje, kt\u00f3re nie s\u0105 prawdziwe, ale naszym celem jest dostarczenie Ci najlepszych i najbardziej wiarygodnych tre\u015bci, jakie tylko s\u0105 mo\u017cliwe!<\/p>\n<p>Przede wszystkim zale\u017cy nam na prawdziwo\u015bci i integralno\u015bci publikowanych przez nas tre\u015bci.<\/p>\n<p>Celem tej witryny jest zapewnienie Ci najlepszej mo\u017cliwej nawigacji i czerpanie przyjemno\u015bci z naszych tre\u015bci! Chcemy, \u017ceby\u015b zawsze by\u0142 z nami.<\/p>\n<p>ZOBOWI\u0104ZANIE WOBEC U\u017bYTKOWNIK\u00d3W STRONY INTERNETOWEJ DICAS DO REI<br>\nNajwa\u017cniejsze dla nas jest zadowolenie naszych czytelnik\u00f3w, chcemy dostarcza\u0107 Wam najlepsze tre\u015bci!<\/p>\n<p>Dlatego chcemy wyra\u017anie powiedzie\u0107, \u017ce bardzo nam mi\u0142o, \u017ce jeste\u015bcie z nami. Bardzo lubimy, gdy nasi u\u017cytkownicy kontaktuj\u0105 si\u0119 z naszym zespo\u0142em, dzi\u0119ki czemu mo\u017cemy si\u0119 komunikowa\u0107 i publikowa\u0107 wszystko, co chcecie zobaczy\u0107!<\/p>\n<p>Twoje pytania, opinie i skargi s\u0105 dla nas bardzo wa\u017cne! Nasz zesp\u00f3\u0142 ch\u0119tnie przeanalizuje wszystko z wielk\u0105 staranno\u015bci\u0105.<\/p>\n<p>Je\u015bli chcesz si\u0119 z nami skontaktowa\u0107, skontaktuj si\u0119 z nami za pomoc\u0105 zak\u0142adki KONTAKT.<\/p>\n<p>Pami\u0119taj, \u017ce nasz zesp\u00f3\u0142 nigdy nie zrobi niczego, co jest nieprawid\u0142owe, np. nie b\u0119dzie wysy\u0142a\u0142 SPAMU itp.<\/p>\n<p>Nasze tre\u015bci cyfrowe we wszystkich postach obejmuj\u0105:<br>\nPolityka prywatno\u015bci;<br>\nFormularz kontaktowy;<br>\nMapa witryny. (strona zawieraj\u0105ca wszystkie nasze publikacje).<\/p>\n<p>Stron\u0119 t\u0119 przygotowa\u0142 zesp\u00f3\u0142 DICASDOREI, dlatego posiada ona do\u015bwiadczenie i zaanga\u017cowanie bardzo do\u015bwiadczonego zespo\u0142u.<\/p>\n<p>Staramy si\u0119 zawsze dostarcza\u0107 naszym czytelnikom nowe wskaz\u00f3wki i wiadomo\u015bci. W naszych wpisach podajemy r\u00f3wnie\u017c dat\u0119 ka\u017cdej tre\u015bci, dzi\u0119ki czemu zawsze b\u0119dziesz na bie\u017c\u0105co!<\/p>\n<p>Wi\u0119c\u2026 nie tra\u0107 czasu, przeka\u017c nam swoj\u0105 opini\u0119!<\/p>\n<p>Z powa\u017caniem,<\/p>\n<p>Zesp\u00f3\u0142 DICASDOREI.COM<\/p>\n<\/body><\/html>","protected":false},"excerpt":{"rendered":"<p>Hi! We are the portal Dicas Do Rei! Our main goal is for you to have a great experience when browsing our website and for you to be able to find the best tips! We are a digital marketing team that aims to provide the best service and content for you applications! Many websites are [&hellip;]<\/p>\n","protected":false},"author":1,"featured_media":0,"parent":0,"menu_order":0,"comment_status":"closed","ping_status":"closed","template":"","meta":{"footnotes":""},"class_list":["post-19","page","type-page","status-publish","hentry"],"_links":{"self":[{"href":"https:\/\/dicasdorei.com\/pl\/wp-json\/wp\/v2\/pages\/19","targetHints":{"allow":["GET"]}}],"collection":[{"href":"https:\/\/dicasdorei.com\/pl\/wp-json\/wp\/v2\/pages"}],"about":[{"href":"https:\/\/dicasdorei.com\/pl\/wp-json\/wp\/v2\/types\/page"}],"author":[{"embeddable":true,"href":"https:\/\/dicasdorei.com\/pl\/wp-json\/wp\/v2\/users\/1"}],"replies":[{"embeddable":true,"href":"https:\/\/dicasdorei.com\/pl\/wp-json\/wp\/v2\/comments?post=19"}],"version-history":[{"count":2,"href":"https:\/\/dicasdorei.com\/pl\/wp-json\/wp\/v2\/pages\/19\/revisions"}],"predecessor-version":[{"id":8729,"href":"https:\/\/dicasdorei.com\/pl\/wp-json\/wp\/v2\/pages\/19\/revisions\/8729"}],"wp:attachment":[{"href":"https:\/\/dicasdorei.com\/pl\/wp-json\/wp\/v2\/media?parent=19"}],"curies":[{"name":"wp","href":"https:\/\/api.w.org\/{rel}","templated":true}]}}