{"id":17,"date":"2022-02-24T21:16:52","date_gmt":"2022-02-25T00:16:52","guid":{"rendered":"https:\/\/dicasdorei.com\/?page_id=17"},"modified":"2025-01-25T10:57:42","modified_gmt":"2025-01-25T13:57:42","slug":"privacy-policy","status":"publish","type":"page","link":"https:\/\/dicasdorei.com\/pl\/privacy-policy\/","title":{"rendered":"Polityka prywatno\u015bci"},"content":{"rendered":"<html><body><p>Twoja prywatno\u015b\u0107 jest dla nas wa\u017cna. Polityk\u0105 Dicas do Rei jest poszanowanie Twojej prywatno\u015bci w odniesieniu do wszelkich informacji, kt\u00f3re mo\u017cemy od Ciebie zbiera\u0107 za po\u015brednictwem witryny Dicas do Rei oraz innych witryn, kt\u00f3re nale\u017c\u0105 do nas i s\u0105 przez nas obs\u0142ugiwane.<\/p>\n<p>Prosimy o podanie danych osobowych wy\u0142\u0105cznie wtedy, gdy jest to niezb\u0119dne do \u015bwiadczenia Ci us\u0142ug. Gromadzimy je w spos\u00f3b uczciwy i zgodny z prawem, za Twoj\u0105 wiedz\u0105 i zgod\u0105. Informujemy r\u00f3wnie\u017c, dlaczego zbieramy te dane i w jaki spos\u00f3b zostan\u0105 one wykorzystane.<\/p>\n<p>Zebrane dane przechowujemy wy\u0142\u0105cznie tak d\u0142ugo, jak jest to konieczne do dostarczenia Ci \u017c\u0105danej us\u0142ugi. Wszelkie dane, kt\u00f3re przechowujemy, chronimy w spos\u00f3b komercyjnie akceptowalny, aby zapobiec ich utracie lub kradzie\u017cy, a tak\u017ce nieautoryzowanemu dost\u0119powi, ujawnieniu, kopiowaniu, wykorzystaniu lub modyfikacji.<\/p>\n<p>Nie udost\u0119pniamy informacji umo\u017cliwiaj\u0105cych identyfikacj\u0119 u\u017cytkownika publicznie ani osobom trzecim, z wyj\u0105tkiem sytuacji wymaganych przez prawo.<\/p>\n<p>Nasza strona internetowa mo\u017ce zawiera\u0107 linki do stron zewn\u0119trznych, kt\u00f3rych nie obs\u0142ugujemy. Nale\u017cy pami\u0119ta\u0107, \u017ce nie mamy kontroli nad tre\u015bci\u0105 ani praktykami stosowanymi na tych stronach i nie mo\u017cemy ponosi\u0107 odpowiedzialno\u015bci za ich polityk\u0119 prywatno\u015bci.<\/p>\n<p>Masz prawo odm\u00f3wi\u0107 podania swoich danych osobowych, ale pami\u0119taj, \u017ce w\u00f3wczas mo\u017cemy nie by\u0107 w stanie dostarczy\u0107 Ci niekt\u00f3rych us\u0142ug, kt\u00f3rych oczekujesz.<\/p>\n<p>Dalsze korzystanie z naszej witryny internetowej b\u0119dzie r\u00f3wnoznaczne z akceptacj\u0105 naszych zasad dotycz\u0105cych prywatno\u015bci i danych osobowych. Je\u015bli masz jakiekolwiek pytania dotycz\u0105ce sposobu przetwarzania danych u\u017cytkownik\u00f3w i informacji osobowych, skontaktuj si\u0119 z nami.<\/p>\n<h2>Polityka plik\u00f3w cookie King&#039;s Tips<br>\nCzym s\u0105 pliki cookie?<\/h2>\n<p>Zgodnie z powszechn\u0105 praktyk\u0105 stosowan\u0105 na wi\u0119kszo\u015bci profesjonalnych stron internetowych, strona ta wykorzystuje pliki cookie, czyli niewielkie pliki pobierane na Tw\u00f3j komputer w celu zwi\u0119kszenia wygody korzystania z niej. Na tej stronie opisano, jakie informacje gromadz\u0105 pliki cookie, w jaki spos\u00f3b je wykorzystujemy i dlaczego czasami musimy przechowywa\u0107 te pliki cookie. Poka\u017cemy r\u00f3wnie\u017c, jak zapobiec przechowywaniu plik\u00f3w cookie, jednak mo\u017ce to spowodowa\u0107 pogorszenie lub \u201ezepsucie\u201d niekt\u00f3rych element\u00f3w funkcjonalno\u015bci witryny.<\/p>\n<h2>Jak u\u017cywamy plik\u00f3w cookie?<\/h2>\n<p>U\u017cywamy plik\u00f3w cookie z r\u00f3\u017cnych powod\u00f3w, kt\u00f3re szczeg\u00f3\u0142owo opisano poni\u017cej. Niestety w wi\u0119kszo\u015bci przypadk\u00f3w nie istniej\u0105 standardowe opcje bran\u017cowe pozwalaj\u0105ce na wy\u0142\u0105czenie plik\u00f3w cookie bez ca\u0142kowitego wy\u0142\u0105czenia funkcjonalno\u015bci i funkcji, jakie dodaj\u0105 one do tej witryny. Zalecamy pozostawienie wszystkich plik\u00f3w cookie w\u0142\u0105czonych, je\u015bli nie jeste\u015b pewien, czy ich potrzebujesz, czy nie, w przypadku gdy s\u0105 wykorzystywane do \u015bwiadczenia us\u0142ugi, z kt\u00f3rej korzystasz.<\/p>\n<p>Wy\u0142\u0105czanie plik\u00f3w cookie<\/p>\n<p>Mo\u017cesz zapobiec zapisywaniu plik\u00f3w cookie, zmieniaj\u0105c ustawienia swojej przegl\u0105darki (wi\u0119cej informacji na ten temat znajdziesz w Pomocy przegl\u0105darki). Nale\u017cy pami\u0119ta\u0107, \u017ce wy\u0142\u0105czenie obs\u0142ugi plik\u00f3w cookie wp\u0142ynie na funkcjonalno\u015b\u0107 tej i wielu innych odwiedzanych przez Ciebie stron internetowych. Wy\u0142\u0105czenie plik\u00f3w cookie zazwyczaj powoduje r\u00f3wnie\u017c wy\u0142\u0105czenie niekt\u00f3rych funkcji i cech tej witryny. W zwi\u0105zku z tym zaleca si\u0119 niewy\u0142\u0105czanie obs\u0142ugi plik\u00f3w cookie.<\/p>\n<h2>Pliki cookie, kt\u00f3re ustawiamy<\/h2>\n<p>Pliki cookie zwi\u0105zane z kontemJe\u015bli utworzysz u nas konto, b\u0119dziemy u\u017cywa\u0107 plik\u00f3w cookie do zarz\u0105dzania procesem rejestracji i og\u00f3lnej administracji. Te pliki cookie s\u0105 zazwyczaj usuwane po wylogowaniu, jednak w niekt\u00f3rych przypadkach mog\u0105 pozosta\u0107, aby zapami\u0119ta\u0107 Twoje preferencje dotycz\u0105ce witryny po wylogowaniu.<br>\nPliki cookie zwi\u0105zane z logowaniemU\u017cywamy plik\u00f3w cookie, gdy jeste\u015b zalogowany, aby\u015bmy mogli zapami\u0119ta\u0107 ten fakt. Dzi\u0119ki temu nie musisz si\u0119 logowa\u0107 za ka\u017cdym razem, gdy odwiedzasz now\u0105 stron\u0119. Te pliki cookie s\u0105 zazwyczaj usuwane lub czyszczone po wylogowaniu, aby mie\u0107 pewno\u015b\u0107, \u017ce dost\u0119p do zastrze\u017conych funkcji i obszar\u00f3w b\u0119dzie mo\u017cliwy wy\u0142\u0105cznie po zalogowaniu.<br>\nPliki cookie zwi\u0105zane z biuletynami e-mail Ta strona oferuje us\u0142ugi subskrypcji biuletyn\u00f3w e-mail lub wiadomo\u015bci e-mail, a pliki cookie mog\u0105 by\u0107 u\u017cywane do zapami\u0119tywania, czy jeste\u015b ju\u017c zarejestrowany, a tak\u017ce do wy\u015bwietlania okre\u015blonych powiadomie\u0144, kt\u00f3re mog\u0105 by\u0107 wa\u017cne tylko dla u\u017cytkownik\u00f3w zapisanych\/niezapisanych.<br>\nPliki cookie zwi\u0105zane z przetwarzaniem zam\u00f3wie\u0144 Ta strona oferuje funkcje handlu elektronicznego i p\u0142atno\u015bci, a niekt\u00f3re pliki cookie s\u0105 niezb\u0119dne do zapami\u0119tania zam\u00f3wienia na kolejnych stronach, aby\u015bmy mogli je prawid\u0142owo przetworzy\u0107.<br>\nPliki cookie zwi\u0105zane z ankietamiOd czasu do czasu oferujemy ankiety i kwestionariusze, aby zapewni\u0107 Ci ciekawe informacje, przydatne narz\u0119dzia lub lepiej zrozumie\u0107 nasz\u0105 baz\u0119 u\u017cytkownik\u00f3w. Ankiety te mog\u0105 wykorzystywa\u0107 pliki cookie w celu zapami\u0119tania, kto ju\u017c wzi\u0105\u0142 udzia\u0142 w ankiecie, lub w celu dostarczenia Ci dok\u0142adnych wynik\u00f3w po przej\u015bciu na inn\u0105 stron\u0119.<br>\nPliki cookie zwi\u0105zane z formularzamiKiedy przesy\u0142asz dane za pomoc\u0105 formularza, takiego jak te znajduj\u0105ce si\u0119 na stronach kontaktowych lub formularzach komentarzy, pliki cookie mog\u0105 zosta\u0107 ustawione tak, aby zapami\u0119ta\u0107 Twoje dane u\u017cytkownika na potrzeby przysz\u0142ej korespondencji.<br>\nPreferencje witryny Pliki cookie Aby zapewni\u0107 Ci jak najlepsze korzystanie z tej witryny, udost\u0119pniamy funkcjonalno\u015b\u0107 umo\u017cliwiaj\u0105c\u0105 ustawienie preferencji dotycz\u0105cych sposobu dzia\u0142ania witryny podczas korzystania z niej. Aby zapami\u0119ta\u0107 Twoje preferencje, potrzebujemy:<\/p>\n<\/body><\/html>","protected":false},"excerpt":{"rendered":"<p>Your privacy is important to us. It is Dicas do Rei\u2019s policy to respect your privacy regarding any information we may collect from you across the Dicas do Rei website, and other sites we own and operate. We only ask for personal information when we truly need it to provide a service to you. We [&hellip;]<\/p>\n","protected":false},"author":1,"featured_media":0,"parent":0,"menu_order":0,"comment_status":"closed","ping_status":"closed","template":"","meta":{"footnotes":""},"class_list":["post-17","page","type-page","status-publish","hentry"],"_links":{"self":[{"href":"https:\/\/dicasdorei.com\/pl\/wp-json\/wp\/v2\/pages\/17","targetHints":{"allow":["GET"]}}],"collection":[{"href":"https:\/\/dicasdorei.com\/pl\/wp-json\/wp\/v2\/pages"}],"about":[{"href":"https:\/\/dicasdorei.com\/pl\/wp-json\/wp\/v2\/types\/page"}],"author":[{"embeddable":true,"href":"https:\/\/dicasdorei.com\/pl\/wp-json\/wp\/v2\/users\/1"}],"replies":[{"embeddable":true,"href":"https:\/\/dicasdorei.com\/pl\/wp-json\/wp\/v2\/comments?post=17"}],"version-history":[{"count":3,"href":"https:\/\/dicasdorei.com\/pl\/wp-json\/wp\/v2\/pages\/17\/revisions"}],"predecessor-version":[{"id":8731,"href":"https:\/\/dicasdorei.com\/pl\/wp-json\/wp\/v2\/pages\/17\/revisions\/8731"}],"wp:attachment":[{"href":"https:\/\/dicasdorei.com\/pl\/wp-json\/wp\/v2\/media?parent=17"}],"curies":[{"name":"wp","href":"https:\/\/api.w.org\/{rel}","templated":true}]}}