{"id":7418,"date":"2024-02-15T05:03:22","date_gmt":"2024-02-15T08:03:22","guid":{"rendered":"https:\/\/dicasdorei.com\/?page_id=7418"},"modified":"2024-02-15T05:26:22","modified_gmt":"2024-02-15T08:26:22","slug":"bbb24","status":"publish","type":"page","link":"https:\/\/dicasdorei.com\/it\/bbb24\/","title":{"rendered":"BBB24"},"content":{"rendered":"<html><body><h2><a href=\"https:\/\/dicasdorei.com\/it\/aplicativos\/aplicativo-para-assistir-o-bbb24-ao-vivo\/\" class=\"broken_link\"><b><u>Applicazione per guardare BBB24 in diretta<br>\n<\/u><\/b><\/a><\/h2>\n<style>\n.progress {\n    display: flex;\n    height: 5px;\n    overflow: hidden;\n    font-size: .75rem;\n    background-color: #e9ecef;\n    border-radius: .25rem;\n}\n.progress-bar {\n    display: flex;\n    flex-direction: column;\n    justify-content: center;\n    overflow: hidden;\n    color: #fff;\n    text-align: center;\n    white-space: nowrap;\n    background-color: #0d6efd;\n    transition: width .6s ease;\n}\nli.elementor-icon-list-item {\n    background-color: #f3f4f6;\n    padding: 15px!important;\n    border-radius: 5px;\n}\n<\/style>\n<p><strong>Benvenuto!!<\/strong> <strong>Scopri il modo definitivo per guardare il Grande Fratello Brasil 24.<\/strong> Vivi l&#039;emozione del reality show pi\u00f9 coinvolgente del Brasile in diretta, direttamente sul tuo dispositivo. Con questa app, sarai sempre al centro della casa pi\u00f9 seguita del Paese, con accesso 24 ore su 24, 7 giorni su 7 alle telecamere in diretta per non perderti nemmeno un momento, di giorno o di notte.<\/p>\n<p>\t\t\t\t\t\t\t\t\t\t\t\t\t\t<a href=\"https:\/\/dicasdorei.com\/it\/aplicativos\/aplicativo-para-assistir-o-bbb24-ao-vivo\/\" class=\"broken_link\"><br>\n\t\t\t\t\t\t\t<img loading=\"lazy\" decoding=\"async\" width=\"768\" height=\"853\" src=\"https:\/\/dicasdorei.com\/wp-content\/uploads\/2024\/02\/filters_quality75-1.webp\" alt=\"\" srcset=\"https:\/\/dicasdorei.com\/wp-content\/uploads\/2024\/02\/filters_quality75-1.webp 768w, https:\/\/dicasdorei.com\/wp-content\/uploads\/2024\/02\/filters_quality75-1-270x300.webp 270w, https:\/\/dicasdorei.com\/wp-content\/uploads\/2024\/02\/filters_quality75-1-11x12.webp 11w\" sizes=\"auto, (max-width: 768px) 100vw, 768px\">\t\t\t\t\t\t\t\t<\/a><\/p>\n<h2><a href=\"https:\/\/dicasdorei.com\/it\/aplicativos\/aplicativo-para-assistir-o-bbb24-ao-vivo\/\" class=\"broken_link\">Applicazione per guardare BBB24 in diretta<\/a><\/h2>\n<ul>\n<li><strong>Accesso illimitato:<\/strong> Guarda tutte le telecamere in diretta di BBB24, con la libert\u00e0 di cambiare angolazione come se fossi l\u00ec.<\/li>\n<li><strong>Avvisi in tempo reale:<\/strong> Ricevi notifiche sugli eventi importanti e sulle modifiche al gioco, cos\u00ec potrai sintonizzarti nei momenti pi\u00f9 critici.<\/li>\n<li><strong>Contenuti esclusivi:<\/strong> Goditi interviste, analisi e contenuti speciali disponibili solo per gli utenti dell&#039;app.<\/li>\n<li><strong>Interattivit\u00e0:<\/strong> Vota sui muri, partecipa ai sondaggi e avrai la possibilit\u00e0 di influenzare il gioco direttamente dal tuo smartphone.<\/li>\n<li><strong>Qualit\u00e0 HD:<\/strong> Goditi un&#039;esperienza visiva di alta qualit\u00e0, che ti assicura di vedere ogni dettaglio di ci\u00f2 che accade in casa.<\/li>\n<\/ul>\n<p>\t\t\t<a href=\"https:\/\/dicasdorei.com\/it\/aplicativos\/aplicativo-para-assistir-o-bbb24-ao-vivo\/\" class=\"broken_link\"><br>\n\t\t\t\t\t\t\u27a1 APPLICAZIONE PER GUARDARE BBB24 IN DIRETTA<br>\n\t\t\t\t\t<\/a><\/p>\n<h3><a href=\"https:\/\/dicasdorei.com\/it\/aplicativos\/aplicativo-para-assistir-o-bbb24-ao-vivo\/\" class=\"broken_link\"><b>Vantaggi dell&#039;APPLICAZIONE PER GUARDARE BBB24 IN DIRETTA<\/b><\/a><\/h3>\n<ul>\n<li>\n\t\t\t\t\t\t\t\t\t\t\t<a href=\"https:\/\/dicasdorei.com\/it\/aplicativos\/aplicativo-para-assistir-o-bbb24-ao-vivo\/\" class=\"broken_link\"><br>\n\t\t\t\t\t\t\t\t\t\t<font color=\"#000000\" face=\"Roboto, RobotoDraft, Helvetica, Arial, sans-serif\">APP GRATUITA<\/font><br>\n\t\t\t\t\t\t\t\t\t\t\t<\/a>\n\t\t\t\t\t\t\t\t\t<\/li>\n<li>\n\t\t\t\t\t\t\t\t\t\t\t<a href=\"https:\/\/dicasdorei.com\/it\/aplicativos\/aplicativo-para-assistir-o-bbb24-ao-vivo\/\" class=\"broken_link\"><br>\n\t\t\t\t\t\t\t\t\t\tNESSUNA INTERRUZIONE<br>\n\t\t\t\t\t\t\t\t\t\t\t<\/a>\n\t\t\t\t\t\t\t\t\t<\/li>\n<li>\n\t\t\t\t\t\t\t\t\t\t\t<a href=\"https:\/\/dicasdorei.com\/it\/aplicativos\/aplicativo-para-assistir-o-bbb24-ao-vivo\/\" class=\"broken_link\"><br>\n\t\t\t\t\t\t\t\t\t\tSEGUI DA QUALSIASI LUOGO<br>\n\t\t\t\t\t\t\t\t\t\t\t<\/a>\n\t\t\t\t\t\t\t\t\t<\/li>\n<li>\n\t\t\t\t\t\t\t\t\t\t\t<a href=\"https:\/\/dicasdorei.com\/it\/aplicativos\/aplicativo-para-assistir-o-bbb24-ao-vivo\/\" class=\"broken_link\"><br>\n\t\t\t\t\t\t\t\t\t\tACCESSO ILLIMITATO<br>\n\t\t\t\t\t\t\t\t\t\t\t<\/a>\n\t\t\t\t\t\t\t\t\t<\/li>\n<\/ul>\n<ul>\n<li>\n\t\t\t\t\t\t\t\t\t\t\t<a href=\"https:\/\/dicasdorei.com\/it\/aplicativos\/aplicativo-para-assistir-o-bbb24-ao-vivo\/\" class=\"broken_link\"><br>\n\t\t\t\t\t\t\t\t\t\tFACILE DA INSTALLARE E UTILIZZARE<br>\n\t\t\t\t\t\t\t\t\t\t\t<\/a>\n\t\t\t\t\t\t\t\t\t<\/li>\n<li>\n\t\t\t\t\t\t\t\t\t\t\t<a href=\"https:\/\/dicasdorei.com\/it\/aplicativos\/aplicativo-para-assistir-o-bbb24-ao-vivo\/\" class=\"broken_link\"><br>\n\t\t\t\t\t\t\t\t\t\tNON DEVI FIRMARE NULLA<br>\n\t\t\t\t\t\t\t\t\t\t\t<\/a>\n\t\t\t\t\t\t\t\t\t<\/li>\n<li>\n\t\t\t\t\t\t\t\t\t\t\t<a href=\"https:\/\/dicasdorei.com\/it\/aplicativos\/aplicativo-para-assistir-o-bbb24-ao-vivo\/\" class=\"broken_link\"><br>\n\t\t\t\t\t\t\t\t\t\tCONTENUTI ESCLUSIVI<br>\n\t\t\t\t\t\t\t\t\t\t\t<\/a>\n\t\t\t\t\t\t\t\t\t<\/li>\n<li>\n\t\t\t\t\t\t\t\t\t\t\t<a href=\"https:\/\/dicasdorei.com\/it\/aplicativos\/aplicativo-para-assistir-o-bbb24-ao-vivo\/\" class=\"broken_link\"><br>\n\t\t\t\t\t\t\t\t\t\tFOTOCAMERE ESCLUSIVE<br>\n\t\t\t\t\t\t\t\t\t\t\t<\/a>\n\t\t\t\t\t\t\t\t\t<\/li>\n<\/ul>\n<p>\u00a0<\/p>\n<p>Non perderti l&#039;edizione pi\u00f9 innovativa del Grande Fratello Brasile. Avrai un pass VIP per guardare in diretta ogni cospirazione, processo e storia d&#039;amore. <strong>Scaricalo subito e vivi l&#039;esperienza BBB24 come mai prima d&#039;ora!<\/strong>..<\/p>\n<p>\u00a0<\/p>\n<p>\u00a0<\/p>\n<p>\t\t\t<a href=\"https:\/\/dicasdorei.com\/it\/aplicativos\/aplicativo-para-assistir-o-bbb24-ao-vivo\/\" class=\"broken_link\"><br>\n\t\t\t\t\t\t???? SCARICA L&#039;APP PER GUARDARE BBB24 IN DIRETTA<br>\n\t\t\t\t\t<\/a><\/p>\n<\/body><\/html>","protected":false},"excerpt":{"rendered":"<p>Aplicativo para Assistir BBB24 ao vivo Bem-vindo!! Descubra a forma definitiva de acompanhar o Big Brother Brasil 24. Experimente a emo\u00e7\u00e3o do reality show mais envolvente do Brasil ao vivo, diretamente no seu dispositivo. Com este aplicativo, voc\u00ea est\u00e1 sempre no cora\u00e7\u00e3o da casa mais vigiada do pa\u00eds, com acesso a c\u00e2meras ao vivo 24\/7, [&hellip;]<\/p>\n","protected":false},"author":1,"featured_media":0,"parent":0,"menu_order":0,"comment_status":"closed","ping_status":"closed","template":"elementor_canvas","meta":{"footnotes":""},"class_list":["post-7418","page","type-page","status-publish","hentry"],"_links":{"self":[{"href":"https:\/\/dicasdorei.com\/it\/wp-json\/wp\/v2\/pages\/7418","targetHints":{"allow":["GET"]}}],"collection":[{"href":"https:\/\/dicasdorei.com\/it\/wp-json\/wp\/v2\/pages"}],"about":[{"href":"https:\/\/dicasdorei.com\/it\/wp-json\/wp\/v2\/types\/page"}],"author":[{"embeddable":true,"href":"https:\/\/dicasdorei.com\/it\/wp-json\/wp\/v2\/users\/1"}],"replies":[{"embeddable":true,"href":"https:\/\/dicasdorei.com\/it\/wp-json\/wp\/v2\/comments?post=7418"}],"version-history":[{"count":9,"href":"https:\/\/dicasdorei.com\/it\/wp-json\/wp\/v2\/pages\/7418\/revisions"}],"predecessor-version":[{"id":7442,"href":"https:\/\/dicasdorei.com\/it\/wp-json\/wp\/v2\/pages\/7418\/revisions\/7442"}],"wp:attachment":[{"href":"https:\/\/dicasdorei.com\/it\/wp-json\/wp\/v2\/media?parent=7418"}],"curies":[{"name":"wp","href":"https:\/\/api.w.org\/{rel}","templated":true}]}}