{"id":19,"date":"2022-02-24T21:18:08","date_gmt":"2022-02-25T00:18:08","guid":{"rendered":"https:\/\/dicasdorei.com\/?page_id=19"},"modified":"2025-01-25T10:56:59","modified_gmt":"2025-01-25T13:56:59","slug":"who-is-the-kings-tips-portal","status":"publish","type":"page","link":"https:\/\/dicasdorei.com\/it\/who-is-the-kings-tips-portal\/","title":{"rendered":"Chi \u00e8 il portale dei suggerimenti del Re?"},"content":{"rendered":"<html><body><p>CIAO! Siamo il portale Dicas Do Rei! Il nostro obiettivo principale \u00e8 che tu abbia un&#039;esperienza fantastica durante la navigazione sul nostro sito web e che tu possa trovare i migliori consigli!<\/p>\n<p>Siamo un team di marketing digitale che si propone di fornire il miglior servizio e i migliori contenuti per le tue applicazioni!<\/p>\n<p>Molti siti web pubblicano informazioni non vere, ma il nostro obiettivo \u00e8 offrirti i contenuti migliori e pi\u00f9 veritieri possibili!<\/p>\n<p>Per noi \u00e8 fondamentale la veridicit\u00e0 e l&#039;integrit\u00e0 dei nostri contenuti.<\/p>\n<p>L&#039;obiettivo di questo sito web \u00e8 offrirti la migliore navigazione possibile e farti apprezzare i nostri contenuti! Vogliamo averti sempre qui con noi.<\/p>\n<p>IMPEGNO VERSO GLI UTENTI DEL SITO WEB DICAS DO REI<br>\nCi\u00f2 che pi\u00f9 conta per noi \u00e8 la soddisfazione dei nostri lettori, vogliamo offrirvi i migliori contenuti!<\/p>\n<p>Per questo motivo vogliamo chiarire che siamo felici di avervi qui con noi. Ci piace molto anche quando i nostri utenti interagiscono con il nostro team, cos\u00ec possiamo comunicare e pubblicare tutto ci\u00f2 che vogliono vedere!<\/p>\n<p>Le vostre domande, opinioni e reclami sono molto importanti per noi! Il nostro team sar\u00e0 lieto di analizzare ogni aspetto con la massima attenzione.<\/p>\n<p>Non esitate a contattarci tramite la pagina CONTATTI.<\/p>\n<p>Ricorda che il nostro team non far\u00e0 mai nulla di scorretto, come SPAM, ecc.<\/p>\n<p>I nostri contenuti digitali forniscono in tutti i post:<br>\nInformativa sulla privacy;<br>\nModulo di contatto;<br>\nMappa del sito. (pagina contenente tutte le nostre pubblicazioni).<\/p>\n<p>Questo sito \u00e8 stato realizzato dal team DICASDOREI e pertanto racchiude tutta l&#039;esperienza e la dedizione di un team molto esperto.<\/p>\n<p>Ci impegniamo a fornire sempre nuovi suggerimenti e novit\u00e0 ai nostri lettori. Nei nostri post forniamo anche la data di ogni contenuto, cos\u00ec puoi rimanere aggiornato sulle novit\u00e0!<\/p>\n<p>Quindi... non perdere tempo, inviaci la tua opinione!<\/p>\n<p>Sinceramente,<\/p>\n<p>Il team DICASDOREI.COM<\/p>\n<\/body><\/html>","protected":false},"excerpt":{"rendered":"<p>Hi! We are the portal Dicas Do Rei! Our main goal is for you to have a great experience when browsing our website and for you to be able to find the best tips! We are a digital marketing team that aims to provide the best service and content for you applications! Many websites are [&hellip;]<\/p>\n","protected":false},"author":1,"featured_media":0,"parent":0,"menu_order":0,"comment_status":"closed","ping_status":"closed","template":"","meta":{"footnotes":""},"class_list":["post-19","page","type-page","status-publish","hentry"],"_links":{"self":[{"href":"https:\/\/dicasdorei.com\/it\/wp-json\/wp\/v2\/pages\/19","targetHints":{"allow":["GET"]}}],"collection":[{"href":"https:\/\/dicasdorei.com\/it\/wp-json\/wp\/v2\/pages"}],"about":[{"href":"https:\/\/dicasdorei.com\/it\/wp-json\/wp\/v2\/types\/page"}],"author":[{"embeddable":true,"href":"https:\/\/dicasdorei.com\/it\/wp-json\/wp\/v2\/users\/1"}],"replies":[{"embeddable":true,"href":"https:\/\/dicasdorei.com\/it\/wp-json\/wp\/v2\/comments?post=19"}],"version-history":[{"count":2,"href":"https:\/\/dicasdorei.com\/it\/wp-json\/wp\/v2\/pages\/19\/revisions"}],"predecessor-version":[{"id":8729,"href":"https:\/\/dicasdorei.com\/it\/wp-json\/wp\/v2\/pages\/19\/revisions\/8729"}],"wp:attachment":[{"href":"https:\/\/dicasdorei.com\/it\/wp-json\/wp\/v2\/media?parent=19"}],"curies":[{"name":"wp","href":"https:\/\/api.w.org\/{rel}","templated":true}]}}