{"id":7418,"date":"2024-02-15T05:03:22","date_gmt":"2024-02-15T08:03:22","guid":{"rendered":"https:\/\/dicasdorei.com\/?page_id=7418"},"modified":"2024-02-15T05:26:22","modified_gmt":"2024-02-15T08:26:22","slug":"bbb24","status":"publish","type":"page","link":"https:\/\/dicasdorei.com\/id\/bbb24\/","title":{"rendered":"BBB24"},"content":{"rendered":"<html><body><h2><a href=\"https:\/\/dicasdorei.com\/id\/aplicativos\/aplicativo-para-assistir-o-bbb24-ao-vivo\/\" class=\"broken_link\"><b><u>Aplikasi untuk menonton BBB24 secara langsung<br>\n<\/u><\/b><\/a><\/h2>\n<style>\n.progress {\n    display: flex;\n    height: 5px;\n    overflow: hidden;\n    font-size: .75rem;\n    background-color: #e9ecef;\n    border-radius: .25rem;\n}\n.progress-bar {\n    display: flex;\n    flex-direction: column;\n    justify-content: center;\n    overflow: hidden;\n    color: #fff;\n    text-align: center;\n    white-space: nowrap;\n    background-color: #0d6efd;\n    transition: width .6s ease;\n}\nli.elementor-icon-list-item {\n    background-color: #f3f4f6;\n    padding: 15px!important;\n    border-radius: 5px;\n}\n<\/style>\n<p><strong>Selamat datang!!<\/strong> <strong>Temukan cara pasti untuk mengikuti Big Brother Brasil 24.<\/strong> Rasakan keseruan reality show paling menarik di Brasil secara langsung, langsung di perangkat Anda. Dengan aplikasi ini, Anda selalu berada di tengah-tengah rumah yang paling banyak ditonton di negara ini, dengan akses ke kamera langsung 24\/7, sehingga Anda tidak melewatkan momen apa pun, siang atau malam.<\/p>\n<p>\t\t\t\t\t\t\t\t\t\t\t\t\t\t<a href=\"https:\/\/dicasdorei.com\/id\/aplicativos\/aplicativo-para-assistir-o-bbb24-ao-vivo\/\" class=\"broken_link\"><br>\n\t\t\t\t\t\t\t<img loading=\"lazy\" decoding=\"async\" width=\"768\" height=\"853\" src=\"https:\/\/dicasdorei.com\/wp-content\/uploads\/2024\/02\/filters_quality75-1.webp\" alt=\"\" srcset=\"https:\/\/dicasdorei.com\/wp-content\/uploads\/2024\/02\/filters_quality75-1.webp 768w, https:\/\/dicasdorei.com\/wp-content\/uploads\/2024\/02\/filters_quality75-1-270x300.webp 270w, https:\/\/dicasdorei.com\/wp-content\/uploads\/2024\/02\/filters_quality75-1-11x12.webp 11w\" sizes=\"auto, (max-width: 768px) 100vw, 768px\">\t\t\t\t\t\t\t\t<\/a><\/p>\n<h2><a href=\"https:\/\/dicasdorei.com\/id\/aplicativos\/aplicativo-para-assistir-o-bbb24-ao-vivo\/\" class=\"broken_link\">Aplikasi untuk menonton BBB24 secara langsung<\/a><\/h2>\n<ul>\n<li><strong>Akses Tanpa Batas:<\/strong> Tonton semua kamera langsung BBB24, dengan kebebasan untuk beralih di antara berbagai sudut seolah-olah Anda sedang berada di dalam.<\/li>\n<li><strong>Peringatan Waktu Nyata:<\/strong> Terima pemberitahuan tentang peristiwa penting dan perubahan permainan sehingga Anda dapat mendengarkan momen paling kritis.<\/li>\n<li><strong>Konten Eksklusif:<\/strong> Nikmati wawancara, analisis, dan konten khusus yang hanya tersedia untuk pengguna aplikasi.<\/li>\n<li><strong>Interaktivitas:<\/strong> Berikan suara di dinding, berpartisipasi dalam jajak pendapat, dan dapatkan kesempatan untuk memengaruhi permainan langsung dari ponsel cerdas Anda.<\/li>\n<li><strong>Kualitas HD:<\/strong> Nikmati pengalaman menonton berkualitas tinggi, memastikan Anda melihat setiap detail dari apa yang terjadi di rumah.<\/li>\n<\/ul>\n<p>\t\t\t<a href=\"https:\/\/dicasdorei.com\/id\/aplicativos\/aplicativo-para-assistir-o-bbb24-ao-vivo\/\" class=\"broken_link\"><br>\n\t\t\t\t\t\t\u27a1 APLIKASI UNTUK MENONTON BBB24 LANGSUNG<br>\n\t\t\t\t\t<\/a><\/p>\n<h3><a href=\"https:\/\/dicasdorei.com\/id\/aplicativos\/aplicativo-para-assistir-o-bbb24-ao-vivo\/\" class=\"broken_link\"><b>Keunggulan APLIKASI MENONTON BBB24 LANGSUNG<\/b><\/a><\/h3>\n<ul>\n<li>\n\t\t\t\t\t\t\t\t\t\t\t<a href=\"https:\/\/dicasdorei.com\/id\/aplicativos\/aplicativo-para-assistir-o-bbb24-ao-vivo\/\" class=\"broken_link\"><br>\n\t\t\t\t\t\t\t\t\t\t<font color=\"#000000\" face=\"Roboto, RobotoDraft, Helvetica, Arial, sans-serif\">APLIKASI GRATIS<\/font><br>\n\t\t\t\t\t\t\t\t\t\t\t<\/a>\n\t\t\t\t\t\t\t\t\t<\/li>\n<li>\n\t\t\t\t\t\t\t\t\t\t\t<a href=\"https:\/\/dicasdorei.com\/id\/aplicativos\/aplicativo-para-assistir-o-bbb24-ao-vivo\/\" class=\"broken_link\"><br>\n\t\t\t\t\t\t\t\t\t\tTIDAK ADA GANGGUAN<br>\n\t\t\t\t\t\t\t\t\t\t\t<\/a>\n\t\t\t\t\t\t\t\t\t<\/li>\n<li>\n\t\t\t\t\t\t\t\t\t\t\t<a href=\"https:\/\/dicasdorei.com\/id\/aplicativos\/aplicativo-para-assistir-o-bbb24-ao-vivo\/\" class=\"broken_link\"><br>\n\t\t\t\t\t\t\t\t\t\tIKUTI DARI MANA SAJA<br>\n\t\t\t\t\t\t\t\t\t\t\t<\/a>\n\t\t\t\t\t\t\t\t\t<\/li>\n<li>\n\t\t\t\t\t\t\t\t\t\t\t<a href=\"https:\/\/dicasdorei.com\/id\/aplicativos\/aplicativo-para-assistir-o-bbb24-ao-vivo\/\" class=\"broken_link\"><br>\n\t\t\t\t\t\t\t\t\t\tAKSES TANPA BATAS<br>\n\t\t\t\t\t\t\t\t\t\t\t<\/a>\n\t\t\t\t\t\t\t\t\t<\/li>\n<\/ul>\n<ul>\n<li>\n\t\t\t\t\t\t\t\t\t\t\t<a href=\"https:\/\/dicasdorei.com\/id\/aplicativos\/aplicativo-para-assistir-o-bbb24-ao-vivo\/\" class=\"broken_link\"><br>\n\t\t\t\t\t\t\t\t\t\tMUDAH DIINSTAL DAN DIGUNAKAN<br>\n\t\t\t\t\t\t\t\t\t\t\t<\/a>\n\t\t\t\t\t\t\t\t\t<\/li>\n<li>\n\t\t\t\t\t\t\t\t\t\t\t<a href=\"https:\/\/dicasdorei.com\/id\/aplicativos\/aplicativo-para-assistir-o-bbb24-ao-vivo\/\" class=\"broken_link\"><br>\n\t\t\t\t\t\t\t\t\t\tANDA TIDAK PERLU MENANDATANGANI APA PUN<br>\n\t\t\t\t\t\t\t\t\t\t\t<\/a>\n\t\t\t\t\t\t\t\t\t<\/li>\n<li>\n\t\t\t\t\t\t\t\t\t\t\t<a href=\"https:\/\/dicasdorei.com\/id\/aplicativos\/aplicativo-para-assistir-o-bbb24-ao-vivo\/\" class=\"broken_link\"><br>\n\t\t\t\t\t\t\t\t\t\tKONTEN EKSKLUSIF<br>\n\t\t\t\t\t\t\t\t\t\t\t<\/a>\n\t\t\t\t\t\t\t\t\t<\/li>\n<li>\n\t\t\t\t\t\t\t\t\t\t\t<a href=\"https:\/\/dicasdorei.com\/id\/aplicativos\/aplicativo-para-assistir-o-bbb24-ao-vivo\/\" class=\"broken_link\"><br>\n\t\t\t\t\t\t\t\t\t\tKAMERA EKSKLUSIF<br>\n\t\t\t\t\t\t\t\t\t\t\t<\/a>\n\t\t\t\t\t\t\t\t\t<\/li>\n<\/ul>\n<p>\u00a0<\/p>\n<p>Jangan lewatkan edisi paling inovatif dari Big Brother Brasil. Anda memiliki izin VIP untuk mengikuti setiap konspirasi, bukti, dan romansa secara langsung. <strong>Unduh sekarang dan jadilah bagian dari pengalaman BBB24 yang belum pernah ada sebelumnya!<\/strong>..<\/p>\n<p>\u00a0<\/p>\n<p>\u00a0<\/p>\n<p>\t\t\t<a href=\"https:\/\/dicasdorei.com\/id\/aplicativos\/aplicativo-para-assistir-o-bbb24-ao-vivo\/\" class=\"broken_link\"><br>\n\t\t\t\t\t\t???? UNDUH APLIKASI UNTUK MENONTON BBB24 LANGSUNG<br>\n\t\t\t\t\t<\/a><\/p>\n<\/body><\/html>","protected":false},"excerpt":{"rendered":"<p>Aplicativo para Assistir BBB24 ao vivo Bem-vindo!! Descubra a forma definitiva de acompanhar o Big Brother Brasil 24. Experimente a emo\u00e7\u00e3o do reality show mais envolvente do Brasil ao vivo, diretamente no seu dispositivo. Com este aplicativo, voc\u00ea est\u00e1 sempre no cora\u00e7\u00e3o da casa mais vigiada do pa\u00eds, com acesso a c\u00e2meras ao vivo 24\/7, [&hellip;]<\/p>\n","protected":false},"author":1,"featured_media":0,"parent":0,"menu_order":0,"comment_status":"closed","ping_status":"closed","template":"elementor_canvas","meta":{"footnotes":""},"class_list":["post-7418","page","type-page","status-publish","hentry"],"_links":{"self":[{"href":"https:\/\/dicasdorei.com\/id\/wp-json\/wp\/v2\/pages\/7418","targetHints":{"allow":["GET"]}}],"collection":[{"href":"https:\/\/dicasdorei.com\/id\/wp-json\/wp\/v2\/pages"}],"about":[{"href":"https:\/\/dicasdorei.com\/id\/wp-json\/wp\/v2\/types\/page"}],"author":[{"embeddable":true,"href":"https:\/\/dicasdorei.com\/id\/wp-json\/wp\/v2\/users\/1"}],"replies":[{"embeddable":true,"href":"https:\/\/dicasdorei.com\/id\/wp-json\/wp\/v2\/comments?post=7418"}],"version-history":[{"count":9,"href":"https:\/\/dicasdorei.com\/id\/wp-json\/wp\/v2\/pages\/7418\/revisions"}],"predecessor-version":[{"id":7442,"href":"https:\/\/dicasdorei.com\/id\/wp-json\/wp\/v2\/pages\/7418\/revisions\/7442"}],"wp:attachment":[{"href":"https:\/\/dicasdorei.com\/id\/wp-json\/wp\/v2\/media?parent=7418"}],"curies":[{"name":"wp","href":"https:\/\/api.w.org\/{rel}","templated":true}]}}