{"id":8019,"date":"2024-05-27T23:34:51","date_gmt":"2024-05-28T02:34:51","guid":{"rendered":"https:\/\/dicasdorei.com\/?page_id=8019"},"modified":"2024-06-01T10:07:02","modified_gmt":"2024-06-01T13:07:02","slug":"lp-aplicativos-para-jogar-gta-v-no-celular","status":"publish","type":"page","link":"https:\/\/dicasdorei.com\/hu\/lp-aplicativos-para-jogar-gta-v-no-celular\/","title":{"rendered":"Alkalmaz\u00e1sok a GTA V lej\u00e1tsz\u00e1s\u00e1hoz mobiltelefonon"},"content":{"rendered":"<html><body><p>A mobileszk\u00f6z\u00f6k technol\u00f3giai fejl\u0151d\u00e9se lehet\u0151v\u00e9 tette, hogy a kor\u00e1bban csak konzolokra \u00e9s PC-kre el\u00e9rhet\u0151 j\u00e1t\u00e9kok okostelefonokon \u00e9s t\u00e1blag\u00e9peken is j\u00e1tszhat\u00f3k legyenek. Ezen j\u00e1t\u00e9kok k\u00f6z\u00fcl kiemelkedik a Grand Theft Auto V (GTA V), a Rockstar Games egyik legn\u00e9pszer\u0171bb c\u00edme.<\/p>\n<p style=\"text-align: center;\"><a class=\"mb-button mb-style-flat mb-size-default mb-corners-default mb-text-style-default  broken_link\" style=\"background-color: #ff0000;\" href=\"https:\/\/dicasdorei.com\/hu\/aplicativo-para-jogar-gta-no-seu-celular\/\">\u00a0<i class=\"fa fa-arrow-circle-right\"><\/i>\u00a0 N\u00c9ZD MEG A LEGJOBB ALKALMAZ\u00c1SOKAT<\/a><\/p>\n<p style=\"text-align: center;\"><a class=\"mb-button mb-style-flat mb-size-default mb-corners-default mb-text-style-default  broken_link\" style=\"background-color: #ff0000;\" href=\"https:\/\/dicasdorei.com\/hu\/aplicativo-para-jogar-gta-no-seu-celular\/\">\u00a0<i class=\"fa fa-arrow-circle-right\"><\/i>\u00a0 ALKALMAZ\u00c1SOK ANDROIDHOZ<\/a><\/p>\n<p style=\"text-align: center;\"><a class=\"mb-button mb-style-flat mb-size-default mb-corners-default mb-text-style-default  broken_link\" style=\"background-color: #ff0000;\" href=\"https:\/\/dicasdorei.com\/hu\/aplicativo-para-jogar-gta-no-seu-celular\/\">\u00a0<i class=\"fa fa-arrow-circle-right\"><\/i>\u00a0 ALKALMAZ\u00c1SOK IOS-HOZ<\/a><\/p>\n<p>Az eredetileg 2013-ban konzolokra, majd k\u00e9s\u0151bb PC-re megjelent GTA V tov\u00e1bbra is vonzza a j\u00e1t\u00e9kosokat nyitott vil\u00e1g\u00e1val, lebilincsel\u0151 t\u00f6rt\u00e9net\u00e9vel \u00e9s sz\u00e9lesk\u00f6r\u0171 tev\u00e9kenys\u00e9gi k\u00f6r\u00e9vel. A GTA V mobilon val\u00f3 lej\u00e1tsz\u00e1sa kih\u00edv\u00e1st jelenthet a grafikai \u00e9s feldolgoz\u00e1si k\u00f6vetelm\u00e9nyek miatt, de vannak megold\u00e1sok, amelyek lehet\u0151v\u00e9 teszik ezt az \u00e9lm\u00e9nyt. Fedezz\u00fcnk fel n\u00e9h\u00e1nyat ezek k\u00f6z\u00fcl.<\/p>\n<h3>J\u00e1t\u00e9k streamel\u00e9s<\/h3>\n<p>A GTA V mobilon val\u00f3 j\u00e1t\u00e9k\u00e1nak egyik leghat\u00e9konyabb m\u00f3dja a j\u00e1t\u00e9k streaming szolg\u00e1ltat\u00e1sok haszn\u00e1lata. Ezek a szolg\u00e1ltat\u00e1sok lehet\u0151v\u00e9 teszik, hogy kiv\u00e1l\u00f3 min\u0151s\u00e9g\u0171 j\u00e1t\u00e9kokat j\u00e1tssz an\u00e9lk\u00fcl, hogy nagy teljes\u00edtm\u00e9ny\u0171 mobil hardverre lenne sz\u00fcks\u00e9ged. N\u00e9h\u00e1ny a legn\u00e9pszer\u0171bb szolg\u00e1ltat\u00e1sok k\u00f6z\u00fcl:<\/p>\n<p><strong>1. NVIDIA GeForce Now:<\/strong> A GeForce Now egy streaming szolg\u00e1ltat\u00e1s, amely lehet\u0151v\u00e9 teszi a j\u00e1t\u00e9kosok sz\u00e1m\u00e1ra, hogy t\u00f6bb eszk\u00f6z\u00f6n, bele\u00e9rtve az Android okostelefonokat \u00e9s t\u00e1blag\u00e9peket is, hozz\u00e1f\u00e9rjenek j\u00e1t\u00e9kk\u00f6nyvt\u00e1raikhoz. Stabil internetkapcsolattal a GTA V-vel az NVIDIA szerverinfrastrukt\u00far\u00e1j\u00e1t haszn\u00e1lva j\u00e1tszhatsz, amely feldolgozza a j\u00e1t\u00e9kot \u00e9s streameli a vide\u00f3t az eszk\u00f6z\u00f6dre.<\/p>\n<p><strong>2. Xbox Game Pass Ultimate:<\/strong> A Microsoft k\u00edn\u00e1lja az Xbox Game Pass Ultimate csomagot, amely tartalmazza az xCloud j\u00e1t\u00e9kstreaming szolg\u00e1ltat\u00e1st. Akt\u00edv el\u0151fizet\u00e9ssel a j\u00e1t\u00e9kosok k\u00f6zvetlen\u00fcl mobileszk\u00f6zeikr\u0151l f\u00e9rhetnek hozz\u00e1 j\u00e1t\u00e9kok hatalmas gy\u0171jtem\u00e9ny\u00e9hez, bele\u00e9rtve a GTA V-\u00f6t is. A GeForce Now-hoz hasonl\u00f3an az xCloud is er\u0151s internetkapcsolatra t\u00e1maszkodik a z\u00f6kken\u0151mentes j\u00e1t\u00e9k\u00e9lm\u00e9ny biztos\u00edt\u00e1sa \u00e9rdek\u00e9ben.<\/p>\n<div id=\"attachment_8020\" style=\"width: 760px\" class=\"wp-caption aligncenter\"><img loading=\"lazy\" decoding=\"async\" aria-describedby=\"caption-attachment-8020\" class=\"wp-image-8020 size-full\" src=\"https:\/\/dicasdorei.com\/wp-content\/uploads\/2024\/05\/02095937210037.webp\" alt=\"\" width=\"750\" height=\"500\" srcset=\"https:\/\/dicasdorei.com\/wp-content\/uploads\/2024\/05\/02095937210037.webp 750w, https:\/\/dicasdorei.com\/wp-content\/uploads\/2024\/05\/02095937210037-600x400.webp 600w, https:\/\/dicasdorei.com\/wp-content\/uploads\/2024\/05\/02095937210037-18x12.webp 18w\" sizes=\"auto, (max-width: 750px) 100vw, 750px\" \/><p id=\"caption-attachment-8020\" class=\"wp-caption-text\">A k\u00e9p a Google-b\u00f3l sz\u00e1rmazik.<\/p><\/div>\n<p><strong>3. Google Stadia:<\/strong> A Stadia a Google j\u00e1t\u00e9kstreamel\u0151 platformja, amely lehet\u0151v\u00e9 teszi a kiv\u00e1l\u00f3 min\u0151s\u00e9g\u0171 c\u00edmek lej\u00e1tsz\u00e1s\u00e1t mobileszk\u00f6z\u00f6k\u00f6n is. B\u00e1r a GTA V nem \u00e9rhet\u0151 el k\u00f6zvetlen\u00fcl a Stadia katal\u00f3gus\u00e1ban, a platform sz\u00e1mos m\u00e1s kiv\u00e1l\u00f3 min\u0151s\u00e9g\u0171 j\u00e1t\u00e9kot k\u00edn\u00e1l, \u00e9s a j\u00f6v\u0151ben opci\u00f3v\u00e1 v\u00e1lhat.<\/p>\n<h3>Emul\u00e1ci\u00f3s alkalmaz\u00e1sok<\/h3>\n<p>A GTA V mobilon t\u00f6rt\u00e9n\u0151 j\u00e1t\u00e9k\u00e1nak egy m\u00e1sik m\u00f3dja az emul\u00e1torok haszn\u00e1lata. Az emul\u00e1torok lehet\u0151v\u00e9 teszik m\u00e1s platformokr\u00f3l sz\u00e1rmaz\u00f3 j\u00e1t\u00e9kok futtat\u00e1s\u00e1t a mobileszk\u00f6z\u00f6d\u00f6n. Fontos azonban megjegyezni, hogy a j\u00e1t\u00e9kemul\u00e1ci\u00f3 jogilag bonyolult lehet, \u00e9s nem biztos, hogy a legjobb \u00e9lm\u00e9nyt ny\u00fajtja a teljes\u00edtm\u00e9ny \u00e9s a grafika tekintet\u00e9ben.<\/p>\n<p>N\u00e9h\u00e1ny n\u00e9pszer\u0171 emul\u00e1tor a k\u00f6vetkez\u0151ket tartalmazza:<\/p>\n<p style=\"text-align: center;\"><a class=\"mb-button mb-style-flat mb-size-default mb-corners-default mb-text-style-default  broken_link\" style=\"background-color: #ff0000;\" href=\"https:\/\/dicasdorei.com\/hu\/aplicativo-para-jogar-gta-no-seu-celular\/\">\u00a0<i class=\"fa fa-arrow-circle-right\"><\/i>\u00a0 N\u00c9ZD MEG A LEGJOBB ALKALMAZ\u00c1SOKAT<\/a><\/p>\n<p style=\"text-align: center;\"><a class=\"mb-button mb-style-flat mb-size-default mb-corners-default mb-text-style-default  broken_link\" style=\"background-color: #ff0000;\" href=\"https:\/\/dicasdorei.com\/hu\/aplicativo-para-jogar-gta-no-seu-celular\/\">\u00a0<i class=\"fa fa-arrow-circle-right\"><\/i>\u00a0 ALKALMAZ\u00c1SOK ANDROIDHOZ<\/a><\/p>\n<p style=\"text-align: center;\"><a class=\"mb-button mb-style-flat mb-size-default mb-corners-default mb-text-style-default  broken_link\" style=\"background-color: #ff0000;\" href=\"https:\/\/dicasdorei.com\/hu\/aplicativo-para-jogar-gta-no-seu-celular\/\">\u00a0<i class=\"fa fa-arrow-circle-right\"><\/i>\u00a0 ALKALMAZ\u00c1SOK IOS-HOZ<\/a><\/p>\n<p><strong>1. Steam-link:<\/strong> A Steam Link egy Valve \u00e1ltal fejlesztett alkalmaz\u00e1s, amely lehet\u0151v\u00e9 teszi, hogy a Steam k\u00f6nyvt\u00e1radb\u00f3l j\u00e1t\u00e9kokat streamelj a PC-dr\u0151l a mobileszk\u00f6z\u00f6dre. Ez azt jelenti, hogy ha m\u00e1r megvan a GTA V Steamen, akkor j\u00e1tszhatsz vele a mobileszk\u00f6z\u00f6d\u00f6n, amennyiben ugyanazon a Wi-Fi h\u00e1l\u00f3zaton van, mint a PC.<\/p>\n<p><strong>2. Holdf\u00e9ny j\u00e1t\u00e9k streamel\u00e9se:<\/strong> A Moonlight egy ny\u00edlt forr\u00e1sk\u00f3d\u00fa alkalmaz\u00e1s, amely lehet\u0151v\u00e9 teszi j\u00e1t\u00e9kok streamel\u00e9s\u00e9t a sz\u00e1m\u00edt\u00f3g\u00e9pr\u0151l mobileszk\u00f6z\u00f6kre. Hasonl\u00f3an m\u0171k\u00f6dik, mint a Steam Link, de nagyobb rugalmass\u00e1got k\u00edn\u00e1l, \u00e9s kompatibilis az NVIDIA j\u00e1t\u00e9kokkal.<\/p>\n<h3>Nem hivatalos m\u00f3dos\u00edt\u00e1sok \u00e9s portok<\/h3>\n<p>A streamel\u00e9si \u00e9s emul\u00e1ci\u00f3s lehet\u0151s\u00e9gek mellett nem hivatalos m\u00f3dos\u00edt\u00e1sok \u00e9s portok is l\u00e9teznek, amelyek megpr\u00f3b\u00e1lj\u00e1k a GTA V \u00e9lm\u00e9nyt mobileszk\u00f6z\u00f6kre vinni. Ezeket a projekteket rajong\u00f3k fejlesztett\u00e9k, \u00e9s min\u0151s\u00e9g\u00fckben \u00e9s stabilit\u00e1sukban elt\u00e9r\u0151ek lehetnek. Fontos, hogy \u00f3vatosan t\u00f6ltsd le \u00e9s telep\u00edtsd ezeket a f\u00e1jlokat, mivel rosszindulat\u00fa programokat vagy meghib\u00e1sod\u00e1st tartalmazhatnak.<\/p>\n<h3>V\u00e9gs\u0151 megfontol\u00e1sok<\/h3>\n<p>A GTA V mobilon val\u00f3 j\u00e1tszhat\u00f3s\u00e1ga val\u00f3s\u00e1gg\u00e1 v\u00e1lt a streaming \u00e9s emul\u00e1ci\u00f3s technol\u00f3gi\u00e1k fejl\u0151d\u00e9s\u00e9nek k\u00f6sz\u00f6nhet\u0151en. B\u00e1r a GTA V-nek nincs hivatalos verzi\u00f3ja mobileszk\u00f6z\u00f6kre, a fent eml\u00edtett megold\u00e1sok \u00e9letk\u00e9pes alternat\u00edv\u00e1kat k\u00edn\u00e1lnak a j\u00e1t\u00e9k rajong\u00f3inak, akik okostelefonjukon vagy t\u00e1blag\u00e9p\u00fck\u00f6n szeretn\u00e9nek j\u00e1tszani.<\/p>\n<p style=\"text-align: center;\"><a class=\"mb-button mb-style-flat mb-size-default mb-corners-default mb-text-style-default  broken_link\" style=\"background-color: #ff0000;\" href=\"https:\/\/dicasdorei.com\/hu\/aplicativo-para-jogar-gta-no-seu-celular\/\">\u00a0<i class=\"fa fa-arrow-circle-right\"><\/i>\u00a0 N\u00c9ZD MEG A LEGJOBB ALKALMAZ\u00c1SOKAT<\/a><\/p>\n<p style=\"text-align: center;\"><a class=\"mb-button mb-style-flat mb-size-default mb-corners-default mb-text-style-default  broken_link\" style=\"background-color: #ff0000;\" href=\"https:\/\/dicasdorei.com\/hu\/aplicativo-para-jogar-gta-no-seu-celular\/\">\u00a0<i class=\"fa fa-arrow-circle-right\"><\/i>\u00a0 ALKALMAZ\u00c1SOK ANDROIDHOZ<\/a><\/p>\n<p style=\"text-align: center;\"><a class=\"mb-button mb-style-flat mb-size-default mb-corners-default mb-text-style-default  broken_link\" style=\"background-color: #ff0000;\" href=\"https:\/\/dicasdorei.com\/hu\/aplicativo-para-jogar-gta-no-seu-celular\/\">\u00a0<i class=\"fa fa-arrow-circle-right\"><\/i>\u00a0 ALKALMAZ\u00c1SOK IOS-HOZ<\/a><\/p>\n<p>A kiel\u00e9g\u00edt\u0151 \u00e9lm\u00e9ny kulcsa a stabil \u00e9s gyors internetkapcsolat, valamint egy kompatibilis mobileszk\u00f6z. Ezekkel az eszk\u00f6z\u00f6kkel Los Santos hatalmas \u00e9s izgalmas vil\u00e1ga karny\u00fajt\u00e1snyira lehet, b\u00e1rhol is legy\u00e9l.<\/p>\n<\/body><\/html>","protected":false},"excerpt":{"rendered":"<p>A evolu\u00e7\u00e3o tecnol\u00f3gica dos dispositivos m\u00f3veis tem permitido que jogos antes exclusivos de consoles e PCs sejam jogados em smartphones e tablets. Entre esses jogos, destaca-se o Grand Theft Auto V (GTA V), um dos t\u00edtulos mais populares da Rockstar Games. \u00a0\u00a0 VEJA OS MELHORES APLICATIVOS \u00a0\u00a0 APLICATIVOS PARA ANDROID \u00a0\u00a0 APLICATIVOS PARA IOS Originalmente [&hellip;]<\/p>\n","protected":false},"author":1,"featured_media":0,"parent":0,"menu_order":0,"comment_status":"closed","ping_status":"closed","template":"","meta":{"footnotes":""},"class_list":["post-8019","page","type-page","status-publish","hentry"],"_links":{"self":[{"href":"https:\/\/dicasdorei.com\/hu\/wp-json\/wp\/v2\/pages\/8019","targetHints":{"allow":["GET"]}}],"collection":[{"href":"https:\/\/dicasdorei.com\/hu\/wp-json\/wp\/v2\/pages"}],"about":[{"href":"https:\/\/dicasdorei.com\/hu\/wp-json\/wp\/v2\/types\/page"}],"author":[{"embeddable":true,"href":"https:\/\/dicasdorei.com\/hu\/wp-json\/wp\/v2\/users\/1"}],"replies":[{"embeddable":true,"href":"https:\/\/dicasdorei.com\/hu\/wp-json\/wp\/v2\/comments?post=8019"}],"version-history":[{"count":4,"href":"https:\/\/dicasdorei.com\/hu\/wp-json\/wp\/v2\/pages\/8019\/revisions"}],"predecessor-version":[{"id":8053,"href":"https:\/\/dicasdorei.com\/hu\/wp-json\/wp\/v2\/pages\/8019\/revisions\/8053"}],"wp:attachment":[{"href":"https:\/\/dicasdorei.com\/hu\/wp-json\/wp\/v2\/media?parent=8019"}],"curies":[{"name":"munkaf\u00fczet","href":"https:\/\/api.w.org\/{rel}","templated":true}]}}