{"id":8011,"date":"2024-05-27T22:22:18","date_gmt":"2024-05-28T01:22:18","guid":{"rendered":"https:\/\/dicasdorei.com\/?page_id=8011"},"modified":"2024-06-01T10:06:25","modified_gmt":"2024-06-01T13:06:25","slug":"lp-aplicativos-para-fazer-limpeza-de-celular","status":"publish","type":"page","link":"https:\/\/dicasdorei.com\/hu\/lp-aplicativos-para-fazer-limpeza-de-celular\/","title":{"rendered":"Alkalmaz\u00e1sok mobiltelefonok tiszt\u00edt\u00e1s\u00e1ra"},"content":{"rendered":"<html><body><p>Az okostelefonok folyamatos haszn\u00e1lata miatt gyakori, hogy eszk\u00f6zeink jelent\u0151s mennyis\u00e9g\u0171 felesleges f\u00e1jlt, gyors\u00edt\u00f3t\u00e1rat \u00e9s marad\u00e9k adatot halmoznak fel, amelyek befoly\u00e1solhatj\u00e1k a teljes\u00edtm\u00e9nyt \u00e9s helyet foglalhatnak el a t\u00e1rhelyen.<\/p>\n<p style=\"text-align: center;\"><a class=\"mb-button mb-style-flat mb-size-default mb-corners-default mb-text-style-default  broken_link\" style=\"background-color: #ff0000;\" href=\"https:\/\/dicasdorei.com\/hu\/aplicativo-para-fazer-limpeza-de-celular\/\">\u00a0<i class=\"fa fa-arrow-circle-right\"><\/i>\u00a0 N\u00c9ZD MEG A LEGJOBB ALKALMAZ\u00c1SOKAT<\/a><\/p>\n<p style=\"text-align: center;\"><a class=\"mb-button mb-style-flat mb-size-default mb-corners-default mb-text-style-default  broken_link\" style=\"background-color: #ff0000;\" href=\"https:\/\/dicasdorei.com\/hu\/aplicativo-para-fazer-limpeza-de-celular\/\">\u00a0<i class=\"fa fa-arrow-circle-right\"><\/i>\u00a0 ALKALMAZ\u00c1SOK ANDROIDHOZ<\/a><\/p>\n<p style=\"text-align: center;\"><a class=\"mb-button mb-style-flat mb-size-default mb-corners-default mb-text-style-default  broken_link\" style=\"background-color: #ff0000;\" href=\"https:\/\/dicasdorei.com\/hu\/aplicativo-para-fazer-limpeza-de-celular\/\">\u00a0<i class=\"fa fa-arrow-circle-right\"><\/i>\u00a0 ALKALMAZ\u00c1SOK IOS-HOZ<\/a><\/p>\n<p>Szerencs\u00e9re sz\u00e1mos olyan alkalmaz\u00e1s l\u00e9tezik, amelyek kifejezetten a telefon tiszt\u00edt\u00e1s\u00e1ra \u00e9s optimaliz\u00e1l\u00e1s\u00e1ra szolg\u00e1lnak, biztos\u00edtva, hogy hat\u00e9konyabban m\u0171k\u00f6dj\u00f6n \u00e9s t\u00f6bb t\u00e1rhelye legyen. Ez a cikk felt\u00e1rja ezen alkalmaz\u00e1sok fontoss\u00e1g\u00e1t, \u00e9s kiemeli a piacon el\u00e9rhet\u0151 legn\u00e9pszer\u0171bbeket.<\/p>\n<h2>A takar\u00edt\u00f3alkalmaz\u00e1sok fontoss\u00e1ga<\/h2>\n<p>Ahogy okostelefonjainkat k\u00fcl\u00f6nf\u00e9le feladatokra haszn\u00e1ljuk \u2013 az internetez\u00e9st\u0151l kezdve az alkalmaz\u00e1sok let\u00f6lt\u00e9s\u00e9n \u00e1t a f\u00e9nyk\u00e9pek \u00e9s vide\u00f3k t\u00e1rol\u00e1s\u00e1ig \u2013, a haszontalan adatok felhalmoz\u00f3d\u00e1sa elker\u00fclhetetlen. Ezek az adatok magukban foglalj\u00e1k az ideiglenes f\u00e1jlokat, az alkalmaz\u00e1s gyors\u00edt\u00f3t\u00e1r\u00e1t, a duplik\u00e1lt let\u00f6lt\u00e9seket, s\u0151t m\u00e9g az elt\u00e1vol\u00edtott alkalmaz\u00e1sokb\u00f3l megmaradt f\u00e1jlokat is. Id\u0151vel ezek a f\u00e1jlok:<\/p>\n<div id=\"attachment_8012\" style=\"width: 1210px\" class=\"wp-caption aligncenter\"><img loading=\"lazy\" decoding=\"async\" aria-describedby=\"caption-attachment-8012\" class=\"wp-image-8012 size-full\" src=\"https:\/\/dicasdorei.com\/wp-content\/uploads\/2024\/05\/Aplicativo-para-limpeza-do-Celular-1.webp\" alt=\"\" width=\"1200\" height=\"675\" srcset=\"https:\/\/dicasdorei.com\/wp-content\/uploads\/2024\/05\/Aplicativo-para-limpeza-do-Celular-1.webp 1200w, https:\/\/dicasdorei.com\/wp-content\/uploads\/2024\/05\/Aplicativo-para-limpeza-do-Celular-1-711x400.webp 711w, https:\/\/dicasdorei.com\/wp-content\/uploads\/2024\/05\/Aplicativo-para-limpeza-do-Celular-1-768x432.webp 768w, https:\/\/dicasdorei.com\/wp-content\/uploads\/2024\/05\/Aplicativo-para-limpeza-do-Celular-1-18x10.webp 18w\" sizes=\"auto, (max-width: 1200px) 100vw, 1200px\" \/><p id=\"caption-attachment-8012\" class=\"wp-caption-text\">A k\u00e9p a Google-b\u00f3l sz\u00e1rmazik<\/p><\/div>\n<ol>\n<li><strong>Foglaljon helyet a t\u00e1rhelyen<\/strong>: Az \u00faj alkalmaz\u00e1sok, f\u00e9nyk\u00e9pek, vide\u00f3k \u00e9s fontos dokumentumok sz\u00e1m\u00e1ra rendelkez\u00e9sre \u00e1ll\u00f3 t\u00e1rhely cs\u00f6kkent\u00e9se.<\/li>\n<li><strong>Cs\u00f6kkentse az eszk\u00f6z teljes\u00edtm\u00e9ny\u00e9t<\/strong>: Lassabb\u00e1 \u00e9s kev\u00e9sb\u00e9 \u00e9rz\u00e9keny\u00e9 teszi.<\/li>\n<li><strong>Befoly\u00e1solja az akkumul\u00e1tort<\/strong>A h\u00e1tt\u00e9rben fut\u00f3 sz\u00fcks\u00e9gtelen alkalmaz\u00e1sok \u00e9s folyamatok gyorsabban lemer\u00edthetik az akkumul\u00e1tort.<\/li>\n<\/ol>\n<h2>Legjobb takar\u00edt\u00f3alkalmaz\u00e1sok<\/h2>\n<h3>1. CCleaner<\/h3>\n<p>A CCleaner, amelyet eredetileg sz\u00e1m\u00edt\u00f3g\u00e9peken mutatott hat\u00e9konys\u00e1g\u00e1r\u00f3l ismertek, mobileszk\u00f6z\u00f6kre is el\u00e9rhet\u0151. Ez az alkalmaz\u00e1s \u00e1tvizsg\u00e1lja az eszk\u00f6zt a felesleges f\u00e1jlok \u00e9s a felhalmoz\u00f3dott gyors\u00edt\u00f3t\u00e1r ut\u00e1n, gyors \u00e9s hat\u00e9kony tiszt\u00edt\u00e1st biztos\u00edtva. Lehet\u0151s\u00e9get k\u00edn\u00e1l a nem k\u00edv\u00e1nt alkalmaz\u00e1sok elt\u00e1vol\u00edt\u00e1s\u00e1ra, valamint a CPU-haszn\u00e1lat, az akkumul\u00e1tor \u00e9s az eszk\u00f6z h\u0151m\u00e9rs\u00e9klet\u00e9nek figyel\u00e9s\u00e9re is.<\/p>\n<h3>2. Tiszta mester<\/h3>\n<p>Az egyik legn\u00e9pszer\u0171bb tiszt\u00edt\u00f3alkalmaz\u00e1s, a Clean Master, sz\u00e1mos eszk\u00f6zt k\u00edn\u00e1l az eszk\u00f6z optimaliz\u00e1l\u00e1s\u00e1hoz. Elt\u00e1vol\u00edtja a marad\u00e9k f\u00e1jlokat, t\u00f6rli a gyors\u00edt\u00f3t\u00e1rat \u00e9s elt\u00e1vol\u00edtja a felesleges alkalmaz\u00e1sokat. Be\u00e9p\u00edtett v\u00edruskeres\u0151vel is rendelkezik, amely extra v\u00e9delmet ny\u00fajt a rosszindulat\u00fa programok \u00e9s v\u00edrusok ellen.<\/p>\n<p style=\"text-align: center;\"><a class=\"mb-button mb-style-flat mb-size-default mb-corners-default mb-text-style-default  broken_link\" style=\"background-color: #ff0000;\" href=\"https:\/\/dicasdorei.com\/hu\/aplicativo-para-fazer-limpeza-de-celular\/\">\u00a0<i class=\"fa fa-arrow-circle-right\"><\/i>\u00a0 N\u00c9ZD MEG A LEGJOBB ALKALMAZ\u00c1SOKAT<\/a><\/p>\n<p style=\"text-align: center;\"><a class=\"mb-button mb-style-flat mb-size-default mb-corners-default mb-text-style-default  broken_link\" style=\"background-color: #ff0000;\" href=\"https:\/\/dicasdorei.com\/hu\/aplicativo-para-fazer-limpeza-de-celular\/\">\u00a0<i class=\"fa fa-arrow-circle-right\"><\/i>\u00a0 ALKALMAZ\u00c1SOK ANDROIDHOZ<\/a><\/p>\n<p style=\"text-align: center;\"><a class=\"mb-button mb-style-flat mb-size-default mb-corners-default mb-text-style-default  broken_link\" style=\"background-color: #ff0000;\" href=\"https:\/\/dicasdorei.com\/hu\/aplicativo-para-fazer-limpeza-de-celular\/\">\u00a0<i class=\"fa fa-arrow-circle-right\"><\/i>\u00a0 ALKALMAZ\u00c1SOK IOS-HOZ<\/a><\/p>\n<h3>3. F\u00e1jlok a Google-t\u00f3l<\/h3>\n<p>A Google \u00e1ltal fejlesztett alkalmaz\u00e1s nemcsak megtiszt\u00edtja az eszk\u00f6z\u00f6det, hanem seg\u00edt a f\u00e1jljaid rendszerez\u00e9s\u00e9ben is. Javasolja a duplik\u00e1lt f\u00e1jlok, m\u00e9mek, GIF-ek \u00e9s egy\u00e9b, esetleg felesleges helyet foglal\u00f3 elemek elt\u00e1vol\u00edt\u00e1s\u00e1t. Szem\u00e9lyre szabott javaslatokat is k\u00edn\u00e1l a t\u00e1rhely felszabad\u00edt\u00e1s\u00e1ra.<\/p>\n<h3>4. SD szobal\u00e1ny<\/h3>\n<p>A m\u00e9lyebb tiszt\u00edt\u00e1sra \u00f6sszpontos\u00edt\u00f3 SD Maid ide\u00e1lis a halad\u00f3 felhaszn\u00e1l\u00f3k sz\u00e1m\u00e1ra. \u00c1tvizsg\u00e1lja az eszk\u00f6zt az elt\u00e1vol\u00edtott alkalmaz\u00e1sok \u00e1ltal h\u00e1trahagyott f\u00e1jlok \u00e9s mapp\u00e1k ut\u00e1n, \u00e9s hat\u00e9konyan t\u00f6rli a gyors\u00edt\u00f3t\u00e1rat. Az alkalmaz\u00e1s eszk\u00f6z\u00f6ket is k\u00edn\u00e1l az alkalmaz\u00e1sok \u00e9s f\u00e1jlok kezel\u00e9s\u00e9re, tov\u00e1bb optimaliz\u00e1lva az eszk\u00f6z teljes\u00edtm\u00e9ny\u00e9t.<\/p>\n<h3>5. Norton Clean<\/h3>\n<p>A neves biztons\u00e1gi c\u00e9g, a Norton fejlesztette ki ezt az alkalmaz\u00e1st, amely a szem\u00e9tf\u00e1jlok \u00e9s a gyors\u00edt\u00f3t\u00e1r elt\u00e1vol\u00edt\u00e1s\u00e1ra \u00f6sszpontos\u00edt. A t\u00e1rhely felszabad\u00edt\u00e1sa mellett a Norton Clean egyszer\u0171 \u00e9s k\u00f6nnyen haszn\u00e1lhat\u00f3 fel\u00fcletet k\u00edn\u00e1l, \u00edgy kiv\u00e1l\u00f3 v\u00e1laszt\u00e1s azok sz\u00e1m\u00e1ra, akik hat\u00e9konys\u00e1gra \u00e9s biztons\u00e1gra v\u00e1gynak.<\/p>\n<h2>Hogyan v\u00e1lasszuk ki az ide\u00e1lis alkalmaz\u00e1st<\/h2>\n<p>Amikor telefontiszt\u00edt\u00f3 alkalmaz\u00e1st v\u00e1lasztasz, vedd figyelembe a k\u00f6vetkez\u0151 szempontokat:<\/p>\n<ol>\n<li><strong>Funkcionalit\u00e1s<\/strong>: Gy\u0151z\u0151dj\u00f6n meg r\u00f3la, hogy az alkalmaz\u00e1s minden sz\u00fcks\u00e9ges eszk\u00f6zt k\u00edn\u00e1l az eszk\u00f6z tiszt\u00edt\u00e1s\u00e1hoz \u00e9s optimaliz\u00e1l\u00e1s\u00e1hoz.<\/li>\n<li><strong>Fel\u00fclet<\/strong>: El\u0151nyben r\u00e9szes\u00edtsd az intuit\u00edv \u00e9s k\u00f6nnyen haszn\u00e1lhat\u00f3 fel\u00fclettel rendelkez\u0151 alkalmaz\u00e1sokat.<\/li>\n<li><strong>V\u00e9lem\u00e9nyek \u00e9s megjegyz\u00e9sek<\/strong>: Tekintse meg m\u00e1s felhaszn\u00e1l\u00f3k \u00e9rt\u00e9kel\u00e9seit \u00e9s megjegyz\u00e9seit, hogy megbizonyosodjon az alkalmaz\u00e1s hat\u00e9konys\u00e1g\u00e1r\u00f3l \u00e9s megb\u00edzhat\u00f3s\u00e1g\u00e1r\u00f3l.<\/li>\n<li><strong>Biztons\u00e1g<\/strong>: V\u00e1lasszon megb\u00edzhat\u00f3 fejleszt\u0151kt\u0151l sz\u00e1rmaz\u00f3 alkalmaz\u00e1sokat, hogy elker\u00fclje a rosszindulat\u00fa programok kock\u00e1zat\u00e1t \u00e9s a nem megfelel\u0151 v\u00e9delem hi\u00e1ny\u00e1t.<\/li>\n<\/ol>\n<h2>K\u00f6vetkeztet\u00e9s<\/h2>\n<p>A telefontiszt\u00edt\u00f3 alkalmaz\u00e1sok elengedhetetlen eszk\u00f6z\u00f6k ahhoz, hogy eszk\u00f6zeink optim\u00e1lisan m\u0171k\u00f6djenek \u00e9s elegend\u0151 t\u00e1rhellyel rendelkezzenek. A megfelel\u0151 v\u00e1laszt\u00e1ssal jelent\u0151sen jav\u00edthatod a telefon teljes\u00edtm\u00e9ny\u00e9t, meghosszabb\u00edthatod az akkumul\u00e1tor \u00e9lettartam\u00e1t, \u00e9s sim\u00e1bb, hat\u00e9konyabb felhaszn\u00e1l\u00f3i \u00e9lm\u00e9nyt biztos\u00edthatsz.<\/p>\n<p style=\"text-align: center;\"><a class=\"mb-button mb-style-flat mb-size-default mb-corners-default mb-text-style-default  broken_link\" style=\"background-color: #ff0000;\" href=\"https:\/\/dicasdorei.com\/hu\/aplicativo-para-fazer-limpeza-de-celular\/\">\u00a0<i class=\"fa fa-arrow-circle-right\"><\/i>\u00a0 N\u00c9ZD MEG A LEGJOBB ALKALMAZ\u00c1SOKAT<\/a><\/p>\n<p style=\"text-align: center;\"><a class=\"mb-button mb-style-flat mb-size-default mb-corners-default mb-text-style-default  broken_link\" style=\"background-color: #ff0000;\" href=\"https:\/\/dicasdorei.com\/hu\/aplicativo-para-fazer-limpeza-de-celular\/\">\u00a0<i class=\"fa fa-arrow-circle-right\"><\/i>\u00a0 ALKALMAZ\u00c1SOK ANDROIDHOZ<\/a><\/p>\n<p style=\"text-align: center;\"><a class=\"mb-button mb-style-flat mb-size-default mb-corners-default mb-text-style-default  broken_link\" style=\"background-color: #ff0000;\" href=\"https:\/\/dicasdorei.com\/hu\/aplicativo-para-fazer-limpeza-de-celular\/\">\u00a0<i class=\"fa fa-arrow-circle-right\"><\/i>\u00a0 ALKALMAZ\u00c1SOK IOS-HOZ<\/a><\/p>\n<p>Legyen sz\u00f3 ak\u00e1r a CCleanerr\u0151l, a Clean Masterr\u0151l, a Files by Google-r\u00f3l, az SD Maidr\u0151l vagy a Norton Cleanr\u0151l, sz\u00e1mos lehet\u0151s\u00e9g k\u00edn\u00e1lkozik a piacon, amelyek kiel\u00e9g\u00edthetik a k\u00fcl\u00f6nb\u00f6z\u0151 t\u00edpus\u00fa felhaszn\u00e1l\u00f3k ig\u00e9nyeit. Ez\u00e9rt egy j\u00f3 tiszt\u00edt\u00f3alkalmaz\u00e1sba val\u00f3 befektet\u00e9s kulcsfontoss\u00e1g\u00fa lehet okostelefonja j\u00f3 \u00e1llapot\u00e1nak meg\u0151rz\u00e9s\u00e9hez.<\/p>\n<\/body><\/html>","protected":false},"excerpt":{"rendered":"<p>Com o uso constante de smartphones, \u00e9 comum que nossos dispositivos acumulem uma quantidade significativa de arquivos indesejados, cache e dados residuais que podem afetar o desempenho e ocupar espa\u00e7o de armazenamento. \u00a0\u00a0 VEJA OS MELHORES APLICATIVOS \u00a0\u00a0 APLICATIVOS PARA ANDROID \u00a0\u00a0 APLICATIVOS PARA IOS Felizmente, existem diversos aplicativos projetados especificamente para ajudar na limpeza [&hellip;]<\/p>\n","protected":false},"author":1,"featured_media":0,"parent":0,"menu_order":0,"comment_status":"closed","ping_status":"closed","template":"","meta":{"footnotes":""},"class_list":["post-8011","page","type-page","status-publish","hentry"],"_links":{"self":[{"href":"https:\/\/dicasdorei.com\/hu\/wp-json\/wp\/v2\/pages\/8011","targetHints":{"allow":["GET"]}}],"collection":[{"href":"https:\/\/dicasdorei.com\/hu\/wp-json\/wp\/v2\/pages"}],"about":[{"href":"https:\/\/dicasdorei.com\/hu\/wp-json\/wp\/v2\/types\/page"}],"author":[{"embeddable":true,"href":"https:\/\/dicasdorei.com\/hu\/wp-json\/wp\/v2\/users\/1"}],"replies":[{"embeddable":true,"href":"https:\/\/dicasdorei.com\/hu\/wp-json\/wp\/v2\/comments?post=8011"}],"version-history":[{"count":5,"href":"https:\/\/dicasdorei.com\/hu\/wp-json\/wp\/v2\/pages\/8011\/revisions"}],"predecessor-version":[{"id":8051,"href":"https:\/\/dicasdorei.com\/hu\/wp-json\/wp\/v2\/pages\/8011\/revisions\/8051"}],"wp:attachment":[{"href":"https:\/\/dicasdorei.com\/hu\/wp-json\/wp\/v2\/media?parent=8011"}],"curies":[{"name":"munkaf\u00fczet","href":"https:\/\/api.w.org\/{rel}","templated":true}]}}