{"id":7985,"date":"2024-05-25T00:25:16","date_gmt":"2024-05-25T03:25:16","guid":{"rendered":"https:\/\/dicasdorei.com\/?page_id=7985"},"modified":"2024-05-28T01:12:31","modified_gmt":"2024-05-28T04:12:31","slug":"lp-como-obter-um-emprestimo-pessoal-creditis","status":"publish","type":"page","link":"https:\/\/dicasdorei.com\/hu\/lp-como-obter-um-emprestimo-pessoal-creditis\/","title":{"rendered":"Hogyan kaphat Creditis szem\u00e9lyi k\u00f6lcs\u00f6nt"},"content":{"rendered":"<html><body><p>A szem\u00e9lyi k\u00f6lcs\u00f6n megszerz\u00e9se bonyolult folyamatnak t\u0171nhet, de a Creditis-szel egyszer\u0171 \u00e9s \u00e1tl\u00e1that\u00f3. Ebben az \u00fatmutat\u00f3ban megvizsg\u00e1ljuk a Creditis szem\u00e9lyi k\u00f6lcs\u00f6n\u00e9nek megszerz\u00e9s\u00e9nek legfontosabb l\u00e9p\u00e9seit, valamint azokat az el\u0151ny\u00f6ket, amelyeket ez a lehet\u0151s\u00e9g k\u00edn\u00e1l p\u00e9nz\u00fcgyi ig\u00e9nyeinek kiel\u00e9g\u00edt\u00e9s\u00e9re.<\/p>\n<p style=\"text-align: center;\"><a class=\"mb-button mb-style-traditional mb-size-default mb-corners-default mb-text-style-default  broken_link\" style=\"background-color: #2bc470;\" href=\"https:\/\/dicasdorei.com\/hu\/emprestimo-pessoal-creditis-guia-passo-a-passo-para-solicitacao\/\">\u00a0<i class=\"fa fa-arrow-circle-right\"><\/i>\u00a0 HOGYAN IG\u00c9NYELHETSZ CREDITIS SZEM\u00c9LYI K\u00d6LCS\u00d6NT \u27a1\ufe0f<\/a><\/p>\n<p style=\"text-align: center;\"><a class=\"mb-button mb-style-traditional mb-size-default mb-corners-default mb-text-style-default  broken_link\" style=\"background-color: #2bc470;\" href=\"https:\/\/dicasdorei.com\/hu\/emprestimo-pessoal-creditis-guia-passo-a-passo-para-solicitacao\/\">\u00a0<i class=\"fa fa-arrow-circle-right\"><\/i>\u00a0 N\u00c9ZD MEG A LEGJOBB \u00c1RAKAT \u27a1\ufe0f<\/a><\/p>\n<p style=\"text-align: center;\"><a class=\"mb-button mb-style-traditional mb-size-default mb-corners-default mb-text-style-default  broken_link\" style=\"background-color: #2bc470;\" href=\"https:\/\/dicasdorei.com\/hu\/emprestimo-pessoal-creditis-guia-passo-a-passo-para-solicitacao\/\">\u00a0<i class=\"fa fa-arrow-circle-right\"><\/i>\u00a0 A LEGJOBB HITEL A PIACON \u27a1\ufe0f<\/a><\/p>\n<h3>L\u00e9p\u00e9sek a Creditis szem\u00e9lyi k\u00f6lcs\u00f6n ig\u00e9nyl\u00e9s\u00e9hez<\/h3>\n<p><strong>1. P\u00e9nz\u00fcgyi sz\u00fcks\u00e9gletfelm\u00e9r\u00e9s<\/strong><\/p>\n<p>A Creditis szem\u00e9lyi k\u00f6lcs\u00f6n\u00e9nek ig\u00e9nyl\u00e9s\u00e9nek els\u0151 l\u00e9p\u00e9se, hogy gondosan felm\u00e9rje p\u00e9nz\u00fcgyi ig\u00e9nyeit. Ez seg\u00edt meghat\u00e1rozni a pontos sz\u00fcks\u00e9ges \u00f6sszeget \u00e9s a k\u00f6r\u00fclm\u00e9nyeinek legink\u00e1bb megfelel\u0151 visszafizet\u00e9si id\u0151szakot. A Creditis sz\u00e1mos hitellehet\u0151s\u00e9get k\u00edn\u00e1l, ez\u00e9rt fontos, hogy a folytat\u00e1s el\u0151tt vil\u00e1gosan meg\u00e9rtse ig\u00e9nyeit.<\/p>\n<p><strong>2. A sz\u00fcks\u00e9ges dokument\u00e1ci\u00f3 \u00f6sszegy\u0171jt\u00e9se<\/strong><\/p>\n<p><img loading=\"lazy\" decoding=\"async\" class=\"aligncenter wp-image-8009 size-full\" src=\"\/wp-content\/imgs-converts\/2024\/06\/recover-deleted-photos-4.webp\" alt=\"\" width=\"1080\" height=\"1080\"><\/p>\n<p>A k\u00e9relem beny\u00fajt\u00e1sa el\u0151tt gy\u0151z\u0151dj\u00f6n meg arr\u00f3l, hogy minden sz\u00fcks\u00e9ges dokument\u00e1ci\u00f3val rendelkezik. A Creditis \u00e1ltal\u00e1ban a k\u00f6vetkez\u0151ket k\u00e9ri:<\/p>\n<ul>\n<li>\u00c9rv\u00e9nyes szem\u00e9lyazonos\u00edt\u00f3 okm\u00e1ny (szem\u00e9lyi igazolv\u00e1ny vagy \u00fatlev\u00e9l)<\/li>\n<li>CPF<\/li>\n<li>J\u00f6vedelemigazol\u00e1s (p\u00e9ld\u00e1ul fizet\u00e9si jegyz\u00e9k, ad\u00f3bevall\u00e1s vagy egy\u00e9b, a fizet\u00e9si k\u00e9pess\u00e9get igazol\u00f3 dokumentumok)<\/li>\n<li>P\u00e9nz\u00fcgyi helyzet\u00e9t\u0151l f\u00fcgg\u0151en tov\u00e1bbi dokumentumokra lehet sz\u00fcks\u00e9g.<\/li>\n<\/ul>\n<p><strong>3. Az online jelentkez\u00e9s kit\u00f6lt\u00e9se<\/strong><\/p>\n<p>A Creditis online platformj\u00e1n kereszt\u00fcl nagyon egyszer\u0171v\u00e9 \u00e9s k\u00e9nyelmess\u00e9 teszi a jelentkez\u00e9si folyamatot. Egyszer\u0171en l\u00e1togasson el a Creditis weboldal\u00e1ra, \u00e9s t\u00f6ltse ki a jelentkez\u00e9si lapot. Meg kell adnia szem\u00e9lyes adatait \u00e9s a k\u00e9rt hitel t\u00edpus\u00e1val kapcsolatos r\u00e9szleteket. A platform felhaszn\u00e1l\u00f3bar\u00e1t, \u00e9s v\u00e9gigvezeti \u00d6nt a folyamat minden l\u00e9p\u00e9s\u00e9n.<\/p>\n<p><strong>4. P\u00e1ly\u00e1zat\u00e9rt\u00e9kel\u00e9s<\/strong><\/p>\n<p>A jelentkez\u00e9s beny\u00fajt\u00e1sa ut\u00e1n a Creditis csapata \u00e9rt\u00e9keli az \u00d6n adatait. Ez a folyamat mag\u00e1ban foglalja a fizet\u00e9si k\u00e9pess\u00e9g\u00e9nek ellen\u0151rz\u00e9s\u00e9t \u00e9s hitelk\u00e9pess\u00e9g\u00e9nek felm\u00e9r\u00e9s\u00e9t. A Creditis elk\u00f6telezett a gyors, \u00e1ltal\u00e1ban 24\u201348 \u00f3r\u00e1n bel\u00fcli v\u00e1laszad\u00e1s ir\u00e1nt, \u00edgy nem kell sok\u00e1ig v\u00e1rnia, hogy megtudja, j\u00f3v\u00e1hagyt\u00e1k-e a jelentkez\u00e9s\u00e9t.<\/p>\n<p><strong>5. K\u00f6lcs\u00f6naj\u00e1nlat \u00e1tv\u00e9tele<\/strong><\/p>\n<p style=\"text-align: center;\"><a class=\"mb-button mb-style-traditional mb-size-default mb-corners-default mb-text-style-default  broken_link\" style=\"background-color: #2bc470;\" href=\"https:\/\/dicasdorei.com\/hu\/emprestimo-pessoal-creditis-guia-passo-a-passo-para-solicitacao\/\">\u00a0<i class=\"fa fa-arrow-circle-right\"><\/i>\u00a0 HOGYAN IG\u00c9NYELHETSZ CREDITIS SZEM\u00c9LYI K\u00d6LCS\u00d6NT \u27a1\ufe0f<\/a><\/p>\n<p style=\"text-align: center;\"><a class=\"mb-button mb-style-traditional mb-size-default mb-corners-default mb-text-style-default  broken_link\" style=\"background-color: #2bc470;\" href=\"https:\/\/dicasdorei.com\/hu\/emprestimo-pessoal-creditis-guia-passo-a-passo-para-solicitacao\/\">\u00a0<i class=\"fa fa-arrow-circle-right\"><\/i>\u00a0 N\u00c9ZD MEG A LEGJOBB \u00c1RAKAT \u27a1\ufe0f<\/a><\/p>\n<p style=\"text-align: center;\"><a class=\"mb-button mb-style-traditional mb-size-default mb-corners-default mb-text-style-default  broken_link\" style=\"background-color: #2bc470;\" href=\"https:\/\/dicasdorei.com\/hu\/emprestimo-pessoal-creditis-guia-passo-a-passo-para-solicitacao\/\">\u00a0<i class=\"fa fa-arrow-circle-right\"><\/i>\u00a0 A LEGJOBB HITEL A PIACON \u27a1\ufe0f<\/a><\/p>\n<p>Ha a k\u00e9relm\u00e9t j\u00f3v\u00e1hagyj\u00e1k, r\u00e9szletes hitelaj\u00e1nlatot fog kapni. Ez tartalmazza az \u00f6sszes relev\u00e1ns inform\u00e1ci\u00f3t, p\u00e9ld\u00e1ul a hitel\u00f6sszeget, a kamatl\u00e1bat, a visszafizet\u00e9si id\u0151szakot \u00e9s az esetleges egy\u00e9b vonatkoz\u00f3 felt\u00e9teleket. Fontos, hogy figyelmesen olvassa el az aj\u00e1nlatot, \u00e9s gy\u0151z\u0151dj\u00f6n meg arr\u00f3l, hogy meg\u00e9rtette az \u00f6sszes felt\u00e9telt, miel\u0151tt elfogadja.<\/p>\n<p><strong>6. A javaslat elfogad\u00e1sa \u00e9s a forr\u00e1sok foly\u00f3s\u00edt\u00e1sa<\/strong><\/p>\n<p>A javaslat \u00e1ttekint\u00e9se \u00e9s a felt\u00e9telek elfogad\u00e1sa ut\u00e1n al\u00e1\u00edrhatja a k\u00f6lcs\u00f6nszerz\u0151d\u00e9st. Amint ez a l\u00e9p\u00e9s megt\u00f6rt\u00e9nt, a p\u00e9nzeszk\u00f6z\u00f6ket \u00e1tutalj\u00e1k banksz\u00e1ml\u00e1j\u00e1ra. A Creditis elk\u00f6telezett amellett, hogy ezt a folyamatot a lehet\u0151 leggyorsabb\u00e1 tegye, biztos\u00edtva, hogy \u00d6n gyorsan hozz\u00e1f\u00e9rhessen a p\u00e9nzeszk\u00f6z\u00f6kh\u00f6z.<\/p>\n<h3>A Creditis v\u00e1laszt\u00e1s\u00e1nak el\u0151nyei<\/h3>\n<p><strong>1. Rugalmass\u00e1g a hitellehet\u0151s\u00e9gekben<\/strong><\/p>\n<p>A Creditis sz\u00e9lesk\u00f6r\u0171 hitelk\u00edn\u00e1latot k\u00edn\u00e1l, amely a k\u00fcl\u00f6nb\u00f6z\u0151 p\u00e9nz\u00fcgyi ig\u00e9nyekhez igaz\u00edthat\u00f3. Ak\u00e1r egy kisebb \u00f6sszegre van sz\u00fcks\u00e9ge egy v\u00e1ratlan kiad\u00e1sra, ak\u00e1r egy nagyobb projekthez, a Creditisn\u00e9l megtal\u00e1lja a megfelel\u0151 megold\u00e1st.<\/p>\n<p><strong>2. Versenyk\u00e9pes kamatl\u00e1bak<\/strong><\/p>\n<p>A Creditis egyik f\u0151 el\u0151nye, hogy versenyk\u00e9pes kamatl\u00e1bbal juthat hitelhez. Ez azt jelenti, hogy a sz\u00fcks\u00e9ges forr\u00e1sokhoz t\u00falzott k\u00f6lts\u00e9gek n\u00e9lk\u00fcl f\u00e9rhet hozz\u00e1. A Creditis kamatl\u00e1bai a piacon a legalacsonyabbak k\u00f6z\u00e9 tartoznak, \u00edgy hitelei k\u00e9nyelmes v\u00e1laszt\u00e1st jelentenek.<\/p>\n<p><strong>3. Gyors \u00e9s egyszer\u0171 folyamat<\/strong><\/p>\n<p>A Creditis leegyszer\u0171s\u00edti a hitelig\u00e9nyl\u00e9si \u00e9s -j\u00f3v\u00e1hagy\u00e1si folyamatot. Az online platform intuit\u00edv \u00e9s k\u00f6nnyen haszn\u00e1lhat\u00f3, a v\u00e1laszid\u0151 pedig gyors. Ez lehet\u0151v\u00e9 teszi, hogy hossz\u00fa v\u00e1rakoz\u00e1s n\u00e9lk\u00fcl megkapd a sz\u00fcks\u00e9ges hitelt.<\/p>\n<p><strong>4. \u00c1tl\u00e1that\u00f3s\u00e1g \u00e9s megb\u00edzhat\u00f3s\u00e1g<\/strong><\/p>\n<p style=\"text-align: center;\"><a class=\"mb-button mb-style-traditional mb-size-default mb-corners-default mb-text-style-default  broken_link\" style=\"background-color: #2bc470;\" href=\"https:\/\/dicasdorei.com\/hu\/emprestimo-pessoal-creditis-guia-passo-a-passo-para-solicitacao\/\">\u00a0<i class=\"fa fa-arrow-circle-right\"><\/i>\u00a0 HOGYAN IG\u00c9NYELHETSZ CREDITIS SZEM\u00c9LYI K\u00d6LCS\u00d6NT \u27a1\ufe0f<\/a><\/p>\n<p style=\"text-align: center;\"><a class=\"mb-button mb-style-traditional mb-size-default mb-corners-default mb-text-style-default  broken_link\" style=\"background-color: #2bc470;\" href=\"https:\/\/dicasdorei.com\/hu\/emprestimo-pessoal-creditis-guia-passo-a-passo-para-solicitacao\/\">\u00a0<i class=\"fa fa-arrow-circle-right\"><\/i>\u00a0 N\u00c9ZD MEG A LEGJOBB \u00c1RAKAT \u27a1\ufe0f<\/a><\/p>\n<p style=\"text-align: center;\"><a class=\"mb-button mb-style-traditional mb-size-default mb-corners-default mb-text-style-default  broken_link\" style=\"background-color: #2bc470;\" href=\"https:\/\/dicasdorei.com\/hu\/emprestimo-pessoal-creditis-guia-passo-a-passo-para-solicitacao\/\">\u00a0<i class=\"fa fa-arrow-circle-right\"><\/i>\u00a0 A LEGJOBB HITEL A PIACON \u27a1\ufe0f<\/a><\/p>\n<p>A Creditisn\u00e9l nincsenek rejtett k\u00f6lts\u00e9gek vagy kellemetlen meglepet\u00e9sek. Minden hitelfelt\u00e9telt \u00e9s felt\u00e9telt vil\u00e1gosan elmagyar\u00e1zunk a kezdetekt\u0151l fogva. A Creditis elk\u00f6telezett az \u00fcgyfelekkel val\u00f3 vil\u00e1gos \u00e9s \u00e1tl\u00e1that\u00f3 kommunik\u00e1ci\u00f3 fenntart\u00e1sa mellett.<\/p>\n<p><strong>5. Elk\u00f6telezett \u00fcgyf\u00e9lszolg\u00e1lat<\/strong><\/p>\n<p>A Creditis kiv\u00e1l\u00f3 \u00fcgyf\u00e9lszolg\u00e1latot k\u00edn\u00e1l, amely minden k\u00e9rd\u00e9s megv\u00e1laszol\u00e1s\u00e1ra vagy seg\u00edts\u00e9gny\u00fajt\u00e1sra k\u00e9szen \u00e1ll a hitelfelv\u00e9teli folyamat minden l\u00e9p\u00e9s\u00e9ben. Sz\u00e1m\u00edthat elk\u00f6telezett \u00e9s professzion\u00e1lis t\u00e1mogat\u00e1sra.<\/p>\n<h3>K\u00f6vetkeztet\u00e9s<\/h3>\n<p>A Creditis szem\u00e9lyi k\u00f6lcs\u00f6n\u00e9nek ig\u00e9nyl\u00e9se egyszer\u0171 \u00e9s \u00e1tl\u00e1that\u00f3 folyamat. A k\u00f6vetkez\u0151 l\u00e9p\u00e9sek k\u00f6vet\u00e9s\u00e9vel \u00e9s a k\u00edn\u00e1lt el\u0151ny\u00f6k kihaszn\u00e1l\u00e1s\u00e1val gyorsan \u00e9s k\u00e9nyelmesen juthat hozz\u00e1 a sz\u00fcks\u00e9ges finansz\u00edroz\u00e1shoz. A Creditis az ide\u00e1lis partner az \u00d6n p\u00e9nz\u00fcgyi ig\u00e9nyeihez, rugalmass\u00e1got, versenyk\u00e9pes kamatl\u00e1bakat \u00e9s kiv\u00e1l\u00f3 \u00fcgyf\u00e9lszolg\u00e1latot garant\u00e1lva. Ne habozzon jelentkezni, \u00e9s fedezze fel, hogyan seg\u00edthet a Creditis p\u00e9nz\u00fcgyi c\u00e9ljai el\u00e9r\u00e9s\u00e9ben.<\/p>\n<\/body><\/html>","protected":false},"excerpt":{"rendered":"<p>Obter um empr\u00e9stimo pessoal pode parecer um processo complicado, mas com a Creditis, \u00e9 simples e transparente. Neste guia, exploraremos as etapas principais para obter um empr\u00e9stimo pessoal com a Creditis, al\u00e9m das vantagens de escolher essa op\u00e7\u00e3o para atender \u00e0s suas necessidades financeiras. \u00a0\u00a0 COMO SOLICITAR UM EMPRESTIMO PESSOAL CREDITIS \u27a1\ufe0f \u00a0\u00a0 VEJA AS [&hellip;]<\/p>\n","protected":false},"author":1,"featured_media":0,"parent":0,"menu_order":0,"comment_status":"closed","ping_status":"closed","template":"","meta":{"footnotes":""},"class_list":["post-7985","page","type-page","status-publish","hentry"],"_links":{"self":[{"href":"https:\/\/dicasdorei.com\/hu\/wp-json\/wp\/v2\/pages\/7985","targetHints":{"allow":["GET"]}}],"collection":[{"href":"https:\/\/dicasdorei.com\/hu\/wp-json\/wp\/v2\/pages"}],"about":[{"href":"https:\/\/dicasdorei.com\/hu\/wp-json\/wp\/v2\/types\/page"}],"author":[{"embeddable":true,"href":"https:\/\/dicasdorei.com\/hu\/wp-json\/wp\/v2\/users\/1"}],"replies":[{"embeddable":true,"href":"https:\/\/dicasdorei.com\/hu\/wp-json\/wp\/v2\/comments?post=7985"}],"version-history":[{"count":6,"href":"https:\/\/dicasdorei.com\/hu\/wp-json\/wp\/v2\/pages\/7985\/revisions"}],"predecessor-version":[{"id":8010,"href":"https:\/\/dicasdorei.com\/hu\/wp-json\/wp\/v2\/pages\/7985\/revisions\/8010"}],"wp:attachment":[{"href":"https:\/\/dicasdorei.com\/hu\/wp-json\/wp\/v2\/media?parent=7985"}],"curies":[{"name":"munkaf\u00fczet","href":"https:\/\/api.w.org\/{rel}","templated":true}]}}