{"id":7418,"date":"2024-02-15T05:03:22","date_gmt":"2024-02-15T08:03:22","guid":{"rendered":"https:\/\/dicasdorei.com\/?page_id=7418"},"modified":"2024-02-15T05:26:22","modified_gmt":"2024-02-15T08:26:22","slug":"bbb24","status":"publish","type":"page","link":"https:\/\/dicasdorei.com\/hu\/bbb24\/","title":{"rendered":"BBB24"},"content":{"rendered":"<html><body><h2><a href=\"https:\/\/dicasdorei.com\/hu\/aplicativos\/aplicativo-para-assistir-o-bbb24-ao-vivo\/\" class=\"broken_link\"><b><u>Alkalmaz\u00e1s a BBB24 \u00e9l\u0151 n\u00e9z\u00e9s\u00e9re<br>\n<\/u><\/b><\/a><\/h2>\n<style>\n.progress {\n    display: flex;\n    height: 5px;\n    overflow: hidden;\n    font-size: .75rem;\n    background-color: #e9ecef;\n    border-radius: .25rem;\n}\n.progress-bar {\n    display: flex;\n    flex-direction: column;\n    justify-content: center;\n    overflow: hidden;\n    color: #fff;\n    text-align: center;\n    white-space: nowrap;\n    background-color: #0d6efd;\n    transition: width .6s ease;\n}\nli.elementor-icon-list-item {\n    background-color: #f3f4f6;\n    padding: 15px!important;\n    border-radius: 5px;\n}\n<\/style>\n<p><strong>\u00dcdv\u00f6zl\u00fcnk!!<\/strong> <strong>Fedezd fel a Big Brother Brasil 24 k\u00f6vet\u00e9s\u00e9nek v\u00e9gleges m\u00f3dj\u00e1t.<\/strong> \u00c9ld \u00e1t Braz\u00edlia leglebilincsel\u0151bb val\u00f3s\u00e1gshow-j\u00e1nak izgalm\u00e1t \u00e9l\u0151ben, k\u00f6zvetlen\u00fcl a k\u00e9sz\u00fcl\u00e9keden. Ezzel az alkalmaz\u00e1ssal mindig az orsz\u00e1g legn\u00e9zettebb h\u00e1z\u00e1nak sz\u00edv\u00e9ben lehetsz, a nap 24 \u00f3r\u00e1j\u00e1ban, a h\u00e9t minden napj\u00e1n hozz\u00e1f\u00e9rhetsz \u00e9l\u0151 kamer\u00e1khoz, \u00edgy nem maradsz le egyetlen pillanatr\u00f3l sem, sem nappal, sem \u00e9jszaka.<\/p>\n<p>\t\t\t\t\t\t\t\t\t\t\t\t\t\t<a href=\"https:\/\/dicasdorei.com\/hu\/aplicativos\/aplicativo-para-assistir-o-bbb24-ao-vivo\/\" class=\"broken_link\"><br>\n\t\t\t\t\t\t\t<img loading=\"lazy\" decoding=\"async\" width=\"768\" height=\"853\" src=\"https:\/\/dicasdorei.com\/wp-content\/uploads\/2024\/02\/filters_quality75-1.webp\" alt=\"\" srcset=\"https:\/\/dicasdorei.com\/wp-content\/uploads\/2024\/02\/filters_quality75-1.webp 768w, https:\/\/dicasdorei.com\/wp-content\/uploads\/2024\/02\/filters_quality75-1-270x300.webp 270w, https:\/\/dicasdorei.com\/wp-content\/uploads\/2024\/02\/filters_quality75-1-11x12.webp 11w\" sizes=\"auto, (max-width: 768px) 100vw, 768px\">\t\t\t\t\t\t\t\t<\/a><\/p>\n<h2><a href=\"https:\/\/dicasdorei.com\/hu\/aplicativos\/aplicativo-para-assistir-o-bbb24-ao-vivo\/\" class=\"broken_link\">Alkalmaz\u00e1s a BBB24 \u00e9l\u0151 n\u00e9z\u00e9s\u00e9re<\/a><\/h2>\n<ul>\n<li><strong>Korl\u00e1tlan hozz\u00e1f\u00e9r\u00e9s:<\/strong> N\u00e9zd a BBB24 \u00f6sszes kamer\u00e1j\u00e1nak \u00e9l\u0151 k\u00f6zvet\u00edt\u00e9s\u00e9t, szabadon v\u00e1lthatsz a k\u00fcl\u00f6nb\u00f6z\u0151 sz\u00f6gek k\u00f6z\u00f6tt, mintha ott lenn\u00e9l.<\/li>\n<li><strong>Val\u00f3s idej\u0171 riaszt\u00e1sok:<\/strong> \u00c9rtes\u00edt\u00e9st kaphatsz a fontos esem\u00e9nyekr\u0151l \u00e9s a j\u00e1t\u00e9kbeli v\u00e1ltoz\u00e1sokr\u00f3l, hogy a legfontosabb pillanatokban is k\u00e9pben lehess.<\/li>\n<li><strong>Exkluz\u00edv tartalom:<\/strong> \u00c9lvezd az interj\u00fakat, elemz\u00e9seket \u00e9s a k\u00fcl\u00f6nleges tartalmakat, amelyek csak az alkalmaz\u00e1s felhaszn\u00e1l\u00f3i sz\u00e1m\u00e1ra \u00e9rhet\u0151k el.<\/li>\n<li><strong>Interaktivit\u00e1s:<\/strong> Szavazz a falakon, vegy\u00e9l r\u00e9szt szavaz\u00e1sokon, \u00e9s k\u00f6zvetlen\u00fcl az okostelefonodr\u00f3l befoly\u00e1sold a j\u00e1t\u00e9kot.<\/li>\n<li><strong>HD min\u0151s\u00e9g:<\/strong> \u00c9lvezze a kiv\u00e1l\u00f3 min\u0151s\u00e9g\u0171 vizu\u00e1lis \u00e9lm\u00e9nyt, biztos\u00edtva, hogy minden apr\u00f3 r\u00e9szletet l\u00e1sson a h\u00e1zban t\u00f6rt\u00e9ntekb\u0151l.<\/li>\n<\/ul>\n<p>\t\t\t<a href=\"https:\/\/dicasdorei.com\/hu\/aplicativos\/aplicativo-para-assistir-o-bbb24-ao-vivo\/\" class=\"broken_link\"><br>\n\t\t\t\t\t\t\u27a1 ALKALMAZ\u00c1S A BBB24 \u00c9L\u0150 N\u00c9Z\u00c9S\u00c9RE<br>\n\t\t\t\t\t<\/a><\/p>\n<h3><a href=\"https:\/\/dicasdorei.com\/hu\/aplicativos\/aplicativo-para-assistir-o-bbb24-ao-vivo\/\" class=\"broken_link\"><b>A BBB24 \u00c9L\u0150 N\u00c9Z\u00c9S\u00c9RE SZ\u00d3L\u00d3 ALKALMAZ\u00c1S el\u0151nyei<\/b><\/a><\/h3>\n<ul>\n<li>\n\t\t\t\t\t\t\t\t\t\t\t<a href=\"https:\/\/dicasdorei.com\/hu\/aplicativos\/aplicativo-para-assistir-o-bbb24-ao-vivo\/\" class=\"broken_link\"><br>\n\t\t\t\t\t\t\t\t\t\t<font color=\"#000000\" face=\"Roboto, RobotoDraft, Helvetica, Arial, sans-serif\">INGYENES ALKALMAZ\u00c1S<\/font><br>\n\t\t\t\t\t\t\t\t\t\t\t<\/a>\n\t\t\t\t\t\t\t\t\t<\/li>\n<li>\n\t\t\t\t\t\t\t\t\t\t\t<a href=\"https:\/\/dicasdorei.com\/hu\/aplicativos\/aplicativo-para-assistir-o-bbb24-ao-vivo\/\" class=\"broken_link\"><br>\n\t\t\t\t\t\t\t\t\t\tNINCS MEGSZAK\u00cdT\u00c1S<br>\n\t\t\t\t\t\t\t\t\t\t\t<\/a>\n\t\t\t\t\t\t\t\t\t<\/li>\n<li>\n\t\t\t\t\t\t\t\t\t\t\t<a href=\"https:\/\/dicasdorei.com\/hu\/aplicativos\/aplicativo-para-assistir-o-bbb24-ao-vivo\/\" class=\"broken_link\"><br>\n\t\t\t\t\t\t\t\t\t\tK\u00d6VESS B\u00c1RHONNAN<br>\n\t\t\t\t\t\t\t\t\t\t\t<\/a>\n\t\t\t\t\t\t\t\t\t<\/li>\n<li>\n\t\t\t\t\t\t\t\t\t\t\t<a href=\"https:\/\/dicasdorei.com\/hu\/aplicativos\/aplicativo-para-assistir-o-bbb24-ao-vivo\/\" class=\"broken_link\"><br>\n\t\t\t\t\t\t\t\t\t\tKORL\u00c1TLAN HOZZ\u00c1F\u00c9R\u00c9S<br>\n\t\t\t\t\t\t\t\t\t\t\t<\/a>\n\t\t\t\t\t\t\t\t\t<\/li>\n<\/ul>\n<ul>\n<li>\n\t\t\t\t\t\t\t\t\t\t\t<a href=\"https:\/\/dicasdorei.com\/hu\/aplicativos\/aplicativo-para-assistir-o-bbb24-ao-vivo\/\" class=\"broken_link\"><br>\n\t\t\t\t\t\t\t\t\t\tK\u00d6NNY\u0170 TELEP\u00cdT\u00c9S \u00c9S HASZN\u00c1LAT<br>\n\t\t\t\t\t\t\t\t\t\t\t<\/a>\n\t\t\t\t\t\t\t\t\t<\/li>\n<li>\n\t\t\t\t\t\t\t\t\t\t\t<a href=\"https:\/\/dicasdorei.com\/hu\/aplicativos\/aplicativo-para-assistir-o-bbb24-ao-vivo\/\" class=\"broken_link\"><br>\n\t\t\t\t\t\t\t\t\t\tSEMMIT NEM KELL AL\u00c1\u00cdRNIA<br>\n\t\t\t\t\t\t\t\t\t\t\t<\/a>\n\t\t\t\t\t\t\t\t\t<\/li>\n<li>\n\t\t\t\t\t\t\t\t\t\t\t<a href=\"https:\/\/dicasdorei.com\/hu\/aplicativos\/aplicativo-para-assistir-o-bbb24-ao-vivo\/\" class=\"broken_link\"><br>\n\t\t\t\t\t\t\t\t\t\tEXKLUZ\u00cdV TARTALOM<br>\n\t\t\t\t\t\t\t\t\t\t\t<\/a>\n\t\t\t\t\t\t\t\t\t<\/li>\n<li>\n\t\t\t\t\t\t\t\t\t\t\t<a href=\"https:\/\/dicasdorei.com\/hu\/aplicativos\/aplicativo-para-assistir-o-bbb24-ao-vivo\/\" class=\"broken_link\"><br>\n\t\t\t\t\t\t\t\t\t\tEXKLUZ\u00cdV KAMER\u00c1K<br>\n\t\t\t\t\t\t\t\t\t\t\t<\/a>\n\t\t\t\t\t\t\t\t\t<\/li>\n<\/ul>\n<p>\u00a0<\/p>\n<p>Ne hagyd ki a Big Brother Brasil leginnovat\u00edvabb kiad\u00e1s\u00e1t! VIP bel\u00e9p\u0151d van, amellyel \u00e9l\u0151ben n\u00e9zhetsz minden \u00f6sszeesk\u00fcv\u00e9st, pert \u00e9s rom\u00e1ncot. <strong>T\u00f6ltsd le most, \u00e9s l\u00e9gy r\u00e9szese a BBB24 \u00e9lm\u00e9ny\u00e9nek, mint m\u00e9g soha!<\/strong>..<\/p>\n<p>\u00a0<\/p>\n<p>\u00a0<\/p>\n<p>\t\t\t<a href=\"https:\/\/dicasdorei.com\/hu\/aplicativos\/aplicativo-para-assistir-o-bbb24-ao-vivo\/\" class=\"broken_link\"><br>\n\t\t\t\t\t\t???? T\u00d6LTSD LE AZ ALKALMAZ\u00c1ST, HOGY \u00c9L\u0150BEN N\u00c9DD A BBB24-ET<br>\n\t\t\t\t\t<\/a><\/p>\n<\/body><\/html>","protected":false},"excerpt":{"rendered":"<p>Aplicativo para Assistir BBB24 ao vivo Bem-vindo!! Descubra a forma definitiva de acompanhar o Big Brother Brasil 24. Experimente a emo\u00e7\u00e3o do reality show mais envolvente do Brasil ao vivo, diretamente no seu dispositivo. Com este aplicativo, voc\u00ea est\u00e1 sempre no cora\u00e7\u00e3o da casa mais vigiada do pa\u00eds, com acesso a c\u00e2meras ao vivo 24\/7, [&hellip;]<\/p>\n","protected":false},"author":1,"featured_media":0,"parent":0,"menu_order":0,"comment_status":"closed","ping_status":"closed","template":"elementor_canvas","meta":{"footnotes":""},"class_list":["post-7418","page","type-page","status-publish","hentry"],"_links":{"self":[{"href":"https:\/\/dicasdorei.com\/hu\/wp-json\/wp\/v2\/pages\/7418","targetHints":{"allow":["GET"]}}],"collection":[{"href":"https:\/\/dicasdorei.com\/hu\/wp-json\/wp\/v2\/pages"}],"about":[{"href":"https:\/\/dicasdorei.com\/hu\/wp-json\/wp\/v2\/types\/page"}],"author":[{"embeddable":true,"href":"https:\/\/dicasdorei.com\/hu\/wp-json\/wp\/v2\/users\/1"}],"replies":[{"embeddable":true,"href":"https:\/\/dicasdorei.com\/hu\/wp-json\/wp\/v2\/comments?post=7418"}],"version-history":[{"count":9,"href":"https:\/\/dicasdorei.com\/hu\/wp-json\/wp\/v2\/pages\/7418\/revisions"}],"predecessor-version":[{"id":7442,"href":"https:\/\/dicasdorei.com\/hu\/wp-json\/wp\/v2\/pages\/7418\/revisions\/7442"}],"wp:attachment":[{"href":"https:\/\/dicasdorei.com\/hu\/wp-json\/wp\/v2\/media?parent=7418"}],"curies":[{"name":"munkaf\u00fczet","href":"https:\/\/api.w.org\/{rel}","templated":true}]}}