{"id":19,"date":"2022-02-24T21:18:08","date_gmt":"2022-02-25T00:18:08","guid":{"rendered":"https:\/\/dicasdorei.com\/?page_id=19"},"modified":"2025-01-25T10:56:59","modified_gmt":"2025-01-25T13:56:59","slug":"who-is-the-kings-tips-portal","status":"publish","type":"page","link":"https:\/\/dicasdorei.com\/hu\/who-is-the-kings-tips-portal\/","title":{"rendered":"Ki az a King&#039;s tippport\u00e1l?"},"content":{"rendered":"<html><body><p>Szia! Mi vagyunk a Dicas Do Rei port\u00e1l! F\u0151 c\u00e9lunk, hogy weboldalunk b\u00f6ng\u00e9sz\u00e9se sor\u00e1n \u00d6n nagyszer\u0171 \u00e9lm\u00e9nyben legyen r\u00e9sze, \u00e9s megtal\u00e1lja a legjobb tippeket!<\/p>\n<p>Mi egy digit\u00e1lis marketing csapat vagyunk, amelynek c\u00e9lja, hogy a legjobb szolg\u00e1ltat\u00e1st \u00e9s tartalmat ny\u00fajtsa alkalmaz\u00e1saihoz!<\/p>\n<p>Sok webhely nem igaz inform\u00e1ci\u00f3kat tesz k\u00f6zz\u00e9, de a c\u00e9lunk az, hogy a lehet\u0151 legjobb \u00e9s legigazabb tartalmat ny\u00fajtsuk \u00d6nnek!<\/p>\n<p>Mindenekel\u0151tt tartalmunk val\u00f3dis\u00e1ga \u00e9s integrit\u00e1sa \u00e9rdekel benn\u00fcnket.<\/p>\n<p>Ennek a weboldalnak az a c\u00e9lja, hogy \u00d6n a lehet\u0151 legjobban navig\u00e1ljon, \u00e9s \u00e9lvezze tartalmainkat! Szeretn\u00e9nk, ha mindig itt lenn\u00e9l vel\u00fcnk.<\/p>\n<p>K\u00d6TELEZETTS\u00c9GV\u00c1LLAL\u00c1S A DICAS DO REI WEBOLDAL FELHASZN\u00c1L\u00d3I IR\u00c1NTI<br>\nSz\u00e1munkra olvas\u00f3ink el\u00e9gedetts\u00e9ge a legfontosabb, szeretn\u00e9nk a legjobb tartalmat hozni nektek!<\/p>\n<p>Ez\u00e9rt szeretn\u00e9nk nagyon vil\u00e1goss\u00e1 tenni, hogy szeretj\u00fck, ha itt vagy vel\u00fcnk. Azt is nagyon szeretj\u00fck, amikor a felhaszn\u00e1l\u00f3k kapcsolatba l\u00e9pnek a csapatunkkal, hogy kommunik\u00e1lhassunk \u00e9s k\u00f6zz\u00e9 tudjunk tenni mindent, amit l\u00e1tni szeretn\u00e9l!<\/p>\n<p>K\u00e9rd\u00e9sei, v\u00e9lem\u00e9nyei, panaszai nagyon fontosak sz\u00e1munkra! Csapatunk \u00f6r\u00f6mmel elemez mindent nagy gonddal.<\/p>\n<p>Teh\u00e1t b\u00e1tran forduljon hozz\u00e1nk a KAPCSOLAT oldalon.<\/p>\n<p>Ne feledje, hogy csapatunk soha nem fog semmi olyat tenni, ami nem megfelel\u0151, p\u00e9ld\u00e1ul SPAM-et stb.<\/p>\n<p>Digit\u00e1lis tartalomunk minden bejegyz\u00e9sben tartalmazza:<br>\nAdatv\u00e9delmi szab\u00e1lyzatok;<br>\nKapcsolatfelv\u00e9teli \u0171rlap;<br>\nWebhelyt\u00e9rk\u00e9p. (az \u00f6sszes kiadv\u00e1nyunkat tartalmaz\u00f3 oldal).<\/p>\n<p>Ezt az oldalt a DICASDOREI csapata \u00edrta, ez\u00e9rt egy nagyon tapasztalt csapat minden tapasztalat\u00e1val \u00e9s elhivatotts\u00e1g\u00e1val rendelkezik.<\/p>\n<p>Elk\u00f6telezettek vagyunk amellett, hogy mindig \u00faj tippeket \u00e9s h\u00edreket k\u00f6z\u00f6lj\u00fcnk olvas\u00f3inkkal. Az egyes tartalmak d\u00e1tum\u00e1t is megadjuk posztjainkban, hogy \u00e9rtes\u00fclhess a h\u00edrekr\u0151l!<\/p>\n<p>Teh\u00e1t\u2026 ne pazarolja az idej\u00e9t, k\u00fcldje el v\u00e9lem\u00e9ny\u00e9t!<\/p>\n<p>\u0150szint\u00e9n,<\/p>\n<p>DICASDOREI.COM csapat<\/p>\n<\/body><\/html>","protected":false},"excerpt":{"rendered":"<p>Hi! We are the portal Dicas Do Rei! Our main goal is for you to have a great experience when browsing our website and for you to be able to find the best tips! We are a digital marketing team that aims to provide the best service and content for you applications! Many websites are [&hellip;]<\/p>\n","protected":false},"author":1,"featured_media":0,"parent":0,"menu_order":0,"comment_status":"closed","ping_status":"closed","template":"","meta":{"footnotes":""},"class_list":["post-19","page","type-page","status-publish","hentry"],"_links":{"self":[{"href":"https:\/\/dicasdorei.com\/hu\/wp-json\/wp\/v2\/pages\/19","targetHints":{"allow":["GET"]}}],"collection":[{"href":"https:\/\/dicasdorei.com\/hu\/wp-json\/wp\/v2\/pages"}],"about":[{"href":"https:\/\/dicasdorei.com\/hu\/wp-json\/wp\/v2\/types\/page"}],"author":[{"embeddable":true,"href":"https:\/\/dicasdorei.com\/hu\/wp-json\/wp\/v2\/users\/1"}],"replies":[{"embeddable":true,"href":"https:\/\/dicasdorei.com\/hu\/wp-json\/wp\/v2\/comments?post=19"}],"version-history":[{"count":2,"href":"https:\/\/dicasdorei.com\/hu\/wp-json\/wp\/v2\/pages\/19\/revisions"}],"predecessor-version":[{"id":8729,"href":"https:\/\/dicasdorei.com\/hu\/wp-json\/wp\/v2\/pages\/19\/revisions\/8729"}],"wp:attachment":[{"href":"https:\/\/dicasdorei.com\/hu\/wp-json\/wp\/v2\/media?parent=19"}],"curies":[{"name":"munkaf\u00fczet","href":"https:\/\/api.w.org\/{rel}","templated":true}]}}