{"id":17,"date":"2022-02-24T21:16:52","date_gmt":"2022-02-25T00:16:52","guid":{"rendered":"https:\/\/dicasdorei.com\/?page_id=17"},"modified":"2025-01-25T10:57:42","modified_gmt":"2025-01-25T13:57:42","slug":"privacy-policy","status":"publish","type":"page","link":"https:\/\/dicasdorei.com\/hu\/privacy-policy\/","title":{"rendered":"Adatv\u00e9delmi szab\u00e1lyzat"},"content":{"rendered":"<html><body><p>Az \u00d6n adatainak v\u00e9delme fontos sz\u00e1munkra. A Dicas do Rei szab\u00e1lyzata szerint tiszteletben tartja az \u00d6n szem\u00e9lyes adatait minden olyan inform\u00e1ci\u00f3 tekintet\u00e9ben, amelyet a Dicas do Rei webhelyen, valamint a tulajdonunkban l\u00e9v\u0151 \u00e9s \u00e1ltalunk m\u0171k\u00f6dtetett egy\u00e9b webhelyeken gy\u0171jt\u00fcnk.<\/p>\n<p>Csak akkor k\u00e9r\u00fcnk szem\u00e9lyes adatokat, ha val\u00f3ban sz\u00fcks\u00e9g\u00fcnk van r\u00e1juk ahhoz, hogy szolg\u00e1ltat\u00e1st ny\u00fajthassunk \u00d6nnek. Tisztess\u00e9ges \u00e9s t\u00f6rv\u00e9nyes m\u00f3don, az \u00d6n tudt\u00e1val \u00e9s beleegyez\u00e9s\u00e9vel gy\u0171jtj\u00fck. Azt is tudatjuk, hogy mi\u00e9rt gy\u0171jtj\u00fck, \u00e9s hogyan fogjuk felhaszn\u00e1lni.<\/p>\n<p>Az \u00f6sszegy\u0171jt\u00f6tt inform\u00e1ci\u00f3kat csak addig \u0151rizz\u00fck meg, ameddig sz\u00fcks\u00e9ges ahhoz, hogy az \u00d6n \u00e1ltal k\u00e9rt szolg\u00e1ltat\u00e1st ny\u00fajthassuk. Az \u00e1ltalunk t\u00e1rolt adatokat kereskedelmileg elfogadhat\u00f3 m\u00f3don v\u00e9dj\u00fck, hogy megakad\u00e1lyozzuk az elveszt\u00e9st \u00e9s lop\u00e1st, valamint a jogosulatlan hozz\u00e1f\u00e9r\u00e9st, nyilv\u00e1noss\u00e1gra hozatalt, m\u00e1sol\u00e1st, felhaszn\u00e1l\u00e1st vagy m\u00f3dos\u00edt\u00e1st.<\/p>\n<p>Szem\u00e9lyazonos\u00edt\u00e1sra alkalmas adatokat nem osztunk meg nyilv\u00e1nosan vagy harmadik felekkel, kiv\u00e9ve, ha azt t\u00f6rv\u00e9ny \u00edrja el\u0151.<\/p>\n<p>Weboldalunk olyan k\u00fcls\u0151 oldalakra mutat\u00f3 hivatkoz\u00e1sokat tartalmazhat, amelyeket nem mi \u00fczemeltet\u00fcnk. K\u00e9rj\u00fck, vegye figyelembe, hogy nincs befoly\u00e1sunk ezen oldalak tartalm\u00e1ra \u00e9s gyakorlat\u00e1ra, \u00e9s nem v\u00e1llalhatunk felel\u0151ss\u00e9get a vonatkoz\u00f3 adatv\u00e9delmi szab\u00e1lyzatok\u00e9rt.<\/p>\n<p>\u00d6n szabadon visszautas\u00edthatja szem\u00e9lyes adataira vonatkoz\u00f3 k\u00e9r\u00e9s\u00fcnket, azzal a tudattal, hogy el\u0151fordulhat, hogy nem tudjuk biztos\u00edtani az \u00d6n \u00e1ltal k\u00edv\u00e1nt szolg\u00e1ltat\u00e1sok egy r\u00e9sz\u00e9t.<\/p>\n<p>Weboldalunk tov\u00e1bbi haszn\u00e1lata az adatv\u00e9delemmel \u00e9s a szem\u00e9lyes adatokkal kapcsolatos gyakorlatunk elfogad\u00e1s\u00e1nak min\u0151s\u00fcl. Ha b\u00e1rmilyen k\u00e9rd\u00e9se van a felhaszn\u00e1l\u00f3i adatok \u00e9s szem\u00e9lyes adatok kezel\u00e9s\u00e9vel kapcsolatban, k\u00e9rj\u00fck, l\u00e9pjen kapcsolatba vel\u00fcnk.<\/p>\n<h2>King&#039;s Tips Cookie-szab\u00e1lyzat<br>\nMik azok a s\u00fctik?<\/h2>\n<p>Szinte minden professzion\u00e1lis webhelyen bevett gyakorlatnak megfelel\u0151en ez a webhely cookie-kat haszn\u00e1l, amelyek apr\u00f3 f\u00e1jlok, amelyek let\u00f6lt\u0151dnek az \u00d6n sz\u00e1m\u00edt\u00f3g\u00e9p\u00e9re, hogy jav\u00edts\u00e1k az \u00e9lm\u00e9nyt. Ez az oldal le\u00edrja, hogy milyen inform\u00e1ci\u00f3kat gy\u0171jtenek, hogyan haszn\u00e1ljuk azokat, \u00e9s mi\u00e9rt kell n\u00e9ha t\u00e1rolnunk ezeket a s\u00fctiket. Azt is megosztjuk, hogyan akad\u00e1lyozhatja meg ezeknek a cookie-knak a t\u00e1rol\u00e1s\u00e1t, azonban ez lemin\u0151s\u00edtheti vagy \u201emegszak\u00edthatja\u201d a webhely funkci\u00f3inak bizonyos elemeit.<\/p>\n<h2>Hogyan haszn\u00e1ljuk a s\u00fctiket?<\/h2>\n<p>Az al\u00e1bbiakban r\u00e9szletezett k\u00fcl\u00f6nf\u00e9le okokb\u00f3l s\u00fctiket haszn\u00e1lunk. Sajnos a legt\u00f6bb esetben nincsenek ipari szabv\u00e1nyok a cookie-k letilt\u00e1s\u00e1ra an\u00e9lk\u00fcl, hogy teljesen letiltan\u00e1k a webhelyhez hozz\u00e1adott funkci\u00f3kat \u00e9s funkci\u00f3kat. Javasoljuk, hogy hagyjon bekapcsolva minden cookie-t, ha nem biztos abban, hogy sz\u00fcks\u00e9ge van-e r\u00e1juk, vagy sem, ha az \u00d6n \u00e1ltal haszn\u00e1lt szolg\u00e1ltat\u00e1s ny\u00fajt\u00e1s\u00e1ra haszn\u00e1lj\u00e1k \u0151ket.<\/p>\n<p>Cookie-k letilt\u00e1sa<\/p>\n<p>Megakad\u00e1lyozhatja a cookie-k be\u00e1ll\u00edt\u00e1s\u00e1t, ha m\u00f3dos\u00edtja b\u00f6ng\u00e9sz\u0151je be\u00e1ll\u00edt\u00e1sait (err\u0151l l\u00e1sd a b\u00f6ng\u00e9sz\u0151 s\u00fag\u00f3j\u00e1t). K\u00e9rj\u00fck, vegye figyelembe, hogy a cookie-k letilt\u00e1sa hat\u00e1ssal lesz ennek \u00e9s sok m\u00e1s, \u00d6n \u00e1ltal megl\u00e1togatott webhelynek a m\u0171k\u00f6d\u00e9s\u00e9re. A cookie-k letilt\u00e1sa \u00e1ltal\u00e1ban az oldal bizonyos funkci\u00f3inak \u00e9s funkci\u00f3inak letilt\u00e1s\u00e1t is eredm\u00e9nyezi. Ez\u00e9rt azt javasoljuk, hogy ne tiltsa le a cookie-kat.<\/p>\n<h2>Az \u00e1ltalunk be\u00e1ll\u00edtott s\u00fctik<\/h2>\n<p>Fi\u00f3khoz kapcsol\u00f3d\u00f3 cookie-k Ha fi\u00f3kot hoz l\u00e9tre n\u00e1lunk, akkor cookie-kat haszn\u00e1lunk a regisztr\u00e1ci\u00f3s folyamat \u00e9s az \u00e1ltal\u00e1nos adminisztr\u00e1ci\u00f3 kezel\u00e9s\u00e9re. Ezek a cookie-k \u00e1ltal\u00e1ban t\u00f6rl\u0151dnek, amikor kijelentkezik, de bizonyos esetekben k\u00e9s\u0151bb is megmaradhatnak, hogy eml\u00e9kezzenek a webhely be\u00e1ll\u00edt\u00e1saira, amikor kijelentkezett.<br>\nBejelentkez\u00e9shez kapcsol\u00f3d\u00f3 cookie-k Amikor \u00d6n bejelentkezik, cookie-kat haszn\u00e1lunk, hogy eml\u00e9kezz\u00fcnk erre a t\u00e9nyre. Ez megakad\u00e1lyozza, hogy minden egyes \u00faj oldal megl\u00e1togat\u00e1sakor be kelljen jelentkeznie. Ezeket a s\u00fctiket \u00e1ltal\u00e1ban a rendszer elt\u00e1vol\u00edtja vagy t\u00f6rli a kijelentkez\u00e9skor, hogy bejelentkez\u00e9skor csak korl\u00e1tozott funkci\u00f3khoz \u00e9s ter\u00fcletekhez f\u00e9rhessen hozz\u00e1.<br>\nE-mail h\u00edrlevelekkel kapcsolatos cookie-k Ez az oldal h\u00edrlev\u00e9l- vagy e-mail feliratkoz\u00e1si szolg\u00e1ltat\u00e1sokat k\u00edn\u00e1l, \u00e9s a cookie-k seg\u00edts\u00e9g\u00e9vel megjegyezhet\u0151, hogy \u00d6n m\u00e1r regisztr\u00e1lt, \u00e9s hogy megjelenjenek-e bizonyos \u00e9rtes\u00edt\u00e9sek, amelyek csak a feliratkozott\/leiratkozott felhaszn\u00e1l\u00f3kra vonatkoznak.<br>\nRendel\u00e9sfeldolgoz\u00e1ssal kapcsolatos cookie-k Ez az oldal e-kereskedelmi vagy fizet\u00e9si lehet\u0151s\u00e9geket k\u00edn\u00e1l, \u00e9s n\u00e9h\u00e1ny cookie elengedhetetlen annak biztos\u00edt\u00e1s\u00e1hoz, hogy a megrendel\u00e9s\u00e9t az oldalak k\u00f6z\u00f6tt megjegyezz\u00fck, hogy megfelel\u0151en tudjuk feldolgozni.<br>\nFelm\u00e9r\u00e9sekkel kapcsolatos cookie-k Id\u0151r\u0151l id\u0151re felm\u00e9r\u00e9seket \u00e9s k\u00e9rd\u0151\u00edveket k\u00edn\u00e1lunk, hogy \u00e9rdekes betekint\u00e9st, hasznos eszk\u00f6z\u00f6ket ny\u00fajthassunk \u00d6nnek, vagy hogy pontosabban meg\u00e9rts\u00fck felhaszn\u00e1l\u00f3i b\u00e1zisunkat. Ezek a felm\u00e9r\u00e9sek cookie-kat haszn\u00e1lhatnak arra, hogy eml\u00e9kezzenek arra, hogy kik vettek m\u00e1r r\u00e9szt egy felm\u00e9r\u00e9sben, vagy hogy pontos eredm\u00e9nyeket adjanak az oldalv\u00e1lt\u00e1s ut\u00e1n.<br>\n\u0170rlapokhoz kapcsol\u00f3d\u00f3 cookie-k Amikor olyan \u0171rlapon k\u00fcld adatokat, mint amilyen a kapcsolatfelv\u00e9teli oldalakon vagy a megjegyz\u00e9s \u0171rlapokon tal\u00e1lhat\u00f3, a cookie-k be\u00e1ll\u00edthat\u00f3k, hogy megjegyezz\u00e9k felhaszn\u00e1l\u00f3i adatait a j\u00f6v\u0151beni levelez\u00e9shez.<br>\nWebhely-be\u00e1ll\u00edt\u00e1sok cookie-k Annak \u00e9rdek\u00e9ben, hogy nagyszer\u0171 \u00e9lm\u00e9nyben legyen r\u00e9sze ezen az oldalon, biztos\u00edtjuk azt a funkci\u00f3t, amellyel be\u00e1ll\u00edthatja a webhely m\u0171k\u00f6d\u00e9s\u00e9t, amikor haszn\u00e1lja azt. Ahhoz, hogy eml\u00e9kezz\u00fcnk a preferenci\u00e1ira, sz\u00fcks\u00e9g\u00fcnk van r\u00e1<\/p>\n<\/body><\/html>","protected":false},"excerpt":{"rendered":"<p>Your privacy is important to us. It is Dicas do Rei\u2019s policy to respect your privacy regarding any information we may collect from you across the Dicas do Rei website, and other sites we own and operate. We only ask for personal information when we truly need it to provide a service to you. We [&hellip;]<\/p>\n","protected":false},"author":1,"featured_media":0,"parent":0,"menu_order":0,"comment_status":"closed","ping_status":"closed","template":"","meta":{"footnotes":""},"class_list":["post-17","page","type-page","status-publish","hentry"],"_links":{"self":[{"href":"https:\/\/dicasdorei.com\/hu\/wp-json\/wp\/v2\/pages\/17","targetHints":{"allow":["GET"]}}],"collection":[{"href":"https:\/\/dicasdorei.com\/hu\/wp-json\/wp\/v2\/pages"}],"about":[{"href":"https:\/\/dicasdorei.com\/hu\/wp-json\/wp\/v2\/types\/page"}],"author":[{"embeddable":true,"href":"https:\/\/dicasdorei.com\/hu\/wp-json\/wp\/v2\/users\/1"}],"replies":[{"embeddable":true,"href":"https:\/\/dicasdorei.com\/hu\/wp-json\/wp\/v2\/comments?post=17"}],"version-history":[{"count":3,"href":"https:\/\/dicasdorei.com\/hu\/wp-json\/wp\/v2\/pages\/17\/revisions"}],"predecessor-version":[{"id":8731,"href":"https:\/\/dicasdorei.com\/hu\/wp-json\/wp\/v2\/pages\/17\/revisions\/8731"}],"wp:attachment":[{"href":"https:\/\/dicasdorei.com\/hu\/wp-json\/wp\/v2\/media?parent=17"}],"curies":[{"name":"munkaf\u00fczet","href":"https:\/\/api.w.org\/{rel}","templated":true}]}}