{"id":8019,"date":"2024-05-27T23:34:51","date_gmt":"2024-05-28T02:34:51","guid":{"rendered":"https:\/\/dicasdorei.com\/?page_id=8019"},"modified":"2024-06-01T10:07:02","modified_gmt":"2024-06-01T13:07:02","slug":"lp-aplicativos-para-jogar-gta-v-no-celular","status":"publish","type":"page","link":"https:\/\/dicasdorei.com\/hr\/lp-aplicativos-para-jogar-gta-v-no-celular\/","title":{"rendered":"Aplikacije za igranje GTA V na mobitelu"},"content":{"rendered":"<html><body><p>Tehnolo\u0161ki napredak mobilnih ure\u0111aja omogu\u0107io je igranje igara koje su prije bile dostupne isklju\u010divo za konzole i ra\u010dunala na pametnim telefonima i tabletima. Me\u0111u tim igrama isti\u010de se Grand Theft Auto V (GTA V), jedan od najpopularnijih naslova Rockstar Gamesa.<\/p>\n<p style=\"text-align: center;\"><a class=\"mb-button mb-style-flat mb-size-default mb-corners-default mb-text-style-default  broken_link\" style=\"background-color: #ff0000;\" href=\"https:\/\/dicasdorei.com\/hr\/aplicativo-para-jogar-gta-no-seu-celular\/\">\u00a0<i class=\"fa fa-arrow-circle-right\"><\/i>\u00a0 POGLEDAJTE NAJBOLJE APLIKACIJE<\/a><\/p>\n<p style=\"text-align: center;\"><a class=\"mb-button mb-style-flat mb-size-default mb-corners-default mb-text-style-default  broken_link\" style=\"background-color: #ff0000;\" href=\"https:\/\/dicasdorei.com\/hr\/aplicativo-para-jogar-gta-no-seu-celular\/\">\u00a0<i class=\"fa fa-arrow-circle-right\"><\/i>\u00a0 APLIKACIJE ZA ANDROID<\/a><\/p>\n<p style=\"text-align: center;\"><a class=\"mb-button mb-style-flat mb-size-default mb-corners-default mb-text-style-default  broken_link\" style=\"background-color: #ff0000;\" href=\"https:\/\/dicasdorei.com\/hr\/aplicativo-para-jogar-gta-no-seu-celular\/\">\u00a0<i class=\"fa fa-arrow-circle-right\"><\/i>\u00a0 APLIKACIJE ZA IOS<\/a><\/p>\n<p>Izvorno objavljen 2013. za konzole, a kasnije i za PC, GTA V i dalje privla\u010di igra\u010de svojim otvorenim svijetom, zanimljivom pri\u010dom i \u0161irokim rasponom aktivnosti. Igranje GTA V na mobitelu mo\u017ee se \u010diniti izazovnim zbog grafi\u010dkih i procesorskih zahtjeva, ali postoje rje\u0161enja koja omogu\u0107uju ovo iskustvo. Istra\u017eimo neka od njih.<\/p>\n<h3>Streaming igara<\/h3>\n<p>Jedan od naju\u010dinkovitijih na\u010dina igranja GTA V na mobitelu je putem usluga streaminga igara. Ove usluge vam omogu\u0107uju igranje visokokvalitetnih naslova bez potrebe za mo\u0107nim mobilnim hardverom. Neke od najpopularnijih usluga uklju\u010duju:<\/p>\n<p><strong>1. NVIDIA GeForce sada:<\/strong> GeForce Now je streaming usluga koja igra\u010dima omogu\u0107uje pristup njihovim bibliotekama igara na vi\u0161e ure\u0111aja, uklju\u010duju\u0107i Android pametne telefone i tablete. Uz stabilnu internetsku vezu mo\u017eete igrati GTA V koriste\u0107i NVIDIA-inu serversku infrastrukturu koja obra\u0111uje igru i struji video na va\u0161 ure\u0111aj.<\/p>\n<p><strong>2. Xbox Game Pass Ultimate:<\/strong> Microsoft nudi Xbox Game Pass Ultimate, koji uklju\u010duje uslugu streaminga igara xCloud. S aktivnom pretplatom, igra\u010di mogu pristupiti ogromnoj biblioteci igara, uklju\u010duju\u0107i GTA V, izravno sa svojih mobilnih ure\u0111aja. Poput GeForce Now, xCloud se oslanja na sna\u017enu internetsku vezu kako bi osigurao glatko iskustvo igranja.<\/p>\n<div id=\"attachment_8020\" style=\"width: 760px\" class=\"wp-caption aligncenter\"><img loading=\"lazy\" decoding=\"async\" aria-describedby=\"caption-attachment-8020\" class=\"wp-image-8020 size-full\" src=\"https:\/\/dicasdorei.com\/wp-content\/uploads\/2024\/05\/02095937210037.webp\" alt=\"\" width=\"750\" height=\"500\" srcset=\"https:\/\/dicasdorei.com\/wp-content\/uploads\/2024\/05\/02095937210037.webp 750w, https:\/\/dicasdorei.com\/wp-content\/uploads\/2024\/05\/02095937210037-600x400.webp 600w, https:\/\/dicasdorei.com\/wp-content\/uploads\/2024\/05\/02095937210037-18x12.webp 18w\" sizes=\"auto, (max-width: 750px) 100vw, 750px\" \/><p id=\"caption-attachment-8020\" class=\"wp-caption-text\">Slika preuzeta s Googlea.<\/p><\/div>\n<p><strong>3. Google Stadia:<\/strong> Stadia je Googleova platforma za streaming igara koja vam tako\u0111er omogu\u0107uje igranje visokokvalitetnih naslova na mobilnim ure\u0111ajima. Iako GTA V nije izravno dostupan u Stadia katalogu, platforma nudi mnoge druge visokokvalitetne igre i mogla bi postati opcija u budu\u0107nosti.<\/p>\n<h3>Aplikacije za emulaciju<\/h3>\n<p>Drugi pristup igranju GTA V na mobitelu je putem emulatora. Emulatori vam omogu\u0107uju pokretanje igara s drugih platformi na va\u0161em mobilnom ure\u0111aju. Me\u0111utim, va\u017eno je napomenuti da emulacija igre mo\u017ee biti pravno nezgodna i mo\u017eda ne\u0107e ponuditi najbolje iskustvo u smislu performansi i grafike.<\/p>\n<p>Neki od popularnih emulatora uklju\u010duju:<\/p>\n<p style=\"text-align: center;\"><a class=\"mb-button mb-style-flat mb-size-default mb-corners-default mb-text-style-default  broken_link\" style=\"background-color: #ff0000;\" href=\"https:\/\/dicasdorei.com\/hr\/aplicativo-para-jogar-gta-no-seu-celular\/\">\u00a0<i class=\"fa fa-arrow-circle-right\"><\/i>\u00a0 POGLEDAJTE NAJBOLJE APLIKACIJE<\/a><\/p>\n<p style=\"text-align: center;\"><a class=\"mb-button mb-style-flat mb-size-default mb-corners-default mb-text-style-default  broken_link\" style=\"background-color: #ff0000;\" href=\"https:\/\/dicasdorei.com\/hr\/aplicativo-para-jogar-gta-no-seu-celular\/\">\u00a0<i class=\"fa fa-arrow-circle-right\"><\/i>\u00a0 APLIKACIJE ZA ANDROID<\/a><\/p>\n<p style=\"text-align: center;\"><a class=\"mb-button mb-style-flat mb-size-default mb-corners-default mb-text-style-default  broken_link\" style=\"background-color: #ff0000;\" href=\"https:\/\/dicasdorei.com\/hr\/aplicativo-para-jogar-gta-no-seu-celular\/\">\u00a0<i class=\"fa fa-arrow-circle-right\"><\/i>\u00a0 APLIKACIJE ZA IOS<\/a><\/p>\n<p><strong>1. Steam poveznica:<\/strong> Steam Link je aplikacija koju je razvio Valve, a koja vam omogu\u0107uje streamanje igara iz va\u0161e Steam biblioteke s ra\u010dunala na mobilni ure\u0111aj. To zna\u010di da ako ve\u0107 posjedujete GTA V na Steamu, mo\u017eete ga igrati na svom mobilnom ure\u0111aju sve dok je na istoj Wi-Fi mre\u017ei kao i va\u0161e ra\u010dunalo.<\/p>\n<p><strong>2. Streaming igre Moonlight:<\/strong> Moonlight je aplikacija otvorenog koda koja vam omogu\u0107uje streamanje igara s ra\u010dunala na mobilne ure\u0111aje. Radi sli\u010dno kao Steam Link, ali nudi ve\u0107u fleksibilnost i kompatibilna je s NVIDIA igrama.<\/p>\n<h3>Neslu\u017ebene modifikacije i portovi<\/h3>\n<p>Osim opcija streaminga i emulacije, postoje i neslu\u017ebene modifikacije i portovi koji poku\u0161avaju prenijeti iskustvo GTA V na mobilne ure\u0111aje. Ove projekte razvijaju entuzijasti i mogu se razlikovati u kvaliteti i stabilnosti. Va\u017eno je biti oprezan prilikom preuzimanja i instaliranja ovih datoteka jer mogu sadr\u017eavati zlonamjerni softver ili kvar.<\/p>\n<h3>Zavr\u0161na razmatranja<\/h3>\n<p>Igranje GTA V na mobitelu je stvarnost zahvaljuju\u0107i napretku u tehnologijama streaminga i emulacije. Iako ne postoji slu\u017ebena verzija GTA V za mobilne ure\u0111aje, gore spomenuta rje\u0161enja nude odr\u017eive alternative za ljubitelje igre koji \u017eele igrati na svojim pametnim telefonima ili tabletima.<\/p>\n<p style=\"text-align: center;\"><a class=\"mb-button mb-style-flat mb-size-default mb-corners-default mb-text-style-default  broken_link\" style=\"background-color: #ff0000;\" href=\"https:\/\/dicasdorei.com\/hr\/aplicativo-para-jogar-gta-no-seu-celular\/\">\u00a0<i class=\"fa fa-arrow-circle-right\"><\/i>\u00a0 POGLEDAJTE NAJBOLJE APLIKACIJE<\/a><\/p>\n<p style=\"text-align: center;\"><a class=\"mb-button mb-style-flat mb-size-default mb-corners-default mb-text-style-default  broken_link\" style=\"background-color: #ff0000;\" href=\"https:\/\/dicasdorei.com\/hr\/aplicativo-para-jogar-gta-no-seu-celular\/\">\u00a0<i class=\"fa fa-arrow-circle-right\"><\/i>\u00a0 APLIKACIJE ZA ANDROID<\/a><\/p>\n<p style=\"text-align: center;\"><a class=\"mb-button mb-style-flat mb-size-default mb-corners-default mb-text-style-default  broken_link\" style=\"background-color: #ff0000;\" href=\"https:\/\/dicasdorei.com\/hr\/aplicativo-para-jogar-gta-no-seu-celular\/\">\u00a0<i class=\"fa fa-arrow-circle-right\"><\/i>\u00a0 APLIKACIJE ZA IOS<\/a><\/p>\n<p>Klju\u010d zadovoljavaju\u0107eg iskustva je stabilna i brza internetska veza, kao i kompatibilan mobilni ure\u0111aj. S ovim alatima, golemi i uzbudljivi svijet Los Santosa mo\u017ee vam biti na dohvat ruke, bez obzira gdje se nalazite.<\/p>\n<\/body><\/html>","protected":false},"excerpt":{"rendered":"<p>A evolu\u00e7\u00e3o tecnol\u00f3gica dos dispositivos m\u00f3veis tem permitido que jogos antes exclusivos de consoles e PCs sejam jogados em smartphones e tablets. Entre esses jogos, destaca-se o Grand Theft Auto V (GTA V), um dos t\u00edtulos mais populares da Rockstar Games. \u00a0\u00a0 VEJA OS MELHORES APLICATIVOS \u00a0\u00a0 APLICATIVOS PARA ANDROID \u00a0\u00a0 APLICATIVOS PARA IOS Originalmente [&hellip;]<\/p>\n","protected":false},"author":1,"featured_media":0,"parent":0,"menu_order":0,"comment_status":"closed","ping_status":"closed","template":"","meta":{"footnotes":""},"class_list":["post-8019","page","type-page","status-publish","hentry"],"_links":{"self":[{"href":"https:\/\/dicasdorei.com\/hr\/wp-json\/wp\/v2\/pages\/8019","targetHints":{"allow":["GET"]}}],"collection":[{"href":"https:\/\/dicasdorei.com\/hr\/wp-json\/wp\/v2\/pages"}],"about":[{"href":"https:\/\/dicasdorei.com\/hr\/wp-json\/wp\/v2\/types\/page"}],"author":[{"embeddable":true,"href":"https:\/\/dicasdorei.com\/hr\/wp-json\/wp\/v2\/users\/1"}],"replies":[{"embeddable":true,"href":"https:\/\/dicasdorei.com\/hr\/wp-json\/wp\/v2\/comments?post=8019"}],"version-history":[{"count":4,"href":"https:\/\/dicasdorei.com\/hr\/wp-json\/wp\/v2\/pages\/8019\/revisions"}],"predecessor-version":[{"id":8053,"href":"https:\/\/dicasdorei.com\/hr\/wp-json\/wp\/v2\/pages\/8019\/revisions\/8053"}],"wp:attachment":[{"href":"https:\/\/dicasdorei.com\/hr\/wp-json\/wp\/v2\/media?parent=8019"}],"curies":[{"name":"radni list","href":"https:\/\/api.w.org\/{rel}","templated":true}]}}