{"id":7985,"date":"2024-05-25T00:25:16","date_gmt":"2024-05-25T03:25:16","guid":{"rendered":"https:\/\/dicasdorei.com\/?page_id=7985"},"modified":"2024-05-28T01:12:31","modified_gmt":"2024-05-28T04:12:31","slug":"lp-como-obter-um-emprestimo-pessoal-creditis","status":"publish","type":"page","link":"https:\/\/dicasdorei.com\/hr\/lp-como-obter-um-emprestimo-pessoal-creditis\/","title":{"rendered":"Kako dobiti Creditis osobni zajam"},"content":{"rendered":"<html><body><p>Dobivanje osobnog kredita mo\u017ee se \u010diniti kompliciranim procesom, ali s Creditisom je to jednostavno i transparentno. U ovom vodi\u010du istra\u017eit \u0107emo klju\u010dne korake za dobivanje osobnog kredita s Creditisom, kao i prednosti odabira ove opcije za zadovoljavanje va\u0161ih financijskih potreba.<\/p>\n<p style=\"text-align: center;\"><a class=\"mb-button mb-style-traditional mb-size-default mb-corners-default mb-text-style-default  broken_link\" style=\"background-color: #2bc470;\" href=\"https:\/\/dicasdorei.com\/hr\/emprestimo-pessoal-creditis-guia-passo-a-passo-para-solicitacao\/\">\u00a0<i class=\"fa fa-arrow-circle-right\"><\/i>\u00a0 KAKO SE PRIJAVITI ZA OSOBNI KREDIT CREDITIS \u27a1\ufe0f<\/a><\/p>\n<p style=\"text-align: center;\"><a class=\"mb-button mb-style-traditional mb-size-default mb-corners-default mb-text-style-default  broken_link\" style=\"background-color: #2bc470;\" href=\"https:\/\/dicasdorei.com\/hr\/emprestimo-pessoal-creditis-guia-passo-a-passo-para-solicitacao\/\">\u00a0<i class=\"fa fa-arrow-circle-right\"><\/i>\u00a0 POGLEDAJTE NAJBOLJE CIJENE \u27a1\ufe0f<\/a><\/p>\n<p style=\"text-align: center;\"><a class=\"mb-button mb-style-traditional mb-size-default mb-corners-default mb-text-style-default  broken_link\" style=\"background-color: #2bc470;\" href=\"https:\/\/dicasdorei.com\/hr\/emprestimo-pessoal-creditis-guia-passo-a-passo-para-solicitacao\/\">\u00a0<i class=\"fa fa-arrow-circle-right\"><\/i>\u00a0 NAJBOLJI KREDIT NA TR\u017dI\u0160TU \u27a1\ufe0f<\/a><\/p>\n<h3>Koraci za dobivanje osobnog kredita Creditis<\/h3>\n<p><strong>1. Procjena financijskih potreba<\/strong><\/p>\n<p>Prvi korak u dobivanju osobnog kredita kod Creditisa je pa\u017eljiva procjena va\u0161ih financijskih potreba. To \u0107e vam pomo\u0107i da odredite to\u010dan iznos koji vam je potreban i rok otplate koji najbolje odgovara va\u0161im okolnostima. Creditis nudi niz mogu\u0107nosti kreditiranja, stoga je va\u017eno imati jasnu sliku o va\u0161im potrebama prije nego \u0161to nastavite.<\/p>\n<p><strong>2. Prikupljanje potrebne dokumentacije<\/strong><\/p>\n<p><img loading=\"lazy\" decoding=\"async\" class=\"aligncenter wp-image-8009 size-full\" src=\"\/wp-content\/imgs-converts\/2024\/06\/recover-deleted-photos-4.webp\" alt=\"\" width=\"1080\" height=\"1080\"><\/p>\n<p>Prije slanja zahtjeva, provjerite imate li svu potrebnu dokumentaciju. Creditis obi\u010dno zahtijeva sljede\u0107e:<\/p>\n<ul>\n<li>Va\u017ee\u0107i identifikacijski dokument (osobna iskaznica ili putovnica)<\/li>\n<li>CPF<\/li>\n<li>Dokaz o prihodima (kao \u0161to su platne liste, porezne prijave ili drugi dokumenti koji dokazuju va\u0161u sposobnost pla\u0107anja)<\/li>\n<li>Ovisno o va\u0161oj financijskoj situaciji, mo\u017eda \u0107e biti potrebna dodatna dokumentacija.<\/li>\n<\/ul>\n<p><strong>3. Ispunjavanje online prijave<\/strong><\/p>\n<p>Creditis \u010dini proces prijave vrlo jednostavnim i prakti\u010dnim putem svoje online platforme. Jednostavno posjetite Creditis web stranicu i ispunite obrazac za prijavu. Morat \u0107ete navesti osobne podatke i detalje o vrsti kredita koji tra\u017eite. Platforma je jednostavna za kori\u0161tenje i vodit \u0107e vas kroz svaki korak postupka.<\/p>\n<p><strong>4. Evaluacija prijave<\/strong><\/p>\n<p>Nakon \u0161to podnesete svoju prijavu, Creditisov tim \u0107e procijeniti va\u0161e podatke. Ovaj postupak uklju\u010duje provjeru va\u0161e plate\u017ene sposobnosti i procjenu va\u0161eg kreditnog profila. Creditis se obvezuje pru\u017eiti brz odgovor, obi\u010dno unutar 24-48 sati, tako da ne\u0107ete morati dugo \u010dekati da biste saznali je li va\u0161a prijava odobrena.<\/p>\n<p><strong>5. Primitak prijedloga za zajam<\/strong><\/p>\n<p style=\"text-align: center;\"><a class=\"mb-button mb-style-traditional mb-size-default mb-corners-default mb-text-style-default  broken_link\" style=\"background-color: #2bc470;\" href=\"https:\/\/dicasdorei.com\/hr\/emprestimo-pessoal-creditis-guia-passo-a-passo-para-solicitacao\/\">\u00a0<i class=\"fa fa-arrow-circle-right\"><\/i>\u00a0 KAKO SE PRIJAVITI ZA OSOBNI KREDIT CREDITIS \u27a1\ufe0f<\/a><\/p>\n<p style=\"text-align: center;\"><a class=\"mb-button mb-style-traditional mb-size-default mb-corners-default mb-text-style-default  broken_link\" style=\"background-color: #2bc470;\" href=\"https:\/\/dicasdorei.com\/hr\/emprestimo-pessoal-creditis-guia-passo-a-passo-para-solicitacao\/\">\u00a0<i class=\"fa fa-arrow-circle-right\"><\/i>\u00a0 POGLEDAJTE NAJBOLJE CIJENE \u27a1\ufe0f<\/a><\/p>\n<p style=\"text-align: center;\"><a class=\"mb-button mb-style-traditional mb-size-default mb-corners-default mb-text-style-default  broken_link\" style=\"background-color: #2bc470;\" href=\"https:\/\/dicasdorei.com\/hr\/emprestimo-pessoal-creditis-guia-passo-a-passo-para-solicitacao\/\">\u00a0<i class=\"fa fa-arrow-circle-right\"><\/i>\u00a0 NAJBOLJI KREDIT NA TR\u017dI\u0160TU \u27a1\ufe0f<\/a><\/p>\n<p>Ako je va\u0161a prijava odobrena, primit \u0107ete detaljan prijedlog zajma. To \u0107e uklju\u010divati sve relevantne informacije, kao \u0161to su iznos zajma, kamatna stopa, rok otplate i svi ostali primjenjivi uvjeti. Va\u017eno je pa\u017eljivo pro\u010ditati prijedlog i osigurati da razumijete sve uvjete prije nego \u0161to ga prihvatite.<\/p>\n<p><strong>6. Prihva\u0107anje prijedloga i isplata sredstava<\/strong><\/p>\n<p>Nakon \u0161to pregledate prijedlog i prihvatite uvjete, mo\u017eete potpisati ugovor o kreditu. Nakon \u0161to je ovaj korak dovr\u0161en, sredstva \u0107e biti preba\u010dena na va\u0161 bankovni ra\u010dun. Creditis se obvezuje da \u0107e ovaj proces biti \u0161to br\u017ei, osiguravaju\u0107i vam brz pristup sredstvima.<\/p>\n<h3>Prednosti odabira Creditisa<\/h3>\n<p><strong>1. Fleksibilnost u opcijama kredita<\/strong><\/p>\n<p>Creditis nudi \u0161irok raspon kreditnih opcija, prilagodljivih razli\u010ditim financijskim potrebama. Bez obzira trebate li mali iznos za neo\u010dekivani tro\u0161ak ili ve\u0107i iznos za zna\u010dajan projekt, Creditis ima pravo rje\u0161enje za vas.<\/p>\n<p><strong>2. Konkurentne kamatne stope<\/strong><\/p>\n<p>Jedna od glavnih prednosti Creditisa je mogu\u0107nost dobivanja kredita s konkurentnim kamatnim stopama. To zna\u010di da mo\u017eete pristupiti sredstvima koja su vam potrebna bez prekomjernih tro\u0161kova. Creditisove kamatne stope su me\u0111u najni\u017eima na tr\u017ei\u0161tu, \u0161to njihove kredite \u010dini prakti\u010dnom opcijom.<\/p>\n<p><strong>3. Brz i jednostavan postupak<\/strong><\/p>\n<p>Creditis pojednostavljuje proces podno\u0161enja zahtjeva za kredit i odobravanja. Online platforma je intuitivna i jednostavna za kori\u0161tenje, a vrijeme odziva je brzo. To vam omogu\u0107uje da dobijete potreban kredit bez dugog \u010dekanja.<\/p>\n<p><strong>4. Transparentnost i pouzdanost<\/strong><\/p>\n<p style=\"text-align: center;\"><a class=\"mb-button mb-style-traditional mb-size-default mb-corners-default mb-text-style-default  broken_link\" style=\"background-color: #2bc470;\" href=\"https:\/\/dicasdorei.com\/hr\/emprestimo-pessoal-creditis-guia-passo-a-passo-para-solicitacao\/\">\u00a0<i class=\"fa fa-arrow-circle-right\"><\/i>\u00a0 KAKO SE PRIJAVITI ZA OSOBNI KREDIT CREDITIS \u27a1\ufe0f<\/a><\/p>\n<p style=\"text-align: center;\"><a class=\"mb-button mb-style-traditional mb-size-default mb-corners-default mb-text-style-default  broken_link\" style=\"background-color: #2bc470;\" href=\"https:\/\/dicasdorei.com\/hr\/emprestimo-pessoal-creditis-guia-passo-a-passo-para-solicitacao\/\">\u00a0<i class=\"fa fa-arrow-circle-right\"><\/i>\u00a0 POGLEDAJTE NAJBOLJE CIJENE \u27a1\ufe0f<\/a><\/p>\n<p style=\"text-align: center;\"><a class=\"mb-button mb-style-traditional mb-size-default mb-corners-default mb-text-style-default  broken_link\" style=\"background-color: #2bc470;\" href=\"https:\/\/dicasdorei.com\/hr\/emprestimo-pessoal-creditis-guia-passo-a-passo-para-solicitacao\/\">\u00a0<i class=\"fa fa-arrow-circle-right\"><\/i>\u00a0 NAJBOLJI KREDIT NA TR\u017dI\u0160TU \u27a1\ufe0f<\/a><\/p>\n<p>S Creditisom nema skrivenih tro\u0161kova ni neugodnih iznena\u0111enja. Svi uvjeti kredita jasno su obja\u0161njeni od samog po\u010detka. Creditis je posve\u0107en odr\u017eavanju jasne i transparentne komunikacije sa svojim klijentima.<\/p>\n<p><strong>5. Predana korisni\u010dka slu\u017eba<\/strong><\/p>\n<p>Creditis nudi izvrsnu korisni\u010dku podr\u0161ku i dostupan je za odgovore na sva pitanja ili pru\u017eanje pomo\u0107i u svakom koraku procesa odobravanja kredita. Mo\u017eete ra\u010dunati na predanu i profesionalnu podr\u0161ku.<\/p>\n<h3>Zaklju\u010dak<\/h3>\n<p>Dobivanje osobnog kredita s Creditisom jednostavan je i transparentan postupak. Slijede\u0107i ove korake i iskori\u0161tavaju\u0107i ponu\u0111ene pogodnosti, mo\u017eete brzo i jednostavno dobiti financiranje koje vam je potrebno. Creditis je idealan partner za va\u0161e financijske potrebe, jam\u010de\u0107i fleksibilnost, konkurentne kamatne stope i izvrsnu korisni\u010dku uslugu. Ne ustru\u010davajte se prijaviti i otkrijte kako vam Creditis mo\u017ee pomo\u0107i u postizanju va\u0161ih financijskih ciljeva.<\/p>\n<\/body><\/html>","protected":false},"excerpt":{"rendered":"<p>Obter um empr\u00e9stimo pessoal pode parecer um processo complicado, mas com a Creditis, \u00e9 simples e transparente. Neste guia, exploraremos as etapas principais para obter um empr\u00e9stimo pessoal com a Creditis, al\u00e9m das vantagens de escolher essa op\u00e7\u00e3o para atender \u00e0s suas necessidades financeiras. \u00a0\u00a0 COMO SOLICITAR UM EMPRESTIMO PESSOAL CREDITIS \u27a1\ufe0f \u00a0\u00a0 VEJA AS [&hellip;]<\/p>\n","protected":false},"author":1,"featured_media":0,"parent":0,"menu_order":0,"comment_status":"closed","ping_status":"closed","template":"","meta":{"footnotes":""},"class_list":["post-7985","page","type-page","status-publish","hentry"],"_links":{"self":[{"href":"https:\/\/dicasdorei.com\/hr\/wp-json\/wp\/v2\/pages\/7985","targetHints":{"allow":["GET"]}}],"collection":[{"href":"https:\/\/dicasdorei.com\/hr\/wp-json\/wp\/v2\/pages"}],"about":[{"href":"https:\/\/dicasdorei.com\/hr\/wp-json\/wp\/v2\/types\/page"}],"author":[{"embeddable":true,"href":"https:\/\/dicasdorei.com\/hr\/wp-json\/wp\/v2\/users\/1"}],"replies":[{"embeddable":true,"href":"https:\/\/dicasdorei.com\/hr\/wp-json\/wp\/v2\/comments?post=7985"}],"version-history":[{"count":6,"href":"https:\/\/dicasdorei.com\/hr\/wp-json\/wp\/v2\/pages\/7985\/revisions"}],"predecessor-version":[{"id":8010,"href":"https:\/\/dicasdorei.com\/hr\/wp-json\/wp\/v2\/pages\/7985\/revisions\/8010"}],"wp:attachment":[{"href":"https:\/\/dicasdorei.com\/hr\/wp-json\/wp\/v2\/media?parent=7985"}],"curies":[{"name":"radni list","href":"https:\/\/api.w.org\/{rel}","templated":true}]}}