{"id":450,"date":"2022-04-08T00:05:27","date_gmt":"2022-04-08T03:05:27","guid":{"rendered":"https:\/\/dicasdorei.com\/?page_id=450"},"modified":"2025-01-25T10:56:35","modified_gmt":"2025-01-25T13:56:35","slug":"terms-of-use","status":"publish","type":"page","link":"https:\/\/dicasdorei.com\/hr\/terms-of-use\/","title":{"rendered":"Uvjeti kori\u0161tenja"},"content":{"rendered":"<html><body><p>1. Uvjeti<\/p>\n<p>Pristupom web stranici Dicas do Rei prihva\u0107ate ove uvjete pru\u017eanja usluge, sve primjenjive zakone i propise i sla\u017eete se da ste odgovorni za po\u0161tivanje svih primjenjivih lokalnih zakona. Ako se ne sla\u017eete s bilo kojim od ovih uvjeta, zabranjeno vam je kori\u0161tenje ili pristup ovoj stranici. Materijali sadr\u017eani na ovoj stranici za\u0161ti\u0107eni su va\u017ee\u0107im zakonom o autorskim pravima i za\u0161titnim znakovima.<\/p>\n<p>2. Kori\u0161tenje licence<\/p>\n<p>Dopu\u0161teno je privremeno preuzimanje jedne kopije materijala (informacija ili softvera) na web stranici Dicas do Rei samo za osobno, nekomercijalno prolazno gledanje. Ovo je dodjela licence, a ne prijenos vlasni\u0161tva, i prema ovoj licenci ne smijete:<\/p>\n<p>mijenjati ili kopirati materijale;<br>\nkoristiti materijale u bilo koju komercijalnu svrhu ili za bilo kakvo javno prikazivanje (komercijalno ili nekomercijalno);<br>\npoku\u0161ati dekompilirati ili obrnuti in\u017eenjering bilo kojeg softvera koji se nalazi na web stranici Dicas do Rei;<br>\nukloniti sva autorska prava ili druge vlasni\u010dke oznake iz materijala; ili<br>\nprenijeti materijale drugoj osobi ili &quot;zrcaliti&quot; materijale na bilo kojem drugom poslu\u017eitelju.<\/p>\n<p>Ova licenca \u0107e automatski prestati ako prekr\u0161ite bilo koje od ovih ograni\u010denja i Dicas do Rei je mo\u017ee raskinuti u bilo kojem trenutku. Nakon prestanka pregledavanja ovih materijala ili nakon raskida ove licence, morate uni\u0161titi sve preuzete materijale u svom posjedu, bilo u elektroni\u010dkom ili tiskanom obliku.<\/p>\n<p>3. Odricanje od odgovornosti<br>\nMaterijali na web stranici Dicas do Rei dostupni su &quot;kakvi jesu&quot;. King&#039;s Tips ne daje nikakva jamstva, izri\u010dita ili pre\u0161utna, te se ovime odri\u010de i pori\u010de sva druga jamstva, uklju\u010duju\u0107i, bez ograni\u010denja, pre\u0161utna jamstva ili uvjete utr\u017eivosti, prikladnosti za odre\u0111enu svrhu ili nekr\u0161enja intelektualnog vlasni\u0161tva ili drugog kr\u0161enja prava.<br>\nNadalje, Dicas do Rei ne jam\u010di niti daje bilo kakve izjave o to\u010dnosti, vjerojatnim rezultatima ili pouzdanosti upotrebe materijala na svojoj web stranici ili na drugi na\u010din koji se odnosi na takve materijale ili na bilo koje stranice povezane s ovom stranicom.<br>\n4. Ograni\u010denja<\/p>\n<p>Ni u kojem slu\u010daju Dicas do Rei ili njegovi dobavlja\u010di ne\u0107e biti odgovorni za bilo kakvu \u0161tetu (uklju\u010duju\u0107i, bez ograni\u010denja, \u0161tetu zbog gubitka podataka ili dobiti, ili zbog prekida poslovanja) koja proizlazi iz kori\u0161tenja ili nemogu\u0107nosti kori\u0161tenja materijala na web stranici Dicas do Rei, \u010dak i ako je Dicas do Rei ili ovla\u0161teni predstavnik Dicas do Rei usmeno ili pismeno obavije\u0161ten o mogu\u0107nosti takve \u0161tete. Budu\u0107i da neke jurisdikcije ne dopu\u0161taju ograni\u010denja implicitnih jamstava ili ograni\u010denja odgovornosti za posljedi\u010dne ili slu\u010dajne \u0161tete, ta se ograni\u010denja mo\u017eda ne odnose na vas.<\/p>\n<p>5. To\u010dnost materijala<\/p>\n<p>Materijali koji se pojavljuju na web stranici Dicas do Rei mogu sadr\u017eavati tehni\u010dke, tipografske ili fotografske pogre\u0161ke. Dicas do Rei ne jam\u010di da je bilo koji materijal na njegovoj web stranici to\u010dan, potpun ili aktualan. King&#039;s Tips mo\u017ee mijenjati materijale sadr\u017eane na svojoj web stranici u bilo kojem trenutku bez prethodne obavijesti. Me\u0111utim, Dicas do Rei se ne obvezuje a\u017eurirati materijale.<\/p>\n<p>6. Poveznice<\/p>\n<p>Dicas do Rei nije pregledao sve stranice povezane s njegovom web stranicom i nije odgovoran za sadr\u017eaj bilo koje takve povezane stranice. Uklju\u010divanje bilo koje poveznice ne zna\u010di da Dicas do Rei podr\u017eava web mjesto. Kori\u0161tenje bilo koje takve povezane web stranice je na vlastitu odgovornost korisnika.<\/p>\n<p>Izmjene<\/p>\n<p>Dicas do Rei mo\u017ee revidirati ove uvjete pru\u017eanja usluge za svoje web mjesto u bilo kojem trenutku bez prethodne obavijesti. Kori\u0161tenjem ove web stranice suglasni ste s va\u017ee\u0107om verzijom ovih uvjeta pru\u017eanja usluge.<\/p>\n<p>Mjerodavno pravo<\/p>\n<p>Ovi uvjeti i odredbe ure\u0111eni su i tuma\u010de se u skladu sa zakonima Dicas do Rei i vi se neopozivo podvrgavate isklju\u010divoj nadle\u017enosti sudova u toj dr\u017eavi ili mjestu.<\/p>\n<\/body><\/html>","protected":false},"excerpt":{"rendered":"<p>1. Terms By accessing the website\u00a0Dicas do Rei, you agree to be bound by these terms of service, all applicable laws and regulations, and agree that you are responsible for compliance with all applicable local laws. If you do not agree with any of these terms, you are prohibited from using or accessing this site. [&hellip;]<\/p>\n","protected":false},"author":1,"featured_media":0,"parent":0,"menu_order":0,"comment_status":"closed","ping_status":"closed","template":"","meta":{"footnotes":""},"class_list":["post-450","page","type-page","status-publish","hentry"],"_links":{"self":[{"href":"https:\/\/dicasdorei.com\/hr\/wp-json\/wp\/v2\/pages\/450","targetHints":{"allow":["GET"]}}],"collection":[{"href":"https:\/\/dicasdorei.com\/hr\/wp-json\/wp\/v2\/pages"}],"about":[{"href":"https:\/\/dicasdorei.com\/hr\/wp-json\/wp\/v2\/types\/page"}],"author":[{"embeddable":true,"href":"https:\/\/dicasdorei.com\/hr\/wp-json\/wp\/v2\/users\/1"}],"replies":[{"embeddable":true,"href":"https:\/\/dicasdorei.com\/hr\/wp-json\/wp\/v2\/comments?post=450"}],"version-history":[{"count":2,"href":"https:\/\/dicasdorei.com\/hr\/wp-json\/wp\/v2\/pages\/450\/revisions"}],"predecessor-version":[{"id":8728,"href":"https:\/\/dicasdorei.com\/hr\/wp-json\/wp\/v2\/pages\/450\/revisions\/8728"}],"wp:attachment":[{"href":"https:\/\/dicasdorei.com\/hr\/wp-json\/wp\/v2\/media?parent=450"}],"curies":[{"name":"radni list","href":"https:\/\/api.w.org\/{rel}","templated":true}]}}