{"id":17,"date":"2022-02-24T21:16:52","date_gmt":"2022-02-25T00:16:52","guid":{"rendered":"https:\/\/dicasdorei.com\/?page_id=17"},"modified":"2025-01-25T10:57:42","modified_gmt":"2025-01-25T13:57:42","slug":"privacy-policy","status":"publish","type":"page","link":"https:\/\/dicasdorei.com\/hr\/privacy-policy\/","title":{"rendered":"Politika privatnosti"},"content":{"rendered":"<html><body><p>Va\u0161a privatnost nam je va\u017ena. Politika Dicas do Rei je da po\u0161tuje va\u0161u privatnost u vezi sa svim informacijama koje mo\u017eemo prikupiti od vas na web stranici Dicas do Rei i drugim stranicama koje posjedujemo i kojima upravljamo.<\/p>\n<p>Osobne podatke tra\u017eimo samo kada su nam zaista potrebni da bismo vam pru\u017eili uslugu. Prikupljamo ih po\u0161tenim i zakonitim sredstvima, uz va\u0161e znanje i pristanak. Tako\u0111er vas obavje\u0161tavamo za\u0161to ih prikupljamo i kako \u0107emo ih koristiti.<\/p>\n<p>Prikupljene podatke zadr\u017eavamo samo onoliko dugo koliko je potrebno da vam pru\u017eimo tra\u017eenu uslugu. Podatke koje pohranjujemo za\u0161titit \u0107emo na komercijalno prihvatljiv na\u010din kako bismo sprije\u010dili gubitak i kra\u0111u, kao i neovla\u0161teni pristup, otkrivanje, kopiranje, kori\u0161tenje ili modificiranje.<\/p>\n<p>Ne dijelimo osobne podatke javno ili s tre\u0107im stranama, osim kada to zahtijeva zakon.<\/p>\n<p>Na\u0161a web stranica mo\u017ee sadr\u017eavati poveznice na vanjske stranice kojima mi ne upravljamo. Imajte na umu da mi nemamo kontrolu nad sadr\u017eajem i praksama ovih stranica i ne mo\u017eemo prihvatiti odgovornost za njihova pravila privatnosti.<\/p>\n<p>Slobodni ste odbiti na\u0161 zahtjev za va\u0161im osobnim podacima, uz razumijevanje da vam mo\u017eda ne\u0107emo mo\u0107i pru\u017eiti neke od \u017eeljenih usluga.<\/p>\n<p>Va\u0161e daljnje kori\u0161tenje na\u0161e web stranice smatrat \u0107e se prihva\u0107anjem na\u0161e prakse u vezi s privatno\u0161\u0107u i osobnim podacima. Ako imate bilo kakvih pitanja o tome kako postupamo s korisni\u010dkim podacima i osobnim podacima, obratite nam se.<\/p>\n<h2>Pravila o kola\u010di\u0107ima King&#039;s Tips<br>\n\u0160to su kola\u010di\u0107i?<\/h2>\n<p>Kao \u0161to je uobi\u010dajena praksa kod gotovo svih profesionalnih web stranica, ova stranica koristi kola\u010di\u0107e, male datoteke koje se preuzimaju na va\u0161e ra\u010dunalo, kako bi pobolj\u0161ali va\u0161e iskustvo. Ova stranica opisuje koje podatke prikupljaju, kako ih koristimo i za\u0161to ponekad moramo pohraniti te kola\u010di\u0107e. Tako\u0111er \u0107emo podijeliti s vama kako mo\u017eete sprije\u010diti pohranjivanje ovih kola\u010di\u0107a, no to mo\u017ee smanjiti ili &#039;pokvariti&#039; odre\u0111ene elemente funkcionalnosti web-mjesta.<\/p>\n<h2>Kako koristimo kola\u010di\u0107e?<\/h2>\n<p>Kola\u010di\u0107e koristimo iz niza razloga navedenih u nastavku. Na\u017ealost, u ve\u0107ini slu\u010dajeva ne postoje industrijske standardne opcije za onemogu\u0107avanje kola\u010di\u0107a bez potpunog onemogu\u0107avanja funkcionalnosti i zna\u010dajki koje oni dodaju ovoj stranici. Preporu\u010da se da ostavite uklju\u010dene sve kola\u010di\u0107e ako niste sigurni trebaju li vam ili ne u slu\u010daju da se koriste za pru\u017eanje usluge koju koristite.<\/p>\n<p>Onemogu\u0107avanje kola\u010di\u0107a<\/p>\n<p>Postavljanje kola\u010di\u0107a mo\u017eete sprije\u010diti pode\u0161avanjem postavki u svom pregledniku (pogledajte pomo\u0107 preglednika kako to u\u010diniti). Imajte na umu da \u0107e onemogu\u0107avanje kola\u010di\u0107a utjecati na funkcionalnost ove i mnogih drugih web stranica koje posje\u0107ujete. Onemogu\u0107avanje kola\u010di\u0107a obi\u010dno \u0107e rezultirati i onemogu\u0107avanjem odre\u0111enih funkcija i zna\u010dajki ove stranice. Stoga se preporu\u010duje da ne onemogu\u0107ite kola\u010di\u0107e.<\/p>\n<h2>Kola\u010di\u0107e postavljamo<\/h2>\n<p>Kola\u010di\u0107i vezani uz ra\u010dun Ako kreirate ra\u010dun kod nas, koristit \u0107emo kola\u010di\u0107e za upravljanje postupkom prijave i op\u0107u administraciju. Ti \u0107e kola\u010di\u0107i obi\u010dno biti izbrisani kada se odjavite, ali u nekim slu\u010dajevima mogu ostati i nakon toga kako bi zapamtili postavke va\u0161e stranice kada ste odjavljeni.<br>\nKola\u010di\u0107i povezani s prijavom Koristimo kola\u010di\u0107e kada ste prijavljeni kako bismo mogli zapamtiti tu \u010dinjenicu. To vas sprje\u010dava da se morate prijaviti svaki put kada posjetite novu stranicu. Ovi se kola\u010di\u0107i obi\u010dno uklanjaju ili bri\u0161u kada se odjavite kako biste bili sigurni da mo\u017eete pristupiti samo ograni\u010denim zna\u010dajkama i podru\u010djima kada ste prijavljeni.<br>\nKola\u010di\u0107i povezani s biltenima e-po\u0161te Ova stranica nudi usluge pretplate na biltene ili e-po\u0161tu, a kola\u010di\u0107i se mogu koristiti za pam\u0107enje jeste li ve\u0107 registrirani i \u017eelite li prikazati odre\u0111ene obavijesti koje mogu biti va\u017ee\u0107e samo pretpla\u0107enim\/nepretpla\u0107enim korisnicima.<br>\nKola\u010di\u0107i povezani s obradom narud\u017ebi Ova stranica nudi mogu\u0107nosti e-trgovine ili pla\u0107anja, a neki su kola\u010di\u0107i klju\u010dni kako bi se osiguralo da se va\u0161a narud\u017eba pamti izme\u0111u stranica kako bismo je mogli ispravno obraditi.<br>\nKola\u010di\u0107i povezani s anketama S vremena na vrijeme nudimo ankete i upitnike kako bismo vam pru\u017eili zanimljive uvide, korisne alate ili kako bismo to\u010dnije razumjeli na\u0161u bazu korisnika. Ove ankete mogu koristiti kola\u010di\u0107e kako bi zapamtile tko je ve\u0107 sudjelovao u anketi ili kako bi vam pru\u017eile to\u010dne rezultate nakon \u0161to promijenite stranice.<br>\nKola\u010di\u0107i povezani s obrascima Kada \u0161aljete podatke putem obrasca kao \u0161to su oni koji se nalaze na stranicama za kontakt ili obrascima za komentare, kola\u010di\u0107i se mogu postaviti da pamte va\u0161e korisni\u010dke podatke za budu\u0107u korespondenciju.<br>\nKola\u010di\u0107i s postavkama web-mjesta Kako bismo vam pru\u017eili sjajno iskustvo na ovom web-mjestu, nudimo funkcionalnost za postavljanje va\u0161ih preferencija za na\u010din rada ovog web-mjesta kada ga koristite. Kako bismo zapamtili va\u0161e postavke, moramo<\/p>\n<\/body><\/html>","protected":false},"excerpt":{"rendered":"<p>Your privacy is important to us. It is Dicas do Rei\u2019s policy to respect your privacy regarding any information we may collect from you across the Dicas do Rei website, and other sites we own and operate. We only ask for personal information when we truly need it to provide a service to you. We [&hellip;]<\/p>\n","protected":false},"author":1,"featured_media":0,"parent":0,"menu_order":0,"comment_status":"closed","ping_status":"closed","template":"","meta":{"footnotes":""},"class_list":["post-17","page","type-page","status-publish","hentry"],"_links":{"self":[{"href":"https:\/\/dicasdorei.com\/hr\/wp-json\/wp\/v2\/pages\/17","targetHints":{"allow":["GET"]}}],"collection":[{"href":"https:\/\/dicasdorei.com\/hr\/wp-json\/wp\/v2\/pages"}],"about":[{"href":"https:\/\/dicasdorei.com\/hr\/wp-json\/wp\/v2\/types\/page"}],"author":[{"embeddable":true,"href":"https:\/\/dicasdorei.com\/hr\/wp-json\/wp\/v2\/users\/1"}],"replies":[{"embeddable":true,"href":"https:\/\/dicasdorei.com\/hr\/wp-json\/wp\/v2\/comments?post=17"}],"version-history":[{"count":3,"href":"https:\/\/dicasdorei.com\/hr\/wp-json\/wp\/v2\/pages\/17\/revisions"}],"predecessor-version":[{"id":8731,"href":"https:\/\/dicasdorei.com\/hr\/wp-json\/wp\/v2\/pages\/17\/revisions\/8731"}],"wp:attachment":[{"href":"https:\/\/dicasdorei.com\/hr\/wp-json\/wp\/v2\/media?parent=17"}],"curies":[{"name":"radni list","href":"https:\/\/api.w.org\/{rel}","templated":true}]}}