{"id":8011,"date":"2024-05-27T22:22:18","date_gmt":"2024-05-28T01:22:18","guid":{"rendered":"https:\/\/dicasdorei.com\/?page_id=8011"},"modified":"2024-06-01T10:06:25","modified_gmt":"2024-06-01T13:06:25","slug":"lp-aplicativos-para-fazer-limpeza-de-celular","status":"publish","type":"page","link":"https:\/\/dicasdorei.com\/fr\/lp-aplicativos-para-fazer-limpeza-de-celular\/","title":{"rendered":"Applications pour le nettoyage des t\u00e9l\u00e9phones portables"},"content":{"rendered":"<html><body><p>Avec l&#039;utilisation constante des smartphones, il est courant que nos appareils accumulent une quantit\u00e9 importante de fichiers ind\u00e9sirables, de cache et de donn\u00e9es r\u00e9siduelles qui peuvent affecter les performances et occuper de l&#039;espace de stockage.<\/p>\n<p style=\"text-align: center;\"><a class=\"mb-button mb-style-flat mb-size-default mb-corners-default mb-text-style-default  broken_link\" style=\"background-color: #ff0000;\" href=\"https:\/\/dicasdorei.com\/fr\/aplicativo-para-fazer-limpeza-de-celular\/\">\u00a0<i class=\"fa fa-arrow-circle-right\"><\/i>\u00a0 VOIR LES MEILLEURES APPLICATIONS<\/a><\/p>\n<p style=\"text-align: center;\"><a class=\"mb-button mb-style-flat mb-size-default mb-corners-default mb-text-style-default  broken_link\" style=\"background-color: #ff0000;\" href=\"https:\/\/dicasdorei.com\/fr\/aplicativo-para-fazer-limpeza-de-celular\/\">\u00a0<i class=\"fa fa-arrow-circle-right\"><\/i>\u00a0 APPLICATIONS POUR ANDROID<\/a><\/p>\n<p style=\"text-align: center;\"><a class=\"mb-button mb-style-flat mb-size-default mb-corners-default mb-text-style-default  broken_link\" style=\"background-color: #ff0000;\" href=\"https:\/\/dicasdorei.com\/fr\/aplicativo-para-fazer-limpeza-de-celular\/\">\u00a0<i class=\"fa fa-arrow-circle-right\"><\/i>\u00a0 APPLICATIONS POUR IOS<\/a><\/p>\n<p>Heureusement, il existe plusieurs applications sp\u00e9cialement con\u00e7ues pour aider \u00e0 nettoyer et optimiser les t\u00e9l\u00e9phones portables, en garantissant qu&#039;ils fonctionnent plus efficacement et avec plus de capacit\u00e9 de stockage disponible. Cet article explore l&#039;importance de ces applications et met en \u00e9vidence certaines des plus populaires du march\u00e9.<\/p>\n<h2>Importance des applications de nettoyage<\/h2>\n<p>Comme nous utilisons nos smartphones pour diverses t\u00e2ches \u2013 de la navigation sur Internet au t\u00e9l\u00e9chargement d\u2019applications en passant par le stockage de photos et de vid\u00e9os \u2013 l\u2019accumulation de donn\u00e9es inutiles est in\u00e9vitable. Ces donn\u00e9es incluent les fichiers temporaires, le cache des applications, les t\u00e9l\u00e9chargements en double et m\u00eame les fichiers r\u00e9siduels des applications d\u00e9sinstall\u00e9es. Au fil du temps, ces fichiers peuvent\u00a0:<\/p>\n<div id=\"attachment_8012\" style=\"width: 1210px\" class=\"wp-caption aligncenter\"><img loading=\"lazy\" decoding=\"async\" aria-describedby=\"caption-attachment-8012\" class=\"wp-image-8012 size-full\" src=\"https:\/\/dicasdorei.com\/wp-content\/uploads\/2024\/05\/Aplicativo-para-limpeza-do-Celular-1.webp\" alt=\"\" width=\"1200\" height=\"675\" srcset=\"https:\/\/dicasdorei.com\/wp-content\/uploads\/2024\/05\/Aplicativo-para-limpeza-do-Celular-1.webp 1200w, https:\/\/dicasdorei.com\/wp-content\/uploads\/2024\/05\/Aplicativo-para-limpeza-do-Celular-1-711x400.webp 711w, https:\/\/dicasdorei.com\/wp-content\/uploads\/2024\/05\/Aplicativo-para-limpeza-do-Celular-1-768x432.webp 768w, https:\/\/dicasdorei.com\/wp-content\/uploads\/2024\/05\/Aplicativo-para-limpeza-do-Celular-1-18x10.webp 18w\" sizes=\"auto, (max-width: 1200px) 100vw, 1200px\" \/><p id=\"caption-attachment-8012\" class=\"wp-caption-text\">Image extraite de Google<\/p><\/div>\n<ol>\n<li><strong>Prendre de l&#039;espace de stockage<\/strong>: R\u00e9duire la quantit\u00e9 d&#039;espace disponible pour les nouvelles applications, photos, vid\u00e9os et documents importants.<\/li>\n<li><strong>Diminuer les performances de l&#039;appareil<\/strong>: Le rendant plus lent et moins r\u00e9actif.<\/li>\n<li><strong>Affecte la batterie<\/strong>: Les applications et processus inutiles ex\u00e9cut\u00e9s en arri\u00e8re-plan peuvent vider votre batterie plus rapidement.<\/li>\n<\/ol>\n<h2>Meilleures applications de nettoyage<\/h2>\n<h3>1. CCleaner<\/h3>\n<p>Initialement connu pour son efficacit\u00e9 sur les ordinateurs, CCleaner est \u00e9galement disponible pour les appareils mobiles. Cette application analyse votre appareil \u00e0 la recherche de fichiers inutiles et du cache accumul\u00e9, offrant ainsi un nettoyage rapide et efficace. De plus, il offre la fonctionnalit\u00e9 permettant de d\u00e9sinstaller les applications ind\u00e9sirables et de surveiller l&#039;utilisation du processeur, la temp\u00e9rature de la batterie et de l&#039;appareil.<\/p>\n<h3>2. Ma\u00eetre Propre<\/h3>\n<p>L&#039;une des applications de nettoyage les plus populaires, Clean Master, propose une large gamme d&#039;outils pour l&#039;optimisation des appareils. Il supprime les fichiers r\u00e9siduels, efface le cache et d\u00e9sinstalle les applications inutiles. Il comprend \u00e9galement un antivirus int\u00e9gr\u00e9, qui ajoute une couche suppl\u00e9mentaire de protection contre les logiciels malveillants et les virus.<\/p>\n<p style=\"text-align: center;\"><a class=\"mb-button mb-style-flat mb-size-default mb-corners-default mb-text-style-default  broken_link\" style=\"background-color: #ff0000;\" href=\"https:\/\/dicasdorei.com\/fr\/aplicativo-para-fazer-limpeza-de-celular\/\">\u00a0<i class=\"fa fa-arrow-circle-right\"><\/i>\u00a0 VOIR LES MEILLEURES APPLICATIONS<\/a><\/p>\n<p style=\"text-align: center;\"><a class=\"mb-button mb-style-flat mb-size-default mb-corners-default mb-text-style-default  broken_link\" style=\"background-color: #ff0000;\" href=\"https:\/\/dicasdorei.com\/fr\/aplicativo-para-fazer-limpeza-de-celular\/\">\u00a0<i class=\"fa fa-arrow-circle-right\"><\/i>\u00a0 APPLICATIONS POUR ANDROID<\/a><\/p>\n<p style=\"text-align: center;\"><a class=\"mb-button mb-style-flat mb-size-default mb-corners-default mb-text-style-default  broken_link\" style=\"background-color: #ff0000;\" href=\"https:\/\/dicasdorei.com\/fr\/aplicativo-para-fazer-limpeza-de-celular\/\">\u00a0<i class=\"fa fa-arrow-circle-right\"><\/i>\u00a0 APPLICATIONS POUR IOS<\/a><\/p>\n<h3>3. Fichiers par Google<\/h3>\n<p>D\u00e9velopp\u00e9e par Google, cette application nettoie non seulement votre appareil mais aide \u00e9galement \u00e0 l&#039;organisation des fichiers. Il sugg\u00e8re de supprimer les fichiers en double, les m\u00e8mes, les GIF et autres \u00e9l\u00e9ments susceptibles d&#039;occuper de l&#039;espace inutile. De plus, il propose des recommandations personnalis\u00e9es pour lib\u00e9rer de l&#039;espace de stockage.<\/p>\n<h3>4. SD Femme de m\u00e9nage<\/h3>\n<p>Ax\u00e9 sur un nettoyage en profondeur, SD Maid est id\u00e9al pour les utilisateurs avanc\u00e9s. Il analyse l&#039;appareil \u00e0 la recherche de fichiers et de dossiers r\u00e9siduels laiss\u00e9s par les applications d\u00e9sinstall\u00e9es et nettoie efficacement le cache. L&#039;application propose \u00e9galement des outils de gestion des applications et des fichiers, optimisant encore davantage les performances de l&#039;appareil.<\/p>\n<h3>5. Norton propre<\/h3>\n<p>D\u00e9velopp\u00e9e par la c\u00e9l\u00e8bre soci\u00e9t\u00e9 de s\u00e9curit\u00e9 Norton, cette application se concentre sur la suppression des fichiers ind\u00e9sirables et du cache. En plus de lib\u00e9rer de l&#039;espace, Norton Clean offre une interface simple et facile \u00e0 utiliser, ce qui en fait une excellente option pour ceux qui recherchent efficacit\u00e9 et s\u00e9curit\u00e9.<\/p>\n<h2>Comment choisir l&#039;application id\u00e9ale<\/h2>\n<p>Lorsque vous choisissez une application de nettoyage pour votre t\u00e9l\u00e9phone portable, tenez compte des aspects suivants\u00a0:<\/p>\n<ol>\n<li><strong>Fonctionnalit\u00e9<\/strong>: V\u00e9rifiez si l&#039;application propose tous les outils n\u00e9cessaires pour nettoyer et optimiser votre appareil.<\/li>\n<li><strong>Interface<\/strong>: Pr\u00e9f\u00e9rez les applications aux interfaces intuitives et faciles \u00e0 utiliser.<\/li>\n<li><strong>Notes et commentaires<\/strong>: Consultez les notes et commentaires des autres utilisateurs pour vous assurer que l&#039;application est efficace et fiable.<\/li>\n<li><strong>S\u00e9curit\u00e9<\/strong>: Optez pour des applications de d\u00e9veloppeurs renomm\u00e9s pour \u00e9viter les risques de malware et une protection insuffisante.<\/li>\n<\/ol>\n<h2>Conclusion<\/h2>\n<p>Les applications de nettoyage de t\u00e9l\u00e9phone sont des outils essentiels pour que nos appareils fonctionnent de mani\u00e8re optimale et disposent de suffisamment d&#039;espace de stockage. Avec le bon choix, il est possible d&#039;am\u00e9liorer consid\u00e9rablement les performances du t\u00e9l\u00e9phone portable, de prolonger la dur\u00e9e de vie de la batterie et d&#039;assurer une exp\u00e9rience utilisateur plus fluide et efficace.<\/p>\n<p style=\"text-align: center;\"><a class=\"mb-button mb-style-flat mb-size-default mb-corners-default mb-text-style-default  broken_link\" style=\"background-color: #ff0000;\" href=\"https:\/\/dicasdorei.com\/fr\/aplicativo-para-fazer-limpeza-de-celular\/\">\u00a0<i class=\"fa fa-arrow-circle-right\"><\/i>\u00a0 VOIR LES MEILLEURES APPLICATIONS<\/a><\/p>\n<p style=\"text-align: center;\"><a class=\"mb-button mb-style-flat mb-size-default mb-corners-default mb-text-style-default  broken_link\" style=\"background-color: #ff0000;\" href=\"https:\/\/dicasdorei.com\/fr\/aplicativo-para-fazer-limpeza-de-celular\/\">\u00a0<i class=\"fa fa-arrow-circle-right\"><\/i>\u00a0 APPLICATIONS POUR ANDROID<\/a><\/p>\n<p style=\"text-align: center;\"><a class=\"mb-button mb-style-flat mb-size-default mb-corners-default mb-text-style-default  broken_link\" style=\"background-color: #ff0000;\" href=\"https:\/\/dicasdorei.com\/fr\/aplicativo-para-fazer-limpeza-de-celular\/\">\u00a0<i class=\"fa fa-arrow-circle-right\"><\/i>\u00a0 APPLICATIONS POUR IOS<\/a><\/p>\n<p>Que ce soit via CCleaner, Clean Master, Files by Google, SD Maid ou Norton Clean, il existe plusieurs options sur le march\u00e9 qui peuvent r\u00e9pondre aux besoins de diff\u00e9rents types d&#039;utilisateurs. Par cons\u00e9quent, investir dans une bonne application de nettoyage pourrait \u00eatre la cl\u00e9 pour garder votre smartphone en bon \u00e9tat.<\/p>\n<\/body><\/html>","protected":false},"excerpt":{"rendered":"<p>Com o uso constante de smartphones, \u00e9 comum que nossos dispositivos acumulem uma quantidade significativa de arquivos indesejados, cache e dados residuais que podem afetar o desempenho e ocupar espa\u00e7o de armazenamento. \u00a0\u00a0 VEJA OS MELHORES APLICATIVOS \u00a0\u00a0 APLICATIVOS PARA ANDROID \u00a0\u00a0 APLICATIVOS PARA IOS Felizmente, existem diversos aplicativos projetados especificamente para ajudar na limpeza [&hellip;]<\/p>\n","protected":false},"author":1,"featured_media":0,"parent":0,"menu_order":0,"comment_status":"closed","ping_status":"closed","template":"","meta":{"footnotes":""},"class_list":["post-8011","page","type-page","status-publish","hentry"],"_links":{"self":[{"href":"https:\/\/dicasdorei.com\/fr\/wp-json\/wp\/v2\/pages\/8011","targetHints":{"allow":["GET"]}}],"collection":[{"href":"https:\/\/dicasdorei.com\/fr\/wp-json\/wp\/v2\/pages"}],"about":[{"href":"https:\/\/dicasdorei.com\/fr\/wp-json\/wp\/v2\/types\/page"}],"author":[{"embeddable":true,"href":"https:\/\/dicasdorei.com\/fr\/wp-json\/wp\/v2\/users\/1"}],"replies":[{"embeddable":true,"href":"https:\/\/dicasdorei.com\/fr\/wp-json\/wp\/v2\/comments?post=8011"}],"version-history":[{"count":5,"href":"https:\/\/dicasdorei.com\/fr\/wp-json\/wp\/v2\/pages\/8011\/revisions"}],"predecessor-version":[{"id":8051,"href":"https:\/\/dicasdorei.com\/fr\/wp-json\/wp\/v2\/pages\/8011\/revisions\/8051"}],"wp:attachment":[{"href":"https:\/\/dicasdorei.com\/fr\/wp-json\/wp\/v2\/media?parent=8011"}],"curies":[{"name":"wp","href":"https:\/\/api.w.org\/{rel}","templated":true}]}}