{"id":19,"date":"2022-02-24T21:18:08","date_gmt":"2022-02-25T00:18:08","guid":{"rendered":"https:\/\/dicasdorei.com\/?page_id=19"},"modified":"2025-01-25T10:56:59","modified_gmt":"2025-01-25T13:56:59","slug":"who-is-the-kings-tips-portal","status":"publish","type":"page","link":"https:\/\/dicasdorei.com\/fr\/who-is-the-kings-tips-portal\/","title":{"rendered":"Qui est le portail des conseils du Roi ?"},"content":{"rendered":"<html><body><p>Salut! Nous sommes le portail Dicas Do Rei ! Notre objectif principal est que vous viviez une exp\u00e9rience formidable lors de votre navigation sur notre site Web et que vous puissiez trouver les meilleurs conseils !<\/p>\n<p>Nous sommes une \u00e9quipe de marketing num\u00e9rique qui vise \u00e0 fournir le meilleur service et le meilleur contenu pour vos applications !<\/p>\n<p>De nombreux sites Web publient des informations qui ne sont pas vraies, mais notre objectif est de vous proposer le contenu le meilleur et le plus v\u00e9ridique possible !<\/p>\n<p>Nous sommes avant tout soucieux de la v\u00e9racit\u00e9 et de l\u2019int\u00e9grit\u00e9 de notre contenu.<\/p>\n<p>L&#039;objectif de ce site est que vous ayez la meilleure navigation possible et que vous profitiez de notre contenu ! Nous voulons que tu sois toujours avec nous.<\/p>\n<p>ENGAGEMENT ENVERS LES UTILISATEURS DU SITE WEB DICAS DO REI<br>\nCe qui compte le plus pour nous c&#039;est la satisfaction de nos lecteurs, nous voulons vous apporter le meilleur contenu !<\/p>\n<p>Nous tenons donc \u00e0 vous faire comprendre que nous sommes ravis de vous avoir parmi nous. Nous aimons \u00e9galement beaucoup lorsque nos utilisateurs interagissent avec notre \u00e9quipe afin que nous puissions communiquer et publier tout ce que vous souhaitez voir !<\/p>\n<p>Vos questions, avis et r\u00e9clamations sont tr\u00e8s importants pour nous ! Notre \u00e9quipe se fera un plaisir d&#039;analyser tout avec le plus grand soin.<\/p>\n<p>Alors n&#039;h\u00e9sitez pas \u00e0 nous contacter sur la page CONTACT.<\/p>\n<p>N&#039;oubliez pas que notre \u00e9quipe ne fera jamais rien qui ne soit pas correct, comme du SPAM, etc.<\/p>\n<p>Notre contenu num\u00e9rique fournit dans tous les articles :<br>\nPolitiques de confidentialit\u00e9;<br>\nFormulaire de contact;<br>\nPlan du site. (page contenant toutes nos publications).<\/p>\n<p>Ce site a \u00e9t\u00e9 \u00e9crit par l&#039;\u00e9quipe DICASDOREI, il b\u00e9n\u00e9ficie donc de toute l&#039;exp\u00e9rience et du d\u00e9vouement d&#039;une \u00e9quipe tr\u00e8s exp\u00e9riment\u00e9e.<\/p>\n<p>Nous nous engageons \u00e0 toujours apporter de nouveaux conseils et nouvelles \u00e0 nos lecteurs. Nous fournissons \u00e9galement la date de chaque contenu dans nos publications afin que vous puissiez suivre l&#039;actualit\u00e9 !<\/p>\n<p>Alors\u2026 ne perdez pas de temps, envoyez-nous votre avis !<\/p>\n<p>Sinc\u00e8rement,<\/p>\n<p>L&#039;\u00e9quipe DICASDOREI.COM<\/p>\n<\/body><\/html>","protected":false},"excerpt":{"rendered":"<p>Hi! We are the portal Dicas Do Rei! Our main goal is for you to have a great experience when browsing our website and for you to be able to find the best tips! We are a digital marketing team that aims to provide the best service and content for you applications! Many websites are [&hellip;]<\/p>\n","protected":false},"author":1,"featured_media":0,"parent":0,"menu_order":0,"comment_status":"closed","ping_status":"closed","template":"","meta":{"footnotes":""},"class_list":["post-19","page","type-page","status-publish","hentry"],"_links":{"self":[{"href":"https:\/\/dicasdorei.com\/fr\/wp-json\/wp\/v2\/pages\/19","targetHints":{"allow":["GET"]}}],"collection":[{"href":"https:\/\/dicasdorei.com\/fr\/wp-json\/wp\/v2\/pages"}],"about":[{"href":"https:\/\/dicasdorei.com\/fr\/wp-json\/wp\/v2\/types\/page"}],"author":[{"embeddable":true,"href":"https:\/\/dicasdorei.com\/fr\/wp-json\/wp\/v2\/users\/1"}],"replies":[{"embeddable":true,"href":"https:\/\/dicasdorei.com\/fr\/wp-json\/wp\/v2\/comments?post=19"}],"version-history":[{"count":2,"href":"https:\/\/dicasdorei.com\/fr\/wp-json\/wp\/v2\/pages\/19\/revisions"}],"predecessor-version":[{"id":8729,"href":"https:\/\/dicasdorei.com\/fr\/wp-json\/wp\/v2\/pages\/19\/revisions\/8729"}],"wp:attachment":[{"href":"https:\/\/dicasdorei.com\/fr\/wp-json\/wp\/v2\/media?parent=19"}],"curies":[{"name":"wp","href":"https:\/\/api.w.org\/{rel}","templated":true}]}}