{"id":17,"date":"2022-02-24T21:16:52","date_gmt":"2022-02-25T00:16:52","guid":{"rendered":"https:\/\/dicasdorei.com\/?page_id=17"},"modified":"2025-01-25T10:57:42","modified_gmt":"2025-01-25T13:57:42","slug":"privacy-policy","status":"publish","type":"page","link":"https:\/\/dicasdorei.com\/fr\/privacy-policy\/","title":{"rendered":"politique de confidentialit\u00e9"},"content":{"rendered":"<html><body><p>Votre vie priv\u00e9e est importante pour nous. La politique de Dicas do Rei est de respecter votre vie priv\u00e9e concernant toute information que nous pouvons collecter aupr\u00e8s de vous sur le site Web de Dicas do Rei et d&#039;autres sites que nous poss\u00e9dons et exploitons.<\/p>\n<p>Nous ne demandons des informations personnelles que lorsque nous en avons r\u00e9ellement besoin pour vous fournir un service. Nous les collectons par des moyens justes et l\u00e9gaux, avec votre connaissance et votre consentement. Nous vous informons \u00e9galement pourquoi nous les collectons et comment elles seront utilis\u00e9es.<\/p>\n<p>Nous conservons les informations collect\u00e9es uniquement le temps n\u00e9cessaire pour vous fournir le service demand\u00e9. Les donn\u00e9es que nous stockons sont prot\u00e9g\u00e9es par des moyens commercialement acceptables pour emp\u00eacher la perte et le vol, ainsi que l&#039;acc\u00e8s, la divulgation, la copie, l&#039;utilisation ou la modification non autoris\u00e9s.<\/p>\n<p>Nous ne partageons pas d\u2019informations personnelles identifiables publiquement ou avec des tiers, sauf lorsque la loi l\u2019exige.<\/p>\n<p>Notre site Web peut contenir des liens vers des sites externes qui ne sont pas exploit\u00e9s par nous. Veuillez noter que nous n&#039;avons aucun contr\u00f4le sur le contenu et les pratiques de ces sites et ne pouvons accepter aucune responsabilit\u00e9 quant \u00e0 leurs politiques de confidentialit\u00e9 respectives.<\/p>\n<p>Vous \u00eates libre de refuser notre demande de renseignements personnels, sachant que nous pourrions ne pas \u00eatre en mesure de vous fournir certains des services souhait\u00e9s.<\/p>\n<p>Votre utilisation continue de notre site Web sera consid\u00e9r\u00e9e comme une acceptation de nos pratiques en mati\u00e8re de confidentialit\u00e9 et d\u2019informations personnelles. Si vous avez des questions sur la mani\u00e8re dont nous traitons les donn\u00e9es utilisateur et les informations personnelles, veuillez nous contacter.<\/p>\n<h2>Politique relative aux cookies de King&#039;s Tips<br>\nQue sont les cookies ?<\/h2>\n<p>Comme c&#039;est la pratique courante sur presque tous les sites Web professionnels, ce site utilise des cookies, qui sont de minuscules fichiers t\u00e9l\u00e9charg\u00e9s sur votre ordinateur, pour am\u00e9liorer votre exp\u00e9rience. Cette page d\u00e9crit quelles informations ils collectent, comment nous les utilisons et pourquoi nous devons parfois stocker ces cookies. Nous vous expliquerons \u00e9galement comment vous pouvez emp\u00eacher le stockage de ces cookies, mais cela peut d\u00e9grader ou \u00ab casser \u00bb certains \u00e9l\u00e9ments de la fonctionnalit\u00e9 du site.<\/p>\n<h2>Comment utilisons-nous les cookies ?<\/h2>\n<p>Nous utilisons des cookies pour diverses raisons d\u00e9taill\u00e9es ci-dessous. Malheureusement, dans la plupart des cas, il n&#039;existe pas d&#039;options standard du secteur permettant de d\u00e9sactiver les cookies sans d\u00e9sactiver compl\u00e8tement les fonctionnalit\u00e9s et les caract\u00e9ristiques qu&#039;ils ajoutent \u00e0 ce site. Il est recommand\u00e9 de laisser tous les cookies activ\u00e9s si vous n&#039;\u00eates pas s\u00fbr d&#039;en avoir besoin ou non au cas o\u00f9 ils seraient utilis\u00e9s pour fournir un service que vous utilisez.<\/p>\n<p>D\u00e9sactiver les cookies<\/p>\n<p>Vous pouvez emp\u00eacher l&#039;installation de cookies en modifiant les param\u00e8tres de votre navigateur (consultez l&#039;aide de votre navigateur pour savoir comment proc\u00e9der). Veuillez noter que la d\u00e9sactivation des cookies affectera la fonctionnalit\u00e9 de ce site Web et de nombreux autres que vous visitez. La d\u00e9sactivation des cookies entra\u00eenera g\u00e9n\u00e9ralement \u00e9galement la d\u00e9sactivation de certaines fonctionnalit\u00e9s et caract\u00e9ristiques de ce site. Il est donc recommand\u00e9 de ne pas d\u00e9sactiver les cookies.<\/p>\n<h2>Cookies que nous installons<\/h2>\n<p>Cookies li\u00e9s au compteSi vous cr\u00e9ez un compte chez nous, nous utiliserons des cookies pour la gestion du processus d&#039;inscription et l&#039;administration g\u00e9n\u00e9rale. Ces cookies seront g\u00e9n\u00e9ralement supprim\u00e9s lorsque vous vous d\u00e9connectez, mais dans certains cas, ils peuvent rester par la suite pour m\u00e9moriser vos pr\u00e9f\u00e9rences de site lorsque vous \u00eates d\u00e9connect\u00e9.<br>\nCookies li\u00e9s \u00e0 la connexionNous utilisons des cookies lorsque vous \u00eates connect\u00e9 afin que nous puissions nous souvenir de ce fait. Cela vous \u00e9vite de devoir vous connecter \u00e0 chaque fois que vous visitez une nouvelle page. Ces cookies sont g\u00e9n\u00e9ralement supprim\u00e9s ou effac\u00e9s lorsque vous vous d\u00e9connectez pour garantir que vous ne pouvez acc\u00e9der qu&#039;aux fonctionnalit\u00e9s et zones restreintes lorsque vous \u00eates connect\u00e9.<br>\nCookies li\u00e9s aux newsletters par e-mail Ce site propose des services d&#039;abonnement \u00e0 des newsletters ou \u00e0 des e-mails et des cookies peuvent \u00eatre utilis\u00e9s pour se souvenir si vous \u00eates d\u00e9j\u00e0 inscrit et pour savoir s&#039;il faut afficher certaines notifications qui pourraient n&#039;\u00eatre valables que pour les utilisateurs abonn\u00e9s\/d\u00e9sabonn\u00e9s.<br>\nCookies li\u00e9s au traitement des commandes Ce site propose des facilit\u00e9s de commerce \u00e9lectronique ou de paiement et certains cookies sont essentiels pour garantir que votre commande est m\u00e9moris\u00e9e entre les pages afin que nous puissions la traiter correctement.<br>\nCookies li\u00e9s aux enqu\u00eatesDe temps \u00e0 autre, nous proposons des enqu\u00eates et des questionnaires pour vous fournir des informations int\u00e9ressantes, des outils utiles ou pour comprendre plus pr\u00e9cis\u00e9ment notre base d&#039;utilisateurs. Ces enqu\u00eates peuvent utiliser des cookies pour se souvenir de qui a d\u00e9j\u00e0 particip\u00e9 \u00e0 une enqu\u00eate ou pour vous fournir des r\u00e9sultats pr\u00e9cis apr\u00e8s avoir chang\u00e9 de page.<br>\nCookies li\u00e9s aux formulairesLorsque vous soumettez des donn\u00e9es via un formulaire tel que ceux trouv\u00e9s sur les pages de contact ou les formulaires de commentaires, des cookies peuvent \u00eatre d\u00e9finis pour m\u00e9moriser vos informations d&#039;utilisateur pour une correspondance future.<br>\nCookies de pr\u00e9f\u00e9rences du site Afin de vous offrir une exp\u00e9rience formidable sur ce site, nous fournissons la fonctionnalit\u00e9 permettant de d\u00e9finir vos pr\u00e9f\u00e9rences quant au fonctionnement de ce site lorsque vous l&#039;utilisez. Afin de m\u00e9moriser vos pr\u00e9f\u00e9rences, nous devons<\/p>\n<\/body><\/html>","protected":false},"excerpt":{"rendered":"<p>Your privacy is important to us. It is Dicas do Rei\u2019s policy to respect your privacy regarding any information we may collect from you across the Dicas do Rei website, and other sites we own and operate. We only ask for personal information when we truly need it to provide a service to you. We [&hellip;]<\/p>\n","protected":false},"author":1,"featured_media":0,"parent":0,"menu_order":0,"comment_status":"closed","ping_status":"closed","template":"","meta":{"footnotes":""},"class_list":["post-17","page","type-page","status-publish","hentry"],"_links":{"self":[{"href":"https:\/\/dicasdorei.com\/fr\/wp-json\/wp\/v2\/pages\/17","targetHints":{"allow":["GET"]}}],"collection":[{"href":"https:\/\/dicasdorei.com\/fr\/wp-json\/wp\/v2\/pages"}],"about":[{"href":"https:\/\/dicasdorei.com\/fr\/wp-json\/wp\/v2\/types\/page"}],"author":[{"embeddable":true,"href":"https:\/\/dicasdorei.com\/fr\/wp-json\/wp\/v2\/users\/1"}],"replies":[{"embeddable":true,"href":"https:\/\/dicasdorei.com\/fr\/wp-json\/wp\/v2\/comments?post=17"}],"version-history":[{"count":3,"href":"https:\/\/dicasdorei.com\/fr\/wp-json\/wp\/v2\/pages\/17\/revisions"}],"predecessor-version":[{"id":8731,"href":"https:\/\/dicasdorei.com\/fr\/wp-json\/wp\/v2\/pages\/17\/revisions\/8731"}],"wp:attachment":[{"href":"https:\/\/dicasdorei.com\/fr\/wp-json\/wp\/v2\/media?parent=17"}],"curies":[{"name":"wp","href":"https:\/\/api.w.org\/{rel}","templated":true}]}}