{"id":8019,"date":"2024-05-27T23:34:51","date_gmt":"2024-05-28T02:34:51","guid":{"rendered":"https:\/\/dicasdorei.com\/?page_id=8019"},"modified":"2024-06-01T10:07:02","modified_gmt":"2024-06-01T13:07:02","slug":"lp-aplicativos-para-jogar-gta-v-no-celular","status":"publish","type":"page","link":"https:\/\/dicasdorei.com\/es\/lp-aplicativos-para-jogar-gta-v-no-celular\/","title":{"rendered":"Aplicaciones para Jugar GTA V en Celular"},"content":{"rendered":"<html><body><p>La evoluci\u00f3n tecnol\u00f3gica de los dispositivos m\u00f3viles ha permitido que juegos que antes eran exclusivos de consolas y PC puedan jugarse en tel\u00e9fonos inteligentes y tabletas. Entre estos juegos destaca Grand Theft Auto V (GTA V), uno de los t\u00edtulos m\u00e1s populares de Rockstar Games.<\/p>\n<p style=\"text-align: center;\"><a class=\"mb-button mb-style-flat mb-size-default mb-corners-default mb-text-style-default  broken_link\" style=\"background-color: #ff0000;\" href=\"https:\/\/dicasdorei.com\/es\/aplicativo-para-jogar-gta-no-seu-celular\/\">\u00a0<i class=\"fa fa-arrow-circle-right\"><\/i>\u00a0 VER LAS MEJORES APLICACIONES<\/a><\/p>\n<p style=\"text-align: center;\"><a class=\"mb-button mb-style-flat mb-size-default mb-corners-default mb-text-style-default  broken_link\" style=\"background-color: #ff0000;\" href=\"https:\/\/dicasdorei.com\/es\/aplicativo-para-jogar-gta-no-seu-celular\/\">\u00a0<i class=\"fa fa-arrow-circle-right\"><\/i>\u00a0 APLICACIONES PARA ANDROID<\/a><\/p>\n<p style=\"text-align: center;\"><a class=\"mb-button mb-style-flat mb-size-default mb-corners-default mb-text-style-default  broken_link\" style=\"background-color: #ff0000;\" href=\"https:\/\/dicasdorei.com\/es\/aplicativo-para-jogar-gta-no-seu-celular\/\">\u00a0<i class=\"fa fa-arrow-circle-right\"><\/i>\u00a0 APLICACIONES PARA IOS<\/a><\/p>\n<p>Lanzado originalmente en 2013 para consolas y luego para PC, GTA V contin\u00faa atrayendo jugadores con su mundo abierto, su historia inmersiva y su amplia gama de actividades. Jugar GTA V en tu celular puede parecer un desaf\u00edo por sus exigencias gr\u00e1ficas y de procesamiento, pero existen soluciones que permiten esta experiencia. Exploremos algunos de ellos.<\/p>\n<h3>Transmisi\u00f3n de juegos<\/h3>\n<p>Una de las formas m\u00e1s eficientes de jugar GTA V en tu celular es a trav\u00e9s de servicios de transmisi\u00f3n de juegos. Estos servicios le permiten reproducir t\u00edtulos de alta calidad sin necesidad de hardware potente en su dispositivo m\u00f3vil. Algunos de los servicios m\u00e1s populares incluyen:<\/p>\n<p><strong>1. NVIDIA GeForce ahora:<\/strong> GeForce Now es un servicio de transmisi\u00f3n que permite a los jugadores acceder a sus bibliotecas de juegos en m\u00faltiples dispositivos, incluidos tel\u00e9fonos inteligentes y tabletas con Android. Con una conexi\u00f3n a Internet estable, puedes jugar a GTA V utilizando la infraestructura del servidor de NVIDIA, que procesa el juego y transmite el v\u00eddeo a tu dispositivo.<\/p>\n<p><strong>2. Xbox Game Pass \u00daltimo:<\/strong> Microsoft ofrece Xbox Game Pass Ultimate, que incluye el servicio de transmisi\u00f3n de juegos xCloud. Con una suscripci\u00f3n activa, los jugadores pueden acceder a una amplia biblioteca de juegos, incluido GTA V, directamente desde su dispositivo m\u00f3vil. Al igual que GeForce Now, xCloud se basa en una s\u00f3lida conexi\u00f3n a Internet para garantizar una experiencia de juego fluida.<\/p>\n<div id=\"attachment_8020\" style=\"width: 760px\" class=\"wp-caption aligncenter\"><img loading=\"lazy\" decoding=\"async\" aria-describedby=\"caption-attachment-8020\" class=\"wp-image-8020 size-full\" src=\"https:\/\/dicasdorei.com\/wp-content\/uploads\/2024\/05\/02095937210037.webp\" alt=\"\" width=\"750\" height=\"500\" srcset=\"https:\/\/dicasdorei.com\/wp-content\/uploads\/2024\/05\/02095937210037.webp 750w, https:\/\/dicasdorei.com\/wp-content\/uploads\/2024\/05\/02095937210037-600x400.webp 600w, https:\/\/dicasdorei.com\/wp-content\/uploads\/2024\/05\/02095937210037-18x12.webp 18w\" sizes=\"auto, (max-width: 750px) 100vw, 750px\" \/><p id=\"caption-attachment-8020\" class=\"wp-caption-text\">Imagen tomada de Google.<\/p><\/div>\n<p><strong>3. Google Stadia:<\/strong> Stadia es la plataforma de streaming de juegos de Google, que tambi\u00e9n permite jugar a t\u00edtulos de alta calidad en dispositivos m\u00f3viles. Aunque GTA V no est\u00e1 disponible directamente en el cat\u00e1logo de Stadia, la plataforma ofrece muchos otros juegos de alta calidad y podr\u00eda convertirse en una opci\u00f3n en el futuro.<\/p>\n<h3>Aplicaciones de emulaci\u00f3n<\/h3>\n<p>Otra forma de jugar GTA V en tu celular es a trav\u00e9s de emuladores. Los emuladores te permiten ejecutar juegos desde otras plataformas en tu dispositivo m\u00f3vil. Sin embargo, es importante se\u00f1alar que la emulaci\u00f3n de juegos puede ser un territorio legalmente complicado y puede no ofrecer la mejor experiencia en t\u00e9rminos de rendimiento y gr\u00e1ficos.<\/p>\n<p>Algunos de los emuladores populares incluyen:<\/p>\n<p style=\"text-align: center;\"><a class=\"mb-button mb-style-flat mb-size-default mb-corners-default mb-text-style-default  broken_link\" style=\"background-color: #ff0000;\" href=\"https:\/\/dicasdorei.com\/es\/aplicativo-para-jogar-gta-no-seu-celular\/\">\u00a0<i class=\"fa fa-arrow-circle-right\"><\/i>\u00a0 VER LAS MEJORES APLICACIONES<\/a><\/p>\n<p style=\"text-align: center;\"><a class=\"mb-button mb-style-flat mb-size-default mb-corners-default mb-text-style-default  broken_link\" style=\"background-color: #ff0000;\" href=\"https:\/\/dicasdorei.com\/es\/aplicativo-para-jogar-gta-no-seu-celular\/\">\u00a0<i class=\"fa fa-arrow-circle-right\"><\/i>\u00a0 APLICACIONES PARA ANDROID<\/a><\/p>\n<p style=\"text-align: center;\"><a class=\"mb-button mb-style-flat mb-size-default mb-corners-default mb-text-style-default  broken_link\" style=\"background-color: #ff0000;\" href=\"https:\/\/dicasdorei.com\/es\/aplicativo-para-jogar-gta-no-seu-celular\/\">\u00a0<i class=\"fa fa-arrow-circle-right\"><\/i>\u00a0 APLICACIONES PARA IOS<\/a><\/p>\n<p><strong>1. Enlace de vapor:<\/strong> Steam Link es una aplicaci\u00f3n desarrollada por Valve que te permite transmitir juegos de tu biblioteca de Steam desde tu PC a tu tel\u00e9fono celular. Esto significa que si ya tienes GTA V en Steam, puedes jugarlo en tu dispositivo m\u00f3vil siempre que est\u00e9 en la misma red Wi-Fi que tu PC.<\/p>\n<p><strong>2. Transmisi\u00f3n de juegos a la luz de la luna:<\/strong> Moonlight es una aplicaci\u00f3n de c\u00f3digo abierto que te permite transmitir juegos desde tu PC a dispositivos m\u00f3viles. Funciona de manera similar a Steam Link, pero ofrece m\u00e1s flexibilidad y es compatible con los juegos de NVIDIA.<\/p>\n<h3>Modificaciones y env\u00edos no oficiales<\/h3>\n<p>Adem\u00e1s de las opciones de transmisi\u00f3n y emulaci\u00f3n, tambi\u00e9n hay modificaciones y ports no oficiales que intentan llevar la experiencia de GTA V a dispositivos m\u00f3viles. Estos proyectos son desarrollados por entusiastas y pueden variar en t\u00e9rminos de calidad y estabilidad. Es importante tener cuidado al descargar e instalar estos archivos ya que pueden contener malware o no funcionar correctamente.<\/p>\n<h3>Consideraciones finales<\/h3>\n<p>Jugar GTA V en tu celular es una realidad gracias al avance de las tecnolog\u00edas de streaming y emulaci\u00f3n. Aunque no existe una versi\u00f3n oficial de GTA V para dispositivos m\u00f3viles, las soluciones mencionadas anteriormente ofrecen alternativas viables para los fan\u00e1ticos del juego que quieran jugar en sus tel\u00e9fonos inteligentes o tabletas.<\/p>\n<p style=\"text-align: center;\"><a class=\"mb-button mb-style-flat mb-size-default mb-corners-default mb-text-style-default  broken_link\" style=\"background-color: #ff0000;\" href=\"https:\/\/dicasdorei.com\/es\/aplicativo-para-jogar-gta-no-seu-celular\/\">\u00a0<i class=\"fa fa-arrow-circle-right\"><\/i>\u00a0 VER LAS MEJORES APLICACIONES<\/a><\/p>\n<p style=\"text-align: center;\"><a class=\"mb-button mb-style-flat mb-size-default mb-corners-default mb-text-style-default  broken_link\" style=\"background-color: #ff0000;\" href=\"https:\/\/dicasdorei.com\/es\/aplicativo-para-jogar-gta-no-seu-celular\/\">\u00a0<i class=\"fa fa-arrow-circle-right\"><\/i>\u00a0 APLICACIONES PARA ANDROID<\/a><\/p>\n<p style=\"text-align: center;\"><a class=\"mb-button mb-style-flat mb-size-default mb-corners-default mb-text-style-default  broken_link\" style=\"background-color: #ff0000;\" href=\"https:\/\/dicasdorei.com\/es\/aplicativo-para-jogar-gta-no-seu-celular\/\">\u00a0<i class=\"fa fa-arrow-circle-right\"><\/i>\u00a0 APLICACIONES PARA IOS<\/a><\/p>\n<p>La clave para una experiencia satisfactoria es una conexi\u00f3n a Internet r\u00e1pida y estable y un dispositivo m\u00f3vil compatible. Con estas herramientas, el vasto y apasionante mundo de Los Santos puede estar a tu alcance, sin importar d\u00f3nde te encuentres.<\/p>\n<\/body><\/html>","protected":false},"excerpt":{"rendered":"<p>A evolu\u00e7\u00e3o tecnol\u00f3gica dos dispositivos m\u00f3veis tem permitido que jogos antes exclusivos de consoles e PCs sejam jogados em smartphones e tablets. Entre esses jogos, destaca-se o Grand Theft Auto V (GTA V), um dos t\u00edtulos mais populares da Rockstar Games. \u00a0\u00a0 VEJA OS MELHORES APLICATIVOS \u00a0\u00a0 APLICATIVOS PARA ANDROID \u00a0\u00a0 APLICATIVOS PARA IOS Originalmente [&hellip;]<\/p>\n","protected":false},"author":1,"featured_media":0,"parent":0,"menu_order":0,"comment_status":"closed","ping_status":"closed","template":"","meta":{"footnotes":""},"class_list":["post-8019","page","type-page","status-publish","hentry"],"_links":{"self":[{"href":"https:\/\/dicasdorei.com\/es\/wp-json\/wp\/v2\/pages\/8019","targetHints":{"allow":["GET"]}}],"collection":[{"href":"https:\/\/dicasdorei.com\/es\/wp-json\/wp\/v2\/pages"}],"about":[{"href":"https:\/\/dicasdorei.com\/es\/wp-json\/wp\/v2\/types\/page"}],"author":[{"embeddable":true,"href":"https:\/\/dicasdorei.com\/es\/wp-json\/wp\/v2\/users\/1"}],"replies":[{"embeddable":true,"href":"https:\/\/dicasdorei.com\/es\/wp-json\/wp\/v2\/comments?post=8019"}],"version-history":[{"count":4,"href":"https:\/\/dicasdorei.com\/es\/wp-json\/wp\/v2\/pages\/8019\/revisions"}],"predecessor-version":[{"id":8053,"href":"https:\/\/dicasdorei.com\/es\/wp-json\/wp\/v2\/pages\/8019\/revisions\/8053"}],"wp:attachment":[{"href":"https:\/\/dicasdorei.com\/es\/wp-json\/wp\/v2\/media?parent=8019"}],"curies":[{"name":"gracias","href":"https:\/\/api.w.org\/{rel}","templated":true}]}}