{"id":19,"date":"2022-02-24T21:18:08","date_gmt":"2022-02-25T00:18:08","guid":{"rendered":"https:\/\/dicasdorei.com\/?page_id=19"},"modified":"2025-01-25T10:56:59","modified_gmt":"2025-01-25T13:56:59","slug":"who-is-the-kings-tips-portal","status":"publish","type":"page","link":"https:\/\/dicasdorei.com\/es\/who-is-the-kings-tips-portal\/","title":{"rendered":"\u00bfQui\u00e9n es el portal de consejos del Rey?"},"content":{"rendered":"<html><body><p>\u00a1Hola! \u00a1Somos el portal Dicas Do Rei! Nuestro principal objetivo es que tengas una gran experiencia al navegar por nuestra web y que puedas encontrar los mejores consejos!<\/p>\n<p>\u00a1Somos un equipo de marketing digital que tiene como objetivo brindar el mejor servicio y contenido para sus aplicaciones!<\/p>\n<p>\u00a1Muchos sitios web publican informaci\u00f3n que no es verdadera, pero nuestro objetivo es brindarle el mejor y m\u00e1s veraz contenido posible!<\/p>\n<p>Nos preocupamos sobre todo por la veracidad e integridad de nuestro contenido.<\/p>\n<p>\u00a1El objetivo de este sitio web es que tengas la mejor navegaci\u00f3n posible y que disfrutes de nuestros contenidos! Queremos tenerte aqu\u00ed con nosotros siempre.<\/p>\n<p>COMPROMISO CON LOS USUARIOS DEL SITIO WEB DE DICAS DO REI<br>\nLo que m\u00e1s nos importa es la satisfacci\u00f3n de nuestros lectores, \u00a1queremos traerte el mejor contenido!<\/p>\n<p>As\u00ed que queremos dejar muy claro que nos encanta tenerte aqu\u00ed con nosotros. \u00a1Tambi\u00e9n nos gusta mucho cuando nuestros usuarios interact\u00faan con nuestro equipo para que podamos comunicarnos y publicar todo lo que quieres ver!<\/p>\n<p>\u00a1Sus preguntas, opiniones y quejas son muy importantes para nosotros! Nuestro equipo estar\u00e1 encantado de analizar todo con mucho cuidado.<\/p>\n<p>As\u00ed que no dudes en contactarnos a trav\u00e9s de la p\u00e1gina CONTACTO.<\/p>\n<p>Recuerda que nuestro equipo nunca har\u00e1 nada que no sea correcto, como SPAM, etc.<\/p>\n<p>Nuestro contenido digital ofrece en todas las publicaciones:<br>\nPol\u00edticas de privacidad;<br>\nFormulario de contacto;<br>\nMapa del sitio. (pagina que contiene todas nuestras publicaciones).<\/p>\n<p>Este sitio ha sido escrito por el equipo de DICASDOREI, por lo tanto cuenta con toda la experiencia y dedicaci\u00f3n de un equipo muy experimentado.<\/p>\n<p>Nos comprometemos a traer siempre nuevos consejos y noticias a nuestros lectores. \u00a1Tambi\u00e9n facilitamos la fecha de cada contenido en nuestras publicaciones para que puedas estar al tanto de las novedades!<\/p>\n<p>As\u00ed que\u2026 \u00a1no pierdas tiempo y env\u00edanos tu opini\u00f3n!<\/p>\n<p>Atentamente,<\/p>\n<p>Equipo de DICASDOREI.COM<\/p>\n<\/body><\/html>","protected":false},"excerpt":{"rendered":"<p>Hi! We are the portal Dicas Do Rei! Our main goal is for you to have a great experience when browsing our website and for you to be able to find the best tips! We are a digital marketing team that aims to provide the best service and content for you applications! Many websites are [&hellip;]<\/p>\n","protected":false},"author":1,"featured_media":0,"parent":0,"menu_order":0,"comment_status":"closed","ping_status":"closed","template":"","meta":{"footnotes":""},"class_list":["post-19","page","type-page","status-publish","hentry"],"_links":{"self":[{"href":"https:\/\/dicasdorei.com\/es\/wp-json\/wp\/v2\/pages\/19","targetHints":{"allow":["GET"]}}],"collection":[{"href":"https:\/\/dicasdorei.com\/es\/wp-json\/wp\/v2\/pages"}],"about":[{"href":"https:\/\/dicasdorei.com\/es\/wp-json\/wp\/v2\/types\/page"}],"author":[{"embeddable":true,"href":"https:\/\/dicasdorei.com\/es\/wp-json\/wp\/v2\/users\/1"}],"replies":[{"embeddable":true,"href":"https:\/\/dicasdorei.com\/es\/wp-json\/wp\/v2\/comments?post=19"}],"version-history":[{"count":2,"href":"https:\/\/dicasdorei.com\/es\/wp-json\/wp\/v2\/pages\/19\/revisions"}],"predecessor-version":[{"id":8729,"href":"https:\/\/dicasdorei.com\/es\/wp-json\/wp\/v2\/pages\/19\/revisions\/8729"}],"wp:attachment":[{"href":"https:\/\/dicasdorei.com\/es\/wp-json\/wp\/v2\/media?parent=19"}],"curies":[{"name":"gracias","href":"https:\/\/api.w.org\/{rel}","templated":true}]}}