{"id":8019,"date":"2024-05-27T23:34:51","date_gmt":"2024-05-28T02:34:51","guid":{"rendered":"https:\/\/dicasdorei.com\/?page_id=8019"},"modified":"2024-06-01T10:07:02","modified_gmt":"2024-06-01T13:07:02","slug":"lp-aplicativos-para-jogar-gta-v-no-celular","status":"publish","type":"page","link":"https:\/\/dicasdorei.com\/de\/lp-aplicativos-para-jogar-gta-v-no-celular\/","title":{"rendered":"Anwendungen zum Spielen von GTA V auf dem Mobiltelefon"},"content":{"rendered":"<html><body><p>Der technologische Fortschritt mobiler Ger\u00e4te erm\u00f6glicht es, Spiele, die bisher nur auf Konsolen und PCs verf\u00fcgbar waren, auch auf Smartphones und Tablets zu spielen. Zu diesen Spielen z\u00e4hlt Grand Theft Auto V (GTA V), einer der beliebtesten Titel von Rockstar Games.<\/p>\n<p style=\"text-align: center;\"><a class=\"mb-button mb-style-flat mb-size-default mb-corners-default mb-text-style-default  broken_link\" style=\"background-color: #ff0000;\" href=\"https:\/\/dicasdorei.com\/de\/aplicativo-para-jogar-gta-no-seu-celular\/\">\u00a0<i class=\"fa fa-arrow-circle-right\"><\/i>\u00a0 SEHEN SIE SICH DIE BESTEN APPS AN<\/a><\/p>\n<p style=\"text-align: center;\"><a class=\"mb-button mb-style-flat mb-size-default mb-corners-default mb-text-style-default  broken_link\" style=\"background-color: #ff0000;\" href=\"https:\/\/dicasdorei.com\/de\/aplicativo-para-jogar-gta-no-seu-celular\/\">\u00a0<i class=\"fa fa-arrow-circle-right\"><\/i>\u00a0 ANWENDUNGEN F\u00dcR ANDROID<\/a><\/p>\n<p style=\"text-align: center;\"><a class=\"mb-button mb-style-flat mb-size-default mb-corners-default mb-text-style-default  broken_link\" style=\"background-color: #ff0000;\" href=\"https:\/\/dicasdorei.com\/de\/aplicativo-para-jogar-gta-no-seu-celular\/\">\u00a0<i class=\"fa fa-arrow-circle-right\"><\/i>\u00a0 ANWENDUNGEN F\u00dcR IOS<\/a><\/p>\n<p>GTA V erschien urspr\u00fcnglich 2013 f\u00fcr Konsolen und sp\u00e4ter f\u00fcr den PC und begeistert weiterhin Spieler mit seiner offenen Welt, der fesselnden Handlung und den vielf\u00e4ltigen Aktivit\u00e4ten. GTA V auf Mobilger\u00e4ten zu spielen, mag aufgrund der Grafik- und Rechenleistungsanforderungen herausfordernd erscheinen, doch es gibt L\u00f6sungen, die dieses Erlebnis erm\u00f6glichen. Schauen wir uns einige davon an.<\/p>\n<h3>Spiel-Streaming<\/h3>\n<p>Eine der effizientesten M\u00f6glichkeiten, GTA V auf dem Handy zu spielen, sind Game-Streaming-Dienste. Diese Dienste erm\u00f6glichen es Ihnen, hochwertige Titel zu spielen, ohne leistungsstarke mobile Hardware zu ben\u00f6tigen. Zu den beliebtesten Diensten geh\u00f6ren:<\/p>\n<p><strong>1. NVIDIA GeForce Now:<\/strong> GeForce Now ist ein Streaming-Dienst, der Spielern den Zugriff auf ihre Spielebibliotheken \u00fcber mehrere Ger\u00e4te hinweg erm\u00f6glicht, darunter Android-Smartphones und -Tablets. Mit einer stabilen Internetverbindung k\u00f6nnen Sie GTA V \u00fcber die Serverinfrastruktur von NVIDIA spielen, die das Spiel verarbeitet und das Video auf Ihr Ger\u00e4t streamt.<\/p>\n<p><strong>2. Xbox Game Pass Ultimate:<\/strong> Microsoft bietet den Xbox Game Pass Ultimate an, der den Game-Streaming-Dienst xCloud beinhaltet. Mit einem aktiven Abonnement k\u00f6nnen Spieler direkt von ihren Mobilger\u00e4ten auf eine umfangreiche Spielebibliothek, darunter GTA V, zugreifen. Wie GeForce Now ben\u00f6tigt auch xCloud eine stabile Internetverbindung, um ein reibungsloses Spielerlebnis zu gew\u00e4hrleisten.<\/p>\n<div id=\"attachment_8020\" style=\"width: 760px\" class=\"wp-caption aligncenter\"><img loading=\"lazy\" decoding=\"async\" aria-describedby=\"caption-attachment-8020\" class=\"wp-image-8020 size-full\" src=\"https:\/\/dicasdorei.com\/wp-content\/uploads\/2024\/05\/02095937210037.webp\" alt=\"\" width=\"750\" height=\"500\" srcset=\"https:\/\/dicasdorei.com\/wp-content\/uploads\/2024\/05\/02095937210037.webp 750w, https:\/\/dicasdorei.com\/wp-content\/uploads\/2024\/05\/02095937210037-600x400.webp 600w, https:\/\/dicasdorei.com\/wp-content\/uploads\/2024\/05\/02095937210037-18x12.webp 18w\" sizes=\"auto, (max-width: 750px) 100vw, 750px\" \/><p id=\"caption-attachment-8020\" class=\"wp-caption-text\">Bild von Google \u00fcbernommen.<\/p><\/div>\n<p><strong>3. Google Stadia:<\/strong> Stadia ist Googles Spiele-Streaming-Plattform, die es erm\u00f6glicht, hochwertige Titel auch auf Mobilger\u00e4ten zu spielen. GTA V ist zwar nicht direkt im Stadia-Katalog verf\u00fcgbar, die Plattform bietet jedoch viele andere hochwertige Spiele und k\u00f6nnte in Zukunft eine Option werden.<\/p>\n<h3>Emulationsanwendungen<\/h3>\n<p>Eine weitere M\u00f6glichkeit, GTA V auf Mobilger\u00e4ten zu spielen, sind Emulatoren. Mit Emulatoren k\u00f6nnen Sie Spiele anderer Plattformen auf Ihrem Mobilger\u00e4t ausf\u00fchren. Beachten Sie jedoch, dass die Emulation von Spielen rechtlich schwierig sein kann und m\u00f6glicherweise nicht das beste Spielerlebnis in Bezug auf Leistung und Grafik bietet.<\/p>\n<p>Zu den beliebtesten Emulatoren geh\u00f6ren:<\/p>\n<p style=\"text-align: center;\"><a class=\"mb-button mb-style-flat mb-size-default mb-corners-default mb-text-style-default  broken_link\" style=\"background-color: #ff0000;\" href=\"https:\/\/dicasdorei.com\/de\/aplicativo-para-jogar-gta-no-seu-celular\/\">\u00a0<i class=\"fa fa-arrow-circle-right\"><\/i>\u00a0 SEHEN SIE SICH DIE BESTEN APPS AN<\/a><\/p>\n<p style=\"text-align: center;\"><a class=\"mb-button mb-style-flat mb-size-default mb-corners-default mb-text-style-default  broken_link\" style=\"background-color: #ff0000;\" href=\"https:\/\/dicasdorei.com\/de\/aplicativo-para-jogar-gta-no-seu-celular\/\">\u00a0<i class=\"fa fa-arrow-circle-right\"><\/i>\u00a0 ANWENDUNGEN F\u00dcR ANDROID<\/a><\/p>\n<p style=\"text-align: center;\"><a class=\"mb-button mb-style-flat mb-size-default mb-corners-default mb-text-style-default  broken_link\" style=\"background-color: #ff0000;\" href=\"https:\/\/dicasdorei.com\/de\/aplicativo-para-jogar-gta-no-seu-celular\/\">\u00a0<i class=\"fa fa-arrow-circle-right\"><\/i>\u00a0 ANWENDUNGEN F\u00dcR IOS<\/a><\/p>\n<p><strong>1. Steam-Link:<\/strong> Steam Link ist eine von Valve entwickelte Anwendung, mit der Sie Spiele aus Ihrer Steam-Bibliothek von Ihrem PC auf Ihr Mobilger\u00e4t streamen k\u00f6nnen. Das bedeutet: Wenn Sie GTA V bereits auf Steam besitzen, k\u00f6nnen Sie es auf Ihrem Mobilger\u00e4t spielen, solange es sich im selben WLAN-Netzwerk wie Ihr PC befindet.<\/p>\n<p><strong>2. Moonlight-Game-Streaming:<\/strong> Moonlight ist eine Open-Source-Anwendung, mit der Sie Spiele vom PC auf Mobilger\u00e4te streamen k\u00f6nnen. Sie funktioniert \u00e4hnlich wie Steam Link, bietet aber mehr Flexibilit\u00e4t und ist mit NVIDIA-Spielen kompatibel.<\/p>\n<h3>Inoffizielle Modifikationen und Ports<\/h3>\n<p>Neben Streaming- und Emulationsoptionen gibt es auch inoffizielle Modifikationen und Ports, die das GTA V-Erlebnis auf mobile Ger\u00e4te bringen sollen. Diese Projekte werden von Enthusiasten entwickelt und k\u00f6nnen in Qualit\u00e4t und Stabilit\u00e4t variieren. Seien Sie beim Herunterladen und Installieren dieser Dateien vorsichtig, da sie Malware enthalten oder Fehlfunktionen verursachen k\u00f6nnen.<\/p>\n<h3>Schlussbetrachtungen<\/h3>\n<p>Dank der Fortschritte in den Bereichen Streaming und Emulation ist es jetzt m\u00f6glich, GTA V auf Mobilger\u00e4ten zu spielen. Obwohl es keine offizielle Version von GTA V f\u00fcr Mobilger\u00e4te gibt, bieten die oben genannten L\u00f6sungen praktikable Alternativen f\u00fcr Fans des Spiels, die auf ihren Smartphones oder Tablets spielen m\u00f6chten.<\/p>\n<p style=\"text-align: center;\"><a class=\"mb-button mb-style-flat mb-size-default mb-corners-default mb-text-style-default  broken_link\" style=\"background-color: #ff0000;\" href=\"https:\/\/dicasdorei.com\/de\/aplicativo-para-jogar-gta-no-seu-celular\/\">\u00a0<i class=\"fa fa-arrow-circle-right\"><\/i>\u00a0 SEHEN SIE SICH DIE BESTEN APPS AN<\/a><\/p>\n<p style=\"text-align: center;\"><a class=\"mb-button mb-style-flat mb-size-default mb-corners-default mb-text-style-default  broken_link\" style=\"background-color: #ff0000;\" href=\"https:\/\/dicasdorei.com\/de\/aplicativo-para-jogar-gta-no-seu-celular\/\">\u00a0<i class=\"fa fa-arrow-circle-right\"><\/i>\u00a0 ANWENDUNGEN F\u00dcR ANDROID<\/a><\/p>\n<p style=\"text-align: center;\"><a class=\"mb-button mb-style-flat mb-size-default mb-corners-default mb-text-style-default  broken_link\" style=\"background-color: #ff0000;\" href=\"https:\/\/dicasdorei.com\/de\/aplicativo-para-jogar-gta-no-seu-celular\/\">\u00a0<i class=\"fa fa-arrow-circle-right\"><\/i>\u00a0 ANWENDUNGEN F\u00dcR IOS<\/a><\/p>\n<p>Der Schl\u00fcssel zu einem zufriedenstellenden Erlebnis ist eine stabile und schnelle Internetverbindung sowie ein kompatibles Mobilger\u00e4t. Mit diesen Tools steht Ihnen die riesige und aufregende Welt von Los Santos jederzeit zur Verf\u00fcgung, egal wo Sie sind.<\/p>\n<\/body><\/html>","protected":false},"excerpt":{"rendered":"<p>A evolu\u00e7\u00e3o tecnol\u00f3gica dos dispositivos m\u00f3veis tem permitido que jogos antes exclusivos de consoles e PCs sejam jogados em smartphones e tablets. Entre esses jogos, destaca-se o Grand Theft Auto V (GTA V), um dos t\u00edtulos mais populares da Rockstar Games. \u00a0\u00a0 VEJA OS MELHORES APLICATIVOS \u00a0\u00a0 APLICATIVOS PARA ANDROID \u00a0\u00a0 APLICATIVOS PARA IOS Originalmente [&hellip;]<\/p>\n","protected":false},"author":1,"featured_media":0,"parent":0,"menu_order":0,"comment_status":"closed","ping_status":"closed","template":"","meta":{"footnotes":""},"class_list":["post-8019","page","type-page","status-publish","hentry"],"_links":{"self":[{"href":"https:\/\/dicasdorei.com\/de\/wp-json\/wp\/v2\/pages\/8019","targetHints":{"allow":["GET"]}}],"collection":[{"href":"https:\/\/dicasdorei.com\/de\/wp-json\/wp\/v2\/pages"}],"about":[{"href":"https:\/\/dicasdorei.com\/de\/wp-json\/wp\/v2\/types\/page"}],"author":[{"embeddable":true,"href":"https:\/\/dicasdorei.com\/de\/wp-json\/wp\/v2\/users\/1"}],"replies":[{"embeddable":true,"href":"https:\/\/dicasdorei.com\/de\/wp-json\/wp\/v2\/comments?post=8019"}],"version-history":[{"count":4,"href":"https:\/\/dicasdorei.com\/de\/wp-json\/wp\/v2\/pages\/8019\/revisions"}],"predecessor-version":[{"id":8053,"href":"https:\/\/dicasdorei.com\/de\/wp-json\/wp\/v2\/pages\/8019\/revisions\/8053"}],"wp:attachment":[{"href":"https:\/\/dicasdorei.com\/de\/wp-json\/wp\/v2\/media?parent=8019"}],"curies":[{"name":"wp","href":"https:\/\/api.w.org\/{rel}","templated":true}]}}