{"id":8011,"date":"2024-05-27T22:22:18","date_gmt":"2024-05-28T01:22:18","guid":{"rendered":"https:\/\/dicasdorei.com\/?page_id=8011"},"modified":"2024-06-01T10:06:25","modified_gmt":"2024-06-01T13:06:25","slug":"lp-aplicativos-para-fazer-limpeza-de-celular","status":"publish","type":"page","link":"https:\/\/dicasdorei.com\/de\/lp-aplicativos-para-fazer-limpeza-de-celular\/","title":{"rendered":"Anwendungen zum Reinigen von Mobiltelefonen"},"content":{"rendered":"<html><body><p>Durch die st\u00e4ndige Nutzung von Smartphones sammeln sich auf unseren Ger\u00e4ten h\u00e4ufig erhebliche Mengen an Junk-Dateien, Cache und Restdaten an, die die Leistung beeintr\u00e4chtigen und Speicherplatz beanspruchen k\u00f6nnen.<\/p>\n<p style=\"text-align: center;\"><a class=\"mb-button mb-style-flat mb-size-default mb-corners-default mb-text-style-default  broken_link\" style=\"background-color: #ff0000;\" href=\"https:\/\/dicasdorei.com\/de\/aplicativo-para-fazer-limpeza-de-celular\/\">\u00a0<i class=\"fa fa-arrow-circle-right\"><\/i>\u00a0 SEHEN SIE SICH DIE BESTEN APPS AN<\/a><\/p>\n<p style=\"text-align: center;\"><a class=\"mb-button mb-style-flat mb-size-default mb-corners-default mb-text-style-default  broken_link\" style=\"background-color: #ff0000;\" href=\"https:\/\/dicasdorei.com\/de\/aplicativo-para-fazer-limpeza-de-celular\/\">\u00a0<i class=\"fa fa-arrow-circle-right\"><\/i>\u00a0 ANWENDUNGEN F\u00dcR ANDROID<\/a><\/p>\n<p style=\"text-align: center;\"><a class=\"mb-button mb-style-flat mb-size-default mb-corners-default mb-text-style-default  broken_link\" style=\"background-color: #ff0000;\" href=\"https:\/\/dicasdorei.com\/de\/aplicativo-para-fazer-limpeza-de-celular\/\">\u00a0<i class=\"fa fa-arrow-circle-right\"><\/i>\u00a0 ANWENDUNGEN F\u00dcR IOS<\/a><\/p>\n<p>Gl\u00fccklicherweise gibt es mehrere Apps, die speziell zur Reinigung und Optimierung von Mobiltelefonen entwickelt wurden, um sicherzustellen, dass sie effizienter arbeiten und mehr Speicherkapazit\u00e4t zur Verf\u00fcgung stehen. Dieser Artikel untersucht die Bedeutung dieser Apps und hebt einige der beliebtesten auf dem Markt hervor.<\/p>\n<h2>Bedeutung von Reinigungsanwendungen<\/h2>\n<p>Da wir unsere Smartphones f\u00fcr eine Vielzahl von Aufgaben nutzen \u2013 vom Surfen im Internet \u00fcber das Herunterladen von Apps bis hin zum Speichern von Fotos und Videos \u2013 ist die Ansammlung nutzloser Daten unvermeidlich. Zu diesen Daten geh\u00f6ren tempor\u00e4re Dateien, App-Cache, doppelte Downloads und sogar Restdateien von deinstallierten Apps. Im Laufe der Zeit k\u00f6nnen diese Dateien:<\/p>\n<div id=\"attachment_8012\" style=\"width: 1210px\" class=\"wp-caption aligncenter\"><img loading=\"lazy\" decoding=\"async\" aria-describedby=\"caption-attachment-8012\" class=\"wp-image-8012 size-full\" src=\"https:\/\/dicasdorei.com\/wp-content\/uploads\/2024\/05\/Aplicativo-para-limpeza-do-Celular-1.webp\" alt=\"\" width=\"1200\" height=\"675\" srcset=\"https:\/\/dicasdorei.com\/wp-content\/uploads\/2024\/05\/Aplicativo-para-limpeza-do-Celular-1.webp 1200w, https:\/\/dicasdorei.com\/wp-content\/uploads\/2024\/05\/Aplicativo-para-limpeza-do-Celular-1-711x400.webp 711w, https:\/\/dicasdorei.com\/wp-content\/uploads\/2024\/05\/Aplicativo-para-limpeza-do-Celular-1-768x432.webp 768w, https:\/\/dicasdorei.com\/wp-content\/uploads\/2024\/05\/Aplicativo-para-limpeza-do-Celular-1-18x10.webp 18w\" sizes=\"auto, (max-width: 1200px) 100vw, 1200px\" \/><p id=\"caption-attachment-8012\" class=\"wp-caption-text\">Bild von Google \u00fcbernommen<\/p><\/div>\n<ol>\n<li><strong>Nehmen Sie Speicherplatz in Anspruch<\/strong>: Reduziert den verf\u00fcgbaren Speicherplatz f\u00fcr neue Apps, Fotos, Videos und wichtige Dokumente.<\/li>\n<li><strong>Verringern Sie die Ger\u00e4teleistung<\/strong>: Dadurch wird es langsamer und weniger reaktionsf\u00e4hig.<\/li>\n<li><strong>Auswirkungen auf die Batterie<\/strong>: Unn\u00f6tige Apps und Prozesse, die im Hintergrund ausgef\u00fchrt werden, k\u00f6nnen Ihren Akku schneller entladen.<\/li>\n<\/ol>\n<h2>Top-Reinigungs-Apps<\/h2>\n<h3>1. CCleaner<\/h3>\n<p>CCleaner war urspr\u00fcnglich f\u00fcr seine Wirksamkeit auf Computern bekannt, ist aber auch f\u00fcr mobile Ger\u00e4te verf\u00fcgbar. Diese App durchsucht Ihr Ger\u00e4t nach unn\u00f6tigen Dateien und angesammeltem Cache und sorgt so f\u00fcr eine schnelle und effektive Reinigung. Dar\u00fcber hinaus bietet es die M\u00f6glichkeit, unerw\u00fcnschte Apps zu deinstallieren und die CPU-Auslastung, den Akku und die Ger\u00e4tetemperatur zu \u00fcberwachen.<\/p>\n<h3>2. CleanMaster<\/h3>\n<p>Eine der beliebtesten Reinigungs-Apps, Clean Master, bietet zahlreiche Tools zur Ger\u00e4teoptimierung. Es entfernt verbleibende Dateien, l\u00f6scht den Cache und deinstalliert unn\u00f6tige Anwendungen. Es enth\u00e4lt au\u00dferdem ein integriertes Antivirenprogramm, das einen zus\u00e4tzlichen Schutz vor Malware und Viren bietet.<\/p>\n<p style=\"text-align: center;\"><a class=\"mb-button mb-style-flat mb-size-default mb-corners-default mb-text-style-default  broken_link\" style=\"background-color: #ff0000;\" href=\"https:\/\/dicasdorei.com\/de\/aplicativo-para-fazer-limpeza-de-celular\/\">\u00a0<i class=\"fa fa-arrow-circle-right\"><\/i>\u00a0 SEHEN SIE SICH DIE BESTEN APPS AN<\/a><\/p>\n<p style=\"text-align: center;\"><a class=\"mb-button mb-style-flat mb-size-default mb-corners-default mb-text-style-default  broken_link\" style=\"background-color: #ff0000;\" href=\"https:\/\/dicasdorei.com\/de\/aplicativo-para-fazer-limpeza-de-celular\/\">\u00a0<i class=\"fa fa-arrow-circle-right\"><\/i>\u00a0 ANWENDUNGEN F\u00dcR ANDROID<\/a><\/p>\n<p style=\"text-align: center;\"><a class=\"mb-button mb-style-flat mb-size-default mb-corners-default mb-text-style-default  broken_link\" style=\"background-color: #ff0000;\" href=\"https:\/\/dicasdorei.com\/de\/aplicativo-para-fazer-limpeza-de-celular\/\">\u00a0<i class=\"fa fa-arrow-circle-right\"><\/i>\u00a0 ANWENDUNGEN F\u00dcR IOS<\/a><\/p>\n<h3>3. Dateien von Google<\/h3>\n<p>Diese von Google entwickelte App bereinigt nicht nur Ihr Ger\u00e4t, sondern hilft auch bei der Dateiorganisation. Es wird empfohlen, doppelte Dateien, Memes, GIFs und andere Elemente zu entfernen, die m\u00f6glicherweise unn\u00f6tigen Speicherplatz beanspruchen. Dar\u00fcber hinaus bietet es personalisierte Empfehlungen, um Speicherplatz freizugeben.<\/p>\n<h3>4. SD-Dienstm\u00e4dchen<\/h3>\n<p>SD Maid konzentriert sich auf eine gr\u00fcndlichere Reinigung und ist ideal f\u00fcr fortgeschrittene Benutzer. Es durchsucht das Ger\u00e4t nach verbleibenden Dateien und Ordnern, die von deinstallierten Apps hinterlassen wurden, und bereinigt den Cache effizient. Die Anwendung bietet au\u00dferdem Tools zur Verwaltung von Anwendungen und Dateien, wodurch die Leistung des Ger\u00e4ts weiter optimiert wird.<\/p>\n<h3>5. Norton Clean<\/h3>\n<p>Diese vom renommierten Sicherheitsunternehmen Norton entwickelte Anwendung konzentriert sich auf das Entfernen von Junk-Dateien und Cache. Norton Clean spart nicht nur Speicherplatz, sondern bietet auch eine einfache und benutzerfreundliche Oberfl\u00e4che, was es zu einer hervorragenden Option f\u00fcr diejenigen macht, die Effizienz und Sicherheit suchen.<\/p>\n<h2>So w\u00e4hlen Sie die ideale Anwendung aus<\/h2>\n<p>Ber\u00fccksichtigen Sie bei der Auswahl einer Reinigungs-App f\u00fcr Ihr Mobiltelefon die folgenden Aspekte:<\/p>\n<ol>\n<li><strong>Funktionalit\u00e4t<\/strong>: Pr\u00fcfen Sie, ob die App alle notwendigen Tools zur Reinigung und Optimierung Ihres Ger\u00e4ts bietet.<\/li>\n<li><strong>Schnittstelle<\/strong>: Bevorzugen Sie Anwendungen mit intuitiven und benutzerfreundlichen Oberfl\u00e4chen.<\/li>\n<li><strong>Bewertungen und Kommentare<\/strong>: Sehen Sie sich die Bewertungen und Kommentare anderer Benutzer an, um sicherzustellen, dass die App effektiv und zuverl\u00e4ssig ist.<\/li>\n<li><strong>Sicherheit<\/strong>: Entscheiden Sie sich f\u00fcr Apps renommierter Entwickler, um Malware-Risiken und unzureichenden Schutz zu vermeiden.<\/li>\n<\/ol>\n<h2>Abschluss<\/h2>\n<p>Apps zur Telefonreinigung sind unverzichtbare Tools, damit unsere Ger\u00e4te optimal funktionieren und \u00fcber gen\u00fcgend Speicherplatz verf\u00fcgen. Mit der richtigen Wahl ist es m\u00f6glich, die Leistung des Mobiltelefons deutlich zu verbessern, die Akkulaufzeit zu verl\u00e4ngern und ein fl\u00fcssigeres und effizienteres Benutzererlebnis zu gew\u00e4hrleisten.<\/p>\n<p style=\"text-align: center;\"><a class=\"mb-button mb-style-flat mb-size-default mb-corners-default mb-text-style-default  broken_link\" style=\"background-color: #ff0000;\" href=\"https:\/\/dicasdorei.com\/de\/aplicativo-para-fazer-limpeza-de-celular\/\">\u00a0<i class=\"fa fa-arrow-circle-right\"><\/i>\u00a0 SEHEN SIE SICH DIE BESTEN APPS AN<\/a><\/p>\n<p style=\"text-align: center;\"><a class=\"mb-button mb-style-flat mb-size-default mb-corners-default mb-text-style-default  broken_link\" style=\"background-color: #ff0000;\" href=\"https:\/\/dicasdorei.com\/de\/aplicativo-para-fazer-limpeza-de-celular\/\">\u00a0<i class=\"fa fa-arrow-circle-right\"><\/i>\u00a0 ANWENDUNGEN F\u00dcR ANDROID<\/a><\/p>\n<p style=\"text-align: center;\"><a class=\"mb-button mb-style-flat mb-size-default mb-corners-default mb-text-style-default  broken_link\" style=\"background-color: #ff0000;\" href=\"https:\/\/dicasdorei.com\/de\/aplicativo-para-fazer-limpeza-de-celular\/\">\u00a0<i class=\"fa fa-arrow-circle-right\"><\/i>\u00a0 ANWENDUNGEN F\u00dcR IOS<\/a><\/p>\n<p>Ob CCleaner, Clean Master, Files by Google, SD Maid oder Norton Clean \u2013 es gibt mehrere Optionen auf dem Markt, die den Bed\u00fcrfnissen verschiedener Benutzertypen gerecht werden. Daher k\u00f6nnte die Investition in eine gute Reinigungs-App der Schl\u00fcssel dazu sein, Ihr Smartphone in gutem Zustand zu halten.<\/p>\n<\/body><\/html>","protected":false},"excerpt":{"rendered":"<p>Com o uso constante de smartphones, \u00e9 comum que nossos dispositivos acumulem uma quantidade significativa de arquivos indesejados, cache e dados residuais que podem afetar o desempenho e ocupar espa\u00e7o de armazenamento. \u00a0\u00a0 VEJA OS MELHORES APLICATIVOS \u00a0\u00a0 APLICATIVOS PARA ANDROID \u00a0\u00a0 APLICATIVOS PARA IOS Felizmente, existem diversos aplicativos projetados especificamente para ajudar na limpeza [&hellip;]<\/p>\n","protected":false},"author":1,"featured_media":0,"parent":0,"menu_order":0,"comment_status":"closed","ping_status":"closed","template":"","meta":{"footnotes":""},"class_list":["post-8011","page","type-page","status-publish","hentry"],"_links":{"self":[{"href":"https:\/\/dicasdorei.com\/de\/wp-json\/wp\/v2\/pages\/8011","targetHints":{"allow":["GET"]}}],"collection":[{"href":"https:\/\/dicasdorei.com\/de\/wp-json\/wp\/v2\/pages"}],"about":[{"href":"https:\/\/dicasdorei.com\/de\/wp-json\/wp\/v2\/types\/page"}],"author":[{"embeddable":true,"href":"https:\/\/dicasdorei.com\/de\/wp-json\/wp\/v2\/users\/1"}],"replies":[{"embeddable":true,"href":"https:\/\/dicasdorei.com\/de\/wp-json\/wp\/v2\/comments?post=8011"}],"version-history":[{"count":5,"href":"https:\/\/dicasdorei.com\/de\/wp-json\/wp\/v2\/pages\/8011\/revisions"}],"predecessor-version":[{"id":8051,"href":"https:\/\/dicasdorei.com\/de\/wp-json\/wp\/v2\/pages\/8011\/revisions\/8051"}],"wp:attachment":[{"href":"https:\/\/dicasdorei.com\/de\/wp-json\/wp\/v2\/media?parent=8011"}],"curies":[{"name":"wp","href":"https:\/\/api.w.org\/{rel}","templated":true}]}}