{"id":450,"date":"2022-04-08T00:05:27","date_gmt":"2022-04-08T03:05:27","guid":{"rendered":"https:\/\/dicasdorei.com\/?page_id=450"},"modified":"2025-01-25T10:56:35","modified_gmt":"2025-01-25T13:56:35","slug":"terms-of-use","status":"publish","type":"page","link":"https:\/\/dicasdorei.com\/de\/terms-of-use\/","title":{"rendered":"Nutzungsbedingungen"},"content":{"rendered":"<html><body><p>1. Bedingungen<\/p>\n<p>Indem Sie auf die Website von Dicas do Rei zugreifen, erkl\u00e4ren Sie sich mit diesen Servicebedingungen sowie allen geltenden Gesetzen und Vorschriften einverstanden und erkl\u00e4ren sich damit einverstanden, dass Sie f\u00fcr die Einhaltung aller geltenden \u00f6rtlichen Gesetze verantwortlich sind. Wenn Sie mit diesen Bedingungen nicht einverstanden sind, ist Ihnen die Nutzung dieser Site und der Zugriff darauf untersagt. Die auf dieser Site enthaltenen Materialien sind durch geltendes Urheber- und Markenrecht gesch\u00fctzt.<\/p>\n<p>2. Nutzung der Lizenz<\/p>\n<p>Es wird die Erlaubnis erteilt, vor\u00fcbergehend eine Kopie der Materialien (Informationen oder Software) auf der Website von Dicas do Rei f\u00fcr die ausschlie\u00dflich pers\u00f6nliche, nicht kommerzielle, vor\u00fcbergehende Ansicht herunterzuladen. Hierbei handelt es sich um die Gew\u00e4hrung einer Lizenz und nicht um die \u00dcbertragung eines Eigentumsrechts. Im Rahmen dieser Lizenz d\u00fcrfen Sie nicht:<\/p>\n<p>die Materialien ver\u00e4ndern oder kopieren;<br>\ndie Materialien f\u00fcr kommerzielle Zwecke oder f\u00fcr die \u00f6ffentliche Darstellung (kommerziell oder nicht kommerziell) zu verwenden;<br>\nversuchen, Software auf der Website von Dicas do Rei zu dekompilieren oder zur\u00fcckzuentwickeln;<br>\ns\u00e4mtliche Urheberrechtsvermerke oder sonstige Eigentumsvermerke aus den Materialien entfernen; oder<br>\ndie Materialien an eine andere Person \u00fcbertragen oder die Materialien auf einem anderen Server \u201espiegeln\u201c.<\/p>\n<p>Diese Lizenz erlischt automatisch, wenn Sie gegen eine dieser Beschr\u00e4nkungen versto\u00dfen, und kann von Dicas do Rei jederzeit gek\u00fcndigt werden. Wenn Sie die Anzeige dieser Materialien beenden oder diese Lizenz erlischt, m\u00fcssen Sie s\u00e4mtliche heruntergeladenen Materialien in Ihrem Besitz vernichten, unabh\u00e4ngig davon, ob sie in elektronischer oder gedruckter Form vorliegen.<\/p>\n<p>3. Haftungsausschluss<br>\nDie Materialien auf der Website von Dicas do Rei werden \u201ewie besehen\u201c bereitgestellt. King&#039;s Tips \u00fcbernimmt keine Garantien, weder ausdr\u00fccklich noch stillschweigend, und schlie\u00dft hiermit alle anderen Garantien aus, einschlie\u00dflich, aber nicht beschr\u00e4nkt auf stillschweigende Garantien oder Gew\u00e4hrleistungen hinsichtlich der Marktg\u00e4ngigkeit, Eignung f\u00fcr einen bestimmten Zweck oder Nichtverletzung geistigen Eigentums oder sonstiger Rechtsverletzungen.<br>\nDar\u00fcber hinaus \u00fcbernimmt Dicas do Rei keine Garantie und macht keine Zusicherungen hinsichtlich der Genauigkeit, der wahrscheinlichen Ergebnisse oder der Zuverl\u00e4ssigkeit der Verwendung der Materialien auf seiner Website oder in sonstiger Weise in Bezug auf diese Materialien oder auf Websites, die mit dieser Website verlinkt sind.<br>\n4. Einschr\u00e4nkungen<\/p>\n<p>Dicas do Rei oder seine Zulieferer haften in keinem Fall f\u00fcr Sch\u00e4den (einschlie\u00dflich, aber nicht beschr\u00e4nkt auf Sch\u00e4den durch Datenverlust, entgangenen Gewinn oder Betriebsunterbrechung), die aus der Nutzung der Materialien auf der Website von Dicas do Rei oder der Unm\u00f6glichkeit der Nutzung entstehen, selbst wenn Dicas do Rei oder ein autorisierter Vertreter von Dicas do Rei m\u00fcndlich oder schriftlich \u00fcber die M\u00f6glichkeit derartiger Sch\u00e4den informiert wurde. Da einige Rechtsgebiete die Einschr\u00e4nkung stillschweigender Garantien oder die Haftung f\u00fcr Folge- oder Nebensch\u00e4den nicht zulassen, gelten diese Einschr\u00e4nkungen m\u00f6glicherweise nicht f\u00fcr Sie.<\/p>\n<p>5. Genauigkeit der Materialien<\/p>\n<p>Die auf der Website von Dicas do Rei erscheinenden Materialien k\u00f6nnen technische, typografische oder fotografische Fehler enthalten. Dicas do Rei \u00fcbernimmt keine Gew\u00e4hr f\u00fcr die Richtigkeit, Vollst\u00e4ndigkeit oder Aktualit\u00e4t der Materialien auf seiner Website. King&#039;s Tips kann die auf seiner Website enthaltenen Materialien jederzeit und ohne Vorank\u00fcndigung \u00e4ndern. Dicas do Rei \u00fcbernimmt jedoch keine Verpflichtung, die Materialien zu aktualisieren.<\/p>\n<p>6. Links<\/p>\n<p>Dicas do Rei hat nicht alle mit seiner Website verkn\u00fcpften Seiten \u00fcberpr\u00fcft und ist nicht f\u00fcr den Inhalt solcher verkn\u00fcpften Seiten verantwortlich. Die Einbeziehung jeglicher Links bedeutet nicht, dass Dicas do Rei die Site unterst\u00fctzt. Die Nutzung solcher verlinkten Websites erfolgt auf eigene Gefahr des Benutzers.<\/p>\n<p>\u00c4nderungen<\/p>\n<p>King&#039;s Tips kann diese Nutzungsbedingungen f\u00fcr seine Website jederzeit und ohne Vorank\u00fcndigung \u00e4ndern. Indem Sie diese Website nutzen, erkl\u00e4ren Sie sich mit der jeweils aktuellen Version dieser Servicebedingungen einverstanden.<\/p>\n<p>Geltendes Recht<\/p>\n<p>Diese Gesch\u00e4ftsbedingungen unterliegen den Gesetzen von Dicas do Rei und werden entsprechend ausgelegt. Sie unterwerfen sich unwiderruflich der ausschlie\u00dflichen Zust\u00e4ndigkeit der Gerichte in diesem Staat oder an diesem Ort.<\/p>\n<\/body><\/html>","protected":false},"excerpt":{"rendered":"<p>1. Terms By accessing the website\u00a0Dicas do Rei, you agree to be bound by these terms of service, all applicable laws and regulations, and agree that you are responsible for compliance with all applicable local laws. If you do not agree with any of these terms, you are prohibited from using or accessing this site. [&hellip;]<\/p>\n","protected":false},"author":1,"featured_media":0,"parent":0,"menu_order":0,"comment_status":"closed","ping_status":"closed","template":"","meta":{"footnotes":""},"class_list":["post-450","page","type-page","status-publish","hentry"],"_links":{"self":[{"href":"https:\/\/dicasdorei.com\/de\/wp-json\/wp\/v2\/pages\/450","targetHints":{"allow":["GET"]}}],"collection":[{"href":"https:\/\/dicasdorei.com\/de\/wp-json\/wp\/v2\/pages"}],"about":[{"href":"https:\/\/dicasdorei.com\/de\/wp-json\/wp\/v2\/types\/page"}],"author":[{"embeddable":true,"href":"https:\/\/dicasdorei.com\/de\/wp-json\/wp\/v2\/users\/1"}],"replies":[{"embeddable":true,"href":"https:\/\/dicasdorei.com\/de\/wp-json\/wp\/v2\/comments?post=450"}],"version-history":[{"count":2,"href":"https:\/\/dicasdorei.com\/de\/wp-json\/wp\/v2\/pages\/450\/revisions"}],"predecessor-version":[{"id":8728,"href":"https:\/\/dicasdorei.com\/de\/wp-json\/wp\/v2\/pages\/450\/revisions\/8728"}],"wp:attachment":[{"href":"https:\/\/dicasdorei.com\/de\/wp-json\/wp\/v2\/media?parent=450"}],"curies":[{"name":"wp","href":"https:\/\/api.w.org\/{rel}","templated":true}]}}