{"id":19,"date":"2022-02-24T21:18:08","date_gmt":"2022-02-25T00:18:08","guid":{"rendered":"https:\/\/dicasdorei.com\/?page_id=19"},"modified":"2025-01-25T10:56:59","modified_gmt":"2025-01-25T13:56:59","slug":"who-is-the-kings-tips-portal","status":"publish","type":"page","link":"https:\/\/dicasdorei.com\/de\/who-is-the-kings-tips-portal\/","title":{"rendered":"Wer ist das King\u2018s-Tipp-Portal?"},"content":{"rendered":"<html><body><p>Hallo! Wir sind das Portal Dicas Do Rei! Unser oberstes Ziel ist es, dass Sie beim Surfen auf unserer Website ein tolles Erlebnis haben und die besten Tipps finden!<\/p>\n<p>Wir sind ein digitales Marketingteam, dessen Ziel es ist, den besten Service und Inhalt f\u00fcr Ihre Anwendungen bereitzustellen!<\/p>\n<p>Viele Websites ver\u00f6ffentlichen Informationen, die nicht der Wahrheit entsprechen, aber unser Ziel ist es, Ihnen die bestm\u00f6glichen und wahrheitsgetreuesten Inhalte zu bieten!<\/p>\n<p>Die Wahrhaftigkeit und Integrit\u00e4t unserer Inhalte ist uns besonders wichtig.<\/p>\n<p>Das Ziel dieser Website ist, dass Sie die bestm\u00f6gliche Navigation haben und unsere Inhalte genie\u00dfen! Wir m\u00f6chten, dass du immer bei uns bist.<\/p>\n<p>VERPFLICHTUNG GEGEN\u00dcBER DEN BENUTZERN DER DICAS DO REI-WEBSITE<br>\nWas uns am wichtigsten ist, ist die Zufriedenheit unserer Leser. Wir m\u00f6chten Ihnen die besten Inhalte bieten!<\/p>\n<p>Deshalb m\u00f6chten wir ganz klar zum Ausdruck bringen, dass wir uns freuen, Sie hier bei uns zu haben. Wir freuen uns auch sehr \u00fcber die Interaktion unserer Benutzer mit unserem Team, damit wir alles kommunizieren und ver\u00f6ffentlichen k\u00f6nnen, was Sie sehen m\u00f6chten!<\/p>\n<p>Ihre Fragen, Meinungen und Beschwerden sind uns sehr wichtig! Unser Team analysiert alles gerne und sorgf\u00e4ltig.<\/p>\n<p>Kontaktieren Sie uns daher gerne \u00fcber die Seite KONTAKT.<\/p>\n<p>Denken Sie daran, dass unser Team niemals etwas Unkorrektes tun wird, wie etwa SPAM usw.<\/p>\n<p>Unsere digitalen Inhalte bieten in allen Beitr\u00e4gen:<br>\nDatenschutzrichtlinien;<br>\nKontaktformular;<br>\nSitemap. (Seite mit allen unseren Ver\u00f6ffentlichungen).<\/p>\n<p>Diese Site wurde vom DICASDOREI-Team geschrieben und verf\u00fcgt daher \u00fcber die gesamte Erfahrung und Hingabe eines sehr erfahrenen Teams.<\/p>\n<p>Wir haben den Anspruch, unseren Lesern immer neue Tipps und Neuigkeiten zu bieten. Wir geben in unseren Beitr\u00e4gen auch das Datum jedes Inhalts an, damit Sie \u00fcber die Neuigkeiten auf dem Laufenden bleiben!<\/p>\n<p>Also\u2026 verschwenden Sie keine Zeit, senden Sie uns Ihre Meinung!<\/p>\n<p>Aufrichtig,<\/p>\n<p>DICASDOREI.COM Team<\/p>\n<\/body><\/html>","protected":false},"excerpt":{"rendered":"<p>Hi! We are the portal Dicas Do Rei! Our main goal is for you to have a great experience when browsing our website and for you to be able to find the best tips! We are a digital marketing team that aims to provide the best service and content for you applications! Many websites are [&hellip;]<\/p>\n","protected":false},"author":1,"featured_media":0,"parent":0,"menu_order":0,"comment_status":"closed","ping_status":"closed","template":"","meta":{"footnotes":""},"class_list":["post-19","page","type-page","status-publish","hentry"],"_links":{"self":[{"href":"https:\/\/dicasdorei.com\/de\/wp-json\/wp\/v2\/pages\/19","targetHints":{"allow":["GET"]}}],"collection":[{"href":"https:\/\/dicasdorei.com\/de\/wp-json\/wp\/v2\/pages"}],"about":[{"href":"https:\/\/dicasdorei.com\/de\/wp-json\/wp\/v2\/types\/page"}],"author":[{"embeddable":true,"href":"https:\/\/dicasdorei.com\/de\/wp-json\/wp\/v2\/users\/1"}],"replies":[{"embeddable":true,"href":"https:\/\/dicasdorei.com\/de\/wp-json\/wp\/v2\/comments?post=19"}],"version-history":[{"count":2,"href":"https:\/\/dicasdorei.com\/de\/wp-json\/wp\/v2\/pages\/19\/revisions"}],"predecessor-version":[{"id":8729,"href":"https:\/\/dicasdorei.com\/de\/wp-json\/wp\/v2\/pages\/19\/revisions\/8729"}],"wp:attachment":[{"href":"https:\/\/dicasdorei.com\/de\/wp-json\/wp\/v2\/media?parent=19"}],"curies":[{"name":"wp","href":"https:\/\/api.w.org\/{rel}","templated":true}]}}