{"id":17,"date":"2022-02-24T21:16:52","date_gmt":"2022-02-25T00:16:52","guid":{"rendered":"https:\/\/dicasdorei.com\/?page_id=17"},"modified":"2025-01-25T10:57:42","modified_gmt":"2025-01-25T13:57:42","slug":"privacy-policy","status":"publish","type":"page","link":"https:\/\/dicasdorei.com\/de\/privacy-policy\/","title":{"rendered":"Datenschutzrichtlinie"},"content":{"rendered":"<html><body><p>Ihre Privatsph\u00e4re ist uns wichtig. Es ist die Politik von Dicas do Rei, Ihre Privatsph\u00e4re hinsichtlich aller Informationen zu respektieren, die wir \u00fcber die Dicas do Rei-Website und andere Websites, die uns geh\u00f6ren und die wir betreiben, von Ihnen erfassen.<\/p>\n<p>Wir fragen nur dann nach pers\u00f6nlichen Informationen, wenn wir diese wirklich ben\u00f6tigen, um Ihnen einen Dienst bereitzustellen. Wir erfassen diese Daten mit Ihrem Wissen und Ihrer Zustimmung auf faire und rechtm\u00e4\u00dfige Weise. Wir teilen Ihnen auch mit, warum wir diese Daten erfassen und wie sie verwendet werden.<\/p>\n<p>Wir bewahren die erfassten Informationen nur so lange auf, wie es n\u00f6tig ist, um Ihnen den gew\u00fcnschten Service zu bieten. Die von uns gespeicherten Daten sch\u00fctzen wir im Rahmen handels\u00fcblicher Mittel, um Verlust und Diebstahl sowie unbefugten Zugriff, Weitergabe, Vervielf\u00e4ltigung, Verwendung oder \u00c4nderung zu verhindern.<\/p>\n<p>Wir geben personenbezogene Daten weder \u00f6ffentlich bekannt noch an Dritte weiter, es sei denn, wir sind gesetzlich dazu verpflichtet.<\/p>\n<p>Unsere Website kann Links zu externen Websites enthalten, die nicht von uns betrieben werden. Bitte beachten Sie, dass wir keinen Einfluss auf die Inhalte und Praktiken dieser Websites haben und daher keine Verantwortung oder Haftung f\u00fcr deren jeweilige Datenschutzrichtlinien \u00fcbernehmen k\u00f6nnen.<\/p>\n<p>Es steht Ihnen frei, unsere Anfrage nach Ihren pers\u00f6nlichen Daten abzulehnen. Dabei beachten Sie jedoch, dass wir Ihnen in diesem Fall m\u00f6glicherweise einige der gew\u00fcnschten Dienste nicht bereitstellen k\u00f6nnen.<\/p>\n<p>Ihre fortgesetzte Nutzung unserer Website gilt als Akzeptanz unserer Praktiken in Bezug auf Datenschutz und pers\u00f6nliche Daten. Wenn Sie Fragen zu unserem Umgang mit Benutzerdaten und pers\u00f6nlichen Informationen haben, kontaktieren Sie uns bitte.<\/p>\n<h2>Cookie-Richtlinie von King&#039;s Tips<br>\nWas sind Cookies?<\/h2>\n<p>Wie bei fast allen professionellen Websites \u00fcblich, verwendet diese Site Cookies, kleine Dateien, die auf Ihren Computer heruntergeladen werden, um Ihr Erlebnis zu verbessern. Auf dieser Seite wird beschrieben, welche Informationen sie sammeln, wie wir sie verwenden und warum wir diese Cookies manchmal speichern m\u00fcssen. Wir erkl\u00e4ren Ihnen auch, wie Sie die Speicherung dieser Cookies verhindern k\u00f6nnen. Dies kann allerdings dazu f\u00fchren, dass bestimmte Elemente der Website-Funktionalit\u00e4t beeintr\u00e4chtigt werden oder nicht mehr funktionieren.<\/p>\n<h2>Wie verwenden wir Cookies?<\/h2>\n<p>Wir verwenden Cookies aus verschiedenen, im Folgenden n\u00e4her erl\u00e4uterten Gr\u00fcnden. Leider gibt es in den meisten F\u00e4llen keine Industriestandardoptionen zum Deaktivieren von Cookies, ohne dass dabei die Funktionen und Features, die sie dieser Site hinzuf\u00fcgen, vollst\u00e4ndig deaktiviert werden. Es wird empfohlen, alle Cookies aktiviert zu lassen, wenn Sie nicht sicher sind, ob Sie sie zur Bereitstellung eines von Ihnen genutzten Dienstes ben\u00f6tigen oder nicht.<\/p>\n<p>Cookies deaktivieren<\/p>\n<p>Sie k\u00f6nnen das Setzen von Cookies verhindern, indem Sie die Einstellungen Ihres Browsers anpassen (Informationen hierzu finden Sie in der Hilfefunktion Ihres Browsers). Bitte beachten Sie, dass das Deaktivieren von Cookies die Funktionalit\u00e4t dieser und vieler anderer von Ihnen besuchter Websites beeintr\u00e4chtigt. Das Deaktivieren von Cookies f\u00fchrt normalerweise dazu, dass auch bestimmte Funktionen und Features dieser Site deaktiviert werden. Es wird daher empfohlen, Cookies nicht zu deaktivieren.<\/p>\n<h2>Von uns gesetzte Cookies<\/h2>\n<p>Kontobezogene CookiesWenn Sie bei uns ein Konto erstellen, verwenden wir Cookies f\u00fcr die Verwaltung des Anmeldevorgangs und der allgemeinen Verwaltung. Diese Cookies werden normalerweise gel\u00f6scht, wenn Sie sich abmelden. In manchen F\u00e4llen bleiben sie jedoch auch danach bestehen, um Ihre Websiteeinstellungen nach der Abmeldung zu speichern.<br>\nAnmeldebezogene CookiesWir verwenden Cookies, wenn Sie angemeldet sind, damit wir uns daran erinnern k\u00f6nnen. Dadurch wird verhindert, dass Sie sich bei jedem Besuch einer neuen Seite erneut anmelden m\u00fcssen. Diese Cookies werden normalerweise entfernt oder gel\u00f6scht, wenn Sie sich abmelden, um sicherzustellen, dass Sie nur im angemeldeten Zustand auf eingeschr\u00e4nkte Funktionen und Bereiche zugreifen k\u00f6nnen.<br>\nCookies im Zusammenhang mit E-Mail-Newslettern Diese Site bietet Newsletter- oder E-Mail-Abonnementdienste an und Cookies k\u00f6nnen verwendet werden, um sich zu merken, ob Sie bereits registriert sind und ob bestimmte Benachrichtigungen angezeigt werden sollen, die m\u00f6glicherweise nur f\u00fcr abonnierte\/nicht abonnierte Benutzer g\u00fcltig sind.<br>\nCookies im Zusammenhang mit der Auftragsabwicklung Diese Website bietet E-Commerce- oder Zahlungsm\u00f6glichkeiten und einige Cookies sind wichtig, um sicherzustellen, dass Ihre Bestellung zwischen den Seiten gespeichert wird, damit wir sie ordnungsgem\u00e4\u00df verarbeiten k\u00f6nnen.<br>\nUmfragebezogene CookiesVon Zeit zu Zeit bieten wir Umfragen und Frageb\u00f6gen an, um Ihnen interessante Einblicke und hilfreiche Tools zu bieten oder um unsere Benutzerbasis genauer zu verstehen. Bei diesen Umfragen k\u00f6nnen Cookies zum Einsatz kommen, um sich zu merken, wer bereits an einer Umfrage teilgenommen hat oder um Ihnen nach einem Seitenwechsel genaue Ergebnisse zu liefern.<br>\nFormularbezogene CookiesWenn Sie Daten \u00fcber ein Formular \u00fcbermitteln, wie es beispielsweise auf Kontaktseiten oder Kommentarformularen zu finden ist, k\u00f6nnen Cookies gesetzt werden, um Ihre Benutzerdaten f\u00fcr zuk\u00fcnftige Korrespondenz zu speichern.<br>\nCookies f\u00fcr Websiteeinstellungen: Um Ihnen ein gro\u00dfartiges Erlebnis auf dieser Website zu bieten, stellen wir Ihnen die Funktion zur Verf\u00fcgung, mit der Sie Ihre Einstellungen f\u00fcr die Ausf\u00fchrung dieser Website bei Verwendung festlegen k\u00f6nnen. Um Ihre Pr\u00e4ferenzen zu speichern, m\u00fcssen wir<\/p>\n<\/body><\/html>","protected":false},"excerpt":{"rendered":"<p>Your privacy is important to us. It is Dicas do Rei\u2019s policy to respect your privacy regarding any information we may collect from you across the Dicas do Rei website, and other sites we own and operate. We only ask for personal information when we truly need it to provide a service to you. We [&hellip;]<\/p>\n","protected":false},"author":1,"featured_media":0,"parent":0,"menu_order":0,"comment_status":"closed","ping_status":"closed","template":"","meta":{"footnotes":""},"class_list":["post-17","page","type-page","status-publish","hentry"],"_links":{"self":[{"href":"https:\/\/dicasdorei.com\/de\/wp-json\/wp\/v2\/pages\/17","targetHints":{"allow":["GET"]}}],"collection":[{"href":"https:\/\/dicasdorei.com\/de\/wp-json\/wp\/v2\/pages"}],"about":[{"href":"https:\/\/dicasdorei.com\/de\/wp-json\/wp\/v2\/types\/page"}],"author":[{"embeddable":true,"href":"https:\/\/dicasdorei.com\/de\/wp-json\/wp\/v2\/users\/1"}],"replies":[{"embeddable":true,"href":"https:\/\/dicasdorei.com\/de\/wp-json\/wp\/v2\/comments?post=17"}],"version-history":[{"count":3,"href":"https:\/\/dicasdorei.com\/de\/wp-json\/wp\/v2\/pages\/17\/revisions"}],"predecessor-version":[{"id":8731,"href":"https:\/\/dicasdorei.com\/de\/wp-json\/wp\/v2\/pages\/17\/revisions\/8731"}],"wp:attachment":[{"href":"https:\/\/dicasdorei.com\/de\/wp-json\/wp\/v2\/media?parent=17"}],"curies":[{"name":"wp","href":"https:\/\/api.w.org\/{rel}","templated":true}]}}